{"id":1719,"date":"2026-04-23T13:40:35","date_gmt":"2026-04-23T16:40:35","guid":{"rendered":"https:\/\/www.ufmg.br\/drca\/?page_id=1719"},"modified":"2026-04-23T13:42:29","modified_gmt":"2026-04-23T16:42:29","slug":"visualizacao-e-conformidade-mec-de-diploma-digital","status":"publish","type":"page","link":"https:\/\/www.ufmg.br\/drca\/visualizacao-e-conformidade-mec-de-diploma-digital\/","title":{"rendered":"Visualiza\u00e7\u00e3o e conformidade MEC de diploma digital"},"content":{"rendered":"\t\t<div data-elementor-type=\"wp-page\" data-elementor-id=\"1719\" class=\"elementor elementor-1719\">\n\t\t\t\t<div class=\"elementor-element elementor-element-f128ba3 e-flex e-con-boxed e-con e-parent\" data-id=\"f128ba3\" data-element_type=\"container\" data-e-type=\"container\">\n\t\t\t\t\t<div class=\"e-con-inner\">\n\t\t\t\t<div class=\"elementor-element elementor-element-2fe7ddc elementor-widget elementor-widget-text-editor\" data-id=\"2fe7ddc\" data-element_type=\"widget\" data-e-type=\"widget\" data-widget_type=\"text-editor.default\">\n\t\t\t\t\t\t\t\t\t<p class=\" text-left\">Atrav\u00e9s do link abaixo, poder\u00e1 realizar o download da ferramenta de visualiza\u00e7\u00e3o e verifica\u00e7\u00e3o de conformidade MEC de diploma digital.<\/p><p class=\" text-left text-left\">Para utilizar a ferramenta, basta abr\u00ed-la com seu navegador de internet de prefer\u00eancia, o que pode ser feito com duplo clique no arquivo baixado, ou arrastando o arquivo para o navegador.<\/p><p class=\" text-left text-left text-left\">A visualiza\u00e7\u00e3o do diploma digital pode ser feita escolhendo a primeira op\u00e7\u00e3o. \u00c9 uma visualiza\u00e7\u00e3o simplificada, exibindo os dados mais importantes de forma amig\u00e1vel ao usu\u00e1rio. Para a visualiza\u00e7\u00e3o completa do conte\u00fado, poder\u00e1 utilizar programas como o Excel que o exibir\u00e1 em forma de uma tabela \u00fanica, ou como seu navegador de internet, que exibir\u00e1 como c\u00f3digo XML.<\/p><p class=\" text-left text-left text-left text-left\">A verifica\u00e7\u00e3o de conformidade \u00e9 feita pela segunda op\u00e7\u00e3o. Esta \u00e9 de responsabilidade do MEC, e est\u00e1 sendo exibida na ferramenta apenas para facilitar o acesso. Pode ser acessada diretamente atrav\u00e9s de https:\/\/verificadordiplomadigital.mec.gov.br\/diploma.<\/p><p class=\" text-left text-left text-left text-left text-left\">[<a href=\"https:\/\/www.ufmg.br\/drca\/wp-content\/uploads\/2026\/04\/ferramenta-de-visualizacao-e-conformidade-1-5.html\" target=\"_blank\" rel=\"noopener\">clique aqui para realizar o download da ferramenta<\/a>]<\/p>\t\t\t\t\t\t\t\t<\/div>\n\t\t\t\t\t<\/div>\n\t\t\t\t<\/div>\n\t\t\t\t<\/div>\n\t\t","protected":false},"excerpt":{"rendered":"<p>Atrav\u00e9s do link abaixo, poder\u00e1 realizar o download da ferramenta de visualiza\u00e7\u00e3o e verifica\u00e7\u00e3o de conformidade MEC de diploma digital. Para utilizar a ferramenta, basta abr\u00ed-la com seu navegador de internet de prefer\u00eancia, o que pode ser feito com duplo clique no arquivo baixado, ou arrastando o arquivo para o navegador. A visualiza\u00e7\u00e3o do diploma [&hellip;]<\/p>\n","protected":false},"author":4,"featured_media":0,"parent":0,"menu_order":0,"comment_status":"closed","ping_status":"closed","template":"","meta":{"_acf_changed":false,"_crdt_document":"{\"document\":\"AAAXnqu45x3OopOYCwTeq7jnHQXOopOYCxwgAiwUAwAGqiMBAgpK8CQEAwEFAAYDAAQDABIBA2wJAQQECAoJAUMoAKgABACoAgcAKAMnACgAJwAhASgAJwABAIQAgQCEAIEAhACBAIQBgQCEAIEAhAAnASgEJwAoASECKAEnAEQAxAOErA3zDHN0YXRldmVyc2lvbjxwPkF0cmF2w6lzIGRvIGxpbmsgYWJhaXhvLCBwb2RlcsOhIHJlYWxpemFyIG8gZG93bmxvYWQgZGEgZmVycmFtZW50YSBkZSB2aXN1YWxpemHDp8OjbyBlIHZlcmlmaWNhw6fDo28gZGUgY29uZm9ybWlkYWRlIE1FQyBkZSBkaXBsb21hIGRpZ2l0YWwuPC9wPjxwPlBhcmEgdXRpbGl6YXIgYSBmZXJyYW1lbnRhLCBiYXN0YSBhYnLDrS1sYSBjb20gc2V1IG5hdmVnYWRvciBkZSBpbnRlcm5ldCBkZSBwcmVmZXLDqm5jaWEsIG8gcXVlIHBvZGUgc2VyIGZlaXRvIGNvbSBkdXBsbyBjbGlxdWUgbm8gYXJxdWl2byBiYWl4YWRvLCBvdSBhcnJhc3RhbmRvIG8gYXJxdWl2byBwYXJhIG8gbmF2ZWdhZG9yLjwvcD48cD5BIHZpc3VhbGl6YcOnw6NvIGRvIGRpcGxvbWEgZGlnaXRhbCBwb2RlIHNlciBmZWl0YSBlc2NvbGhlbmRvIGEgcHJpbWVpcmEgb3DDp8Ojby4gw4kgdW1hIHZpc3VhbGl6YcOnw6NvIHNpbXBsaWZpY2FkYSwgZXhpYmluZG8gb3MgZGFkb3MgbWFpcyBpbXBvcnRhbnRlcyBkZSBmb3JtYSBhbWlnw6F2ZWwgYW8gdXN1w6FyaW8uIFBhcmEgYSB2aXN1YWxpemHDp8OjbyBjb21wbGV0YSBkbyBjb250ZcO6ZG8sIHBvZGVyw6EgdXRpbGl6YXIgcHJvZ3JhbWFzIGNvbW8gbyBFeGNlbCBxdWUgbyBleGliaXLDoSBlbSBmb3JtYSBkZSB1bWEgdGFiZWxhIMO6bmljYSwgb3UgY29tbyBzZXUgbmF2ZWdhZG9yIGRlIGludGVybmV0LCBxdWUgZXhpYmlyw6EgY29tbyBjw7NkaWdvIFhNTC48L3A+PHA+QSB2ZXJpZmljYcOnw6NvIGRlIGNvbmZvcm1pZGFkZSDDqSBmZWl0YSBwZWxhIHNlZ3VuZGEgb3DDp8Ojby4gRXN0YSDDqSBkZSByZXNwb25zYWJpbGlkYWRlIGRvIE1FQywgZSBlc3TDoSBzZW5kbyBleGliaWRhIG5hIGZlcnJhbWVudGEgYXBlbmFzIHBhcmEgZmFjaWxpdGFyIG8gYWNlc3NvLiBQb2RlIHNlciBhY2Vzc2FkYSBkaXJldGFtZW50ZSBhdHJhdsOpcyBkZSBodHRwczovL3ZlcmlmaWNhZG9yZGlwbG9tYWRpZ2l0YWwubWVjLmdvdi5ici9kaXBsb21hLjwvcD48cD5bPGEgaHJlZj0iaHR0cHM6Ly93d3cudWZtZy5ici9kcmNhL3dwLWNvbnRlbnQvdXBsb2Fkcy8yMDI2LzA0L2ZlcnJhbWVudGEtZGUtdmlzdWFsaXphY2FvLWUtY29uZm9ybWlkYWRlLTEtNS5odG1sIiB0YXJnZXQ9Il9ibGFuayIgcmVsPSJub29wZW5lciI+Y2xpcXVlIGFxdWkgcGFyYSByZWFsaXphciBvIGRvd25sb2FkIGRhIGZlcnJhbWVudGE8L2E+XTwvcD5jbGllbnRJZGlzVmFsaWRvcmlnaW5hbENvbnRlbnRuYW1lYXR0cmlidXRlc2NvbnRlbnRpbm5lckJsb2Nrc3N0YXRldmVyc2lvbmRvY3VtZW50ZGF0ZWRvY3VtZW50c3RhdHVzZG9jdW1lbnR0aXRsZXN1byBvbWlvZG9jdW1lbnRjb250ZW50ZG9jdW1lbnRleGNlcnB0ZG9jdW1lbnRhdXRob3Jkb2N1bWVudGZlYXR1cmVkX21lZGlhZG9jdW1lbnRjb21tZW50X3N0YXR1c2RvY3VtZW50cGluZ19zdGF0dXNkb2N1bWVudHRlbXBsYXRlZG9jdW1lbnRtZXRhX2FjZl9jaGFuZ2VkZm9vdG5vdGVzX2VsZW1lbnRvcl9lZGl0X21vZGVfZWxlbWVudG9yX3RlbXBsYXRlX3R5cGVfZWxlbWVudG9yX2RhdGFfZWxlbWVudG9yX3BhZ2Vfc2V0dGluZ3Nkb2N1bWVudGZvbGRlcmRvY3VtZW50YmxvY2tzVmlhbGl6YcOnw6NlIGNuZm9yZGFkZSBNRUMgZGUgZGlwbG1hIGRpZ2l0YWwFB5YSCAcPBAoHCwUHCAQIBggFQQACQQIIBwgHCAYIDggOCAtIAQQMCRQYDxgIBggGAgcDBBAKDQEAAAgBAwAAAQcABQEHQQAAQgEBAAlBCwIBAgMCQQsCDgB9AXcTMjAyNi0wNC0yM1QxMzo0MDozNXcHYnVpbGRlcncHd3AtcGFnZXfoDVt7ImlkIjoiZjEyOGJhMyIsImVsVHlwZSI6ImNvbnRhaW5lciIsInNldHRpbmdzIjpbXSwiZWxlbWVudHMiOlt7ImlkIjoiMmZlN2RkYyIsImVsVHlwZSI6IndpZGdldCIsInNldHRpbmdzIjp7ImVkaXRvciI6IjxwIGNsYXNzPVwiIHRleHQtbGVmdFwiPkF0cmF2XHUwMGU5cyBkbyBsaW5rIGFiYWl4bywgcG9kZXJcdTAwZTEgcmVhbGl6YXIgbyBkb3dubG9hZCBkYSBmZXJyYW1lbnRhIGRlIHZpc3VhbGl6YVx1MDBlN1x1MDBlM28gZSB2ZXJpZmljYVx1MDBlN1x1MDBlM28gZGUgY29uZm9ybWlkYWRlIE1FQyBkZSBkaXBsb21hIGRpZ2l0YWwuPFwvcD48cCBjbGFzcz1cIiB0ZXh0LWxlZnQgdGV4dC1sZWZ0XCI+UGFyYSB1dGlsaXphciBhIGZlcnJhbWVudGEsIGJhc3RhIGFiclx1MDBlZC1sYSBjb20gc2V1IG5hdmVnYWRvciBkZSBpbnRlcm5ldCBkZSBwcmVmZXJcdTAwZWFuY2lhLCBvIHF1ZSBwb2RlIHNlciBmZWl0byBjb20gZHVwbG8gY2xpcXVlIG5vIGFycXVpdm8gYmFpeGFkbywgb3UgYXJyYXN0YW5kbyBvIGFycXVpdm8gcGFyYSBvIG5hdmVnYWRvci48XC9wPjxwIGNsYXNzPVwiIHRleHQtbGVmdCB0ZXh0LWxlZnQgdGV4dC1sZWZ0XCI+QSB2aXN1YWxpemFcdTAwZTdcdTAwZTNvIGRvIGRpcGxvbWEgZGlnaXRhbCBwb2RlIHNlciBmZWl0YSBlc2NvbGhlbmRvIGEgcHJpbWVpcmEgb3BcdTAwZTdcdTAwZTNvLiBcdTAwYzkgdW1hIHZpc3VhbGl6YVx1MDBlN1x1MDBlM28gc2ltcGxpZmljYWRhLCBleGliaW5kbyBvcyBkYWRvcyBtYWlzIGltcG9ydGFudGVzIGRlIGZvcm1hIGFtaWdcdTAwZTF2ZWwgYW8gdXN1XHUwMGUxcmlvLiBQYXJhIGEgdmlzdWFsaXphXHUwMGU3XHUwMGUzbyBjb21wbGV0YSBkbyBjb250ZVx1MDBmYWRvLCBwb2Rlclx1MDBlMSB1dGlsaXphciBwcm9ncmFtYXMgY29tbyBvIEV4Y2VsIHF1ZSBvIGV4aWJpclx1MDBlMSBlbSBmb3JtYSBkZSB1bWEgdGFiZWxhIFx1MDBmYW5pY2EsIG91IGNvbW8gc2V1IG5hdmVnYWRvciBkZSBpbnRlcm5ldCwgcXVlIGV4aWJpclx1MDBlMSBjb21vIGNcdTAwZjNkaWdvIFhNTC48XC9wPjxwIGNsYXNzPVwiIHRleHQtbGVmdCB0ZXh0LWxlZnQgdGV4dC1sZWZ0IHRleHQtbGVmdFwiPkEgdmVyaWZpY2FcdTAwZTdcdTAwZTNvIGRlIGNvbmZvcm1pZGFkZSBcdTAwZTkgZmVpdGEgcGVsYSBzZWd1bmRhIG9wXHUwMGU3XHUwMGUzby4gRXN0YSBcdTAwZTkgZGUgcmVzcG9uc2FiaWxpZGFkZSBkbyBNRUMsIGUgZXN0XHUwMGUxIHNlbmRvIGV4aWJpZGEgbmEgZmVycmFtZW50YSBhcGVuYXMgcGFyYSBmYWNpbGl0YXIgbyBhY2Vzc28uIFBvZGUgc2VyIGFjZXNzYWRhIGRpcmV0YW1lbnRlIGF0cmF2XHUwMGU5cyBkZSBodHRwczpcL1wvdmVyaWZpY2Fkb3JkaXBsb21hZGlnaXRhbC5tZWMuZ292LmJyXC9kaXBsb21hLjxcL3A+PHAgY2xhc3M9XCIgdGV4dC1sZWZ0IHRleHQtbGVmdCB0ZXh0LWxlZnQgdGV4dC1sZWZ0IHRleHQtbGVmdFwiPls8YSBocmVmPVwiaHR0cHM6XC9cL3d3dy51Zm1nLmJyXC9kcmNhXC93cC1jb250ZW50XC91cGxvYWRzXC8yMDI2XC8wNFwvZmVycmFtZW50YS1kZS12aXN1YWxpemFjYW8tZS1jb25mb3JtaWRhZGUtMS01Lmh0bWxcIiB0YXJnZXQ9XCJfYmxhbmtcIiByZWw9XCJub29wZW5lclwiPmNsaXF1ZSBhcXVpIHBhcmEgcmVhbGl6YXIgbyBkb3dubG9hZCBkYSBmZXJyYW1lbnRhPFwvYT5dPFwvcD4iLCJhbGlnbiI6Imp1c3RpZnkifSwiZWxlbWVudHMiOltdLCJ3aWRnZXRUeXBlIjoidGV4dC1lZGl0b3IifV0sImlzSW5uZXIiOmZhbHNlfV13JDJjN2IzNjk3LTRlNTktNDk1Zi05OGMwLTZlNmE4ODRiNjBiMnh3uwk8cD5BdHJhdsOpcyBkbyBsaW5rIGFiYWl4bywgcG9kZXLDoSByZWFsaXphciBvIGRvd25sb2FkIGRhIGZlcnJhbWVudGEgZGUgdmlzdWFsaXphw6fDo28gZSB2ZXJpZmljYcOnw6NvIGRlIGNvbmZvcm1pZGFkZSBNRUMgZGUgZGlwbG9tYSBkaWdpdGFsLjwvcD4KPHA+UGFyYSB1dGlsaXphciBhIGZlcnJhbWVudGEsIGJhc3RhIGFicsOtLWxhIGNvbSBzZXUgbmF2ZWdhZG9yIGRlIGludGVybmV0IGRlIHByZWZlcsOqbmNpYSwgbyBxdWUgcG9kZSBzZXIgZmVpdG8gY29tIGR1cGxvIGNsaXF1ZSBubyBhcnF1aXZvIGJhaXhhZG8sIG91IGFycmFzdGFuZG8gbyBhcnF1aXZvIHBhcmEgbyBuYXZlZ2Fkb3IuPC9wPgo8cD5BIHZpc3VhbGl6YcOnw6NvIGRvIGRpcGxvbWEgZGlnaXRhbCBwb2RlIHNlciBmZWl0YSBlc2NvbGhlbmRvIGEgcHJpbWVpcmEgb3DDp8Ojby4gw4kgdW1hIHZpc3VhbGl6YcOnw6NvIHNpbXBsaWZpY2FkYSwgZXhpYmluZG8gb3MgZGFkb3MgbWFpcyBpbXBvcnRhbnRlcyBkZSBmb3JtYSBhbWlnw6F2ZWwgYW8gdXN1w6FyaW8uIFBhcmEgYSB2aXN1YWxpemHDp8OjbyBjb21wbGV0YSBkbyBjb250ZcO6ZG8sIHBvZGVyw6EgdXRpbGl6YXIgcHJvZ3JhbWFzIGNvbW8gbyBFeGNlbCBxdWUgbyBleGliaXLDoSBlbSBmb3JtYSBkZSB1bWEgdGFiZWxhIMO6bmljYSwgb3UgY29tbyBzZXUgbmF2ZWdhZG9yIGRlIGludGVybmV0LCBxdWUgZXhpYmlyw6EgY29tbyBjw7NkaWdvIFhNTC48L3A+CjxwPkEgdmVyaWZpY2HDp8OjbyBkZSBjb25mb3JtaWRhZGUgw6kgZmVpdGEgcGVsYSBzZWd1bmRhIG9ww6fDo28uIEVzdGEgw6kgZGUgcmVzcG9uc2FiaWxpZGFkZSBkbyBNRUMsIGUgZXN0w6Egc2VuZG8gZXhpYmlkYSBuYSBmZXJyYW1lbnRhIGFwZW5hcyBwYXJhIGZhY2lsaXRhciBvIGFjZXNzby4gUG9kZSBzZXIgYWNlc3NhZGEgZGlyZXRhbWVudGUgYXRyYXbDqXMgZGUgaHR0cHM6Ly92ZXJpZmljYWRvcmRpcGxvbWFkaWdpdGFsLm1lYy5nb3YuYnIvZGlwbG9tYS48L3A+CjxwPls8YSBocmVmPSJodHRwczovL3d3dy51Zm1nLmJyL2RyY2Evd3AtY29udGVudC91cGxvYWRzLzIwMjYvMDQvZmVycmFtZW50YS1kZS12aXN1YWxpemFjYW8tZS1jb25mb3JtaWRhZGUtMS01Lmh0bWwiIHRhcmdldD0iX2JsYW5rIiByZWw9Im5vb3BlbmVyIj5jbGlxdWUgYXF1aSBwYXJhIHJlYWxpemFyIG8gZG93bmxvYWQgZGEgZmVycmFtZW50YTwvYT5dPC9wPncNY29yZS9mcmVlZm9ybXe7CTxwPkF0cmF2w6lzIGRvIGxpbmsgYWJhaXhvLCBwb2RlcsOhIHJlYWxpemFyIG8gZG93bmxvYWQgZGEgZmVycmFtZW50YSBkZSB2aXN1YWxpemHDp8OjbyBlIHZlcmlmaWNhw6fDo28gZGUgY29uZm9ybWlkYWRlIE1FQyBkZSBkaXBsb21hIGRpZ2l0YWwuPC9wPgo8cD5QYXJhIHV0aWxpemFyIGEgZmVycmFtZW50YSwgYmFzdGEgYWJyw60tbGEgY29tIHNldSBuYXZlZ2Fkb3IgZGUgaW50ZXJuZXQgZGUgcHJlZmVyw6puY2lhLCBvIHF1ZSBwb2RlIHNlciBmZWl0byBjb20gZHVwbG8gY2xpcXVlIG5vIGFycXVpdm8gYmFpeGFkbywgb3UgYXJyYXN0YW5kbyBvIGFycXVpdm8gcGFyYSBvIG5hdmVnYWRvci48L3A+CjxwPkEgdmlzdWFsaXphw6fDo28gZG8gZGlwbG9tYSBkaWdpdGFsIHBvZGUgc2VyIGZlaXRhIGVzY29saGVuZG8gYSBwcmltZWlyYSBvcMOnw6NvLiDDiSB1bWEgdmlzdWFsaXphw6fDo28gc2ltcGxpZmljYWRhLCBleGliaW5kbyBvcyBkYWRvcyBtYWlzIGltcG9ydGFudGVzIGRlIGZvcm1hIGFtaWfDoXZlbCBhbyB1c3XDoXJpby4gUGFyYSBhIHZpc3VhbGl6YcOnw6NvIGNvbXBsZXRhIGRvIGNvbnRlw7pkbywgcG9kZXLDoSB1dGlsaXphciBwcm9ncmFtYXMgY29tbyBvIEV4Y2VsIHF1ZSBvIGV4aWJpcsOhIGVtIGZvcm1hIGRlIHVtYSB0YWJlbGEgw7puaWNhLCBvdSBjb21vIHNldSBuYXZlZ2Fkb3IgZGUgaW50ZXJuZXQsIHF1ZSBleGliaXLDoSBjb21vIGPDs2RpZ28gWE1MLjwvcD4KPHA+QSB2ZXJpZmljYcOnw6NvIGRlIGNvbmZvcm1pZGFkZSDDqSBmZWl0YSBwZWxhIHNlZ3VuZGEgb3DDp8Ojby4gRXN0YSDDqSBkZSByZXNwb25zYWJpbGlkYWRlIGRvIE1FQywgZSBlc3TDoSBzZW5kbyBleGliaWRhIG5hIGZlcnJhbWVudGEgYXBlbmFzIHBhcmEgZmFjaWxpdGFyIG8gYWNlc3NvLiBQb2RlIHNlciBhY2Vzc2FkYSBkaXJldGFtZW50ZSBhdHJhdsOpcyBkZSBodHRwczovL3ZlcmlmaWNhZG9yZGlwbG9tYWRpZ2l0YWwubWVjLmdvdi5ici9kaXBsb21hLjwvcD4KPHA+WzxhIGhyZWY9Imh0dHBzOi8vd3d3LnVmbWcuYnIvZHJjYS93cC1jb250ZW50L3VwbG9hZHMvMjAyNi8wNC9mZXJyYW1lbnRhLWRlLXZpc3VhbGl6YWNhby1lLWNvbmZvcm1pZGFkZS0xLTUuaHRtbCIgdGFyZ2V0PSJfYmxhbmsiIHJlbD0ibm9vcGVuZXIiPmNsaXF1ZSBhcXVpIHBhcmEgcmVhbGl6YXIgbyBkb3dubG9hZCBkYSBmZXJyYW1lbnRhPC9hPl08L3A+JwB3CmF1dG8tZHJhZnR9BH0AdwZjbG9zZWR3BmNsb3NlZHcAeXcAfnUBfTUBjtGJzAUIAAECAQEAAQECAgIBAQALAg==\",\"updateId\":773302327}","footnotes":""},"folder":[53],"class_list":["post-1719","page","type-page","status-publish","hentry"],"acf":[],"_links":{"self":[{"href":"https:\/\/www.ufmg.br\/drca\/wp-json\/wp\/v2\/pages\/1719","targetHints":{"allow":["GET"]}}],"collection":[{"href":"https:\/\/www.ufmg.br\/drca\/wp-json\/wp\/v2\/pages"}],"about":[{"href":"https:\/\/www.ufmg.br\/drca\/wp-json\/wp\/v2\/types\/page"}],"author":[{"embeddable":true,"href":"https:\/\/www.ufmg.br\/drca\/wp-json\/wp\/v2\/users\/4"}],"replies":[{"embeddable":true,"href":"https:\/\/www.ufmg.br\/drca\/wp-json\/wp\/v2\/comments?post=1719"}],"version-history":[{"count":5,"href":"https:\/\/www.ufmg.br\/drca\/wp-json\/wp\/v2\/pages\/1719\/revisions"}],"predecessor-version":[{"id":1726,"href":"https:\/\/www.ufmg.br\/drca\/wp-json\/wp\/v2\/pages\/1719\/revisions\/1726"}],"wp:attachment":[{"href":"https:\/\/www.ufmg.br\/drca\/wp-json\/wp\/v2\/media?parent=1719"}],"wp:term":[{"taxonomy":"folder","embeddable":true,"href":"https:\/\/www.ufmg.br\/drca\/wp-json\/wp\/v2\/folder?post=1719"}],"curies":[{"name":"wp","href":"https:\/\/api.w.org\/{rel}","templated":true}]}}