{"id":1730,"date":"2026-04-23T13:50:59","date_gmt":"2026-04-23T16:50:59","guid":{"rendered":"https:\/\/www.ufmg.br\/drca\/?page_id=1730"},"modified":"2026-05-04T14:46:36","modified_gmt":"2026-05-04T17:46:36","slug":"2a-via-de-diploma","status":"publish","type":"page","link":"https:\/\/www.ufmg.br\/drca\/2a-via-de-diploma\/","title":{"rendered":"2\u00aa Via de Diploma"},"content":{"rendered":"\t\t<div data-elementor-type=\"wp-page\" data-elementor-id=\"1730\" class=\"elementor elementor-1730\">\n\t\t\t\t<div class=\"elementor-element elementor-element-dc78e1d e-flex e-con-boxed e-con e-parent\" data-id=\"dc78e1d\" data-element_type=\"container\" data-e-type=\"container\">\n\t\t\t\t\t<div class=\"e-con-inner\">\n\t\t\t\t<div class=\"elementor-element elementor-element-382d12a elementor-widget elementor-widget-text-editor\" data-id=\"382d12a\" data-element_type=\"widget\" data-e-type=\"widget\" data-widget_type=\"text-editor.default\">\n\t\t\t\t\t\t\t\t\t<p>Alunos de gradua\u00e7\u00e3o da UFMG que desejem a segunda via de seus diplomas devem entrar em contato com este departamento, atrav\u00e9s do e-mail\u00a0<a href=\"mailto:drd@drca.ufmg.br\" target=\"_self\">drd@drca.ufmg.br<\/a>, para realizar a solicita\u00e7\u00e3o da emiss\u00e3o da segunda via. Mediante an\u00e1lise do DRCA, a segunda via poder\u00e1 ser emitida de forma digital.<\/p><p>\u00c9 cobrada uma taxa no valor de R$ 80,00 para a emiss\u00e3o da segunda via do diploma.<\/p><p>Segunda via para flex\u00e3o de g\u00eanero nos termos da lei 12.605\/2012 est\u00e1 isenta desta taxa.<\/p><p>Ao e-mail devem ser anexados, em PDF:<\/p><p>&#8211; Certid\u00e3o de nascimento\/casamento<br \/>&#8211; Identidade<br \/>&#8211; CPF<br \/>&#8211;\u00a0<a href=\"https:\/\/www.ufmg.br\/drca\/taxas-de-registro-de-diplomas\/\" rel=\"noopener\">GRU e comprovante de seu pagamento<\/a><br \/>&#8211;\u00a0<a href=\"https:\/\/www.ufmg.br\/drca\/wp-content\/uploads\/2026\/04\/Formulario-de-requisicao-de-segunda-via-4-1.pdf\" target=\"_blank\" rel=\"noopener\">Formul\u00e1rio Requisi\u00e7\u00e3o Segunda Via*<\/a><br \/>* O formul\u00e1rio de requisi\u00e7\u00e3o de segunda via dever\u00e1 ser impresso, assinado e digitalizado. Apenas assinaturas digitais da plataforma gov.br ser\u00e3o aceitas.<\/p><p>Alunos de gradua\u00e7\u00e3o de outras institui\u00e7\u00f5es devem entrar em contato com a institui\u00e7\u00e3o na qual conclu\u00edram seu curso. Em caso de a institui\u00e7\u00e3o ter encerrado suas atividades, deve procurar saber qual institui\u00e7\u00e3o ficou respons\u00e1vel pela guarda dos documentos, e solicitar a ela a emiss\u00e3o. A UFMG n\u00e3o realiza a emiss\u00e3o de diplomas de outras institui\u00e7\u00f5es, apenas o registro.<\/p><p>Alunos de p\u00f3s-gradua\u00e7\u00e3o que desejem a segunda via de seus diplomas, devem fazer a solicita\u00e7\u00e3o da emiss\u00e3o de seus diplomas\/certificados \u00e0 secretaria de seus respectivos cursos. Esta segunda via ser\u00e1 emitida de forma f\u00edsica.<\/p><p>A emiss\u00e3o de uma nova via do diploma torna inv\u00e1lida a via anterior.<\/p>\t\t\t\t\t\t\t\t<\/div>\n\t\t\t\t\t<\/div>\n\t\t\t\t<\/div>\n\t\t\t\t<\/div>\n\t\t","protected":false},"excerpt":{"rendered":"<p>Alunos de gradua\u00e7\u00e3o da UFMG que desejem a segunda via de seus diplomas devem entrar em contato com este departamento, atrav\u00e9s do e-mail\u00a0drd@drca.ufmg.br, para realizar a solicita\u00e7\u00e3o da emiss\u00e3o da segunda via. Mediante an\u00e1lise do DRCA, a segunda via poder\u00e1 ser emitida de forma digital. \u00c9 cobrada uma taxa no valor de R$ 80,00 para [&hellip;]<\/p>\n","protected":false},"author":4,"featured_media":0,"parent":0,"menu_order":0,"comment_status":"closed","ping_status":"closed","template":"","meta":{"_acf_changed":false,"_crdt_document":"{\"document\":\"AAAXg4+v4Bf4tZedDQTDj6\/gFwX4tZedDRQbAiwUAwAGmjcBAgpK4DgQAwAMAwASAQNkAg4EBAgSAg43KACoAAQAqAIHACgDJwAoACcAIQEoACcAAQCEAYEAhACBAIQAJwEoBCcAKAEhAigBJwBEAMQChJIS3RFzdGF0ZXZlcnNpb248cD5BbHVub3MgZGUgZ3JhZHVhw6fDo28gZGEgVUZNRyBxdWUgZGVzZWplbSBhIHNlZ3VuZGEgdmlhIGRlIHNldXMgZGlwbG9tYXMgZGV2ZW0gZW50cmFyIGVtIGNvbnRhdG8gY29tIGVzdGUgZGVwYXJ0YW1lbnRvLCBhdHJhdsOpcyBkbyBlLW1haWzCoDxhIGhyZWY9Im1haWx0bzpkcmRAZHJjYS51Zm1nLmJyIiB0YXJnZXQ9Il9zZWxmIj5kcmRAZHJjYS51Zm1nLmJyPC9hPiwgcGFyYSByZWFsaXphciBhIHNvbGljaXRhw6fDo28gZGEgZW1pc3PDo28gZGEgc2VndW5kYSB2aWEuIE1lZGlhbnRlIGFuw6FsaXNlIGRvIERSQ0EsIGEgc2VndW5kYSB2aWEgcG9kZXLDoSBzZXIgZW1pdGlkYSBkZSBmb3JtYSBkaWdpdGFsLjwvcD48cD7DiSBjb2JyYWRhIHVtYSB0YXhhIG5vIHZhbG9yIGRlIFIkIDgwLDAwIHBhcmEgYSBlbWlzc8OjbyBkYSBzZWd1bmRhIHZpYSBkbyBkaXBsb21hLjwvcD48cD5TZWd1bmRhIHZpYSBwYXJhIGZsZXjDo28gZGUgZ8OqbmVybyBub3MgdGVybW9zIGRhIGxlaSAxMi42MDUvMjAxMiBlc3TDoSBpc2VudGEgZGVzdGEgdGF4YS48L3A+PHA+QW8gZS1tYWlsIGRldmVtIHNlciBhbmV4YWRvcywgZW0gUERGOjwvcD48cD4tIENlcnRpZMOjbyBkZSBuYXNjaW1lbnRvL2Nhc2FtZW50bzxiciAvPi0gSWRlbnRpZGFkZTxiciAvPi0gQ1BGPGJyIC8+LcKgPGEgaHJlZj0iaHR0cHM6Ly93d3cudWZtZy5ici9kcmNhL3RheGFzLWRlLXJlZ2lzdHJvLWRlLWRpcGxvbWFzLyIgdGFyZ2V0PSJfYmxhbmsiIHJlbD0ibm9vcGVuZXIiPkdSVSBlIGNvbXByb3ZhbnRlIGRlIHNldSBwYWdhbWVudG88L2E+PGJyIC8+LcKgPGEgaHJlZj0iaHR0cHM6Ly93d3cudWZtZy5ici9kcmNhL3dwLWNvbnRlbnQvdXBsb2Fkcy8yMDI2LzA0L0Zvcm11bGFyaW8tZGUtcmVxdWlzaWNhby1kZS1zZWd1bmRhLXZpYS00LTEucGRmIiB0YXJnZXQ9Il9ibGFuayIgcmVsPSJub29wZW5lciI+Rm9ybXVsw6FyaW8gUmVxdWlzacOnw6NvIFNlZ3VuZGEgVmlhKjwvYT48YnIgLz4qIE8gZm9ybXVsw6FyaW8gZGUgcmVxdWlzacOnw6NvIGRlIHNlZ3VuZGEgdmlhIGRldmVyw6Egc2VyIGltcHJlc3NvLCBhc3NpbmFkbyBlIGRpZ2l0YWxpemFkby4gQXBlbmFzIGFzc2luYXR1cmFzIGRpZ2l0YWlzIGRhIHBsYXRhZm9ybWEgZ292LmJyIHNlcsOjbyBhY2VpdGFzLjwvcD48cD5BbHVub3MgZGUgZ3JhZHVhw6fDo28gZGUgb3V0cmFzIGluc3RpdHVpw6fDtWVzIGRldmVtIGVudHJhciBlbSBjb250YXRvIGNvbSBhIGluc3RpdHVpw6fDo28gbmEgcXVhbCBjb25jbHXDrXJhbSBzZXUgY3Vyc28uIEVtIGNhc28gZGUgYSBpbnN0aXR1acOnw6NvIHRlciBlbmNlcnJhZG8gc3VhcyBhdGl2aWRhZGVzLCBkZXZlIHByb2N1cmFyIHNhYmVyIHF1YWwgaW5zdGl0dWnDp8OjbyBmaWNvdSByZXNwb25zw6F2ZWwgcGVsYSBndWFyZGEgZG9zIGRvY3VtZW50b3MsIGUgc29saWNpdGFyIGEgZWxhIGEgZW1pc3PDo28uIEEgVUZNRyBuw6NvIHJlYWxpemEgYSBlbWlzc8OjbyBkZSBkaXBsb21hcyBkZSBvdXRyYXMgaW5zdGl0dWnDp8O1ZXMsIGFwZW5hcyBvIHJlZ2lzdHJvLjwvcD48cD5BbHVub3MgZGUgcMOzcy1ncmFkdWHDp8OjbyBxdWUgZGVzZWplbSBhIHNlZ3VuZGEgdmlhIGRlIHNldXMgZGlwbG9tYXMsIGRldmVtIGZhemVyIGEgc29saWNpdGHDp8OjbyBkYSBlbWlzc8OjbyBkZSBzZXVzIGRpcGxvbWFzL2NlcnRpZmljYWRvcyDDoCBzZWNyZXRhcmlhIGRlIHNldXMgcmVzcGVjdGl2b3MgY3Vyc29zLiBFc3RhIHNlZ3VuZGEgdmlhIHNlcsOhIGVtaXRpZGEgZGUgZm9ybWEgZsOtc2ljYS48L3A+PHA+QSBlbWlzc8OjbyBkZSB1bWEgbm92YSB2aWEgZG8gZGlwbG9tYSB0b3JuYSBpbnbDoWxpZGEgYSB2aWEgYW50ZXJpb3IuPC9wPmNsaWVudElkaXNWYWxpZG9yaWdpbmFsQ29udGVudG5hbWVhdHRyaWJ1dGVzY29udGVudGlubmVyQmxvY2tzc3RhdGV2ZXJzaW9uZG9jdW1lbnRkYXRlZG9jdW1lbnRzdGF0dXNkb2N1bWVudHRpdGxlIGFpb2RvY3VtZW50Y29udGVudGRvY3VtZW50ZXhjZXJwdGRvY3VtZW50YXV0aG9yZG9jdW1lbnRmZWF0dXJlZF9tZWRpYWRvY3VtZW50Y29tbWVudF9zdGF0dXNkb2N1bWVudHBpbmdfc3RhdHVzZG9jdW1lbnR0ZW1wbGF0ZWRvY3VtZW50bWV0YV9hY2ZfY2hhbmdlZGZvb3Rub3Rlc19lbGVtZW50b3JfZWRpdF9tb2RlX2VsZW1lbnRvcl90ZW1wbGF0ZV90eXBlX2VsZW1lbnRvcl9kYXRhX2VsZW1lbnRvcl9wYWdlX3NldHRpbmdzZG9jdW1lbnRmb2xkZXJkb2N1bWVudGJsb2NrczLCqlZpIGRlIERwbG1hBQeOHAgHDwQKBwsFBwgECAYIBUECCAcIBwgGCA4IDggLSAEEDAkUGA8YCAYIBkIABUIADQEAAAgBAwAAAQcABQEHQQAAQgEBAAZBCwgGQQsCDgB9AXcTMjAyNi0wNC0yM1QxMzo1MDo1OXcHYnVpbGRlcncHd3AtcGFnZXeQElt7ImlkIjoiZGM3OGUxZCIsImVsVHlwZSI6ImNvbnRhaW5lciIsInNldHRpbmdzIjpbXSwiZWxlbWVudHMiOlt7ImlkIjoiMzgyZDEyYSIsImVsVHlwZSI6IndpZGdldCIsInNldHRpbmdzIjp7ImVkaXRvciI6IjxwPkFsdW5vcyBkZSBncmFkdWFcdTAwZTdcdTAwZTNvIGRhIFVGTUcgcXVlIGRlc2VqZW0gYSBzZWd1bmRhIHZpYSBkZSBzZXVzIGRpcGxvbWFzIGRldmVtIGVudHJhciBlbSBjb250YXRvIGNvbSBlc3RlIGRlcGFydGFtZW50bywgYXRyYXZcdTAwZTlzIGRvIGUtbWFpbFx1MDBhMDxhIGhyZWY9XCJtYWlsdG86ZHJkQGRyY2EudWZtZy5iclwiIHRhcmdldD1cIl9zZWxmXCI+ZHJkQGRyY2EudWZtZy5icjxcL2E+LCBwYXJhIHJlYWxpemFyIGEgc29saWNpdGFcdTAwZTdcdTAwZTNvIGRhIGVtaXNzXHUwMGUzbyBkYSBzZWd1bmRhIHZpYS4gTWVkaWFudGUgYW5cdTAwZTFsaXNlIGRvIERSQ0EsIGEgc2VndW5kYSB2aWEgcG9kZXJcdTAwZTEgc2VyIGVtaXRpZGEgZGUgZm9ybWEgZGlnaXRhbC48XC9wPjxwPlx1MDBjOSBjb2JyYWRhIHVtYSB0YXhhIG5vIHZhbG9yIGRlIFIkIDgwLDAwIHBhcmEgYSBlbWlzc1x1MDBlM28gZGEgc2VndW5kYSB2aWEgZG8gZGlwbG9tYS48XC9wPjxwPlNlZ3VuZGEgdmlhIHBhcmEgZmxleFx1MDBlM28gZGUgZ1x1MDBlYW5lcm8gbm9zIHRlcm1vcyBkYSBsZWkgMTIuNjA1XC8yMDEyIGVzdFx1MDBlMSBpc2VudGEgZGVzdGEgdGF4YS48XC9wPjxwPkFvIGUtbWFpbCBkZXZlbSBzZXIgYW5leGFkb3MsIGVtIFBERjo8XC9wPjxwPi0gQ2VydGlkXHUwMGUzbyBkZSBuYXNjaW1lbnRvXC9jYXNhbWVudG88YnIgXC8+LSBJZGVudGlkYWRlPGJyIFwvPi0gQ1BGPGJyIFwvPi1cdTAwYTA8YSBocmVmPVwiaHR0cHM6XC9cL3d3dy51Zm1nLmJyXC9kcmNhXC90YXhhcy1kZS1yZWdpc3Ryby1kZS1kaXBsb21hc1wvXCIgdGFyZ2V0PVwiX2JsYW5rXCIgcmVsPVwibm9vcGVuZXJcIj5HUlUgZSBjb21wcm92YW50ZSBkZSBzZXUgcGFnYW1lbnRvPFwvYT48YnIgXC8+LVx1MDBhMDxhIGhyZWY9XCJodHRwczpcL1wvd3d3LnVmbWcuYnJcL2RyY2FcL3dwLWNvbnRlbnRcL3VwbG9hZHNcLzIwMjZcLzA0XC9Gb3JtdWxhcmlvLWRlLXJlcXVpc2ljYW8tZGUtc2VndW5kYS12aWEtNC0xLnBkZlwiIHRhcmdldD1cIl9ibGFua1wiIHJlbD1cIm5vb3BlbmVyXCI+Rm9ybXVsXHUwMGUxcmlvIFJlcXVpc2lcdTAwZTdcdTAwZTNvIFNlZ3VuZGEgVmlhKjxcL2E+PGJyIFwvPiogTyBmb3JtdWxcdTAwZTFyaW8gZGUgcmVxdWlzaVx1MDBlN1x1MDBlM28gZGUgc2VndW5kYSB2aWEgZGV2ZXJcdTAwZTEgc2VyIGltcHJlc3NvLCBhc3NpbmFkbyBlIGRpZ2l0YWxpemFkby4gQXBlbmFzIGFzc2luYXR1cmFzIGRpZ2l0YWlzIGRhIHBsYXRhZm9ybWEgZ292LmJyIHNlclx1MDBlM28gYWNlaXRhcy48XC9wPjxwPkFsdW5vcyBkZSBncmFkdWFcdTAwZTdcdTAwZTNvIGRlIG91dHJhcyBpbnN0aXR1aVx1MDBlN1x1MDBmNWVzIGRldmVtIGVudHJhciBlbSBjb250YXRvIGNvbSBhIGluc3RpdHVpXHUwMGU3XHUwMGUzbyBuYSBxdWFsIGNvbmNsdVx1MDBlZHJhbSBzZXUgY3Vyc28uIEVtIGNhc28gZGUgYSBpbnN0aXR1aVx1MDBlN1x1MDBlM28gdGVyIGVuY2VycmFkbyBzdWFzIGF0aXZpZGFkZXMsIGRldmUgcHJvY3VyYXIgc2FiZXIgcXVhbCBpbnN0aXR1aVx1MDBlN1x1MDBlM28gZmljb3UgcmVzcG9uc1x1MDBlMXZlbCBwZWxhIGd1YXJkYSBkb3MgZG9jdW1lbnRvcywgZSBzb2xpY2l0YXIgYSBlbGEgYSBlbWlzc1x1MDBlM28uIEEgVUZNRyBuXHUwMGUzbyByZWFsaXphIGEgZW1pc3NcdTAwZTNvIGRlIGRpcGxvbWFzIGRlIG91dHJhcyBpbnN0aXR1aVx1MDBlN1x1MDBmNWVzLCBhcGVuYXMgbyByZWdpc3Ryby48XC9wPjxwPkFsdW5vcyBkZSBwXHUwMGYzcy1ncmFkdWFcdTAwZTdcdTAwZTNvIHF1ZSBkZXNlamVtIGEgc2VndW5kYSB2aWEgZGUgc2V1cyBkaXBsb21hcywgZGV2ZW0gZmF6ZXIgYSBzb2xpY2l0YVx1MDBlN1x1MDBlM28gZGEgZW1pc3NcdTAwZTNvIGRlIHNldXMgZGlwbG9tYXNcL2NlcnRpZmljYWRvcyBcdTAwZTAgc2VjcmV0YXJpYSBkZSBzZXVzIHJlc3BlY3Rpdm9zIGN1cnNvcy4gRXN0YSBzZWd1bmRhIHZpYSBzZXJcdTAwZTEgZW1pdGlkYSBkZSBmb3JtYSBmXHUwMGVkc2ljYS48XC9wPjxwPkEgZW1pc3NcdTAwZTNvIGRlIHVtYSBub3ZhIHZpYSBkbyBkaXBsb21hIHRvcm5hIGludlx1MDBlMWxpZGEgYSB2aWEgYW50ZXJpb3IuPFwvcD4iLCJhbGlnbiI6Imp1c3RpZnkifSwiZWxlbWVudHMiOltdLCJ3aWRnZXRUeXBlIjoidGV4dC1lZGl0b3IifV0sImlzSW5uZXIiOmZhbHNlfV13JDNkYzY3NmYwLTI4YmMtNGE2Mi04YTY5LTkwZjFjNTk3MjM1OXh3yg48cD5BbHVub3MgZGUgZ3JhZHVhw6fDo28gZGEgVUZNRyBxdWUgZGVzZWplbSBhIHNlZ3VuZGEgdmlhIGRlIHNldXMgZGlwbG9tYXMgZGV2ZW0gZW50cmFyIGVtIGNvbnRhdG8gY29tIGVzdGUgZGVwYXJ0YW1lbnRvLCBhdHJhdsOpcyBkbyBlLW1haWzCoDxhIGhyZWY9Im1haWx0bzpkcmRAZHJjYS51Zm1nLmJyIiB0YXJnZXQ9Il9zZWxmIj5kcmRAZHJjYS51Zm1nLmJyPC9hPiwgcGFyYSByZWFsaXphciBhIHNvbGljaXRhw6fDo28gZGEgZW1pc3PDo28gZGEgc2VndW5kYSB2aWEuIE1lZGlhbnRlIGFuw6FsaXNlIGRvIERSQ0EsIGEgc2VndW5kYSB2aWEgcG9kZXLDoSBzZXIgZW1pdGlkYSBkZSBmb3JtYSBkaWdpdGFsLjwvcD4KPHA+w4kgY29icmFkYSB1bWEgdGF4YSBubyB2YWxvciBkZSBSJCA4MCwwMCBwYXJhIGEgZW1pc3PDo28gZGEgc2VndW5kYSB2aWEgZG8gZGlwbG9tYS48L3A+CjxwPlNlZ3VuZGEgdmlhIHBhcmEgZmxleMOjbyBkZSBnw6puZXJvIG5vcyB0ZXJtb3MgZGEgbGVpIDEyLjYwNS8yMDEyIGVzdMOhIGlzZW50YSBkZXN0YSB0YXhhLjwvcD4KPHA+QW8gZS1tYWlsIGRldmVtIHNlciBhbmV4YWRvcywgZW0gUERGOjwvcD4KPHA+LSBDZXJ0aWTDo28gZGUgbmFzY2ltZW50by9jYXNhbWVudG88YnIgLz4tIElkZW50aWRhZGU8YnIgLz4tIENQRjxiciAvPi3CoDxhIGhyZWY9Imh0dHBzOi8vd3d3LnVmbWcuYnIvZHJjYS90YXhhcy1kZS1yZWdpc3Ryby1kZS1kaXBsb21hcy8iIHRhcmdldD0iX2JsYW5rIiByZWw9Im5vb3BlbmVyIj5HUlUgZSBjb21wcm92YW50ZSBkZSBzZXUgcGFnYW1lbnRvPC9hPjxiciAvPi3CoDxhIGhyZWY9Imh0dHBzOi8vd3d3LnVmbWcuYnIvZHJjYS93cC1jb250ZW50L3VwbG9hZHMvMjAyNi8wNC9Gb3JtdWxhcmlvLWRlLXJlcXVpc2ljYW8tZGUtc2VndW5kYS12aWEtNC0xLnBkZiIgdGFyZ2V0PSJfYmxhbmsiIHJlbD0ibm9vcGVuZXIiPkZvcm11bMOhcmlvIFJlcXVpc2nDp8OjbyBTZWd1bmRhIFZpYSo8L2E+PGJyIC8+KiBPIGZvcm11bMOhcmlvIGRlIHJlcXVpc2nDp8OjbyBkZSBzZWd1bmRhIHZpYSBkZXZlcsOhIHNlciBpbXByZXNzbywgYXNzaW5hZG8gZSBkaWdpdGFsaXphZG8uIEFwZW5hcyBhc3NpbmF0dXJhcyBkaWdpdGFpcyBkYSBwbGF0YWZvcm1hIGdvdi5iciBzZXLDo28gYWNlaXRhcy48L3A+CjxwPkFsdW5vcyBkZSBncmFkdWHDp8OjbyBkZSBvdXRyYXMgaW5zdGl0dWnDp8O1ZXMgZGV2ZW0gZW50cmFyIGVtIGNvbnRhdG8gY29tIGEgaW5zdGl0dWnDp8OjbyBuYSBxdWFsIGNvbmNsdcOtcmFtIHNldSBjdXJzby4gRW0gY2FzbyBkZSBhIGluc3RpdHVpw6fDo28gdGVyIGVuY2VycmFkbyBzdWFzIGF0aXZpZGFkZXMsIGRldmUgcHJvY3VyYXIgc2FiZXIgcXVhbCBpbnN0aXR1acOnw6NvIGZpY291IHJlc3BvbnPDoXZlbCBwZWxhIGd1YXJkYSBkb3MgZG9jdW1lbnRvcywgZSBzb2xpY2l0YXIgYSBlbGEgYSBlbWlzc8Ojby4gQSBVRk1HIG7Do28gcmVhbGl6YSBhIGVtaXNzw6NvIGRlIGRpcGxvbWFzIGRlIG91dHJhcyBpbnN0aXR1acOnw7VlcywgYXBlbmFzIG8gcmVnaXN0cm8uPC9wPgo8cD5BbHVub3MgZGUgcMOzcy1ncmFkdWHDp8OjbyBxdWUgZGVzZWplbSBhIHNlZ3VuZGEgdmlhIGRlIHNldXMgZGlwbG9tYXMsIGRldmVtIGZhemVyIGEgc29saWNpdGHDp8OjbyBkYSBlbWlzc8OjbyBkZSBzZXVzIGRpcGxvbWFzL2NlcnRpZmljYWRvcyDDoCBzZWNyZXRhcmlhIGRlIHNldXMgcmVzcGVjdGl2b3MgY3Vyc29zLiBFc3RhIHNlZ3VuZGEgdmlhIHNlcsOhIGVtaXRpZGEgZGUgZm9ybWEgZsOtc2ljYS48L3A+CjxwPkEgZW1pc3PDo28gZGUgdW1hIG5vdmEgdmlhIGRvIGRpcGxvbWEgdG9ybmEgaW52w6FsaWRhIGEgdmlhIGFudGVyaW9yLjwvcD53DWNvcmUvZnJlZWZvcm13yg48cD5BbHVub3MgZGUgZ3JhZHVhw6fDo28gZGEgVUZNRyBxdWUgZGVzZWplbSBhIHNlZ3VuZGEgdmlhIGRlIHNldXMgZGlwbG9tYXMgZGV2ZW0gZW50cmFyIGVtIGNvbnRhdG8gY29tIGVzdGUgZGVwYXJ0YW1lbnRvLCBhdHJhdsOpcyBkbyBlLW1haWzCoDxhIGhyZWY9Im1haWx0bzpkcmRAZHJjYS51Zm1nLmJyIiB0YXJnZXQ9Il9zZWxmIj5kcmRAZHJjYS51Zm1nLmJyPC9hPiwgcGFyYSByZWFsaXphciBhIHNvbGljaXRhw6fDo28gZGEgZW1pc3PDo28gZGEgc2VndW5kYSB2aWEuIE1lZGlhbnRlIGFuw6FsaXNlIGRvIERSQ0EsIGEgc2VndW5kYSB2aWEgcG9kZXLDoSBzZXIgZW1pdGlkYSBkZSBmb3JtYSBkaWdpdGFsLjwvcD4KPHA+w4kgY29icmFkYSB1bWEgdGF4YSBubyB2YWxvciBkZSBSJCA4MCwwMCBwYXJhIGEgZW1pc3PDo28gZGEgc2VndW5kYSB2aWEgZG8gZGlwbG9tYS48L3A+CjxwPlNlZ3VuZGEgdmlhIHBhcmEgZmxleMOjbyBkZSBnw6puZXJvIG5vcyB0ZXJtb3MgZGEgbGVpIDEyLjYwNS8yMDEyIGVzdMOhIGlzZW50YSBkZXN0YSB0YXhhLjwvcD4KPHA+QW8gZS1tYWlsIGRldmVtIHNlciBhbmV4YWRvcywgZW0gUERGOjwvcD4KPHA+LSBDZXJ0aWTDo28gZGUgbmFzY2ltZW50by9jYXNhbWVudG88YnIgLz4tIElkZW50aWRhZGU8YnIgLz4tIENQRjxiciAvPi3CoDxhIGhyZWY9Imh0dHBzOi8vd3d3LnVmbWcuYnIvZHJjYS90YXhhcy1kZS1yZWdpc3Ryby1kZS1kaXBsb21hcy8iIHRhcmdldD0iX2JsYW5rIiByZWw9Im5vb3BlbmVyIj5HUlUgZSBjb21wcm92YW50ZSBkZSBzZXUgcGFnYW1lbnRvPC9hPjxiciAvPi3CoDxhIGhyZWY9Imh0dHBzOi8vd3d3LnVmbWcuYnIvZHJjYS93cC1jb250ZW50L3VwbG9hZHMvMjAyNi8wNC9Gb3JtdWxhcmlvLWRlLXJlcXVpc2ljYW8tZGUtc2VndW5kYS12aWEtNC0xLnBkZiIgdGFyZ2V0PSJfYmxhbmsiIHJlbD0ibm9vcGVuZXIiPkZvcm11bMOhcmlvIFJlcXVpc2nDp8OjbyBTZWd1bmRhIFZpYSo8L2E+PGJyIC8+KiBPIGZvcm11bMOhcmlvIGRlIHJlcXVpc2nDp8OjbyBkZSBzZWd1bmRhIHZpYSBkZXZlcsOhIHNlciBpbXByZXNzbywgYXNzaW5hZG8gZSBkaWdpdGFsaXphZG8uIEFwZW5hcyBhc3NpbmF0dXJhcyBkaWdpdGFpcyBkYSBwbGF0YWZvcm1hIGdvdi5iciBzZXLDo28gYWNlaXRhcy48L3A+CjxwPkFsdW5vcyBkZSBncmFkdWHDp8OjbyBkZSBvdXRyYXMgaW5zdGl0dWnDp8O1ZXMgZGV2ZW0gZW50cmFyIGVtIGNvbnRhdG8gY29tIGEgaW5zdGl0dWnDp8OjbyBuYSBxdWFsIGNvbmNsdcOtcmFtIHNldSBjdXJzby4gRW0gY2FzbyBkZSBhIGluc3RpdHVpw6fDo28gdGVyIGVuY2VycmFkbyBzdWFzIGF0aXZpZGFkZXMsIGRldmUgcHJvY3VyYXIgc2FiZXIgcXVhbCBpbnN0aXR1acOnw6NvIGZpY291IHJlc3BvbnPDoXZlbCBwZWxhIGd1YXJkYSBkb3MgZG9jdW1lbnRvcywgZSBzb2xpY2l0YXIgYSBlbGEgYSBlbWlzc8Ojby4gQSBVRk1HIG7Do28gcmVhbGl6YSBhIGVtaXNzw6NvIGRlIGRpcGxvbWFzIGRlIG91dHJhcyBpbnN0aXR1acOnw7VlcywgYXBlbmFzIG8gcmVnaXN0cm8uPC9wPgo8cD5BbHVub3MgZGUgcMOzcy1ncmFkdWHDp8OjbyBxdWUgZGVzZWplbSBhIHNlZ3VuZGEgdmlhIGRlIHNldXMgZGlwbG9tYXMsIGRldmVtIGZhemVyIGEgc29saWNpdGHDp8OjbyBkYSBlbWlzc8OjbyBkZSBzZXVzIGRpcGxvbWFzL2NlcnRpZmljYWRvcyDDoCBzZWNyZXRhcmlhIGRlIHNldXMgcmVzcGVjdGl2b3MgY3Vyc29zLiBFc3RhIHNlZ3VuZGEgdmlhIHNlcsOhIGVtaXRpZGEgZGUgZm9ybWEgZsOtc2ljYS48L3A+CjxwPkEgZW1pc3PDo28gZGUgdW1hIG5vdmEgdmlhIGRvIGRpcGxvbWEgdG9ybmEgaW52w6FsaWRhIGEgdmlhIGFudGVyaW9yLjwvcD4gAHcKYXV0by1kcmFmdH0EfQB3BmNsb3NlZHcGY2xvc2VkdwB5dwB+dQF9NQH42svOBgUAAQIHAgUBAAsC\",\"updateId\":788987779}","footnotes":""},"folder":[53],"class_list":["post-1730","page","type-page","status-publish","hentry"],"acf":[],"_links":{"self":[{"href":"https:\/\/www.ufmg.br\/drca\/wp-json\/wp\/v2\/pages\/1730","targetHints":{"allow":["GET"]}}],"collection":[{"href":"https:\/\/www.ufmg.br\/drca\/wp-json\/wp\/v2\/pages"}],"about":[{"href":"https:\/\/www.ufmg.br\/drca\/wp-json\/wp\/v2\/types\/page"}],"author":[{"embeddable":true,"href":"https:\/\/www.ufmg.br\/drca\/wp-json\/wp\/v2\/users\/4"}],"replies":[{"embeddable":true,"href":"https:\/\/www.ufmg.br\/drca\/wp-json\/wp\/v2\/comments?post=1730"}],"version-history":[{"count":11,"href":"https:\/\/www.ufmg.br\/drca\/wp-json\/wp\/v2\/pages\/1730\/revisions"}],"predecessor-version":[{"id":1962,"href":"https:\/\/www.ufmg.br\/drca\/wp-json\/wp\/v2\/pages\/1730\/revisions\/1962"}],"wp:attachment":[{"href":"https:\/\/www.ufmg.br\/drca\/wp-json\/wp\/v2\/media?parent=1730"}],"wp:term":[{"taxonomy":"folder","embeddable":true,"href":"https:\/\/www.ufmg.br\/drca\/wp-json\/wp\/v2\/folder?post=1730"}],"curies":[{"name":"wp","href":"https:\/\/api.w.org\/{rel}","templated":true}]}}