{"id":1737,"date":"2026-04-23T13:53:06","date_gmt":"2026-04-23T16:53:06","guid":{"rendered":"https:\/\/www.ufmg.br\/drca\/?page_id=1737"},"modified":"2026-04-23T13:56:33","modified_gmt":"2026-04-23T16:56:33","slug":"taxas-de-registro-de-diplomas","status":"publish","type":"page","link":"https:\/\/www.ufmg.br\/drca\/taxas-de-registro-de-diplomas\/","title":{"rendered":"Taxas de Registro de Diplomas"},"content":{"rendered":"\t\t<div data-elementor-type=\"wp-page\" data-elementor-id=\"1737\" class=\"elementor elementor-1737\">\n\t\t\t\t<div class=\"elementor-element elementor-element-d84a65a e-flex e-con-boxed e-con e-parent\" data-id=\"d84a65a\" data-element_type=\"container\" data-e-type=\"container\">\n\t\t\t\t\t<div class=\"e-con-inner\">\n\t\t\t\t<div class=\"elementor-element elementor-element-17054cc elementor-widget elementor-widget-text-editor\" data-id=\"17054cc\" data-element_type=\"widget\" data-e-type=\"widget\" data-widget_type=\"text-editor.default\">\n\t\t\t\t\t\t\t\t\t<p class=\" text-left\"><u>Descri\u00e7\u00e3o dos Servi\u00e7os<\/u>:<\/p><ul><li>Registro de Diploma (1\u00aa\/2\u00aa via) &#8211; (Gradua\u00e7\u00e3o e P\u00f3s-Gradua\u00e7\u00e3o);<\/li><\/ul><p>\u00a0<\/p><p>Os registros de diplomas de 1\u00aa via dos alunos da UFMG n\u00e3o requerem pagamento de taxa, bem como os registros de diploma de 2\u00aa via por motivo de flex\u00e3o de g\u00eanero, em conson\u00e2ncia com a\u00a0<a href=\"http:\/\/www.planalto.gov.br\/ccivil_03\/_ato2011-2014\/2012\/lei\/l12605.htm\" target=\"_blank\" rel=\"noopener\">Lei n\u00ba 12.605<\/a>, de 03\/04\/2012.<\/p><p><u>Procedimentos<\/u>:<\/p><p>1) Gerar a\u00a0<b>Guia de Recolhimento da Uni\u00e3o (GRU)<\/b>\u00a0pela internet:<\/p><ul><li>\u00a0<a href=\"https:\/\/sistemas.ufmg.br\/sisarc\/emissaogru\/gerir\/geriremissaogru.seam?codigo=btNtlMfp9\" target=\"_blank\" rel=\"noopener\">Clique aqui<\/a>\u00a0(Taxa de Registro de Diploma) &#8211; Valor da taxa:\u00a0<b>R$ 80,00<\/b>;<\/li><\/ul><div class=\"\"><div class=\"content-view-embed\"><div class=\"class-image\"><div class=\"attribute-image\"><img decoding=\"async\" title=\"BRANQUITO\" src=\"https:\/\/www2.ufmg.br\/var\/storage\/drca\/images\/media\/drca\/images\/branquito27\/164697-1-por-BR\/BRANQUITO_medium.jpg\" alt=\"BRANQUITO\" width=\"11\" height=\"12\" \/><\/div><\/div><\/div><\/div><p>2) Preencher formul\u00e1rio, informando os seguintes dados<\/p>\t\t\t\t\t\t\t\t<\/div>\n\t\t\t\t\t<\/div>\n\t\t\t\t<\/div>\n\t\t<div class=\"elementor-element elementor-element-c901966 e-flex e-con-boxed e-con e-parent\" data-id=\"c901966\" data-element_type=\"container\" data-e-type=\"container\">\n\t\t\t\t\t<div class=\"e-con-inner\">\n\t\t\t\t<div class=\"elementor-element elementor-element-206c802 elementor-widget elementor-widget-image\" data-id=\"206c802\" data-element_type=\"widget\" data-e-type=\"widget\" data-widget_type=\"image.default\">\n\t\t\t\t\t\t\t\t\t\t\t\t\t\t\t<img fetchpriority=\"high\" decoding=\"async\" width=\"764\" height=\"597\" src=\"https:\/\/www.ufmg.br\/drca\/wp-content\/uploads\/2026\/04\/6_billboard.jpg\" class=\"attachment-large size-large wp-image-1741\" alt=\"\" srcset=\"https:\/\/www.ufmg.br\/drca\/wp-content\/uploads\/2026\/04\/6_billboard.jpg 764w, https:\/\/www.ufmg.br\/drca\/wp-content\/uploads\/2026\/04\/6_billboard-300x234.jpg 300w\" sizes=\"(max-width: 764px) 100vw, 764px\" \/>\t\t\t\t\t\t\t\t\t\t\t\t\t\t\t<\/div>\n\t\t\t\t\t<\/div>\n\t\t\t\t<\/div>\n\t\t\t\t<\/div>\n\t\t","protected":false},"excerpt":{"rendered":"<p>Descri\u00e7\u00e3o dos Servi\u00e7os: Registro de Diploma (1\u00aa\/2\u00aa via) &#8211; (Gradua\u00e7\u00e3o e P\u00f3s-Gradua\u00e7\u00e3o); \u00a0 Os registros de diplomas de 1\u00aa via dos alunos da UFMG n\u00e3o requerem pagamento de taxa, bem como os registros de diploma de 2\u00aa via por motivo de flex\u00e3o de g\u00eanero, em conson\u00e2ncia com a\u00a0Lei n\u00ba 12.605, de 03\/04\/2012. Procedimentos: 1) Gerar [&hellip;]<\/p>\n","protected":false},"author":4,"featured_media":0,"parent":0,"menu_order":0,"comment_status":"closed","ping_status":"closed","template":"","meta":{"_acf_changed":false,"_crdt_document":"{\"document\":\"AAAG3dyRlRAdFAYDAQoCBAMABgMAEgEDcg4GAggEBggEDgYCCBcoAicABACECicBKAQnACgGJwBEAMQEhJwD6AJzdGF0ZXZlcnNpb25kb2N1bWVudGRhdGVkb2N1bWVudHN0YXR1c2RvY3VtZW50dGl0bGVSYXNjdW5obyBhdXRvbcOhdGljb2RvY3VtZW50Y29udGVudGRvY3VtZW50ZXhjZXJwdGRvY3VtZW50YXV0aG9yZG9jdW1lbnRmZWF0dXJlZF9tZWRpYWRvY3VtZW50Y29tbWVudF9zdGF0dXNkb2N1bWVudHBpbmdfc3RhdHVzZG9jdW1lbnR0ZW1wbGF0ZWRvY3VtZW50bWV0YV9hY2ZfY2hhbmdlZGZvb3Rub3Rlc19lbGVtZW50b3JfZWRpdF9tb2RlX2VsZW1lbnRvcl90ZW1wbGF0ZV90eXBlX2VsZW1lbnRvcl9kYXRhX2VsZW1lbnRvcl9wYWdlX3NldHRpbmdzZG9jdW1lbnRmb2xkZXJkb2N1bWVudGJsb2Nrc1R4YWRlIFJlZ2lzciBkZSBEcGxtYXMFBwgECAYIBUEBBQECQQADQQEIBwgHCAYIDggOCAtIAQQMCRQYDxgIBggGAQIIAQUCAwkBAwAAAQcABQEEQgEBAAJBDQEnAH0BdxMyMDI2LTA0LTIzVDEzOjUzOjAxdwphdXRvLWRyYWZ0fQR9AHcGY2xvc2VkdwZjbG9zZWR3AHl3AHcAdwB3AH51AX01AZ3uyIoIBQQAAgQBAQICAQA=\",\"updateId\":129956104}","footnotes":""},"folder":[53],"class_list":["post-1737","page","type-page","status-publish","hentry"],"acf":[],"_links":{"self":[{"href":"https:\/\/www.ufmg.br\/drca\/wp-json\/wp\/v2\/pages\/1737","targetHints":{"allow":["GET"]}}],"collection":[{"href":"https:\/\/www.ufmg.br\/drca\/wp-json\/wp\/v2\/pages"}],"about":[{"href":"https:\/\/www.ufmg.br\/drca\/wp-json\/wp\/v2\/types\/page"}],"author":[{"embeddable":true,"href":"https:\/\/www.ufmg.br\/drca\/wp-json\/wp\/v2\/users\/4"}],"replies":[{"embeddable":true,"href":"https:\/\/www.ufmg.br\/drca\/wp-json\/wp\/v2\/comments?post=1737"}],"version-history":[{"count":16,"href":"https:\/\/www.ufmg.br\/drca\/wp-json\/wp\/v2\/pages\/1737\/revisions"}],"predecessor-version":[{"id":1756,"href":"https:\/\/www.ufmg.br\/drca\/wp-json\/wp\/v2\/pages\/1737\/revisions\/1756"}],"wp:attachment":[{"href":"https:\/\/www.ufmg.br\/drca\/wp-json\/wp\/v2\/media?parent=1737"}],"wp:term":[{"taxonomy":"folder","embeddable":true,"href":"https:\/\/www.ufmg.br\/drca\/wp-json\/wp\/v2\/folder?post=1737"}],"curies":[{"name":"wp","href":"https:\/\/api.w.org\/{rel}","templated":true}]}}