{"id":1783,"date":"2026-04-23T14:31:50","date_gmt":"2026-04-23T17:31:50","guid":{"rendered":"https:\/\/www.ufmg.br\/drca\/?page_id=1783"},"modified":"2026-04-23T14:36:30","modified_gmt":"2026-04-23T17:36:30","slug":"revalidacao-de-diplomas","status":"publish","type":"page","link":"https:\/\/www.ufmg.br\/drca\/revalidacao-de-diplomas\/","title":{"rendered":"Revalida\u00e7\u00e3o de Diplomas"},"content":{"rendered":"\t\t<div data-elementor-type=\"wp-page\" data-elementor-id=\"1783\" class=\"elementor elementor-1783\">\n\t\t\t\t<div class=\"elementor-element elementor-element-1066840 e-flex e-con-boxed e-con e-parent\" data-id=\"1066840\" data-element_type=\"container\" data-e-type=\"container\">\n\t\t\t\t\t<div class=\"e-con-inner\">\n\t\t\t\t<div class=\"elementor-element elementor-element-9ff836f elementor-widget elementor-widget-text-editor\" data-id=\"9ff836f\" data-element_type=\"widget\" data-e-type=\"widget\" data-widget_type=\"text-editor.default\">\n\t\t\t\t\t\t\t\t\t<p>Os interessados em revalidar diplomas emitidos por institui\u00e7\u00f5es estrangeiras devem procurar a\u00a0<a href=\"http:\/\/www.ufmg.br\/prograd\/\" target=\"_blank\" rel=\"noopener\">Pr\u00f3-Reitoria de Gradua\u00e7\u00e3o<\/a>\u00a0(diploma de gradua\u00e7\u00e3o) ou a\u00a0<a href=\"http:\/\/www.ufmg.br\/prpg\/\" target=\"_blank\" rel=\"noopener\">Pr\u00f3-Reitoria de P\u00f3s-Gradua\u00e7\u00e3o\u00a0<\/a>(diploma de p\u00f3s-gradua\u00e7\u00e3o).<\/p><p><b>Contatos:<\/b><\/p><p>Pr\u00f3-Reitoria de Gradua\u00e7\u00e3o &#8211;\u00a0revalidacao@prograd.ufmg.br<\/p><p>Pr\u00f3 Reitoria de P\u00f3s Gradua\u00e7\u00e3o &#8211;\u00a0sadm@prpg.ufmg.br<\/p>\t\t\t\t\t\t\t\t<\/div>\n\t\t\t\t\t<\/div>\n\t\t\t\t<\/div>\n\t\t\t\t<\/div>\n\t\t","protected":false},"excerpt":{"rendered":"<p>Os interessados em revalidar diplomas emitidos por institui\u00e7\u00f5es estrangeiras devem procurar a\u00a0Pr\u00f3-Reitoria de Gradua\u00e7\u00e3o\u00a0(diploma de gradua\u00e7\u00e3o) ou a\u00a0Pr\u00f3-Reitoria de P\u00f3s-Gradua\u00e7\u00e3o\u00a0(diploma de p\u00f3s-gradua\u00e7\u00e3o). Contatos: Pr\u00f3-Reitoria de Gradua\u00e7\u00e3o &#8211;\u00a0revalidacao@prograd.ufmg.br Pr\u00f3 Reitoria de P\u00f3s Gradua\u00e7\u00e3o &#8211;\u00a0sadm@prpg.ufmg.br<\/p>\n","protected":false},"author":4,"featured_media":0,"parent":0,"menu_order":0,"comment_status":"closed","ping_status":"closed","template":"","meta":{"_acf_changed":false,"_crdt_document":"{\"document\":\"AAAXrKXqkQ3ph7b6BATspeqRDQXph7b6BBogAiwUAwAGng4BAgpK5A8DAA4CBAIGAwASAQN0AhAGCAQFCgIQBgg9KACoAAQAqAIHACgDJwAoACcAIQEoACcABACEAIEAhACBAIQAgQCEAIEAhAAnASgEJwAoASECKAEnAMQEhOIHrAdzdGF0ZXZlcnNpb248cD5PcyBpbnRlcmVzc2Fkb3MgZW0gcmV2YWxpZGFyIGRpcGxvbWFzIGVtaXRpZG9zIHBvciBpbnN0aXR1acOnw7VlcyBlc3RyYW5nZWlyYXMgZGV2ZW0gcHJvY3VyYXIgYcKgPGEgaHJlZj0iaHR0cDovL3d3dy51Zm1nLmJyL3Byb2dyYWQvIiB0YXJnZXQ9Il9ibGFuayIgcmVsPSJub29wZW5lciI+UHLDsy1SZWl0b3JpYSBkZSBHcmFkdWHDp8OjbzwvYT7CoChkaXBsb21hIGRlIGdyYWR1YcOnw6NvKSBvdSBhwqA8YSBocmVmPSJodHRwOi8vd3d3LnVmbWcuYnIvcHJwZy8iIHRhcmdldD0iX2JsYW5rIiByZWw9Im5vb3BlbmVyIj5QcsOzLVJlaXRvcmlhIGRlIFDDs3MtR3JhZHVhw6fDo2\/CoDwvYT4oZGlwbG9tYSBkZSBww7NzLWdyYWR1YcOnw6NvKS48L3A+PHA+PGI+Q29udGF0b3M6PC9iPjwvcD48cD5QcsOzLVJlaXRvcmlhIGRlIEdyYWR1YcOnw6NvIC3CoHJldmFsaWRhY2FvQHByb2dyYWQudWZtZy5icjwvcD48cD5QcsOzIFJlaXRvcmlhIGRlIFDDs3MgR3JhZHVhw6fDo28gLcKgc2FkbUBwcnBnLnVmbWcuYnI8L3A+Y2xpZW50SWRpc1ZhbGlkb3JpZ2luYWxDb250ZW50bmFtZWF0dHJpYnV0ZXNjb250ZW50aW5uZXJCbG9ja3NzdGF0ZXZlcnNpb25kb2N1bWVudGRhdGVkb2N1bWVudHN0YXR1c2RvY3VtZW50dGl0bGVSYWFvaW9kb2N1bWVudGNvbnRlbnRkb2N1bWVudGV4Y2VycHRkb2N1bWVudGF1dGhvcmRvY3VtZW50ZmVhdHVyZWRfbWVkaWFkb2N1bWVudGNvbW1lbnRfc3RhdHVzZG9jdW1lbnRwaW5nX3N0YXR1c2RvY3VtZW50dGVtcGxhdGVkb2N1bWVudG1ldGFfYWNmX2NoYW5nZWRmb290bm90ZXNfZWxlbWVudG9yX2VkaXRfbW9kZV9lbGVtZW50b3JfdGVtcGxhdGVfdHlwZV9lbGVtZW50b3JfZGF0YV9lbGVtZW50b3JfcGFnZV9zZXR0aW5nc2RvY3VtZW50Zm9sZGVyZG9jdW1lbnRibG9ja3NldmxpZMOnw6MgZGUgRHBsbWFzBQewBwgHDwQKBwsFBwgECAYIBUEECAcIBwgGCA4IDggLSAEEDAkUGA8YCAYIBgIDAgUCAw0BAAAIAQMAAAEHAAUBB0EAAEIBAQAHQQsHAgNBCwIOAH0BdxMyMDI2LTA0LTIzVDE0OjMxOjUwdwdidWlsZGVydwd3cC1wYWdld9sGW3siaWQiOiIxMDY2ODQwIiwiZWxUeXBlIjoiY29udGFpbmVyIiwic2V0dGluZ3MiOltdLCJlbGVtZW50cyI6W3siaWQiOiI5ZmY4MzZmIiwiZWxUeXBlIjoid2lkZ2V0Iiwic2V0dGluZ3MiOnsiZWRpdG9yIjoiPHA+T3MgaW50ZXJlc3NhZG9zIGVtIHJldmFsaWRhciBkaXBsb21hcyBlbWl0aWRvcyBwb3IgaW5zdGl0dWlcdTAwZTdcdTAwZjVlcyBlc3RyYW5nZWlyYXMgZGV2ZW0gcHJvY3VyYXIgYVx1MDBhMDxhIGhyZWY9XCJodHRwOlwvXC93d3cudWZtZy5iclwvcHJvZ3JhZFwvXCIgdGFyZ2V0PVwiX2JsYW5rXCIgcmVsPVwibm9vcGVuZXJcIj5Qclx1MDBmMy1SZWl0b3JpYSBkZSBHcmFkdWFcdTAwZTdcdTAwZTNvPFwvYT5cdTAwYTAoZGlwbG9tYSBkZSBncmFkdWFcdTAwZTdcdTAwZTNvKSBvdSBhXHUwMGEwPGEgaHJlZj1cImh0dHA6XC9cL3d3dy51Zm1nLmJyXC9wcnBnXC9cIiB0YXJnZXQ9XCJfYmxhbmtcIiByZWw9XCJub29wZW5lclwiPlByXHUwMGYzLVJlaXRvcmlhIGRlIFBcdTAwZjNzLUdyYWR1YVx1MDBlN1x1MDBlM29cdTAwYTA8XC9hPihkaXBsb21hIGRlIHBcdTAwZjNzLWdyYWR1YVx1MDBlN1x1MDBlM28pLjxcL3A+PHA+PGI+Q29udGF0b3M6PFwvYj48XC9wPjxwPlByXHUwMGYzLVJlaXRvcmlhIGRlIEdyYWR1YVx1MDBlN1x1MDBlM28gLVx1MDBhMHJldmFsaWRhY2FvQHByb2dyYWQudWZtZy5icjxcL3A+PHA+UHJcdTAwZjMgUmVpdG9yaWEgZGUgUFx1MDBmM3MgR3JhZHVhXHUwMGU3XHUwMGUzbyAtXHUwMGEwc2FkbUBwcnBnLnVmbWcuYnI8XC9wPiIsImFsaWduIjoianVzdGlmeSJ9LCJlbGVtZW50cyI6W10sIndpZGdldFR5cGUiOiJ0ZXh0LWVkaXRvciJ9XSwiaXNJbm5lciI6ZmFsc2V9XXckY2VjMDI1MTktZWU0MS00NWJjLWEyODMtMmJhZmFmNDM2ODJjeHeOBDxwPk9zIGludGVyZXNzYWRvcyBlbSByZXZhbGlkYXIgZGlwbG9tYXMgZW1pdGlkb3MgcG9yIGluc3RpdHVpw6fDtWVzIGVzdHJhbmdlaXJhcyBkZXZlbSBwcm9jdXJhciBhwqA8YSBocmVmPSJodHRwOi8vd3d3LnVmbWcuYnIvcHJvZ3JhZC8iIHRhcmdldD0iX2JsYW5rIiByZWw9Im5vb3BlbmVyIj5QcsOzLVJlaXRvcmlhIGRlIEdyYWR1YcOnw6NvPC9hPsKgKGRpcGxvbWEgZGUgZ3JhZHVhw6fDo28pIG91IGHCoDxhIGhyZWY9Imh0dHA6Ly93d3cudWZtZy5ici9wcnBnLyIgdGFyZ2V0PSJfYmxhbmsiIHJlbD0ibm9vcGVuZXIiPlByw7MtUmVpdG9yaWEgZGUgUMOzcy1HcmFkdWHDp8Ojb8KgPC9hPihkaXBsb21hIGRlIHDDs3MtZ3JhZHVhw6fDo28pLjwvcD4KPHA+PGI+Q29udGF0b3M6PC9iPjwvcD4KPHA+UHLDsy1SZWl0b3JpYSBkZSBHcmFkdWHDp8OjbyAtwqByZXZhbGlkYWNhb0Bwcm9ncmFkLnVmbWcuYnI8L3A+CjxwPlByw7MgUmVpdG9yaWEgZGUgUMOzcyBHcmFkdWHDp8OjbyAtwqBzYWRtQHBycGcudWZtZy5icjwvcD53DWNvcmUvZnJlZWZvcm13jgQ8cD5PcyBpbnRlcmVzc2Fkb3MgZW0gcmV2YWxpZGFyIGRpcGxvbWFzIGVtaXRpZG9zIHBvciBpbnN0aXR1acOnw7VlcyBlc3RyYW5nZWlyYXMgZGV2ZW0gcHJvY3VyYXIgYcKgPGEgaHJlZj0iaHR0cDovL3d3dy51Zm1nLmJyL3Byb2dyYWQvIiB0YXJnZXQ9Il9ibGFuayIgcmVsPSJub29wZW5lciI+UHLDsy1SZWl0b3JpYSBkZSBHcmFkdWHDp8OjbzwvYT7CoChkaXBsb21hIGRlIGdyYWR1YcOnw6NvKSBvdSBhwqA8YSBocmVmPSJodHRwOi8vd3d3LnVmbWcuYnIvcHJwZy8iIHRhcmdldD0iX2JsYW5rIiByZWw9Im5vb3BlbmVyIj5QcsOzLVJlaXRvcmlhIGRlIFDDs3MtR3JhZHVhw6fDo2\/CoDwvYT4oZGlwbG9tYSBkZSBww7NzLWdyYWR1YcOnw6NvKS48L3A+CjxwPjxiPkNvbnRhdG9zOjwvYj48L3A+CjxwPlByw7MtUmVpdG9yaWEgZGUgR3JhZHVhw6fDo28gLcKgcmV2YWxpZGFjYW9AcHJvZ3JhZC51Zm1nLmJyPC9wPgo8cD5QcsOzIFJlaXRvcmlhIGRlIFDDs3MgR3JhZHVhw6fDo28gLcKgc2FkbUBwcnBnLnVmbWcuYnI8L3A+JAB3CmF1dG8tZHJhZnR9BH0AdwZjbG9zZWR3BmNsb3NlZHcAeXcAfnUBfTUB6YObvQIGAAEEBgEBAQIBAAsC\",\"updateId\":278800558}","footnotes":""},"folder":[53],"class_list":["post-1783","page","type-page","status-publish","hentry"],"acf":[],"_links":{"self":[{"href":"https:\/\/www.ufmg.br\/drca\/wp-json\/wp\/v2\/pages\/1783","targetHints":{"allow":["GET"]}}],"collection":[{"href":"https:\/\/www.ufmg.br\/drca\/wp-json\/wp\/v2\/pages"}],"about":[{"href":"https:\/\/www.ufmg.br\/drca\/wp-json\/wp\/v2\/types\/page"}],"author":[{"embeddable":true,"href":"https:\/\/www.ufmg.br\/drca\/wp-json\/wp\/v2\/users\/4"}],"replies":[{"embeddable":true,"href":"https:\/\/www.ufmg.br\/drca\/wp-json\/wp\/v2\/comments?post=1783"}],"version-history":[{"count":8,"href":"https:\/\/www.ufmg.br\/drca\/wp-json\/wp\/v2\/pages\/1783\/revisions"}],"predecessor-version":[{"id":1806,"href":"https:\/\/www.ufmg.br\/drca\/wp-json\/wp\/v2\/pages\/1783\/revisions\/1806"}],"wp:attachment":[{"href":"https:\/\/www.ufmg.br\/drca\/wp-json\/wp\/v2\/media?parent=1783"}],"wp:term":[{"taxonomy":"folder","embeddable":true,"href":"https:\/\/www.ufmg.br\/drca\/wp-json\/wp\/v2\/folder?post=1783"}],"curies":[{"name":"wp","href":"https:\/\/api.w.org\/{rel}","templated":true}]}}