{"id":1795,"date":"2026-04-23T14:34:13","date_gmt":"2026-04-23T17:34:13","guid":{"rendered":"https:\/\/www.ufmg.br\/drca\/?page_id=1795"},"modified":"2026-04-23T14:43:31","modified_gmt":"2026-04-23T17:43:31","slug":"legislacao-normas-oficios","status":"publish","type":"page","link":"https:\/\/www.ufmg.br\/drca\/legislacao-normas-oficios\/","title":{"rendered":"Legisla\u00e7\u00e3o &#8211; Normas &#8211; Of\u00edcios"},"content":{"rendered":"\t\t<div data-elementor-type=\"wp-page\" data-elementor-id=\"1795\" class=\"elementor elementor-1795\">\n\t\t\t\t<div class=\"elementor-element elementor-element-84f6c98 e-flex e-con-boxed e-con e-parent\" data-id=\"84f6c98\" data-element_type=\"container\" data-e-type=\"container\">\n\t\t\t\t\t<div class=\"e-con-inner\">\n\t\t\t\t<div class=\"elementor-element elementor-element-a913d69 elementor-widget elementor-widget-text-editor\" data-id=\"a913d69\" data-element_type=\"widget\" data-e-type=\"widget\" data-widget_type=\"text-editor.default\">\n\t\t\t\t\t\t\t\t\t<table class=\"comparison\" border=\"0\" summary=\"t\" width=\"100%\" cellspacing=\"0\" cellpadding=\"2\"><tbody><tr><td valign=\"top\"><a href=\"https:\/\/www.ufmg.br\/drca\/wp-content\/uploads\/2026\/04\/Lei-12.605-1.pdf\" target=\"_blank\" rel=\"noopener\">Lei 12.605\/12 &#8211; Flex\u00e3o de G\u00eanero<\/a><\/td><\/tr><tr class=\"bglight\"><td valign=\"top\"><a href=\"https:\/\/www.ufmg.br\/drca\/wp-content\/uploads\/2026\/04\/Instrucao-Normativa-no-2-CFP.pdf\" target=\"_blank\" rel=\"noopener\">Instru\u00e7\u00e3o Normativa CFP n\u00ba 002\/2007<\/a><\/td><\/tr><tr class=\"bgdark\"><td valign=\"top\"><a href=\"https:\/\/www.ufmg.br\/drca\/wp-content\/uploads\/2026\/04\/Oficio-Circular-no-005-CRP.pdf\" target=\"_blank\" rel=\"noopener\">Of\u00edcio Circular 005-11\/DIR-CRP\/MG<\/a><\/td><\/tr><tr class=\"bglight\"><td valign=\"top\"><a href=\"https:\/\/www.ufmg.br\/drca\/wp-content\/uploads\/2026\/04\/Portaria-Normativa-40.pdf\" target=\"_blank\" rel=\"noopener\">Portaria Normativa n\u00ba 40\/2007<\/a><\/td><\/tr><tr class=\"bgdark\"><td valign=\"top\"><a href=\"https:\/\/www.ufmg.br\/drca\/wp-content\/uploads\/2026\/04\/Portaria-230-Transferencia.pdf\" target=\"_blank\" rel=\"noopener\">Portaria n\u00ba 230\/2007 &#8211; Transfer\u00eancias<\/a><\/td><\/tr><tr class=\"bglight\"><td valign=\"top\"><a href=\"https:\/\/www.ufmg.br\/drca\/wp-content\/uploads\/2026\/04\/Parecer-379.pdf\" target=\"_blank\" rel=\"noopener\">Parecer CNE\/CES 379\/2004<\/a><\/td><\/tr><tr class=\"bgdark\"><td valign=\"top\"><a href=\"https:\/\/www.ufmg.br\/drca\/wp-content\/uploads\/2026\/04\/Lei-9.394.pdf\" target=\"_blank\" rel=\"noopener\">Lei n\u00ba 9.394\/96 &#8211; Lei de Diretrizes e Bases da Educa\u00e7\u00e3o &#8211; Art. 48<\/a><\/td><\/tr><tr class=\"bglight\"><td valign=\"top\"><a href=\"https:\/\/www.ufmg.br\/drca\/wp-content\/uploads\/2026\/04\/Lei-7088.pdf\" target=\"_blank\" rel=\"noopener\">Lei n\u00ba 7.088\/83<\/a><\/td><\/tr><tr class=\"bgdark\"><td valign=\"top\"><a href=\"https:\/\/www.ufmg.br\/drca\/wp-content\/uploads\/2026\/04\/Portaria-33.pdf\" target=\"_blank\" rel=\"noopener\">Portaria n\u00ba 33 DAU\/MEC-78<\/a><\/td><\/tr><\/tbody><\/table><div class=\"\"><div class=\"content-view-embed\"><div class=\"class-image\"><div class=\"attribute-image\">\u00a0<\/div><\/div><\/div><\/div><p class=\" text-justify\">\u00bb Para visualiza\u00e7\u00e3o e impress\u00e3o dos formul\u00e1rios sugerimos o\u00a0<i>software<\/i>\u00a0Adobe\u00a9 Acrobat Reader: clique na imagem para instal\u00e1-lo.<\/p><div class=\"\"><div class=\"content-view-embed\"><div class=\"class-image\"><div class=\"attribute-image\">\u00a0<\/div><\/div><\/div><\/div><div class=\"object-center\"><div class=\"content-view-embed\"><div class=\"class-image\"><div class=\"attribute-image\"><a href=\"http:\/\/get.adobe.com\/br\/reader\/\" target=\"_blank\" rel=\"noopener\"><img decoding=\"async\" title=\"img_get_reader_01\" src=\"https:\/\/www2.ufmg.br\/var\/storage\/drca\/images\/media\/drca\/files\/img_get_reader_019\/126686-1-por-BR\/img_get_reader_01_small.gif\" alt=\"img_get_reader_01\" width=\"100\" height=\"24\" \/><\/a><\/div><\/div><\/div><\/div>\t\t\t\t\t\t\t\t<\/div>\n\t\t\t\t\t<\/div>\n\t\t\t\t<\/div>\n\t\t\t\t<\/div>\n\t\t","protected":false},"excerpt":{"rendered":"<p>Lei 12.605\/12 &#8211; Flex\u00e3o de G\u00eanero Instru\u00e7\u00e3o Normativa CFP n\u00ba 002\/2007 Of\u00edcio Circular 005-11\/DIR-CRP\/MG Portaria Normativa n\u00ba 40\/2007 Portaria n\u00ba 230\/2007 &#8211; Transfer\u00eancias Parecer CNE\/CES 379\/2004 Lei n\u00ba 9.394\/96 &#8211; Lei de Diretrizes e Bases da Educa\u00e7\u00e3o &#8211; Art. 48 Lei n\u00ba 7.088\/83 Portaria n\u00ba 33 DAU\/MEC-78 \u00a0 \u00bb Para visualiza\u00e7\u00e3o e impress\u00e3o dos formul\u00e1rios [&hellip;]<\/p>\n","protected":false},"author":4,"featured_media":0,"parent":0,"menu_order":0,"comment_status":"closed","ping_status":"closed","template":"","meta":{"_acf_changed":false,"_crdt_document":"{\"document\":\"AAAG+JWjoAobEwYEAggEBgMABgISAQNwDAgCCAIGCAYMCAIIFygCJwAEAIQIJwEoBCcAKAYnAEQAxASEnwPrAnN0YXRldmVyc2lvbmRvY3VtZW50ZGF0ZWRvY3VtZW50c3RhdHVzZG9jdW1lbnR0aXRsZVJhc2N1bmhvIGF1dG9tw6F0aWNvZG9jdW1lbnRjb250ZW50ZG9jdW1lbnRleGNlcnB0ZG9jdW1lbnRhdXRob3Jkb2N1bWVudGZlYXR1cmVkX21lZGlhZG9jdW1lbnRjb21tZW50X3N0YXR1c2RvY3VtZW50cGluZ19zdGF0dXNkb2N1bWVudHRlbXBsYXRlZG9jdW1lbnRtZXRhX2FjZl9jaGFuZ2VkZm9vdG5vdGVzX2VsZW1lbnRvcl9lZGl0X21vZGVfZWxlbWVudG9yX3RlbXBsYXRlX3R5cGVfZWxlbWVudG9yX2RhdGFfZWxlbWVudG9yX3BhZ2Vfc2V0dGluZ3Nkb2N1bWVudGZvbGRlcmRvY3VtZW50YmxvY2tzTGVnaWxhw6fDoy0gTnJhcyAtIE9mw61pcwUHCAQIBggFAgEEAgNBAANBAAgHCAcIBggOCA4IC0gBBAwJFBgPGAgGCAZEAAMBCEEACQEDAAABBwAFAQRCAQEAAkENASUAfQF3EzIwMjYtMDQtMjNUMTQ6MzQ6MDF3CmF1dG8tZHJhZnR9BH0AdwZjbG9zZWR3BmNsb3NlZHcAeXcAdwB3AHcAfnUBfTUB+MqRkAUEBAEBAwICAgI=\",\"updateId\":214593181}","footnotes":""},"folder":[53],"class_list":["post-1795","page","type-page","status-publish","hentry"],"acf":[],"_links":{"self":[{"href":"https:\/\/www.ufmg.br\/drca\/wp-json\/wp\/v2\/pages\/1795","targetHints":{"allow":["GET"]}}],"collection":[{"href":"https:\/\/www.ufmg.br\/drca\/wp-json\/wp\/v2\/pages"}],"about":[{"href":"https:\/\/www.ufmg.br\/drca\/wp-json\/wp\/v2\/types\/page"}],"author":[{"embeddable":true,"href":"https:\/\/www.ufmg.br\/drca\/wp-json\/wp\/v2\/users\/4"}],"replies":[{"embeddable":true,"href":"https:\/\/www.ufmg.br\/drca\/wp-json\/wp\/v2\/comments?post=1795"}],"version-history":[{"count":10,"href":"https:\/\/www.ufmg.br\/drca\/wp-json\/wp\/v2\/pages\/1795\/revisions"}],"predecessor-version":[{"id":1818,"href":"https:\/\/www.ufmg.br\/drca\/wp-json\/wp\/v2\/pages\/1795\/revisions\/1818"}],"wp:attachment":[{"href":"https:\/\/www.ufmg.br\/drca\/wp-json\/wp\/v2\/media?parent=1795"}],"wp:term":[{"taxonomy":"folder","embeddable":true,"href":"https:\/\/www.ufmg.br\/drca\/wp-json\/wp\/v2\/folder?post=1795"}],"curies":[{"name":"wp","href":"https:\/\/api.w.org\/{rel}","templated":true}]}}