{"id":1827,"date":"2026-04-23T14:58:41","date_gmt":"2026-04-23T17:58:41","guid":{"rendered":"https:\/\/www.ufmg.br\/drca\/?page_id=1827"},"modified":"2026-04-29T13:40:42","modified_gmt":"2026-04-29T16:40:42","slug":"matricula-de-calouros","status":"publish","type":"page","link":"https:\/\/www.ufmg.br\/drca\/matricula-de-calouros\/","title":{"rendered":"MATR\u00cdCULA DE CALOUROS"},"content":{"rendered":"\t\t<div data-elementor-type=\"wp-page\" data-elementor-id=\"1827\" class=\"elementor elementor-1827\">\n\t\t\t\t<div class=\"elementor-element elementor-element-6e672c4 e-flex e-con-boxed e-con e-parent\" data-id=\"6e672c4\" data-element_type=\"container\" data-e-type=\"container\">\n\t\t\t\t\t<div class=\"e-con-inner\">\n\t\t\t\t<div class=\"elementor-element elementor-element-cfa9cfe elementor-widget elementor-widget-heading\" data-id=\"cfa9cfe\" data-element_type=\"widget\" data-e-type=\"widget\" data-widget_type=\"heading.default\">\n\t\t\t\t\t<h3 class=\"elementor-heading-title elementor-size-default\">Perguntas Frequentes<\/h3>\t\t\t\t<\/div>\n\t\t\t\t\t<\/div>\n\t\t\t\t<\/div>\n\t\t<div class=\"elementor-element elementor-element-7504878 e-flex e-con-boxed e-con e-parent\" data-id=\"7504878\" data-element_type=\"container\" data-e-type=\"container\">\n\t\t\t\t\t<div class=\"e-con-inner\">\n\t\t\t\t<div class=\"elementor-element elementor-element-372880d elementor-widget elementor-widget-text-editor\" data-id=\"372880d\" data-element_type=\"widget\" data-e-type=\"widget\" data-widget_type=\"text-editor.default\">\n\t\t\t\t\t\t\t\t\t<p><strong>1 \u2013 Meu registro foi confirmado, o que fazer agora?<\/strong><\/p><p>Ao receber a mensagem de que o registro foi confirmado e a matr\u00edcula efetivada nas atividades de primeiro per\u00edodo, realize o cadastro no Sistema Acad\u00eamico da UFMG (minhaUFMG) para emitir o comprovante de matr\u00edcula e visualizar o quadro de hor\u00e1rios das atividades a serem cursadas.<\/p><hr \/><p>\u00a0<\/p><p><strong>2 \u2013 Como fa\u00e7o para me cadastrar no Sistema Acad\u00eamico da UFMG (minhaUFMG) ?<\/strong><\/p><p>O acesso ao portal minhaUFMG \u00e9 realizado por meio do N\u00famero de Identifica\u00e7\u00e3o Pessoal (NIPs), dispon\u00edvel atrav\u00e9s do link <a href=\"https:\/\/sistemas.ufmg.br\/nips\/home.seam\" target=\"_blank\" rel=\"noopener\">https:\/\/sistemas.ufmg.br\/nips\/home.seam<\/a>.<\/p><p>Para efetuar o login, basta utilizar o n\u00famero de CPF e senha cadastrada durante a realiza\u00e7\u00e3o do registro on-line.<\/p><p>Em caso de esquecimento, \u00e9 poss\u00edvel utilizar o campo de recupera\u00e7\u00e3o de senha.<\/p><p><strong><u>Aten\u00e7\u00e3o<\/u>:<\/strong> D\u00favidas ou dificuldades no procedimento relacionado ao NIPs, entre em contato com o suporte atrav\u00e9s do e-mail: <a href=\"mailto:suporte@dti.ufmg.br\" target=\"_blank\" rel=\"noopener\">suporte@dti.ufmg.br<\/a>.<\/p><hr \/><p>\u00a0<\/p><p><strong>3 \u2013 Como fa\u00e7o para acessar minha matr\u00edcula?<\/strong><\/p><p>Acesse o portal minhaUFMG, atrav\u00e9s do link <a href=\"https:\/\/sistemas.ufmg.br\/idp\/login.jsp\" target=\"_blank\" rel=\"noopener\">https:\/\/sistemas.ufmg.br\/idp\/login.jsp<\/a>.<\/p><p>Em seguida, acesse: <em>Siga UFMG: acesso para alunos da gradua\u00e7\u00e3o &gt; Minhas Matr\u00edculas.<\/em><\/p><p><strong><u>Dica<\/u>:<\/strong> Utilize somente o Mozilla Firefox. O uso de outros navegadores poder\u00e1 acarretar mau funcionamento da plataforma.<\/p><div><hr \/><\/div><div>\u00a0<\/div><div>\u00a0<\/div><div><strong>4\u2013<strong>Como fa\u00e7o para emitir meu do comprovante de matr\u00edcula?<\/strong><\/strong><\/div><div><p>\u00a0<\/p><p>Acesse o portal minhaUFMG, atrav\u00e9s do link <a href=\"https:\/\/sistemas.ufmg.br\/idp\/login.jsp\" target=\"_blank\" rel=\"noopener\">https:\/\/sistemas.ufmg.br\/idp\/login.jsp<\/a>.<\/p><p>Em seguida, acesse: <em>Siga UFMG: acesso para alunos da gradua\u00e7\u00e3o &gt; Meus Documentos Autentic\u00e1veis &gt; Criar novo documento autentic\u00e1vel&#8230; &gt; Tipo de documento: Comprovante de matr\u00edcula &gt; Continuar.<\/em><\/p><p>Feito isso, o comprovante de matr\u00edcula ser\u00e1 gerado, podendo ser emitido ao acionar o comando \u201cBaixar documento anexado\u201d, simbolizado por uma seta azul, ao final da linha.<\/p><hr \/><\/div><p>\u00a0<\/p><p><strong>5 \u2013 Meu registro foi confirmado com pend\u00eancia, o que fazer?<\/strong><\/p><p>Visualize a pend\u00eancia de entrega de documentos acessando o portal MinhaUFMG &gt; <em>Siga UFMG: acesso para alunos da gradua\u00e7\u00e3o &gt; Meus dados de registro.<\/em><\/p><p>Providencie o(s) documento(s) pendente(s) e envie anexo para o e-mail <a href=\"mailto:documentosregistro@drca.ufmg.br\" target=\"_blank\" rel=\"noopener\">documentosregistro@drca.ufmg.br<\/a>, no formato PDF (tamanho m\u00e1ximo 2 MB). N\u00e3o ser\u00e1 aceito arquivo de documentos em outro formato.<\/p><p>Adicionalmente, no corpo do e-mail, informe o nome completo (sem abrevia\u00e7\u00f5es), n\u00famero de matr\u00edcula e CPF.<\/p><hr \/><p>\u00a0<\/p><p><strong>6 \u2013 <\/strong><strong>Depois que eu enviar os documentos pendentes, qual o prazo para atualizar o meu registro no sistema?<\/strong><\/p><p>O prazo para an\u00e1lise e retorno ser\u00e1 de at\u00e9 20 dias antes da data da 1\u00aa fase de matr\u00edcula on-line subsequente, estabelecida no calend\u00e1rio escolar UFMG, dispon\u00edvel no endere\u00e7o eletr\u00f4nico <a href=\"https:\/\/www.ufmg.br\/a-universidade\/calendario-escolar\/\" target=\"_blank\" rel=\"noopener\">https:\/\/www.ufmg.br\/a-universidade\/calendario-escolar\/<\/a>.<\/p><p>Finalizado o prazo de an\u00e1lise, caso a situa\u00e7\u00e3o de pend\u00eancia no SiGA (Meus dados de registro) ainda n\u00e3o tenha sido atualizada, poder\u00e1 ser enviado um segundo e-mail para consulta. Aguarde o prazo e evite o envio v\u00e1rios e-mails, pois isso pode atrasar a resposta inicial, aumentar o tempo de espera ou fazer com que a mensagem seja classificada como spam.<\/p><hr \/><p>\u00a0<\/p><p><strong>7 \u2013 <\/strong><strong>Se eu n\u00e3o entregar os documentos pendentes, o que pode acontecer?<\/strong><\/p><p>A pend\u00eancia de entrega de documento(s) gera uma inconsist\u00eancia no sistema acad\u00eamico que bloqueia o envio de requerimento para matr\u00edcula on-line e acerto manual.<\/p><p>Conforme o inciso V do art. 87 das Normas Gerais da Gradua\u00e7\u00e3o, ser\u00e1 desligado, com a extin\u00e7\u00e3o do v\u00ednculo com a UFMG, o(a) estudante que n\u00e3o efetivar matr\u00edcula no prazo definido em um per\u00edodo letivo para o qual n\u00e3o tenha obtido trancamento total de matr\u00edcula.<\/p><p>Nesse contexto, dentro do prazo estipulado, verifique e regularize a pend\u00eancia de entrega de documentos.<\/p><hr \/><p>\u00a0<\/p><p><strong>8 \u2013 <\/strong><strong>Como solicitar a dispensa e trancamento de atividades?<\/strong><\/p><p>Para\u00a0solicitar dispensa e\u00a0trancamento de atividades acad\u00eamicas curriculares, entre em contato com o Colegiado do seu curso: <a href=\"https:\/\/www.ufmg.br\/viverufmg\/vida-academica\/colegiados\/\" target=\"_blank\" rel=\"noopener\">\u00a0https:\/\/www.ufmg.br\/viverufmg\/vida-academica\/colegiados\/<\/a>.<\/p><hr \/><p>\u00a0<\/p><p><strong>9 \u2013 <\/strong><strong>A UFMG disponibiliza algum guia referente \u00e0s normas, espa\u00e7os, a\u00e7\u00f5es afirmativas e o cotidiano da universidade?<\/strong><\/p><p>Sim! Acesse e leia atentamente todo o\u00a0<strong>Guia Acad\u00eamico <\/strong>dispon\u00edvel em:\u00a0<a href=\"https:\/\/www.ufmg.br\/viverufmg\/\" target=\"_blank\" rel=\"noopener\">https:\/\/www.ufmg.br\/viverufmg\/<\/a>.<\/p><p>D\u00ea aten\u00e7\u00e3o especial para a aba\u00a0\u201cPrimeiros Passos\u201d, que cont\u00e9m informa\u00e7\u00f5es sobre o\u00a0acesso aos sistemas da UFMG\u00a0e \u00e0\u00a0emiss\u00e3o da <strong>carteirinha <\/strong><strong>de identifica\u00e7\u00e3o estudantil<\/strong>. Com a qual poder\u00e1 se ter acesso a alguns <a href=\"https:\/\/www.ufmg.br\/a-universidade\/estrutura-organizacional\/unidades-de-ensino-pesquisa-e-extensao\/\" target=\"_blank\" rel=\"noopener\">pr\u00e9dios<\/a> do campi e diversos servi\u00e7os na Universidade, como <a href=\"https:\/\/www.bu.ufmg.br\" target=\"_blank\" rel=\"noopener\">bibliotecas<\/a>, <a href=\"https:\/\/fump.ufmg.br\/programa-de-alimentacao\/\" target=\"_blank\" rel=\"noopener\">restaurantes universit\u00e1rios<\/a>, <a href=\"https:\/\/www.ufmg.br\/ceu\/app\/site\/home\" target=\"_blank\" rel=\"noopener\">Centro Esportivo Universit\u00e1rio (CEU)<\/a>.<\/p>\t\t\t\t\t\t\t\t<\/div>\n\t\t\t\t\t<\/div>\n\t\t\t\t<\/div>\n\t\t\t\t<\/div>\n\t\t","protected":false},"excerpt":{"rendered":"<p>Perguntas Frequentes 1 \u2013 Meu registro foi confirmado, o que fazer agora? Ao receber a mensagem de que o registro foi confirmado e a matr\u00edcula efetivada nas atividades de primeiro per\u00edodo, realize o cadastro no Sistema Acad\u00eamico da UFMG (minhaUFMG) para emitir o comprovante de matr\u00edcula e visualizar o quadro de hor\u00e1rios das atividades a [&hellip;]<\/p>\n","protected":false},"author":4,"featured_media":0,"parent":0,"menu_order":0,"comment_status":"closed","ping_status":"closed","template":"","meta":{"_acf_changed":false,"_crdt_document":"{\"document\":\"AAAKopS6iBzj7MZeDAsCgAEDAMABNgEDUAEIHSgAqAMhASgAJwABACcBKAQnACgBIQIoAScARACEhwPgAnN0YXRldmVyc2lvbnN0YXRldmVyc2lvbmRvY3VtZW50ZGF0ZWRvY3VtZW50c3RhdHVzZG9jdW1lbnR0aXRsZWRvY3VtZW50Y29udGVudGRvY3VtZW50ZXhjZXJwdGRvY3VtZW50YXV0aG9yZG9jdW1lbnRmZWF0dXJlZF9tZWRpYWRvY3VtZW50Y29tbWVudF9zdGF0dXNkb2N1bWVudHBpbmdfc3RhdHVzZG9jdW1lbnR0ZW1wbGF0ZWRvY3VtZW50bWV0YV9hY2ZfY2hhbmdlZGZvb3Rub3Rlc19lbGVtZW50b3JfZWRpdF9tb2RlX2VsZW1lbnRvcl90ZW1wbGF0ZV90eXBlX2VsZW1lbnRvcl9kYXRhX2VsZW1lbnRvcl9wYWdlX3NldHRpbmdzZG9jdW1lbnRmb2xkZXJkb2N1bWVudGJsb2Nrc01BVFLDjUNVTEEgREUgQ0FMT1VST1MFBwUHCAQIBggFCAcIBwgGCA4IDggLSAEEDAkUGA8YCAYIBgEUCQEEAAABBwAFAQRCAQEABUEGE0EKAgUAfQF3EzIwMjYtMDQtMjNUMTQ6NTg6NDF3B2J1aWxkZXJ3B3dwLXBhZ2V3AltdFwB3CmF1dG8tZHJhZnR9BH0AdwZjbG9zZWR3BmNsb3NlZHcAeXcAfnUBfTMBo7ajLwMAAQISCgI=\",\"updateId\":778629644}","footnotes":""},"folder":[51],"class_list":["post-1827","page","type-page","status-publish","hentry"],"acf":[],"_links":{"self":[{"href":"https:\/\/www.ufmg.br\/drca\/wp-json\/wp\/v2\/pages\/1827","targetHints":{"allow":["GET"]}}],"collection":[{"href":"https:\/\/www.ufmg.br\/drca\/wp-json\/wp\/v2\/pages"}],"about":[{"href":"https:\/\/www.ufmg.br\/drca\/wp-json\/wp\/v2\/types\/page"}],"author":[{"embeddable":true,"href":"https:\/\/www.ufmg.br\/drca\/wp-json\/wp\/v2\/users\/4"}],"replies":[{"embeddable":true,"href":"https:\/\/www.ufmg.br\/drca\/wp-json\/wp\/v2\/comments?post=1827"}],"version-history":[{"count":20,"href":"https:\/\/www.ufmg.br\/drca\/wp-json\/wp\/v2\/pages\/1827\/revisions"}],"predecessor-version":[{"id":1910,"href":"https:\/\/www.ufmg.br\/drca\/wp-json\/wp\/v2\/pages\/1827\/revisions\/1910"}],"wp:attachment":[{"href":"https:\/\/www.ufmg.br\/drca\/wp-json\/wp\/v2\/media?parent=1827"}],"wp:term":[{"taxonomy":"folder","embeddable":true,"href":"https:\/\/www.ufmg.br\/drca\/wp-json\/wp\/v2\/folder?post=1827"}],"curies":[{"name":"wp","href":"https:\/\/api.w.org\/{rel}","templated":true}]}}