{"id":193,"date":"2026-01-28T11:09:22","date_gmt":"2026-01-28T14:09:22","guid":{"rendered":"https:\/\/www.ufmg.br\/drca\/?page_id=193"},"modified":"2026-05-07T12:48:56","modified_gmt":"2026-05-07T15:48:56","slug":"apresentacao-2","status":"publish","type":"page","link":"https:\/\/www.ufmg.br\/drca\/apresentacao-2\/","title":{"rendered":"Apresenta\u00e7\u00e3o"},"content":{"rendered":"\n<p class=\"wp-block-paragraph\">O Departamento de Registro e Controle Acad\u00eamico \u2013 DRCA \u00e9 um \u00f3rg\u00e3o auxiliar da Reitoria e est\u00e1 subordinado a Vice-Reitora.<\/p>\n\n\n\n<p class=\"wp-block-paragraph\">Sua atividade primordial \u00e9 cuidar para que os registros e os controles acad\u00eamicos sejam realizados de maneira correta, de acordo com a legisla\u00e7\u00e3o educacional e as normas internas da Institui\u00e7\u00e3o.<\/p>\n\n\n\n<p class=\"wp-block-paragraph\" style=\"text-align: justify;\">Os registros e controles acad\u00eamicos come\u00e7am no ingresso do estudante na Institui\u00e7\u00e3o e terminam com a expedi\u00e7\u00e3o do diploma. Entretanto, a manuten\u00e7\u00e3o dos registros \u00e9 permanente e n\u00e3o poder\u00e3o ser eliminados ou descartados.<p style=\"text-align: justify;\">\n\n\n\n<p class=\"wp-block-paragraph\" style=\"text-align: justify;\">\u00c9 extremamente importante que esses registros sejam realizados de modo a garantir, n\u00e3o s\u00f3 o cumprimento da legisla\u00e7\u00e3o educacional, mas tamb\u00e9m gerando informa\u00e7\u00f5es de qualidade e integridade para a institui\u00e7\u00e3o e para os estudantes.<p style=\"text-align: justify;\">\n\n\n\n<p class=\"wp-block-paragraph\" style=\"text-align: justify;\">O arquivamento de documentos gerados&nbsp; ou os registros dos atos acad\u00eamicos nos sistemas acad\u00eamicos, devem ser de responsabilidade de equipe espec\u00edfica, especialmente treinada para esse fim e&nbsp; capaz de manter a integridade dos dados.<p style=\"text-align: justify;\">\n","protected":false},"excerpt":{"rendered":"<p>O Departamento de Registro e Controle Acad\u00eamico \u2013 DRCA \u00e9 um \u00f3rg\u00e3o auxiliar da Reitoria e est\u00e1 subordinado a Vice-Reitora. Sua atividade primordial \u00e9 cuidar para que os registros e os controles acad\u00eamicos sejam realizados de maneira correta, de acordo com a legisla\u00e7\u00e3o educacional e as normas internas da Institui\u00e7\u00e3o. Os registros e controles acad\u00eamicos [&hellip;]<\/p>\n","protected":false},"author":4,"featured_media":0,"parent":0,"menu_order":0,"comment_status":"closed","ping_status":"closed","template":"","meta":{"_acf_changed":false,"_crdt_document":"{\"document\":\"AAA\/sOml0hGgvrSyCq74huwNrOnXwQrgvrSyCgis6dfBCuC+tLIKAazp18EK4L60sgpduKionQWUjJko4L60sgoAc4hT2iECmBq8BNAbAkzcNbAF7AWwBaIJikMC6FIaMDqYAwIYBAI6pAE6iAYCOrogAQMQAgEDDAKWAwIY8gNMAIYEAQMMAkJMAJgGAQMMAkJMAIoHAQMMAkJMAJ4HAQMMAogBDLAEDNIGTNIZiCEC5lKqUgINiky8BNobAOwvAASiCZsBKACoACEBqAHEAagBwQDEAMEAxAKoASEAKAAhACgAJwAEACcABACBAIQAgQCEAoEAhACBAIQBgQCEACcAKAQnACgBIQAoAycABwAhAygAJwEEAIQCKAAnAIcAIQMoACcBBAAoACcAhwAoBCcBBAAoACcAhwAoBCcBBAAoACcAhwAoBCcBBACBAIQAgQCEACgAJwAhAagAoQIhAaG+G8Aac3RhdGV2ZXJzaW9uc3RhdGV2ZXJzaW9uc3RhdGV2ZXJzaW9uwqDCoGFhLy9zdGF0ZXZlcnNpb25kb2N1bWVudGRhdGVkb2N1bWVudHNsdWdkb2N1bWVudHN0YXR1c2RvY3VtZW50dGl0bGVBcHJlc2VudGHDp8Ojb2RvY3VtZW50Y29udGVudDwhLS0gd3A6cGFyYWdyYXBoIC0tPgo8cD5PIERlcGFydGFtZW50byBkZSBSZWdpc3RybyBlIENvbnRyb2xlIEFjYWTDqm1pY28g4oCTIERSQ0Egw6kgdW0gw7NyZ8OjbyBhdXhpbGlhciBkYSBSZWl0b3JpYSBlIGVzdMOhIHN1Ym9yZGluYWRvIGEgVmljZS1SZWl0b3IuPHA+CjwhLS0gL3dwOnBhcmFncmFwaCAtLT4KCjwhLS0gd3A6cGFyYWdyYXBoIC0tPgo8cD5TdWEgYXRpdmlkYWRlIHByaW1vcmRpYWwgw6kgY3VpZGFyIHBhcmEgcXVlIG9zIHJlZ2lzdHJvcyBlIG9zIGNvbnRyb2xlcyBhY2Fkw6ptaWNvcyBzZWphbSByZWFsaXphZG9zIGRlIG1hbmVpcmEgY29ycmV0YSwgZGUgYWNvcmRvIGNvbSBhIGxlZ2lzbGHDp8OjbyBlZHVjYWNpb25hbCBlIGFzIG5vcm1hcyBpbnRlcm5hcyBkYSBJbnN0aXR1acOnw6NvLjxwPgo8IS0tIC93cDpwYXJhZ3JhcGggLS0+Cgo8IS0tIHdwOnBhcmFncmFwaCAtLT4KPHAgc3R5bGU9InRleHQtYWxpZ246IGp1c3RpZnk7Ij5PcyByZWdpc3Ryb3MgZSBjb250cm9sZXMgYWNhZMOqbWljb3MgY29tZcOnYW0gbm8gaW5ncmVzc28gZG8gZXN0dWRhbnRlIG5hIEluc3RpdHVpw6fDo28gZSB0ZXJtaW5hbSBjb20gYSBleHBlZGnDp8OjbyBkbyBkaXBsb21hLiBFbnRyZXRhbnRvLCBhIG1hbnV0ZW7Dp8OjbyBkb3MgcmVnaXN0cm9zIMOpIHBlcm1hbmVudGUgZSBuw6NvIHBvZGVyw6NvIHNlciBlbGltaW5hZG9zIG91IGRlc2NhcnRhZG9zLjxwIHN0eWxlPSJ0ZXh0LWFsaWduOiBqdXN0aWZ5OyI+CjwhLS0gL3dwOnBhcmFncmFwaCAtLT4KCjwhLS0gd3A6cGFyYWdyYXBoIC0tPgo8cCBzdHlsZT0idGV4dC1hbGlnbjoganVzdGlmeTsiPsOJIGV4dHJlbWFtZW50ZSBpbXBvcnRhbnRlIHF1ZSBlc3NlcyByZWdpc3Ryb3Mgc2VqYW0gcmVhbGl6YWRvcyBkZSBtb2RvIGEgZ2FyYW50aXIsIG7Do28gc8OzIG8gY3VtcHJpbWVudG8gZGEgbGVnaXNsYcOnw6NvIGVkdWNhY2lvbmFsLCBtYXMgdGFtYsOpbSBnZXJhbmRvIGluZm9ybWHDp8O1ZXMgZGUgcXVhbGlkYWRlIGUgaW50ZWdyaWRhZGUgcGFyYSBhIGluc3RpdHVpw6fDo28gZSBwYXJhIG9zIGVzdHVkYW50ZXMuPHAgc3R5bGU9InRleHQtYWxpZ246IGp1c3RpZnk7Ij4KPCEtLSAvd3A6cGFyYWdyYXBoIC0tPgoKPCEtLSB3cDpwYXJhZ3JhcGggLS0+CjxwIHN0eWxlPSJ0ZXh0LWFsaWduOiBqdXN0aWZ5OyI+TyBhcnF1aXZhbWVudG8gZGUgZG9jdW1lbnRvcyBnZXJhZG9zJm5ic3A7IG91IG9zIHJlZ2lzdHJvcyBkb3MgYXRvcyBhY2Fkw6ptaWNvcyBub3Mgc2lzdGVtYXMgYWNhZMOqbWljb3MsIGRldmVtIHNlciBkZSByZXNwb25zYWJpbGlkYWRlIGRlIGVxdWlwZSBlc3BlY8OtZmljYSwgZXNwZWNpYWxtZW50ZSB0cmVpbmFkYSBwYXJhIGVzc2UgZmltIGUmbmJzcDsgY2FwYXogZGUgbWFudGVyIGEgaW50ZWdyaWRhZGUgZG9zIGRhZG9zLjxwIHN0eWxlPSJ0ZXh0LWFsaWduOiBqdXN0aWZ5OyI+CjwhLS0gL3dwOnBhcmFncmFwaCAtLT5kb2N1bWVudGV4Y2VycHRkb2N1bWVudGF1dGhvcmRvY3VtZW50ZmVhdHVyZWRfbWVkaWFkb2N1bWVudGNvbW1lbnRfc3RhdHVzZG9jdW1lbnRwaW5nX3N0YXR1c2RvY3VtZW50dGVtcGxhdGVkb2N1bWVudG1ldGFfYWNmX2NoYW5nZWRmb290bm90ZXNfZWxlbWVudG9yX2VkaXRfbW9kZV9lbGVtZW50b3JfdGVtcGxhdGVfdHlwZV9lbGVtZW50b3JfZGF0YV9lbGVtZW50b3JfcGFnZV9zZXR0aW5nc2RvY3VtZW50Zm9sZGVyZG9jdW1lbnRibG9ja3NjbGllbnRJZGlzVmFsaWRvcmlnaW5hbENvbnRlbnRfX3Vuc3RhYmxlQmxvY2tTb3VyY2VuYW1lYXR0cmlidXRlc2NvbnRlbnRPIERlcGFydGFtZW50byBkZSBSZWdpc3RybyBlIENvbnRyb2xlIEFjYWTDqm1pY28g4oCTIERSQ0Egw6kgdW0gw7NyZ8OjbyBhdXhpbGlhciBkYSBSZWl0b3JpYSBlIGVzdMOhIHN1Ym9yZGluYWRvIGFvIFZpY2UtUmVpdG9yLmRyb3BDYXBpbm5lckJsb2Nrc2NsaWVudElkaXNWYWxpZG9yaWdpbmFsQ29udGVudF9fdW5zdGFibGVCbG9ja1NvdXJjZW5hbWVhdHRyaWJ1dGVzY29udGVudFN1YSBhdGl2aWRhZGUgcHJpbW9yZGlhbCDDqSBjdWlkYXIgcGFyYSBxdWUgb3MgcmVnaXN0cm9zIGUgb3MgY29udHJvbGVzIGFjYWTDqm1pY29zIHNlamFtIHJlYWxpemFkb3MgZGUgbWFuZWlyYSBjb3JyZXRhLCBkZSBhY29yZG8gY29tIGEgbGVnaXNsYcOnw6NvIGVkdWNhY2lvbmFsIGUgYXMgbm9ybWFzIGludGVybmFzIGRhIEluc3RpdHVpw6fDo28uZHJvcENhcGlubmVyQmxvY2tzY2xpZW50SWRpc1ZhbGlkb3JpZ2luYWxDb250ZW50X191bnN0YWJsZUJsb2NrU291cmNlbmFtZWF0dHJpYnV0ZXNjb250ZW50T3MgcmVnaXN0cm9zIGUgY29udHJvbGVzIGFjYWTDqm1pY29zIGNvbWXDp2FtIG5vIGluZ3Jlc3NvIGRvIGVzdHVkYW50ZSBuYSBJbnN0aXR1acOnw6NvIGUgdGVybWluYW0gY29tIGEgZXhwZWRpw6fDo28gZG8gZGlwbG9tYS4gRW50cmV0YW50bywgYSBtYW51dGVuw6fDo28gZG9zIHJlZ2lzdHJvcyDDqSBwZXJtYW5lbnRlIGUgbsOjbyBwb2RlcsOjbyBzZXIgZWxpbWluYWRvcyBvdSBkZXNjYXJ0YWRvcy5kcm9wQ2FwaW5uZXJCbG9ja3NjbGllbnRJZGlzVmFsaWRvcmlnaW5hbENvbnRlbnRfX3Vuc3RhYmxlQmxvY2tTb3VyY2VuYW1lYXR0cmlidXRlc2NvbnRlbnTDiSBleHRyZW1hbWVudGUgaW1wb3J0YW50ZSBxdWUgZXNzZXMgcmVnaXN0cm9zIHNlamFtIHJlYWxpemFkb3MgZGUgbW9kbyBhIGdhcmFudGlyLCBuw6NvIHPDsyBvIGN1bXByaW1lbnRvIGRhIGxlZ2lzbGHDp8OjbyBlZHVjYWNpb25hbCwgbWFzIHRhbWLDqW0gZ2VyYW5kbyBpbmZvcm1hw6fDtWVzIGRlIHF1YWxpZGFkZSBlIGludGVncmlkYWRlIHBhcmEgYSBpbnN0aXR1acOnw6NvIGUgcGFyYSBvcyBlc3R1ZGFudGVzLmRyb3BDYXBpbm5lckJsb2Nrc2NsaWVudElkaXNWYWxpZG9yaWdpbmFsQ29udGVudF9fdW5zdGFibGVCbG9ja1NvdXJjZW5hbWVhdHRyaWJ1dGVzY29udGVudE8gYXJxdWl2YW1lbnRvIGRlIGRvY3VtZW50b3MgZ2VyYWRvcyBvdSBvcyByZWdpc3Ryb3MgZG9zIGF0b3MgYWNhZMOqbWljb3Mgbm9zIHNpc3RlbWFzIGFjYWTDqm1pY29zLCBkZXZlbSBzZXIgZGUgcmVzcG9uc2FiaWxpZGFkZSBkZSBlcXVpcGUgZXNwZWPDrWZpY2EsIGVzcGVjaWFsbWVudGUgdHJlaW5hZGEgcGFyYSBlc3NlIGZpbSBlIGNhcGF6IGRlIG1hbnRlciBhIGludGVncmlkYWRlIGRvcyBkYWRvcy5kcm9wQ2FwaW5uZXJCbG9ja3NzdGF0ZXNhdmVkQXRzdGF0ZXNhdmVkQnlzdGF0ZXZlcnNpb25zdGF0ZXZlcnNpb24FBwUHBQdBBAUHCAQIBAgGCAUMCAcYrAEMAgEyhAMBlhAIBwgGCA4IDggLSAEEDAkUGA8YCAYIBggHDxUECgerAQEMAQcLCAcPFQQKB4IDBwsIBw8VBAoHmwMHCwgHDxUECgelAwcLCAcPFQQKBySYAikHCwUHBQcFBwUHEQEHAAABAAAAAQYABQEBADIBGEIBAQBBAAIAQQACAEEAAgBBAAIAQQACAA9BDh0BXQFBJ0YAQQQMQQIGAgB9AXcOYXByZXNlbnRhY2FvLTIBAA8AdyRiN2I1N2M4Zi00OGVlLTRiZmUtYjViZi05MjEwNjFiOTkyNzZ4dyRkNmYzNjM3Yi04ZmNlLTRiZTctOWRlYi1kZDM5OTEwOGE0NDN4e0J54DHxXlAAfazp18EKaAB3EzIwMjYtMDEtMjhUMTE6MDk6MjJ3B3B1Ymxpc2h9BH0AdwZjbG9zZWR3BmNsb3NlZHcAeXcAdwd3cC1wYWdldwB+dQB3DmNvcmUvcGFyYWdyYXBoeXcOY29yZS9wYXJhZ3JhcGh5dyRhMzVjZWIzZS1iNWIzLTQyZGItYWJjYS0wMDI1ODllOTcyMDh5d6YCPHAgc3R5bGU9InRleHQtYWxpZ246IGp1c3RpZnk7Ij5PcyByZWdpc3Ryb3MgZSBjb250cm9sZXMgYWNhZMOqbWljb3MgY29tZcOnYW0gbm8gaW5ncmVzc28gZG8gZXN0dWRhbnRlIG5hIEluc3RpdHVpw6fDo28gZSB0ZXJtaW5hbSBjb20gYSBleHBlZGnDp8OjbyBkbyBkaXBsb21hLiBFbnRyZXRhbnRvLCBhIG1hbnV0ZW7Dp8OjbyBkb3MgcmVnaXN0cm9zIMOpIHBlcm1hbmVudGUgZSBuw6NvIHBvZGVyw6NvIHNlciBlbGltaW5hZG9zIG91IGRlc2NhcnRhZG9zLjxwIHN0eWxlPSJ0ZXh0LWFsaWduOiBqdXN0aWZ5OyI+dgUJYmxvY2tOYW1ldw5jb3JlL3BhcmFncmFwaAVhdHRyc3YAC2lubmVyQmxvY2tzdQAJaW5uZXJIVE1Md6gCCjxwIHN0eWxlPSJ0ZXh0LWFsaWduOiBqdXN0aWZ5OyI+T3MgcmVnaXN0cm9zIGUgY29udHJvbGVzIGFjYWTDqm1pY29zIGNvbWXDp2FtIG5vIGluZ3Jlc3NvIGRvIGVzdHVkYW50ZSBuYSBJbnN0aXR1acOnw6NvIGUgdGVybWluYW0gY29tIGEgZXhwZWRpw6fDo28gZG8gZGlwbG9tYS4gRW50cmV0YW50bywgYSBtYW51dGVuw6fDo28gZG9zIHJlZ2lzdHJvcyDDqSBwZXJtYW5lbnRlIGUgbsOjbyBwb2RlcsOjbyBzZXIgZWxpbWluYWRvcyBvdSBkZXNjYXJ0YWRvcy48cCBzdHlsZT0idGV4dC1hbGlnbjoganVzdGlmeTsiPgoMaW5uZXJDb250ZW50dQF3qAIKPHAgc3R5bGU9InRleHQtYWxpZ246IGp1c3RpZnk7Ij5PcyByZWdpc3Ryb3MgZSBjb250cm9sZXMgYWNhZMOqbWljb3MgY29tZcOnYW0gbm8gaW5ncmVzc28gZG8gZXN0dWRhbnRlIG5hIEluc3RpdHVpw6fDo28gZSB0ZXJtaW5hbSBjb20gYSBleHBlZGnDp8OjbyBkbyBkaXBsb21hLiBFbnRyZXRhbnRvLCBhIG1hbnV0ZW7Dp8OjbyBkb3MgcmVnaXN0cm9zIMOpIHBlcm1hbmVudGUgZSBuw6NvIHBvZGVyw6NvIHNlciBlbGltaW5hZG9zIG91IGRlc2NhcnRhZG9zLjxwIHN0eWxlPSJ0ZXh0LWFsaWduOiBqdXN0aWZ5OyI+CncOY29yZS9wYXJhZ3JhcGh5dyQ0MzI2NzcyNC1mYzQyLTQ1YjMtYmViNC0wYjE2YTZjMzUxZWN5d68CPHAgc3R5bGU9InRleHQtYWxpZ246IGp1c3RpZnk7Ij7DiSBleHRyZW1hbWVudGUgaW1wb3J0YW50ZSBxdWUgZXNzZXMgcmVnaXN0cm9zIHNlamFtIHJlYWxpemFkb3MgZGUgbW9kbyBhIGdhcmFudGlyLCBuw6NvIHPDsyBvIGN1bXByaW1lbnRvIGRhIGxlZ2lzbGHDp8OjbyBlZHVjYWNpb25hbCwgbWFzIHRhbWLDqW0gZ2VyYW5kbyBpbmZvcm1hw6fDtWVzIGRlIHF1YWxpZGFkZSBlIGludGVncmlkYWRlIHBhcmEgYSBpbnN0aXR1acOnw6NvIGUgcGFyYSBvcyBlc3R1ZGFudGVzLjxwIHN0eWxlPSJ0ZXh0LWFsaWduOiBqdXN0aWZ5OyI+dgUJYmxvY2tOYW1ldw5jb3JlL3BhcmFncmFwaAVhdHRyc3YAC2lubmVyQmxvY2tzdQAJaW5uZXJIVE1Md7ECCjxwIHN0eWxlPSJ0ZXh0LWFsaWduOiBqdXN0aWZ5OyI+w4kgZXh0cmVtYW1lbnRlIGltcG9ydGFudGUgcXVlIGVzc2VzIHJlZ2lzdHJvcyBzZWphbSByZWFsaXphZG9zIGRlIG1vZG8gYSBnYXJhbnRpciwgbsOjbyBzw7MgbyBjdW1wcmltZW50byBkYSBsZWdpc2xhw6fDo28gZWR1Y2FjaW9uYWwsIG1hcyB0YW1iw6ltIGdlcmFuZG8gaW5mb3JtYcOnw7VlcyBkZSBxdWFsaWRhZGUgZSBpbnRlZ3JpZGFkZSBwYXJhIGEgaW5zdGl0dWnDp8OjbyBlIHBhcmEgb3MgZXN0dWRhbnRlcy48cCBzdHlsZT0idGV4dC1hbGlnbjoganVzdGlmeTsiPgoMaW5uZXJDb250ZW50dQF3sQIKPHAgc3R5bGU9InRleHQtYWxpZ246IGp1c3RpZnk7Ij7DiSBleHRyZW1hbWVudGUgaW1wb3J0YW50ZSBxdWUgZXNzZXMgcmVnaXN0cm9zIHNlamFtIHJlYWxpemFkb3MgZGUgbW9kbyBhIGdhcmFudGlyLCBuw6NvIHPDsyBvIGN1bXByaW1lbnRvIGRhIGxlZ2lzbGHDp8OjbyBlZHVjYWNpb25hbCwgbWFzIHRhbWLDqW0gZ2VyYW5kbyBpbmZvcm1hw6fDtWVzIGRlIHF1YWxpZGFkZSBlIGludGVncmlkYWRlIHBhcmEgYSBpbnN0aXR1acOnw6NvIGUgcGFyYSBvcyBlc3R1ZGFudGVzLjxwIHN0eWxlPSJ0ZXh0LWFsaWduOiBqdXN0aWZ5OyI+CncOY29yZS9wYXJhZ3JhcGh5dyQzYTJlNGU1YS1lNjI5LTQ4YTctYmUxNi1jMDVkM2ExZWQ4NWV5d7QCPHAgc3R5bGU9InRleHQtYWxpZ246IGp1c3RpZnk7Ij5PIGFycXVpdmFtZW50byBkZSBkb2N1bWVudG9zIGdlcmFkb3MmbmJzcDsgb3Ugb3MgcmVnaXN0cm9zIGRvcyBhdG9zIGFjYWTDqm1pY29zIG5vcyBzaXN0ZW1hcyBhY2Fkw6ptaWNvcywgZGV2ZW0gc2VyIGRlIHJlc3BvbnNhYmlsaWRhZGUgZGUgZXF1aXBlIGVzcGVjw61maWNhLCBlc3BlY2lhbG1lbnRlIHRyZWluYWRhIHBhcmEgZXNzZSBmaW0gZSZuYnNwOyBjYXBheiBkZSBtYW50ZXIgYSBpbnRlZ3JpZGFkZSBkb3MgZGFkb3MuPHAgc3R5bGU9InRleHQtYWxpZ246IGp1c3RpZnk7Ij52BQlibG9ja05hbWV3DmNvcmUvcGFyYWdyYXBoBWF0dHJzdgALaW5uZXJCbG9ja3N1AAlpbm5lckhUTUx3tgIKPHAgc3R5bGU9InRleHQtYWxpZ246IGp1c3RpZnk7Ij5PIGFycXVpdmFtZW50byBkZSBkb2N1bWVudG9zIGdlcmFkb3MmbmJzcDsgb3Ugb3MgcmVnaXN0cm9zIGRvcyBhdG9zIGFjYWTDqm1pY29zIG5vcyBzaXN0ZW1hcyBhY2Fkw6ptaWNvcywgZGV2ZW0gc2VyIGRlIHJlc3BvbnNhYmlsaWRhZGUgZGUgZXF1aXBlIGVzcGVjw61maWNhLCBlc3BlY2lhbG1lbnRlIHRyZWluYWRhIHBhcmEgZXNzZSBmaW0gZSZuYnNwOyBjYXBheiBkZSBtYW50ZXIgYSBpbnRlZ3JpZGFkZSBkb3MgZGFkb3MuPHAgc3R5bGU9InRleHQtYWxpZ246IGp1c3RpZnk7Ij4KDGlubmVyQ29udGVudHUBd7YCCjxwIHN0eWxlPSJ0ZXh0LWFsaWduOiBqdXN0aWZ5OyI+TyBhcnF1aXZhbWVudG8gZGUgZG9jdW1lbnRvcyBnZXJhZG9zJm5ic3A7IG91IG9zIHJlZ2lzdHJvcyBkb3MgYXRvcyBhY2Fkw6ptaWNvcyBub3Mgc2lzdGVtYXMgYWNhZMOqbWljb3MsIGRldmVtIHNlciBkZSByZXNwb25zYWJpbGlkYWRlIGRlIGVxdWlwZSBlc3BlY8OtZmljYSwgZXNwZWNpYWxtZW50ZSB0cmVpbmFkYSBwYXJhIGVzc2UgZmltIGUmbmJzcDsgY2FwYXogZGUgbWFudGVyIGEgaW50ZWdyaWRhZGUgZG9zIGRhZG9zLjxwIHN0eWxlPSJ0ZXh0LWFsaWduOiBqdXN0aWZ5OyI+CncOY29yZS9wYXJhZ3JhcGh5dwABAAMABa68g\/YGAQAA7PTroAUDAAAGAAEAoJ+amQUPAAABACccbAAPHDIcxQEcnwgABgNuABADxwUFmAEFKwEBDbiU1M4CAQAAlMaMFAEAAg==\",\"updateId\":89908962}","footnotes":""},"folder":[],"class_list":["post-193","page","type-page","status-publish","hentry"],"acf":[],"_links":{"self":[{"href":"https:\/\/www.ufmg.br\/drca\/wp-json\/wp\/v2\/pages\/193","targetHints":{"allow":["GET"]}}],"collection":[{"href":"https:\/\/www.ufmg.br\/drca\/wp-json\/wp\/v2\/pages"}],"about":[{"href":"https:\/\/www.ufmg.br\/drca\/wp-json\/wp\/v2\/types\/page"}],"author":[{"embeddable":true,"href":"https:\/\/www.ufmg.br\/drca\/wp-json\/wp\/v2\/users\/4"}],"replies":[{"embeddable":true,"href":"https:\/\/www.ufmg.br\/drca\/wp-json\/wp\/v2\/comments?post=193"}],"version-history":[{"count":11,"href":"https:\/\/www.ufmg.br\/drca\/wp-json\/wp\/v2\/pages\/193\/revisions"}],"predecessor-version":[{"id":2000,"href":"https:\/\/www.ufmg.br\/drca\/wp-json\/wp\/v2\/pages\/193\/revisions\/2000"}],"wp:attachment":[{"href":"https:\/\/www.ufmg.br\/drca\/wp-json\/wp\/v2\/media?parent=193"}],"wp:term":[{"taxonomy":"folder","embeddable":true,"href":"https:\/\/www.ufmg.br\/drca\/wp-json\/wp\/v2\/folder?post=193"}],"curies":[{"name":"wp","href":"https:\/\/api.w.org\/{rel}","templated":true}]}}