{"id":228,"date":"2026-01-28T13:20:28","date_gmt":"2026-01-28T16:20:28","guid":{"rendered":"https:\/\/www.ufmg.br\/drca\/?page_id=228"},"modified":"2026-04-27T12:49:25","modified_gmt":"2026-04-27T15:49:25","slug":"educacao-basica-ebap","status":"publish","type":"page","link":"https:\/\/www.ufmg.br\/drca\/educacao-basica-ebap\/","title":{"rendered":"Educa\u00e7\u00e3o B\u00e1sica (EBAP)"},"content":{"rendered":"\t\t<div data-elementor-type=\"wp-page\" data-elementor-id=\"228\" class=\"elementor elementor-228\">\n\t\t\t\t<div class=\"elementor-element elementor-element-6d0ead0e e-flex e-con-boxed e-con e-parent\" data-id=\"6d0ead0e\" data-element_type=\"container\" data-e-type=\"container\">\n\t\t\t\t\t<div class=\"e-con-inner\">\n\t\t\t\t<div class=\"elementor-element elementor-element-5a2df67a elementor-widget elementor-widget-text-editor\" data-id=\"5a2df67a\" data-element_type=\"widget\" data-e-type=\"widget\" data-widget_type=\"text-editor.default\">\n\t\t\t\t\t\t\t\t\t\n<p class=\"wp-block-heading\"><a href=\"https:\/\/www.ufmg.br\/drca\/chamadas-7\/\"><strong>Centro Pedag\u00f3gico (CP) 1\u00ba ANO<\/strong><\/a><\/p>\n<p><a href=\"https:\/\/www.ufmg.br\/drca\/chamadas-8\/\">Centro pedag\u00e1ogico (CP) 4\u00ba E 7\u00ba ANO<\/a><\/p>\n<p class=\"wp-block-heading\"><a href=\"https:\/\/www.ufmg.br\/drca\/chamadas-6\/\"><strong>Col\u00e9gio T\u00e9cnico (Coltec)\u00a0 &#8211; Integral<\/strong><\/a><\/p>\n<p><\/p>\n<p class=\"wp-block-heading\"><a href=\"https:\/\/www.ufmg.br\/drca\/chamadas-3\/\"><strong>Col\u00e9gio T\u00e9cnico (Coltec) &#8211; Subsequente<\/strong><\/a><\/p>\n<p><\/p>\n<p class=\"wp-block-heading\"><a href=\"https:\/\/www.ufmg.br\/drca\/chamadas-2\/\"><strong>Teatro Universit\u00e1rio (TU)<\/strong><\/a><\/p>\n\n<p class=\"wp-block-paragraph\">\u00a0<\/p>\n\t\t\t\t\t\t\t\t<\/div>\n\t\t\t\t\t<\/div>\n\t\t\t\t<\/div>\n\t\t\t\t<\/div>\n\t\t","protected":false},"excerpt":{"rendered":"<p>Centro Pedag\u00f3gico (CP) 1\u00ba ANO Centro pedag\u00e1ogico (CP) 4\u00ba E 7\u00ba ANO Col\u00e9gio T\u00e9cnico (Coltec)\u00a0 &#8211; Integral Col\u00e9gio T\u00e9cnico (Coltec) &#8211; Subsequente Teatro Universit\u00e1rio (TU) \u00a0<\/p>\n","protected":false},"author":4,"featured_media":0,"parent":0,"menu_order":0,"comment_status":"closed","ping_status":"closed","template":"","meta":{"_acf_changed":false,"_crdt_document":"{\"document\":\"AAALyevb1x8vlrXsuRYjCC6oFwEDEAIBAwwATAAUAQMMAEwAFAEDDABMABQBAgoCQkoAPygDJwAEACcABAAnACgEJwAoBicABwAoBCcBKAAnAIcAKAQnASgAJwCHACgEJwEoACcAhwAoAycBBAAoACcAIYkMuwtzdGF0ZXZlcnNpb25kb2N1bWVudGRhdGVkb2N1bWVudHNsdWdkb2N1bWVudHN0YXR1c2RvY3VtZW50dGl0bGVFZHVjYcOnw6NvIELDoXNpY2EgKEVCQVApZG9jdW1lbnRjb250ZW50PCEtLSB3cDpoZWFkaW5nIHsibGV2ZWwiOjN9IC0tPgo8cD48YSBocmVmPSJodHRwczovL3d3dy51Zm1nLmJyL2RyY2EvY2hhbWFkYXMtNy8iPjxzdHJvbmc+Q2VudHJvIFBlZGFnw7NnaWNvIChDUCkgMcK6IEFOTzwvc3Ryb25nPjwvYT48L3A+CjxwPjxhIGhyZWY9Imh0dHBzOi8vd3d3LnVmbWcuYnIvZHJjYS9jaGFtYWRhcy04LyI+Q2VudHJvIHBlZGFnw6FvZ2ljbyAoQ1ApIDTCuiBFIDfCuiBBTk88L2E+PC9wPgo8cD48YSBocmVmPSJodHRwczovL3d3dy51Zm1nLmJyL2RyY2EvY2hhbWFkYXMtNi8iPjxzdHJvbmc+Q29sw6lnaW8gVMOpY25pY28gKENvbHRlYynCoCAtIEludGVncmFsPC9zdHJvbmc+PC9hPjwvcD4KPHA+PCEtLSAvd3A6aGVhZGluZyAtLT48IS0tIHdwOmhlYWRpbmcgeyJsZXZlbCI6M30gLS0+PC9wPgo8cD48YSBocmVmPSJodHRwczovL3d3dy51Zm1nLmJyL2RyY2EvY2hhbWFkYXMtMy8iPjxzdHJvbmc+Q29sw6lnaW8gVMOpY25pY28gKENvbHRlYykgLSBTdWJzZXF1ZW50ZTwvc3Ryb25nPjwvYT48L3A+CjxwPjwhLS0gL3dwOmhlYWRpbmcgLS0+PCEtLSB3cDpoZWFkaW5nIHsibGV2ZWwiOjN9IC0tPjwvcD4KPHA+PGEgaHJlZj0iaHR0cHM6Ly93d3cudWZtZy5ici9kcmNhL2NoYW1hZGFzLTIvIj48c3Ryb25nPlRlYXRybyBVbml2ZXJzaXTDoXJpbyAoVFUpPC9zdHJvbmc+PC9hPjwvcD4KPCEtLSAvd3A6aGVhZGluZyAtLT48IS0tIHdwOnBhcmFncmFwaCAtLT4KPHA+wqA8L3A+CjwhLS0gL3dwOnBhcmFncmFwaCAtLT5kb2N1bWVudGV4Y2VycHRkb2N1bWVudGF1dGhvcmRvY3VtZW50ZmVhdHVyZWRfbWVkaWFkb2N1bWVudGNvbW1lbnRfc3RhdHVzZG9jdW1lbnRwaW5nX3N0YXR1c2RvY3VtZW50dGVtcGxhdGVkb2N1bWVudG1ldGFfYWNmX2NoYW5nZWRmb290bm90ZXNfZWxlbWVudG9yX2VkaXRfbW9kZV9lbGVtZW50b3JfdGVtcGxhdGVfdHlwZV9lbGVtZW50b3JfZGF0YV9lbGVtZW50b3JfcGFnZV9zZXR0aW5nc2RvY3VtZW50Zm9sZGVyZG9jdW1lbnRibG9ja3NjbGllbnRJZGlzVmFsaWRvcmlnaW5hbENvbnRlbnRfX3Vuc3RhYmxlQmxvY2tTb3VyY2VuYW1lYXR0cmlidXRlc2NvbnRlbnRsZXZlbGlubmVyQmxvY2tzY2xpZW50SWRpc1ZhbGlkb3JpZ2luYWxDb250ZW50X191bnN0YWJsZUJsb2NrU291cmNlbmFtZWF0dHJpYnV0ZXNjb250ZW50bGV2ZWxpbm5lckJsb2Nrc2NsaWVudElkaXNWYWxpZG9yaWdpbmFsQ29udGVudF9fdW5zdGFibGVCbG9ja1NvdXJjZW5hbWVhdHRyaWJ1dGVzY29udGVudGxldmVsaW5uZXJCbG9ja3NjbGllbnRJZGlzVmFsaWRvcmlnaW5hbENvbnRlbnRuYW1lYXR0cmlidXRlc2NvbnRlbnQmbmJzcDtkcm9wQ2FwaW5uZXJCbG9ja3NzdGF0ZXZlcnNpb24FBwgECAQIBggFFggHrQsIBwgGCA4IDggLSAEEDAkUGA8YCAYIBggHDxUECgcFCwgHDxUECgcFCwgHDxUECgcFCwgHDwQKBwYHCwUHEQEEAAABAAAAAQYABQEBACQBFEIBAQBBAAIAQQACAEEAAgBBAAIAAkEmAj8AfQF3EzIwMjYtMDEtMjhUMTM6MjA6Mjh3FGVkdWNhY2FvLWJhc2ljYS1lYmFwdwdwdWJsaXNofQR9AHcGY2xvc2VkdwZjbG9zZWR3AHl3AHcHYnVpbGRlcncHd3AtcGFnZXeWCVt7ImlkIjoiNmQwZWFkMGUiLCJlbFR5cGUiOiJjb250YWluZXIiLCJzZXR0aW5ncyI6W10sImVsZW1lbnRzIjpbeyJpZCI6IjVhMmRmNjdhIiwiZWxUeXBlIjoid2lkZ2V0Iiwic2V0dGluZ3MiOnsiZWRpdG9yIjoiPCEtLSB3cDpoZWFkaW5nIHtcImxldmVsXCI6M30gLS0+XG48cCBjbGFzcz1cIndwLWJsb2NrLWhlYWRpbmdcIj48YSBocmVmPVwiaHR0cHM6XC9cL3d3dy51Zm1nLmJyXC9kcmNhXC9jaGFtYWRhcy03XC9cIj48c3Ryb25nPkNlbnRybyBQZWRhZ1x1MDBmM2dpY28gKENQKSAxXHUwMGJhIEFOTzxcL3N0cm9uZz48XC9hPjxcL3A+XG48cD48YSBocmVmPVwiaHR0cHM6XC9cL3d3dy51Zm1nLmJyXC9kcmNhXC9jaGFtYWRhcy04XC9cIj5DZW50cm8gcGVkYWdcdTAwZTFvZ2ljbyAoQ1ApIDRcdTAwYmEgRSA3XHUwMGJhIEFOTzxcL2E+PFwvcD5cbjxwIGNsYXNzPVwid3AtYmxvY2staGVhZGluZ1wiPjxhIGhyZWY9XCJodHRwczpcL1wvd3d3LnVmbWcuYnJcL2RyY2FcL2NoYW1hZGFzLTZcL1wiPjxzdHJvbmc+Q29sXHUwMGU5Z2lvIFRcdTAwZTljbmljbyAoQ29sdGVjKVx1MDBhMCAtIEludGVncmFsPFwvc3Ryb25nPjxcL2E+PFwvcD5cbjxwPjwhLS0gXC93cDpoZWFkaW5nIC0tPjwhLS0gd3A6aGVhZGluZyB7XCJsZXZlbFwiOjN9IC0tPjxcL3A+XG48cCBjbGFzcz1cIndwLWJsb2NrLWhlYWRpbmdcIj48YSBocmVmPVwiaHR0cHM6XC9cL3d3dy51Zm1nLmJyXC9kcmNhXC9jaGFtYWRhcy0zXC9cIj48c3Ryb25nPkNvbFx1MDBlOWdpbyBUXHUwMGU5Y25pY28gKENvbHRlYykgLSBTdWJzZXF1ZW50ZTxcL3N0cm9uZz48XC9hPjxcL3A+XG48cD48IS0tIFwvd3A6aGVhZGluZyAtLT48IS0tIHdwOmhlYWRpbmcge1wibGV2ZWxcIjozfSAtLT48XC9wPlxuPHAgY2xhc3M9XCJ3cC1ibG9jay1oZWFkaW5nXCI+PGEgaHJlZj1cImh0dHBzOlwvXC93d3cudWZtZy5iclwvZHJjYVwvY2hhbWFkYXMtMlwvXCI+PHN0cm9uZz5UZWF0cm8gVW5pdmVyc2l0XHUwMGUxcmlvIChUVSk8XC9zdHJvbmc+PFwvYT48XC9wPlxuPCEtLSBcL3dwOmhlYWRpbmcgLS0+PCEtLSB3cDpwYXJhZ3JhcGggLS0+XG48cD5cdTAwYTA8XC9wPlxuPCEtLSBcL3dwOnBhcmFncmFwaCAtLT4ifSwiZWxlbWVudHMiOltdLCJ3aWRnZXRUeXBlIjoidGV4dC1lZGl0b3IifV0sImlzSW5uZXIiOmZhbHNlfV1+dQB3JGJlNmY0NGNlLTZmMjEtNGFjMi05NzJiLTRmOTg1NWRkNThlZnl3wgI8cD48YSBocmVmPSJodHRwczovL3d3dy51Zm1nLmJyL2RyY2EvY2hhbWFkYXMtNy8iPjxzdHJvbmc+Q2VudHJvIFBlZGFnw7NnaWNvIChDUCkgMcK6IEFOTzwvc3Ryb25nPjwvYT48L3A+CjxwPjxhIGhyZWY9Imh0dHBzOi8vd3d3LnVmbWcuYnIvZHJjYS9jaGFtYWRhcy04LyI+Q2VudHJvIHBlZGFnw6FvZ2ljbyAoQ1ApIDTCuiBFIDfCuiBBTk88L2E+PC9wPgo8cD48YSBocmVmPSJodHRwczovL3d3dy51Zm1nLmJyL2RyY2EvY2hhbWFkYXMtNi8iPjxzdHJvbmc+Q29sw6lnaW8gVMOpY25pY28gKENvbHRlYynCoCAtIEludGVncmFsPC9zdHJvbmc+PC9hPjwvcD4KPHA+dgUJYmxvY2tOYW1ldwxjb3JlL2hlYWRpbmcFYXR0cnN2AQVsZXZlbH0DC2lubmVyQmxvY2tzdQAJaW5uZXJIVE1Md8MCCjxwPjxhIGhyZWY9Imh0dHBzOi8vd3d3LnVmbWcuYnIvZHJjYS9jaGFtYWRhcy03LyI+PHN0cm9uZz5DZW50cm8gUGVkYWfDs2dpY28gKENQKSAxwrogQU5PPC9zdHJvbmc+PC9hPjwvcD4KPHA+PGEgaHJlZj0iaHR0cHM6Ly93d3cudWZtZy5ici9kcmNhL2NoYW1hZGFzLTgvIj5DZW50cm8gcGVkYWfDoW9naWNvIChDUCkgNMK6IEUgN8K6IEFOTzwvYT48L3A+CjxwPjxhIGhyZWY9Imh0dHBzOi8vd3d3LnVmbWcuYnIvZHJjYS9jaGFtYWRhcy02LyI+PHN0cm9uZz5Db2zDqWdpbyBUw6ljbmljbyAoQ29sdGVjKcKgIC0gSW50ZWdyYWw8L3N0cm9uZz48L2E+PC9wPgo8cD4MaW5uZXJDb250ZW50dQF3wwIKPHA+PGEgaHJlZj0iaHR0cHM6Ly93d3cudWZtZy5ici9kcmNhL2NoYW1hZGFzLTcvIj48c3Ryb25nPkNlbnRybyBQZWRhZ8OzZ2ljbyAoQ1ApIDHCuiBBTk88L3N0cm9uZz48L2E+PC9wPgo8cD48YSBocmVmPSJodHRwczovL3d3dy51Zm1nLmJyL2RyY2EvY2hhbWFkYXMtOC8iPkNlbnRybyBwZWRhZ8Ohb2dpY28gKENQKSA0wrogRSA3wrogQU5PPC9hPjwvcD4KPHA+PGEgaHJlZj0iaHR0cHM6Ly93d3cudWZtZy5ici9kcmNhL2NoYW1hZGFzLTYvIj48c3Ryb25nPkNvbMOpZ2lvIFTDqWNuaWNvIChDb2x0ZWMpwqAgLSBJbnRlZ3JhbDwvc3Ryb25nPjwvYT48L3A+CjxwPncMY29yZS9oZWFkaW5nfQN3JDg1MDJjZTcxLWJlMWQtNDNmOC05MDdjLTBjZTZiYWQ3Yjg2M3l3fDwvcD4KPHA+PGEgaHJlZj0iaHR0cHM6Ly93d3cudWZtZy5ici9kcmNhL2NoYW1hZGFzLTMvIj48c3Ryb25nPkNvbMOpZ2lvIFTDqWNuaWNvIChDb2x0ZWMpIC0gU3Vic2VxdWVudGU8L3N0cm9uZz48L2E+PC9wPgo8cD52BQlibG9ja05hbWV3DGNvcmUvaGVhZGluZwVhdHRyc3YBBWxldmVsfQMLaW5uZXJCbG9ja3N1AAlpbm5lckhUTUx3fDwvcD4KPHA+PGEgaHJlZj0iaHR0cHM6Ly93d3cudWZtZy5ici9kcmNhL2NoYW1hZGFzLTMvIj48c3Ryb25nPkNvbMOpZ2lvIFTDqWNuaWNvIChDb2x0ZWMpIC0gU3Vic2VxdWVudGU8L3N0cm9uZz48L2E+PC9wPgo8cD4MaW5uZXJDb250ZW50dQF3fDwvcD4KPHA+PGEgaHJlZj0iaHR0cHM6Ly93d3cudWZtZy5ici9kcmNhL2NoYW1hZGFzLTMvIj48c3Ryb25nPkNvbMOpZ2lvIFTDqWNuaWNvIChDb2x0ZWMpIC0gU3Vic2VxdWVudGU8L3N0cm9uZz48L2E+PC9wPgo8cD53DGNvcmUvaGVhZGluZ30DdyRlMTE4NTNhOS01NjExLTQxNDctYmE1ZS1lNjEzNjVjZTdiNGF5d2o8L3A+CjxwPjxhIGhyZWY9Imh0dHBzOi8vd3d3LnVmbWcuYnIvZHJjYS9jaGFtYWRhcy0yLyI+PHN0cm9uZz5UZWF0cm8gVW5pdmVyc2l0w6FyaW8gKFRVKTwvc3Ryb25nPjwvYT48L3A+dgUJYmxvY2tOYW1ldwxjb3JlL2hlYWRpbmcFYXR0cnN2AQVsZXZlbH0DC2lubmVyQmxvY2tzdQAJaW5uZXJIVE1Md2s8L3A+CjxwPjxhIGhyZWY9Imh0dHBzOi8vd3d3LnVmbWcuYnIvZHJjYS9jaGFtYWRhcy0yLyI+PHN0cm9uZz5UZWF0cm8gVW5pdmVyc2l0w6FyaW8gKFRVKTwvc3Ryb25nPjwvYT48L3A+Cgxpbm5lckNvbnRlbnR1AXdrPC9wPgo8cD48YSBocmVmPSJodHRwczovL3d3dy51Zm1nLmJyL2RyY2EvY2hhbWFkYXMtMi8iPjxzdHJvbmc+VGVhdHJvIFVuaXZlcnNpdMOhcmlvIChUVSk8L3N0cm9uZz48L2E+PC9wPgp3DGNvcmUvaGVhZGluZ30DdyRiOGM4OGViYS1mY2ViLTRlMzktYWFjOC1iNTFjZmU1Mjk4MmR4dwk8cD7CoDwvcD53DmNvcmUvcGFyYWdyYXBoeQEAAdaa9pwLAQAA\",\"updateId\":181690537}","footnotes":""},"folder":[],"class_list":["post-228","page","type-page","status-publish","hentry"],"acf":[],"_links":{"self":[{"href":"https:\/\/www.ufmg.br\/drca\/wp-json\/wp\/v2\/pages\/228","targetHints":{"allow":["GET"]}}],"collection":[{"href":"https:\/\/www.ufmg.br\/drca\/wp-json\/wp\/v2\/pages"}],"about":[{"href":"https:\/\/www.ufmg.br\/drca\/wp-json\/wp\/v2\/types\/page"}],"author":[{"embeddable":true,"href":"https:\/\/www.ufmg.br\/drca\/wp-json\/wp\/v2\/users\/4"}],"replies":[{"embeddable":true,"href":"https:\/\/www.ufmg.br\/drca\/wp-json\/wp\/v2\/comments?post=228"}],"version-history":[{"count":25,"href":"https:\/\/www.ufmg.br\/drca\/wp-json\/wp\/v2\/pages\/228\/revisions"}],"predecessor-version":[{"id":1879,"href":"https:\/\/www.ufmg.br\/drca\/wp-json\/wp\/v2\/pages\/228\/revisions\/1879"}],"wp:attachment":[{"href":"https:\/\/www.ufmg.br\/drca\/wp-json\/wp\/v2\/media?parent=228"}],"wp:term":[{"taxonomy":"folder","embeddable":true,"href":"https:\/\/www.ufmg.br\/drca\/wp-json\/wp\/v2\/folder?post=228"}],"curies":[{"name":"wp","href":"https:\/\/api.w.org\/{rel}","templated":true}]}}