{"id":230,"date":"2026-01-28T13:20:41","date_gmt":"2026-01-28T16:20:41","guid":{"rendered":"https:\/\/www.ufmg.br\/drca\/?page_id=230"},"modified":"2026-05-07T12:51:04","modified_gmt":"2026-05-07T15:51:04","slug":"graduacao","status":"publish","type":"page","link":"https:\/\/www.ufmg.br\/drca\/graduacao\/","title":{"rendered":"Gradua\u00e7\u00e3o"},"content":{"rendered":"\t\t<div data-elementor-type=\"wp-page\" data-elementor-id=\"230\" class=\"elementor elementor-230\">\n\t\t\t\t<div class=\"elementor-element elementor-element-bcaee97 e-con-full e-flex e-con e-parent\" data-id=\"bcaee97\" data-element_type=\"container\" data-e-type=\"container\">\n\t\t\t\t<div class=\"elementor-element elementor-element-cfe83c0 elementor-widget__width-initial elementor-widget elementor-widget-text-editor\" data-id=\"cfe83c0\" data-element_type=\"widget\" data-e-type=\"widget\" data-widget_type=\"text-editor.default\">\n\t\t\t\t\t\t\t\t\t<p><a href=\"https:\/\/www.ufmg.br\/drca\/chamadas\/\"><strong>Acolhida Humanit\u00e1ria\/Refugiados\u00a0 &#8211; 2026<\/strong><\/a><\/p><p><a href=\"https:\/\/www.ufmg.br\/drca\/chamadas-11\/\"><strong>Concurso Vestibuar Habilidades &#8211; 2026<\/strong><\/a><\/p><p><a href=\"https:\/\/www.ufmg.br\/drca\/regulamentos-de-mudanca-de-turno-e-continuidade-de-estudos\/\">Continuidade de estudos\u00a0 e Mudan\u00e7a de Turno &#8211; 2026<\/a><\/p><p><a href=\"https:\/\/www.ufmg.br\/drca\/regulamento-de-disciplina-isolada\/\">Disciplina Isolada<\/a><\/p><p><a href=\"https:\/\/www.ufmg.br\/drca\/chamadas-12\/\"><strong>Forma\u00e7\u00e3o Intercultural de Educadores Ind\u00edgenas (FIEI) 2026<\/strong><\/a><\/p><p><strong>Letras\/Libras\u00a0 &#8211; 2026<\/strong><\/p><p><a href=\"https:\/\/www.ufmg.br\/drca\/chamadas-13\/\">Licenciatura em Educa\u00e7\u00e3o do Campo (LECAMPO) &#8211; 2026<\/a><\/p><p><a href=\"https:\/\/www.ufmg.br\/drca\/regulamentos-2\/\"><strong>Programa de Estudantes-Conv\u00eanio de Gradua\u00e7\u00e3o (PEC-G)\/<\/strong><strong>REGULAR &#8211; 2026<\/strong><\/a><\/p><p><a href=\"https:\/\/www.ufmg.br\/drca\/regulamentos\/\"><strong>Programa de Estudantes-Conv\u00eanio de Gradua\u00e7\u00e3o (PEC-G)\/ TRANSFER\u00caNCIA &#8211; 2026<\/strong><\/a><\/p><p><a href=\"https:\/\/www.ufmg.br\/drca\/regulamento\/\">Reop\u00e7\u00e3o de Curso &#8211; 2026<\/a><\/p><p><a href=\"https:\/\/www.ufmg.br\/drca\/chamadas-9\/\"><strong>Transfer\u00eancia e Obten\u00e7\u00e3o de Novo T\u00edtulo &#8211; 2026<\/strong><\/a><\/p><p><a href=\"https:\/\/www.ufmg.br\/drca\/transferencia-especial-2\/\">Transfer\u00eancia Especial<\/a><\/p><p><a href=\"https:\/\/www.ufmg.br\/drca\/chamadas-10\/\">Vagas Suplementares para Estudantes Ind\u00edgenas (VSPI)\u00a0&#8211; 2026<\/a><\/p>\t\t\t\t\t\t\t\t<\/div>\n\t\t\t\t<\/div>\n\t\t\t\t<\/div>\n\t\t","protected":false},"excerpt":{"rendered":"<p>Acolhida Humanit\u00e1ria\/Refugiados\u00a0 &#8211; 2026 Concurso Vestibuar Habilidades &#8211; 2026 Continuidade de estudos\u00a0 e Mudan\u00e7a de Turno &#8211; 2026 Disciplina Isolada Forma\u00e7\u00e3o Intercultural de Educadores Ind\u00edgenas (FIEI) 2026 Letras\/Libras\u00a0 &#8211; 2026 Licenciatura em Educa\u00e7\u00e3o do Campo (LECAMPO) &#8211; 2026 Programa de Estudantes-Conv\u00eanio de Gradua\u00e7\u00e3o (PEC-G)\/REGULAR &#8211; 2026 Programa de Estudantes-Conv\u00eanio de Gradua\u00e7\u00e3o (PEC-G)\/ TRANSFER\u00caNCIA &#8211; 2026 [&hellip;]<\/p>\n","protected":false},"author":4,"featured_media":0,"parent":0,"menu_order":0,"comment_status":"closed","ping_status":"closed","template":"","meta":{"_acf_changed":false,"_crdt_document":"{\"document\":\"AAAWzuv74RZKm8GZ\/QHO6\/vhFjy5u6uqAXcIFAIEmAMFAZoDBQGCAgUAAwCqAQUCugIFAYYEBQGSAwUBAwESugQFAZ4DhgEFAZwCBQGqAwUBtAIFAaQDBBABAxACAQIKSsIunAMIngMIhgIIAqwBCQC6AgiKBAiWAwiWBQiiA4YBCKACCK4DCLgCCKgDHgoEBisgnAMIngMIhgIIAqwBCQC6AgiKBAiWAwiWBQiiA4YBCKACCK4DCLgCCKgDnwEoAycABAAnAAQAgQCEAIEAhACBAIQAgQCEAIEAhACBAIQBgQCEAIEAhACBAIQBgQCEAIEAhACBAIQAgQCEAIEAhACBAIQAgQCEAIEAhACBAIQAgQCEAYEAhACBAIQAgQCEAIEAhACBAIQAgQCEAIEAhACBAIQAgQCEACcAKAQnACgDIQAoAScABwAhACgAIQAoACcAIQAnACEAxByoAyGeELcPc3RhdGV2ZXJzaW9uZG9jdW1lbnRkYXRlZG9jdW1lbnRzbHVnZG9jdW1lbnRzdGF0dXNkb2N1bWVudHRpdGxlR3JhZHVhw6fDo29kb2N1bWVudGNvbnRlbnQ8PjxhIGhyZWY9Imh0dHBzOi8vd3d3LnVmbWcuYnIvZHJjYS9jaGFtYWRhcy8iPjxzdHJvbmc+QWNvbGhpZGEgSHVtYW5pdMOhcmlhL1JlZnVnaWFkb3PCoCAtIDIwMjY8L3N0cm9uZz48L2E+PC8+PD48YSBocmVmPSJodHRwczovL3d3dy51Zm1nLmJyL2RyY2EvY2hhbWFkYXMtMTEvIj48c3Ryb25nPkNvbmN1cnNvIFZlc3RpYnVhciBIYWJpbGlkYWRlcyAtIDIwMjY8L3N0cm9uZz48L2E+PC8+PD48c3Ryb25nPkNvbmN1cnNvIExldHJhcyAtIExpYnJhcyBMaWNlbmNpYXR1cmHCoCAtIDIwMjY8L3N0cm9uZz48Lz48aD5Db250aW51aWRhZGUgZGUgZXN0dWRvc8KgIGUgTXVkYW7Dp2EgZGUgVHVybm8gLSAyMDI2PC8+PD48YSBocmVmPSJodHRwczovL3d3dy51Zm1nLmJyL2RyY2EvcmVndWxhbWVudG8tZGUtZGlzY2lwbGluYS1pc29sYWRhLyI+RGlzY2lwbGluYSBJc29sYWRhPC9hPjwvPjw+PGEgaHJlZj0iaHR0cHM6Ly93d3cudWZtZy5ici9kcmNhL2NoYW1hZGFzLTEyLyI+PHN0cm9uZz5Gb3JtYcOnw6NvIEludGVyY3VsYXR1cmFsIGRlIEVkdWNhZG9yZXMgSW5kw61nZW5hcyAoRklFSSkgMjAyNjwvc3Ryb25nPjwvYT48Lz48PjxhIGhyZWY9Imh0dHBzOi8vd3d3LnVmbWcuYnIvZHJjYS9jaGFtYWRhcy0xMy8iPkxpY2VuY2lhdHVyYSBlbSBFZHVjYcOnw6NvIGRvIENhbXBvIChMRUNBTVBPKSAtIDIwMjY8L2E+PC8+PD48YSBocmVmPSJodHRwczovL3d3dy51Zm1nLmJyL2RyY2EvcmVndWxhbWVudG9zLTIvIj48c3Ryb25nPlByb2dyYW1hIGRlIEVzdHVkYW50ZXMtQ29udsOqbmlvIGRlIEdyYWR1YcOnw6NvIChQRUMtRykvPC9zdHJvbmc+PHN0cm9uZz5SRUdVTEFSIC0gMjAyNjwvc3Ryb25nPjwvYT48Lz48PjxhIGhyZWY9Imh0dHBzOi8vd3d3LnVmbWcuYnIvZHJjYS9yZWd1bGFtZW50b3MvIj48c3Ryb25nPlByb2dyYW1hIGRlIEVzdHVkYW50ZXMtQ29udsOqbmlvIGRlIEdyYWR1YcOnw6NvIChQRUMtRykvVFJBTlNGRVLDik5DSUEgLSAyMDI2PC9zdHJvbmc+PC9hPjwvPjw+PGEgaHJlZj0iaHR0cHM6Ly93d3cudWZtZy5ici9kcmNhL3JlZ3VsYW1lbnRvLyI+UmVvcMOnw6NvIGRlIEN1cnNvIC0gMjAyNjwvYT48Lz48PjxhIGhyZWY9Imh0dHBzOi8vd3d3LnVmbWcuYnIvZHJjYS9jaGFtYWRhcy05LyI+PHN0cm9uZz5UcmFuc2ZlcsOqbmNpYSBlIE9idGVuw6fDo28gZGUgTm92byBUw610dWxvIC0gMjAyNjwvc3Ryb25nPjwvYT48Lz48PjxhIGhyZWY9Imh0dHBzOi8vd3d3LnVmbWcuYnIvZHJjYS90cmFuc2ZlcmVuY2lhLWVzcGVjaWFsLTIvIj5UcmFuc2ZlcsOqbmNpYSBFc3BlY2lhbDwvYT48Lz48PjxhIGhyZWY9Imh0dHBzOi8vd3d3LnVmbWcuYnIvZHJjYS9jaGFtYWRhcy0xMC8iPlZhZ2FzIFN1cGxlbWVudGFyZXMgcGFyYSBFc3R1ZGFudGVzIEluZMOtZ2VuYXMgKFZTUEkpwqAtIDIwMjY8L2E+PC8+ZG9jdW1lbnRleGNlcnB0ZG9jdW1lbnRhdXRob3Jkb2N1bWVudGZlYXR1cmVkX21lZGlhZG9jdW1lbnRjb21tZW50X3N0YXR1c2RvY3VtZW50cGluZ19zdGF0dXNkb2N1bWVudHRlbXBsYXRlZG9jdW1lbnRtZXRhX2FjZl9jaGFuZ2VkZm9vdG5vdGVzX2VsZW1lbnRvcl9lZGl0X21vZGVfZWxlbWVudG9yX3RlbXBsYXRlX3R5cGVfZWxlbWVudG9yX2RhdGFfZWxlbWVudG9yX3BhZ2Vfc2V0dGluZ3Nkb2N1bWVudGZvbGRlcmRvY3VtZW50YmxvY2tzY2xpZW50SWRpc1ZhbGlkb3JpZ2luYWxDb250ZW50bmFtZWF0dHJpYnV0ZXNjb250ZW50aW5uZXJCbG9ja3NzdGF0ZXZlcnNpb25wcHBwcHBwPjxhIHJlZj0iaHR0cHM6Ly93d3cudWZtZy5ici9kcmNhL3JlZ3VsYW1lbnRvcy1kZS1tdWRhbmNhLWRlLXR1cm5vLWUtY29udGludWlkYWRlLWRlLWVzdHVkb3MvImEvcHA+PHBwcHBwcHBwIHBwcHBwcHBwcHN0YXRldmVyc2lvbgUHCAQIBAgGCAUJCAcBrAECrQECgQECATVCAJ0BAoMCAqkBAkEAnQICrwEjAo4BArUBApoBArIBAQgHCAYIDggOCAtIAQQMCRQYDxgIBggGCAcPBAoHCwUHQQQFmgEBAgNBEAUHEQEEAAABAAAAAQYABQEBAAcBB0IBAQBBAAANQQJCBAFCBgEJQglBFQNaAH0BdxMyMDI2LTAxLTI4VDEzOjIwOjQxdwlncmFkdWFjYW93B3B1Ymxpc2h9BH0AdwZjbG9zZWR3BmNsb3NlZHcAeXcAdwdidWlsZGVydwd3cC1wYWdlfnUAeHcNY29yZS9mcmVlZm9ybSIAd+8QW3siaWQiOiJiY2FlZTk3IiwiZWxUeXBlIjoiY29udGFpbmVyIiwic2V0dGluZ3MiOnsiY29udGVudF93aWR0aCI6ImZ1bGwiLCJ3aWR0aCI6eyJ1bml0IjoiJSIsInNpemUiOjExMy43OTh9LCJfZmxleF9zaXplIjoibm9uZSIsIl9lbGVtZW50X3dpZHRoIjoiaW5pdGlhbCJ9LCJlbGVtZW50cyI6W3siaWQiOiJjZmU4M2MwIiwiZWxUeXBlIjoid2lkZ2V0Iiwic2V0dGluZ3MiOnsiZWRpdG9yIjoiPHA+PGEgaHJlZj1cImh0dHBzOlwvXC93d3cudWZtZy5iclwvZHJjYVwvY2hhbWFkYXNcL1wiPjxzdHJvbmc+QWNvbGhpZGEgSHVtYW5pdFx1MDBlMXJpYVwvUmVmdWdpYWRvc1x1MDBhMCAtIDIwMjY8XC9zdHJvbmc+PFwvYT48XC9wPjxwPjxhIGhyZWY9XCJodHRwczpcL1wvd3d3LnVmbWcuYnJcL2RyY2FcL2NoYW1hZGFzLTExXC9cIj48c3Ryb25nPkNvbmN1cnNvIFZlc3RpYnVhciBIYWJpbGlkYWRlcyAtIDIwMjY8XC9zdHJvbmc+PFwvYT48XC9wPjxwPjxzdHJvbmc+Q29uY3Vyc28gTGV0cmFzIC0gTGlicmFzIExpY2VuY2lhdHVyYVx1MDBhMCAtIDIwMjY8XC9zdHJvbmc+PFwvcD48cD48YSBocmVmPVwiaHR0cHM6XC9cL3d3dy51Zm1nLmJyXC9kcmNhXC9yZWd1bGFtZW50b3MtZGUtbXVkYW5jYS1kZS10dXJuby1lLWNvbnRpbnVpZGFkZS1kZS1lc3R1ZG9zXC9cIj5Db250aW51aWRhZGUgZGUgZXN0dWRvc1x1MDBhMCBlIE11ZGFuXHUwMGU3YSBkZSBUdXJubyAtIDIwMjY8XC9hPjxcL3A+PHA+PGEgaHJlZj1cImh0dHBzOlwvXC93d3cudWZtZy5iclwvZHJjYVwvcmVndWxhbWVudG8tZGUtZGlzY2lwbGluYS1pc29sYWRhXC9cIj5EaXNjaXBsaW5hIElzb2xhZGE8XC9hPjxcL3A+PHA+PGEgaHJlZj1cImh0dHBzOlwvXC93d3cudWZtZy5iclwvZHJjYVwvY2hhbWFkYXMtMTJcL1wiPjxzdHJvbmc+Rm9ybWFcdTAwZTdcdTAwZTNvIEludGVyY3VsYXR1cmFsIGRlIEVkdWNhZG9yZXMgSW5kXHUwMGVkZ2VuYXMgKEZJRUkpIDIwMjY8XC9zdHJvbmc+PFwvYT48XC9wPjxwPjxhIGhyZWY9XCJodHRwczpcL1wvd3d3LnVmbWcuYnJcL2RyY2FcL2NoYW1hZGFzLTEzXC9cIj5MaWNlbmNpYXR1cmEgZW0gRWR1Y2FcdTAwZTdcdTAwZTNvIGRvIENhbXBvIChMRUNBTVBPKSAtIDIwMjY8XC9hPjxcL3A+PHA+PGEgaHJlZj1cImh0dHBzOlwvXC93d3cudWZtZy5iclwvZHJjYVwvcmVndWxhbWVudG9zLTJcL1wiPjxzdHJvbmc+UHJvZ3JhbWEgZGUgRXN0dWRhbnRlcy1Db252XHUwMGVhbmlvIGRlIEdyYWR1YVx1MDBlN1x1MDBlM28gKFBFQy1HKVwvPFwvc3Ryb25nPjxzdHJvbmc+UkVHVUxBUiAtIDIwMjY8XC9zdHJvbmc+PFwvYT48XC9wPjxwPjxhIGhyZWY9XCJodHRwczpcL1wvd3d3LnVmbWcuYnJcL2RyY2FcL3JlZ3VsYW1lbnRvc1wvXCI+PHN0cm9uZz5Qcm9ncmFtYSBkZSBFc3R1ZGFudGVzLUNvbnZcdTAwZWFuaW8gZGUgR3JhZHVhXHUwMGU3XHUwMGUzbyAoUEVDLUcpXC8gVFJBTlNGRVJcdTAwY2FOQ0lBIC0gMjAyNjxcL3N0cm9uZz48XC9hPjxcL3A+PHA+PGEgaHJlZj1cImh0dHBzOlwvXC93d3cudWZtZy5iclwvZHJjYVwvcmVndWxhbWVudG9cL1wiPlJlb3BcdTAwZTdcdTAwZTNvIGRlIEN1cnNvIC0gMjAyNjxcL2E+PFwvcD48cD48YSBocmVmPVwiaHR0cHM6XC9cL3d3dy51Zm1nLmJyXC9kcmNhXC9jaGFtYWRhcy05XC9cIj48c3Ryb25nPlRyYW5zZmVyXHUwMGVhbmNpYSBlIE9idGVuXHUwMGU3XHUwMGUzbyBkZSBOb3ZvIFRcdTAwZWR0dWxvIC0gMjAyNjxcL3N0cm9uZz48XC9hPjxcL3A+PHA+PGEgaHJlZj1cImh0dHBzOlwvXC93d3cudWZtZy5iclwvZHJjYVwvdHJhbnNmZXJlbmNpYS1lc3BlY2lhbC0yXC9cIj5UcmFuc2Zlclx1MDBlYW5jaWEgRXNwZWNpYWw8XC9hPjxcL3A+PHA+PGEgaHJlZj1cImh0dHBzOlwvXC93d3cudWZtZy5iclwvZHJjYVwvY2hhbWFkYXMtMTBcL1wiPlZhZ2FzIFN1cGxlbWVudGFyZXMgcGFyYSBFc3R1ZGFudGVzIEluZFx1MDBlZGdlbmFzIChWU1BJKVx1MDBhMC0gMjAyNjxcL2E+PFwvcD4iLCJfZWxlbWVudF93aWR0aCI6ImluaXRpYWwiLCJfZWxlbWVudF9jdXN0b21fd2lkdGgiOnsidW5pdCI6IiUiLCJzaXplIjoxMTAuNDU3fSwiX2ZsZXhfc2l6ZSI6Im5vbmUifSwiZWxlbWVudHMiOltdLCJ3aWRnZXRUeXBlIjoidGV4dC1lZGl0b3IifV0sImlzSW5uZXIiOmZhbHNlfV13JDc5YmJlNTAwLTA3YTUtNDUwYi1hYjVlLTMzYWU3OThmMGVmYXeYDDxwPjxhIGhyZWY9Imh0dHBzOi8vd3d3LnVmbWcuYnIvZHJjYS9jaGFtYWRhcy8iPjxzdHJvbmc+QWNvbGhpZGEgSHVtYW5pdMOhcmlhL1JlZnVnaWFkb3PCoCAtIDIwMjY8L3N0cm9uZz48L2E+PC9wPgo8cD48YSBocmVmPSJodHRwczovL3d3dy51Zm1nLmJyL2RyY2EvY2hhbWFkYXMtMTEvIj48c3Ryb25nPkNvbmN1cnNvIFZlc3RpYnVhciBIYWJpbGlkYWRlcyAtIDIwMjY8L3N0cm9uZz48L2E+PC9wPgo8cD48c3Ryb25nPkNvbmN1cnNvIExldHJhcyAtIExpYnJhcyBMaWNlbmNpYXR1cmHCoCAtIDIwMjY8L3N0cm9uZz48L3A+CjxwPjxhIGhyZWY9Imh0dHBzOi8vd3d3LnVmbWcuYnIvZHJjYS9yZWd1bGFtZW50b3MtZGUtbXVkYW5jYS1kZS10dXJuby1lLWNvbnRpbnVpZGFkZS1kZS1lc3R1ZG9zLyI+Q29udGludWlkYWRlIGRlIGVzdHVkb3PCoCBlIE11ZGFuw6dhIGRlIFR1cm5vIC0gMjAyNjwvYT48L3A+CjxwPjxhIGhyZWY9Imh0dHBzOi8vd3d3LnVmbWcuYnIvZHJjYS9yZWd1bGFtZW50by1kZS1kaXNjaXBsaW5hLWlzb2xhZGEvIj5EaXNjaXBsaW5hIElzb2xhZGE8L2E+PC9wPgo8cD48YSBocmVmPSJodHRwczovL3d3dy51Zm1nLmJyL2RyY2EvY2hhbWFkYXMtMTIvIj48c3Ryb25nPkZvcm1hw6fDo28gSW50ZXJjdWxhdHVyYWwgZGUgRWR1Y2Fkb3JlcyBJbmTDrWdlbmFzIChGSUVJKSAyMDI2PC9zdHJvbmc+PC9hPjwvcD4KPHA+PGEgaHJlZj0iaHR0cHM6Ly93d3cudWZtZy5ici9kcmNhL2NoYW1hZGFzLTEzLyI+TGljZW5jaWF0dXJhIGVtIEVkdWNhw6fDo28gZG8gQ2FtcG8gKExFQ0FNUE8pIC0gMjAyNjwvYT48L3A+CjxwPjxhIGhyZWY9Imh0dHBzOi8vd3d3LnVmbWcuYnIvZHJjYS9yZWd1bGFtZW50b3MtMi8iPjxzdHJvbmc+UHJvZ3JhbWEgZGUgRXN0dWRhbnRlcy1Db252w6puaW8gZGUgR3JhZHVhw6fDo28gKFBFQy1HKS88L3N0cm9uZz48c3Ryb25nPlJFR1VMQVIgLSAyMDI2PC9zdHJvbmc+PC9hPjwvcD4KPHA+PGEgaHJlZj0iaHR0cHM6Ly93d3cudWZtZy5ici9kcmNhL3JlZ3VsYW1lbnRvcy8iPjxzdHJvbmc+UHJvZ3JhbWEgZGUgRXN0dWRhbnRlcy1Db252w6puaW8gZGUgR3JhZHVhw6fDo28gKFBFQy1HKS8gVFJBTlNGRVLDik5DSUEgLSAyMDI2PC9zdHJvbmc+PC9hPjwvcD4KPHA+PGEgaHJlZj0iaHR0cHM6Ly93d3cudWZtZy5ici9kcmNhL3JlZ3VsYW1lbnRvLyI+UmVvcMOnw6NvIGRlIEN1cnNvIC0gMjAyNjwvYT48L3A+CjxwPjxhIGhyZWY9Imh0dHBzOi8vd3d3LnVmbWcuYnIvZHJjYS9jaGFtYWRhcy05LyI+PHN0cm9uZz5UcmFuc2ZlcsOqbmNpYSBlIE9idGVuw6fDo28gZGUgTm92byBUw610dWxvIC0gMjAyNjwvc3Ryb25nPjwvYT48L3A+CjxwPjxhIGhyZWY9Imh0dHBzOi8vd3d3LnVmbWcuYnIvZHJjYS90cmFuc2ZlcmVuY2lhLWVzcGVjaWFsLTIvIj5UcmFuc2ZlcsOqbmNpYSBFc3BlY2lhbDwvYT48L3A+CjxwPjxhIGhyZWY9Imh0dHBzOi8vd3d3LnVmbWcuYnIvZHJjYS9jaGFtYWRhcy0xMC8iPlZhZ2FzIFN1cGxlbWVudGFyZXMgcGFyYSBFc3R1ZGFudGVzIEluZMOtZ2VuYXMgKFZTUEkpwqAtIDIwMjY8L2E+PC9wPneYDDxwPjxhIGhyZWY9Imh0dHBzOi8vd3d3LnVmbWcuYnIvZHJjYS9jaGFtYWRhcy8iPjxzdHJvbmc+QWNvbGhpZGEgSHVtYW5pdMOhcmlhL1JlZnVnaWFkb3PCoCAtIDIwMjY8L3N0cm9uZz48L2E+PC9wPgo8cD48YSBocmVmPSJodHRwczovL3d3dy51Zm1nLmJyL2RyY2EvY2hhbWFkYXMtMTEvIj48c3Ryb25nPkNvbmN1cnNvIFZlc3RpYnVhciBIYWJpbGlkYWRlcyAtIDIwMjY8L3N0cm9uZz48L2E+PC9wPgo8cD48c3Ryb25nPkNvbmN1cnNvIExldHJhcyAtIExpYnJhcyBMaWNlbmNpYXR1cmHCoCAtIDIwMjY8L3N0cm9uZz48L3A+CjxwPjxhIGhyZWY9Imh0dHBzOi8vd3d3LnVmbWcuYnIvZHJjYS9yZWd1bGFtZW50b3MtZGUtbXVkYW5jYS1kZS10dXJuby1lLWNvbnRpbnVpZGFkZS1kZS1lc3R1ZG9zLyI+Q29udGludWlkYWRlIGRlIGVzdHVkb3PCoCBlIE11ZGFuw6dhIGRlIFR1cm5vIC0gMjAyNjwvYT48L3A+CjxwPjxhIGhyZWY9Imh0dHBzOi8vd3d3LnVmbWcuYnIvZHJjYS9yZWd1bGFtZW50by1kZS1kaXNjaXBsaW5hLWlzb2xhZGEvIj5EaXNjaXBsaW5hIElzb2xhZGE8L2E+PC9wPgo8cD48YSBocmVmPSJodHRwczovL3d3dy51Zm1nLmJyL2RyY2EvY2hhbWFkYXMtMTIvIj48c3Ryb25nPkZvcm1hw6fDo28gSW50ZXJjdWxhdHVyYWwgZGUgRWR1Y2Fkb3JlcyBJbmTDrWdlbmFzIChGSUVJKSAyMDI2PC9zdHJvbmc+PC9hPjwvcD4KPHA+PGEgaHJlZj0iaHR0cHM6Ly93d3cudWZtZy5ici9kcmNhL2NoYW1hZGFzLTEzLyI+TGljZW5jaWF0dXJhIGVtIEVkdWNhw6fDo28gZG8gQ2FtcG8gKExFQ0FNUE8pIC0gMjAyNjwvYT48L3A+CjxwPjxhIGhyZWY9Imh0dHBzOi8vd3d3LnVmbWcuYnIvZHJjYS9yZWd1bGFtZW50b3MtMi8iPjxzdHJvbmc+UHJvZ3JhbWEgZGUgRXN0dWRhbnRlcy1Db252w6puaW8gZGUgR3JhZHVhw6fDo28gKFBFQy1HKS88L3N0cm9uZz48c3Ryb25nPlJFR1VMQVIgLSAyMDI2PC9zdHJvbmc+PC9hPjwvcD4KPHA+PGEgaHJlZj0iaHR0cHM6Ly93d3cudWZtZy5ici9kcmNhL3JlZ3VsYW1lbnRvcy8iPjxzdHJvbmc+UHJvZ3JhbWEgZGUgRXN0dWRhbnRlcy1Db252w6puaW8gZGUgR3JhZHVhw6fDo28gKFBFQy1HKS8gVFJBTlNGRVLDik5DSUEgLSAyMDI2PC9zdHJvbmc+PC9hPjwvcD4KPHA+PGEgaHJlZj0iaHR0cHM6Ly93d3cudWZtZy5ici9kcmNhL3JlZ3VsYW1lbnRvLyI+UmVvcMOnw6NvIGRlIEN1cnNvIC0gMjAyNjwvYT48L3A+CjxwPjxhIGhyZWY9Imh0dHBzOi8vd3d3LnVmbWcuYnIvZHJjYS9jaGFtYWRhcy05LyI+PHN0cm9uZz5UcmFuc2ZlcsOqbmNpYSBlIE9idGVuw6fDo28gZGUgTm92byBUw610dWxvIC0gMjAyNjwvc3Ryb25nPjwvYT48L3A+CjxwPjxhIGhyZWY9Imh0dHBzOi8vd3d3LnVmbWcuYnIvZHJjYS90cmFuc2ZlcmVuY2lhLWVzcGVjaWFsLTIvIj5UcmFuc2ZlcsOqbmNpYSBFc3BlY2lhbDwvYT48L3A+CjxwPjxhIGhyZWY9Imh0dHBzOi8vd3d3LnVmbWcuYnIvZHJjYS9jaGFtYWRhcy0xMC8iPlZhZ2FzIFN1cGxlbWVudGFyZXMgcGFyYSBFc3R1ZGFudGVzIEluZMOtZ2VuYXMgKFZTUEkpwqAtIDIwMjY8L2E+PC9wPgEAA871\/bALIBABbAECAW0BAgFBAQMANQECAV8BAgGDAQECAWkBAgEBAAEInQEBAgGSAQECAU4BAgF1AQIBWgECAXIBDAAEAAEAAgDb4Mx+AQAA+d2VVQEAAA==\",\"updateId\":514347258}","footnotes":""},"folder":[],"class_list":["post-230","page","type-page","status-publish","hentry"],"acf":[],"_links":{"self":[{"href":"https:\/\/www.ufmg.br\/drca\/wp-json\/wp\/v2\/pages\/230","targetHints":{"allow":["GET"]}}],"collection":[{"href":"https:\/\/www.ufmg.br\/drca\/wp-json\/wp\/v2\/pages"}],"about":[{"href":"https:\/\/www.ufmg.br\/drca\/wp-json\/wp\/v2\/types\/page"}],"author":[{"embeddable":true,"href":"https:\/\/www.ufmg.br\/drca\/wp-json\/wp\/v2\/users\/4"}],"replies":[{"embeddable":true,"href":"https:\/\/www.ufmg.br\/drca\/wp-json\/wp\/v2\/comments?post=230"}],"version-history":[{"count":127,"href":"https:\/\/www.ufmg.br\/drca\/wp-json\/wp\/v2\/pages\/230\/revisions"}],"predecessor-version":[{"id":2003,"href":"https:\/\/www.ufmg.br\/drca\/wp-json\/wp\/v2\/pages\/230\/revisions\/2003"}],"wp:attachment":[{"href":"https:\/\/www.ufmg.br\/drca\/wp-json\/wp\/v2\/media?parent=230"}],"wp:term":[{"taxonomy":"folder","embeddable":true,"href":"https:\/\/www.ufmg.br\/drca\/wp-json\/wp\/v2\/folder?post=230"}],"curies":[{"name":"wp","href":"https:\/\/api.w.org\/{rel}","templated":true}]}}