{"id":232,"date":"2026-01-28T13:20:56","date_gmt":"2026-01-28T16:20:56","guid":{"rendered":"https:\/\/www.ufmg.br\/drca\/?page_id=232"},"modified":"2026-05-04T14:14:58","modified_gmt":"2026-05-04T17:14:58","slug":"pos-graduacao","status":"publish","type":"page","link":"https:\/\/www.ufmg.br\/drca\/pos-graduacao\/","title":{"rendered":"P\u00f3s-Gradua\u00e7\u00e3o"},"content":{"rendered":"\t\t<div data-elementor-type=\"wp-page\" data-elementor-id=\"232\" class=\"elementor elementor-232\">\n\t\t\t\t<div class=\"elementor-element elementor-element-9317c0c e-flex e-con-boxed e-con e-parent\" data-id=\"9317c0c\" data-element_type=\"container\" data-e-type=\"container\">\n\t\t\t\t\t<div class=\"e-con-inner\">\n\t\t\t\t<div class=\"elementor-element elementor-element-a455e7c elementor-widget elementor-widget-text-editor\" data-id=\"a455e7c\" data-element_type=\"widget\" data-e-type=\"widget\" data-widget_type=\"text-editor.default\">\n\t\t\t\t\t\t\t\t\t<p><a href=\"https:\/\/www.ufmg.br\/drca\/registro-academico\/\" rel=\"noopener\">Registro Acad\u00eamico<\/a><\/p><p><a href=\"https:\/\/www.ufmg.br\/drca\/ficha-de-cadastro-previo\/\" rel=\"noopener\">Ficha de Cadastro Pr\u00e9vio<\/a><\/p><p><a href=\"https:\/\/www.ufmg.br\/drca\/matricula-da-pos-graduacao\/\" rel=\"noopener\">Matr\u00edcula da P\u00f3s-Gradua\u00e7\u00e3o<\/a><\/p><p><a href=\"https:\/\/www.ufmg.br\/drca\/registro-de-residencia-pos-doutoral-rpd\/\" rel=\"noopener\">Registro de Resid\u00eancia P\u00f3s-Doutoral (RPD)<\/a><\/p><p><a href=\"https:\/\/www.ufmg.br\/drca\/disciplina-isolada\/\" rel=\"noopener\">Disciplina Isolada<\/a><\/p><p><a href=\"https:\/\/www.ufmg.br\/drca\/intercambio\/\" rel=\"noopener\">Interc\u00e2mbio<\/a><\/p><p><a href=\"https:\/\/www.ufmg.br\/drca\/formularios\/\" rel=\"noopener\">Formul\u00e1rios<\/a><\/p><p><a href=\"https:\/\/www.ufmg.br\/drca\/manuais\/\" rel=\"noopener\">Manuais<\/a><\/p><p><a href=\"https:\/\/www.ufmg.br\/drca\/nome-social-na-ufmg\/\" rel=\"noopener\">Nome Social na UFMG<\/a><\/p>\t\t\t\t\t\t\t\t<\/div>\n\t\t\t\t\t<\/div>\n\t\t\t\t<\/div>\n\t\t\t\t<\/div>\n\t\t","protected":false},"excerpt":{"rendered":"<p>Registro Acad\u00eamico Ficha de Cadastro Pr\u00e9vio Matr\u00edcula da P\u00f3s-Gradua\u00e7\u00e3o Registro de Resid\u00eancia P\u00f3s-Doutoral (RPD) Disciplina Isolada Interc\u00e2mbio Formul\u00e1rios Manuais Nome Social na UFMG<\/p>\n","protected":false},"author":4,"featured_media":0,"parent":0,"menu_order":0,"comment_status":"closed","ping_status":"closed","template":"","meta":{"_acf_changed":false,"_crdt_document":"{\"document\":\"AACKBazMwvEf2PPDvBcArMzC8R+Y88O8F6zMwvEfmPPDvBeszMLxH5jzw7wXrMzC8R+Y88O8F6zMwvEfmPPDvBeszMLxH5jzw7wXrMzC8R+Y88O8F6zMwvEf2PPDvBcDrMzC8R+Y88O8F6zMwvEfmPPDvBeszMLxH5jzw7wXrMzC8R+Y88O8F6zMwvEfmPPDvBeszMLxH5jzw7wXrMzC8R+Y88O8F6zMwvEf2PPDvBcFltqZ9Bfi3bmpAgKY88O8F5S7g78R2PPDvBcQ1LuDvxEC2PPDvBcFgOC\/uRbUu4O\/EQae96CAD6LduakC2PPDvBcAot25qQKY88O8F6LduakCmPPDvBei3bmpApjzw7wXot25qQKY88O8F6LduakCmPPDvBei3bmpApjzw7wXot25qQKY88O8F6LduakC2PPDvBcDot25qQKY88O8F6LduakCmPPDvBei3bmpApjzw7wXot25qQKY88O8F6LduakCmPPDvBei3bmpApjzw7wXot25qQKY88O8F6LduakC2PPDvBcDot25qQKY88O8F6LduakCmPPDvBei3bmpApjzw7wXot25qQKY88O8F6LduakCmPPDvBei3bmpApjzw7wXot25qQKY88O8F6LduakC2PPDvBcDot25qQKY88O8F6LduakCmPPDvBei3bmpApjzw7wXot25qQKY88O8F6LduakCmPPDvBei3bmpApjzw7wXot25qQKY88O8F6LduakC2PPDvBcDot25qQKY88O8F6LduakCmPPDvBei3bmpApjzw7wXot25qQKY88O8F6LduakCmPPDvBei3bmpApjzw7wXot25qQKY88O8F6LduakC2PPDvBcJ7MzC8R8CggEGqAEEAwEKAhDmAQq2AwQDAQoCEOgDtgUFAAaIDAMB2hNeKAo0CjgKlgEKKAoaChoKEgoq4AYDAAaiBgECCkrcByoBA4QBCAQDAQoCEAsApAIEAwEKAhD0AQq4AwQDAQoCEPYDCqwFBAMBCgIQ+AUKrgcEAwEKAhD6BwoSCiriAQMBIQgBBigKAQY0CgEGOAoBBpYBCgEGKAoBBhoKAQYaChIKKq8BKADEAMEAxADBAMQAwQDEAMEAxALBAMQAwQDEAMEAxADBAMQBoQMhAKgDIQAEAIQRqAGhAAcAIQAoACEAKAAnACEAJwAhASgCJwAEACcBKAQnACgBIQIoAScAIQHEAMEAxADBAMQAwQDEAMEAxALBAMQAwQDEAMEAxADBAMQCwQDEAMEAxADBAMQAwQDEAsEAxADBAMQAwQDEAMEAxALBAMQAwQDEAMEAxADBAMQFoZMMnQtzdGF0ZXZlcnNpb248YSBocmVmPSJodHRwczovL3d3dy51Zm1nLmJyL2RyY2EvcmVnaXN0cm8tYWNhZGVtaWNvLyIgcmVsPSJub29wZW5lciI+YT48LzxhIGhyZWY9Imh0dHBzOi8vd3d3LnVmbWcuYnIvZHJjYS9maWNoYS1kZS1jYWRhc3Ryby1wcmV2aW8vIiByZWw9Im5vb3BlbmVyIj5hPjwvc3RhdGV2ZXJzaW9uc3RhdGV2ZXJzaW9uPHA+UmVnaXN0cm8gQWNhZMOqbWljbzwvcD48cD5GaWNoYSBkZSBDYWRhc3RybyBQcsOpdmlvPC9wPjxwPk1hdHLDrWN1bGEgZGEgUMOzcy1HcmFkdWHDp8OjbzwvcD48cD5SZWdpc3RybyBkZSBSZXNpZMOqbmNpYSBQw7NzLURvdXRvcmFsIChSUEQpPC9wPjxwPkRpc2NpcGxpbmEgSXNvbGFkYTwvcD48cD5JbnRlcmPDom1iaW88L3A+PHA+Rm9ybXVsw6FyaW9zPC9wPjxwPk1hbnVhaXM8L3A+PHA+Tm9tZSBTb2NpYWwgbmEgVUZNRzwvcD5jbGllbnRJZGlzVmFsaWRvcmlnaW5hbENvbnRlbnRuYW1lYXR0cmlidXRlc2NvbnRlbnRpbm5lckJsb2Nrc3N0YXRldmVyc2lvbnN0YXRldmVyc2lvbmRvY3VtZW50ZGF0ZWRvY3VtZW50c2x1Z2RvY3VtZW50c3RhdHVzZG9jdW1lbnR0aXRsZVDDs3MtR3JhZHVhw6fDo29kb2N1bWVudGNvbnRlbnRkb2N1bWVudGV4Y2VycHRkb2N1bWVudGF1dGhvcmRvY3VtZW50ZmVhdHVyZWRfbWVkaWFkb2N1bWVudGNvbW1lbnRfc3RhdHVzZG9jdW1lbnRwaW5nX3N0YXR1c2RvY3VtZW50dGVtcGxhdGVkb2N1bWVudG1ldGFfYWNmX2NoYW5nZWRmb290bm90ZXNfZWxlbWVudG9yX2VkaXRfbW9kZV9lbGVtZW50b3JfdGVtcGxhdGVfdHlwZV9lbGVtZW50b3JfZGF0YV9lbGVtZW50b3JfcGFnZV9zZXR0aW5nc2RvY3VtZW50Zm9sZGVyZG9jdW1lbnRibG9ja3NzdGF0ZXZlcnNpb25zdGF0ZXZlcnNpb248YSBocmVmPSJodHRwczovL3d3dy51Zm1nLmJyL2RyY2EvbWF0cmljdWxhLWRhLXBvcy1ncmFkdWFjYW8vIiByZWw9Im5vb3BlbmVyIj5hPjwvPGEgaHJlZj0iaHR0cHM6Ly93d3cudWZtZy5ici9kcmNhL3JlZ2lzdHJvLWRlLXJlc2lkZW5jaWEtcG9zLWRvdXRvcmFsLXJwZC8iIHJlbD0ibm9vcGVuZXIiPmE+PC88YSBocmVmPSJodHRwczovL3d3dy51Zm1nLmJyL2RyY2EvZGlzY2lwbGluYS1pc29sYWRhLyIgcmVsPSJub29wZW5lciI+YT48LzxhIGhyZWY9Imh0dHBzOi8vd3d3LnVmbWcuYnIvZHJjYS9pbnRlcmNhbWJpby8iIHJlbD0ibm9vcGVuZXIiPmE+PC88YSBocmVmPSJodHRwczovL3d3dy51Zm1nLmJyL2RyY2EvZm9ybXVsYXJpb3MvIiByZWw9Im5vb3BlbmVyIj5hPjwvPGEgaHJlZj0iaHR0cHM6Ly93d3cudWZtZy5ici9kcmNhL21hbnVhaXMvIiB0YXJnZXQ9Il9ibGFuayIgcmVsPSJub29wZW5lciI+YT48LzxhIGhyZWY9Imh0dHBzOi8vd3d3LnVmbWcuYnIvZHJjYS9ub21lLXNvY2lhbC1uYS11Zm1nLyIgdGFyZ2V0PSJfYmxhbmsiIHJlbD0ibm9vcGVuZXIiPmE+PC8FBzdBAQwEPUEBDAQFBwUHAxQFGgUcBSsFFAUNBQ0FCQUVAggHDwQKBwsFBwUHCAQIBAgGCAUNCAcIBwgGCA4IDggLSAEEDAkUGA8YCAYIBgUHBQc\/QQEMBIwBQQEMBDdBAQwEMEEBDAQwQQEMBIsBBJcBBA0BAgAIAQUAAAEHAAUBB0EAAEIBAQAhAQIBBQgCAQUIQSMCAQUIAgEFCAIBBQgCAQUIAgEFCEECBxkAfQEFAHeDClt7ImlkIjoiOTMxN2MwYyIsImVsVHlwZSI6ImNvbnRhaW5lciIsInNldHRpbmdzIjpbXSwiZWxlbWVudHMiOlt7ImlkIjoiYTQ1NWU3YyIsImVsVHlwZSI6IndpZGdldCIsInNldHRpbmdzIjp7ImVkaXRvciI6IjxwPjxhIGhyZWY9XCJodHRwczpcL1wvd3d3LnVmbWcuYnJcL2RyY2FcL3JlZ2lzdHJvLWFjYWRlbWljb1wvXCIgcmVsPVwibm9vcGVuZXJcIj5SZWdpc3RybyBBY2FkXHUwMGVhbWljbzxcL2E+PFwvcD48cD48YSBocmVmPVwiaHR0cHM6XC9cL3d3dy51Zm1nLmJyXC9kcmNhXC9maWNoYS1kZS1jYWRhc3Ryby1wcmV2aW9cL1wiIHJlbD1cIm5vb3BlbmVyXCI+RmljaGEgZGUgQ2FkYXN0cm8gUHJcdTAwZTl2aW88XC9hPjxcL3A+PHA+PGEgaHJlZj1cImh0dHBzOlwvXC93d3cudWZtZy5iclwvZHJjYVwvbWF0cmljdWxhLWRhLXBvcy1ncmFkdWFjYW9cL1wiIHJlbD1cIm5vb3BlbmVyXCI+TWF0clx1MDBlZGN1bGEgZGEgUFx1MDBmM3MtR3JhZHVhXHUwMGU3XHUwMGUzbzxcL2E+PFwvcD48cD48YSBocmVmPVwiaHR0cHM6XC9cL3d3dy51Zm1nLmJyXC9kcmNhXC9yZWdpc3Ryby1kZS1yZXNpZGVuY2lhLXBvcy1kb3V0b3JhbC1ycGRcL1wiIHJlbD1cIm5vb3BlbmVyXCI+UmVnaXN0cm8gZGUgUmVzaWRcdTAwZWFuY2lhIFBcdTAwZjNzLURvdXRvcmFsIChSUEQpPFwvYT48XC9wPjxwPjxhIGhyZWY9XCJodHRwczpcL1wvd3d3LnVmbWcuYnJcL2RyY2FcL2Rpc2NpcGxpbmEtaXNvbGFkYVwvXCIgcmVsPVwibm9vcGVuZXJcIj5EaXNjaXBsaW5hIElzb2xhZGE8XC9hPjxcL3A+PHA+PGEgaHJlZj1cImh0dHBzOlwvXC93d3cudWZtZy5iclwvZHJjYVwvaW50ZXJjYW1iaW9cL1wiIHJlbD1cIm5vb3BlbmVyXCI+SW50ZXJjXHUwMGUybWJpbzxcL2E+PFwvcD48cD48YSBocmVmPVwiaHR0cHM6XC9cL3d3dy51Zm1nLmJyXC9kcmNhXC9mb3JtdWxhcmlvc1wvXCIgcmVsPVwibm9vcGVuZXJcIj5Gb3JtdWxcdTAwZTFyaW9zPFwvYT48XC9wPjxwPjxhIGhyZWY9XCJodHRwczpcL1wvd3d3LnVmbWcuYnJcL2RyY2FcL21hbnVhaXNcL1wiIHRhcmdldD1cIl9ibGFua1wiIHJlbD1cIm5vb3BlbmVyXCI+TWFudWFpczxcL2E+PFwvcD48cD48YSBocmVmPVwiaHR0cHM6XC9cL3d3dy51Zm1nLmJyXC9kcmNhXC9ub21lLXNvY2lhbC1uYS11Zm1nXC9cIiB0YXJnZXQ9XCJfYmxhbmtcIiByZWw9XCJub29wZW5lclwiPk5vbWUgU29jaWFsIG5hIFVGTUc8XC9hPjxcL3A+In0sImVsZW1lbnRzIjpbXSwid2lkZ2V0VHlwZSI6InRleHQtZWRpdG9yIn1dLCJpc0lubmVyIjpmYWxzZX1ddyQ5YjViMTYyMC0zNGI0LTRhOTAtODMyZC05MTVmYWUzN2ZlZTN3xQc8cD48YSBocmVmPSJodHRwczovL3d3dy51Zm1nLmJyL2RyY2EvcmVnaXN0cm8tYWNhZGVtaWNvLyIgcmVsPSJub29wZW5lciI+UmVnaXN0cm8gQWNhZMOqbWljbzwvYT48L3A+CjxwPjxhIGhyZWY9Imh0dHBzOi8vd3d3LnVmbWcuYnIvZHJjYS9maWNoYS1kZS1jYWRhc3Ryby1wcmV2aW8vIiByZWw9Im5vb3BlbmVyIj5GaWNoYSBkZSBDYWRhc3RybyBQcsOpdmlvPC9hPjwvcD4KPHA+PGEgaHJlZj0iaHR0cHM6Ly93d3cudWZtZy5ici9kcmNhL21hdHJpY3VsYS1kYS1wb3MtZ3JhZHVhY2FvLyIgcmVsPSJub29wZW5lciI+TWF0csOtY3VsYSBkYSBQw7NzLUdyYWR1YcOnw6NvPC9hPjwvcD4KPHA+PGEgaHJlZj0iaHR0cHM6Ly93d3cudWZtZy5ici9kcmNhL3JlZ2lzdHJvLWRlLXJlc2lkZW5jaWEtcG9zLWRvdXRvcmFsLXJwZC8iIHJlbD0ibm9vcGVuZXIiPlJlZ2lzdHJvIGRlIFJlc2lkw6puY2lhIFDDs3MtRG91dG9yYWwgKFJQRCk8L2E+PC9wPgo8cD48YSBocmVmPSJodHRwczovL3d3dy51Zm1nLmJyL2RyY2EvZGlzY2lwbGluYS1pc29sYWRhLyIgcmVsPSJub29wZW5lciI+RGlzY2lwbGluYSBJc29sYWRhPC9hPjwvcD4KPHA+PGEgaHJlZj0iaHR0cHM6Ly93d3cudWZtZy5ici9kcmNhL2ludGVyY2FtYmlvLyIgcmVsPSJub29wZW5lciI+SW50ZXJjw6JtYmlvPC9hPjwvcD4KPHA+PGEgaHJlZj0iaHR0cHM6Ly93d3cudWZtZy5ici9kcmNhL2Zvcm11bGFyaW9zLyIgcmVsPSJub29wZW5lciI+Rm9ybXVsw6FyaW9zPC9hPjwvcD4KPHA+PGEgaHJlZj0iaHR0cHM6Ly93d3cudWZtZy5ici9kcmNhL21hbnVhaXMvIiB0YXJnZXQ9Il9ibGFuayIgcmVsPSJub29wZW5lciI+TWFudWFpczwvYT48L3A+CjxwPjxhIGhyZWY9Imh0dHBzOi8vd3d3LnVmbWcuYnIvZHJjYS9ub21lLXNvY2lhbC1uYS11Zm1nLyIgdGFyZ2V0PSJfYmxhbmsiIHJlbD0ibm9vcGVuZXIiPk5vbWUgU29jaWFsIG5hIFVGTUc8L2E+PC9wPnfFBzxwPjxhIGhyZWY9Imh0dHBzOi8vd3d3LnVmbWcuYnIvZHJjYS9yZWdpc3Ryby1hY2FkZW1pY28vIiByZWw9Im5vb3BlbmVyIj5SZWdpc3RybyBBY2Fkw6ptaWNvPC9hPjwvcD4KPHA+PGEgaHJlZj0iaHR0cHM6Ly93d3cudWZtZy5ici9kcmNhL2ZpY2hhLWRlLWNhZGFzdHJvLXByZXZpby8iIHJlbD0ibm9vcGVuZXIiPkZpY2hhIGRlIENhZGFzdHJvIFByw6l2aW88L2E+PC9wPgo8cD48YSBocmVmPSJodHRwczovL3d3dy51Zm1nLmJyL2RyY2EvbWF0cmljdWxhLWRhLXBvcy1ncmFkdWFjYW8vIiByZWw9Im5vb3BlbmVyIj5NYXRyw61jdWxhIGRhIFDDs3MtR3JhZHVhw6fDo288L2E+PC9wPgo8cD48YSBocmVmPSJodHRwczovL3d3dy51Zm1nLmJyL2RyY2EvcmVnaXN0cm8tZGUtcmVzaWRlbmNpYS1wb3MtZG91dG9yYWwtcnBkLyIgcmVsPSJub29wZW5lciI+UmVnaXN0cm8gZGUgUmVzaWTDqm5jaWEgUMOzcy1Eb3V0b3JhbCAoUlBEKTwvYT48L3A+CjxwPjxhIGhyZWY9Imh0dHBzOi8vd3d3LnVmbWcuYnIvZHJjYS9kaXNjaXBsaW5hLWlzb2xhZGEvIiByZWw9Im5vb3BlbmVyIj5EaXNjaXBsaW5hIElzb2xhZGE8L2E+PC9wPgo8cD48YSBocmVmPSJodHRwczovL3d3dy51Zm1nLmJyL2RyY2EvaW50ZXJjYW1iaW8vIiByZWw9Im5vb3BlbmVyIj5JbnRlcmPDom1iaW88L2E+PC9wPgo8cD48YSBocmVmPSJodHRwczovL3d3dy51Zm1nLmJyL2RyY2EvZm9ybXVsYXJpb3MvIiByZWw9Im5vb3BlbmVyIj5Gb3JtdWzDoXJpb3M8L2E+PC9wPgo8cD48YSBocmVmPSJodHRwczovL3d3dy51Zm1nLmJyL2RyY2EvbWFudWFpcy8iIHRhcmdldD0iX2JsYW5rIiByZWw9Im5vb3BlbmVyIj5NYW51YWlzPC9hPjwvcD4KPHA+PGEgaHJlZj0iaHR0cHM6Ly93d3cudWZtZy5ici9kcmNhL25vbWUtc29jaWFsLW5hLXVmbWcvIiB0YXJnZXQ9Il9ibGFuayIgcmVsPSJub29wZW5lciI+Tm9tZSBTb2NpYWwgbmEgVUZNRzwvYT48L3A+HwB3B2J1aWxkZXJ3B3dwLXBhZ2V4dw1jb3JlL2ZyZWVmb3JtAQAWAHcTMjAyNi0wMS0yOFQxMzoyMDo1NncNcG9zLWdyYWR1YWNhb3cHcHVibGlzaH0EfQB3BmNsb3NlZHcGY2xvc2VkdwB5dwB+dQABADsAB6ym4fgPCTgBAQABBAEHTQEBAAEEAQcQA5btjPoLAQAA2Pmh3gsFAADwAQABAAEAAgCA8N+cCwEAANTdwd8IAgAAGwLeu5DABwEAAOLu3JQBFgAAPwEBAAEEAQdcAQEAAQQBB0cBAQABBAEHQAEBAAEEAQdAAQEAAQQBB7oBAw==\",\"updateId\":584115046}","footnotes":""},"folder":[],"class_list":["post-232","page","type-page","status-publish","hentry"],"acf":[],"_links":{"self":[{"href":"https:\/\/www.ufmg.br\/drca\/wp-json\/wp\/v2\/pages\/232","targetHints":{"allow":["GET"]}}],"collection":[{"href":"https:\/\/www.ufmg.br\/drca\/wp-json\/wp\/v2\/pages"}],"about":[{"href":"https:\/\/www.ufmg.br\/drca\/wp-json\/wp\/v2\/types\/page"}],"author":[{"embeddable":true,"href":"https:\/\/www.ufmg.br\/drca\/wp-json\/wp\/v2\/users\/4"}],"replies":[{"embeddable":true,"href":"https:\/\/www.ufmg.br\/drca\/wp-json\/wp\/v2\/comments?post=232"}],"version-history":[{"count":44,"href":"https:\/\/www.ufmg.br\/drca\/wp-json\/wp\/v2\/pages\/232\/revisions"}],"predecessor-version":[{"id":1952,"href":"https:\/\/www.ufmg.br\/drca\/wp-json\/wp\/v2\/pages\/232\/revisions\/1952"}],"wp:attachment":[{"href":"https:\/\/www.ufmg.br\/drca\/wp-json\/wp\/v2\/media?parent=232"}],"wp:term":[{"taxonomy":"folder","embeddable":true,"href":"https:\/\/www.ufmg.br\/drca\/wp-json\/wp\/v2\/folder?post=232"}],"curies":[{"name":"wp","href":"https:\/\/api.w.org\/{rel}","templated":true}]}}