{"id":234,"date":"2026-01-28T13:21:28","date_gmt":"2026-01-28T16:21:28","guid":{"rendered":"https:\/\/www.ufmg.br\/drca\/?page_id=234"},"modified":"2026-05-04T14:22:20","modified_gmt":"2026-05-04T17:22:20","slug":"registro-de-diplomas","status":"publish","type":"page","link":"https:\/\/www.ufmg.br\/drca\/registro-de-diplomas\/","title":{"rendered":"Registro de Diplomas"},"content":{"rendered":"\t\t<div data-elementor-type=\"wp-page\" data-elementor-id=\"234\" class=\"elementor elementor-234\">\n\t\t\t\t<div class=\"elementor-element elementor-element-f881827 e-flex e-con-boxed e-con e-parent\" data-id=\"f881827\" data-element_type=\"container\" data-e-type=\"container\">\n\t\t\t\t\t<div class=\"e-con-inner\">\n\t\t\t\t<div class=\"elementor-element elementor-element-205cb67 elementor-widget elementor-widget-text-editor\" data-id=\"205cb67\" data-element_type=\"widget\" data-e-type=\"widget\" data-widget_type=\"text-editor.default\">\n\t\t\t\t\t\t\t\t\t<p>O diploma \u00e9 um documento oficial que comprova a forma\u00e7\u00e3o acad\u00eamica de seu titular. Para obt\u00ea-lo, \u00e9 necess\u00e1rio fazer o requerimento junto \u00e0 institui\u00e7\u00e3o de ensino. Recomendamos que o requerimento seja feito o quanto antes ap\u00f3s a conclus\u00e3o do curso.<\/p><p>Enfatizamos que a UFMG n\u00e3o realiza a emiss\u00e3o de diplomas de alunos de outras institui\u00e7\u00f5es, apenas registra os diplomas de institui\u00e7\u00f5es conveniadas.<\/p><div class=\"\"><div class=\"content-view-embed\"><div class=\"class-image\"><div>\u00a0<\/div><div class=\"attribute-image\">Para estudantes de gradua\u00e7\u00e3o da UFMG, os mesmos devem procurar as se\u00e7\u00f5es de ensino\/colegiados de seus cursos, para solicitar a cola\u00e7\u00e3o de grau e apresentar a documenta\u00e7\u00e3o necess\u00e1ria. \u00c9 importante que a documenta\u00e7\u00e3o apresentada esteja atualizada, pois estudantes de gradua\u00e7\u00e3o recebem diplomas digitais, que n\u00e3o podem ser corrigidos.<\/div><\/div><\/div><\/div><div class=\"\"><div class=\"content-view-embed\"><div class=\"class-image\"><div>\u00a0<\/div><div class=\"attribute-image\">Para estudantes de p\u00f3s-gradua\u00e7\u00e3o da UFMG, estes devem entrar em contato com as secretarias de seus respectivos cursos e solicitar a emiss\u00e3o de seus diplomas\/certificados. Ap\u00f3s o requerimento, o setor respons\u00e1vel emitir\u00e1 o diploma e o encaminhar\u00e1 para o DRCA (Departamento de Registro e Controle Acad\u00eamico) para o registro, que \u00e9 o ato que confere validade nacional ao diploma.<\/div><\/div><\/div><\/div><div class=\"\"><div class=\"content-view-embed\"><div class=\"class-image\"><div>\u00a0<\/div><div class=\"attribute-image\">O DRCA tamb\u00e9m \u00e9 respons\u00e1vel pelo registro de diplomas de outras 20 institui\u00e7\u00f5es de ensino superior. O apostilamento de novas habilita\u00e7\u00f5es conclu\u00eddas tamb\u00e9m passa pelo processo de registro no DRCA.<\/div><div>\u00a0<\/div><\/div><\/div><\/div><div class=\"\"><div class=\"content-view-embed\"><div class=\"class-image\"><div class=\"attribute-image\">Para obter informa\u00e7\u00f5es a respeito do andamento do processo, recomendamos utilizar prioritariamente o e-mail <strong>drd@drca.ufmg.br.<\/strong><\/div><\/div><\/div><\/div><div>\u00a0<\/div><div class=\"\"><div class=\"content-view-embed\"><div>\u00a0<\/div><div><a href=\"https:\/\/www.ufmg.br\/drca\/visualizacao-e-conformidade-mec-de-diploma-digital\/\" rel=\"noopener\">Visualiza\u00e7\u00e3o e conformidade MEC de diploma digital<\/a><\/div><div>\u00a0<\/div><div><a href=\"https:\/\/www.ufmg.br\/drca\/2a-via-de-diploma\/\" rel=\"noopener\">2\u00aa Via de Diploma<\/a><\/div><\/div><div>\u00a0<\/div><div class=\"content-view-embed\"><div><a href=\"https:\/\/www.ufmg.br\/drca\/verificacao-do-registro-do-diploma\/\" rel=\"noopener\">Verifica\u00e7\u00e3o do Registro do Diploma<\/a><\/div><div>\u00a0<\/div><div><a href=\"https:\/\/www.ufmg.br\/drca\/taxas-de-registro-de-diplomas\/\" rel=\"noopener\">Taxas de Registro de Diplomas<\/a><\/div><div>\u00a0<\/div><div><a href=\"https:\/\/www.ufmg.br\/drca\/revalidacao-de-diplomas\/\" rel=\"noopener\">Revalida\u00e7\u00e3o de Diplomas<\/a><\/div><div>\u00a0<\/div><div><a href=\"https:\/\/www.ufmg.br\/drca\/legislacao-normas-oficios\/\" rel=\"noopener\">Legisla\u00e7\u00e3o &#8211; Normas &#8211; Of\u00edcios<\/a><\/div><\/div><\/div><div>\u00a0<\/div>\t\t\t\t\t\t\t\t<\/div>\n\t\t\t\t\t<\/div>\n\t\t\t\t<\/div>\n\t\t\t\t<\/div>\n\t\t","protected":false},"excerpt":{"rendered":"<p>O diploma \u00e9 um documento oficial que comprova a forma\u00e7\u00e3o acad\u00eamica de seu titular. Para obt\u00ea-lo, \u00e9 necess\u00e1rio fazer o requerimento junto \u00e0 institui\u00e7\u00e3o de ensino. Recomendamos que o requerimento seja feito o quanto antes ap\u00f3s a conclus\u00e3o do curso. Enfatizamos que a UFMG n\u00e3o realiza a emiss\u00e3o de diplomas de alunos de outras institui\u00e7\u00f5es, [&hellip;]<\/p>\n","protected":false},"author":4,"featured_media":0,"parent":0,"menu_order":0,"comment_status":"closed","ping_status":"closed","template":"","meta":{"_acf_changed":false,"_crdt_document":"{\"document\":\"AAAXr4Cu+B\/7+vbAFgPvgK74HwX7+vbAFgYQMhQDAAaWRQECCkreRjgBAwAlKAAEAKgCBwAoAycAKAAnACEAKAInAAQAJwEoBCcAKAEhAigBJ\/MVwhVzdGF0ZXZlcnNpb248cD5PIGRpcGxvbWEgw6kgdW0gZG9jdW1lbnRvIG9maWNpYWwgcXVlIGNvbXByb3ZhIGEgZm9ybWHDp8OjbyBhY2Fkw6ptaWNhIGRlIHNldSB0aXR1bGFyLiBQYXJhIG9idMOqLWxvLCDDqSBuZWNlc3PDoXJpbyBmYXplciBvIHJlcXVlcmltZW50byBqdW50byDDoCBpbnN0aXR1acOnw6NvIGRlIGVuc2luby4gUmVjb21lbmRhbW9zIHF1ZSBvIHJlcXVlcmltZW50byBzZWphIGZlaXRvIG8gcXVhbnRvIGFudGVzIGFww7NzIGEgY29uY2x1c8OjbyBkbyBjdXJzby48L3A+PHA+RW5mYXRpemFtb3MgcXVlIGEgVUZNRyBuw6NvIHJlYWxpemEgYSBlbWlzc8OjbyBkZSBkaXBsb21hcyBkZSBhbHVub3MgZGUgb3V0cmFzIGluc3RpdHVpw6fDtWVzLCBhcGVuYXMgcmVnaXN0cmEgb3MgZGlwbG9tYXMgZGUgaW5zdGl0dWnDp8O1ZXMgY29udmVuaWFkYXMuPC9wPlBhcmEgZXN0dWRhbnRlcyBkZSBncmFkdWHDp8OjbyBkYSBVRk1HLCBvcyBtZXNtb3MgZGV2ZW0gcHJvY3VyYXIgYXMgc2XDp8O1ZXMgZGUgZW5zaW5vL2NvbGVnaWFkb3MgZGUgc2V1cyBjdXJzb3MsIHBhcmEgc29saWNpdGFyIGEgY29sYcOnw6NvIGRlIGdyYXUgZSBhcHJlc2VudGFyIGEgZG9jdW1lbnRhw6fDo28gbmVjZXNzw6FyaWEuIMOJIGltcG9ydGFudGUgcXVlIGEgZG9jdW1lbnRhw6fDo28gYXByZXNlbnRhZGEgZXN0ZWphIGF0dWFsaXphZGEsIHBvaXMgZXN0dWRhbnRlcyBkZSBncmFkdWHDp8OjbyByZWNlYmVtIGRpcGxvbWFzIGRpZ2l0YWlzLCBxdWUgbsOjbyBwb2RlbSBzZXIgY29ycmlnaWRvcy7CoFBhcmEgZXN0dWRhbnRlcyBkZSBww7NzLWdyYWR1YcOnw6NvIGRhIFVGTUcsIGVzdGVzIGRldmVtIGVudHJhciBlbSBjb250YXRvIGNvbSBhcyBzZWNyZXRhcmlhcyBkZSBzZXVzIHJlc3BlY3Rpdm9zIGN1cnNvcyBlIHNvbGljaXRhciBhIGVtaXNzw6NvIGRlIHNldXMgZGlwbG9tYXMvY2VydGlmaWNhZG9zLiBBcMOzcyBvIHJlcXVlcmltZW50bywgbyBzZXRvciByZXNwb25zw6F2ZWwgZW1pdGlyw6EgbyBkaXBsb21hIGUgbyBlbmNhbWluaGFyw6EgcGFyYSBvIERSQ0EgKERlcGFydGFtZW50byBkZSBSZWdpc3RybyBlIENvbnRyb2xlIEFjYWTDqm1pY28pIHBhcmEgbyByZWdpc3RybywgcXVlIMOpIG8gYXRvIHF1ZSBjb25mZXJlIHZhbGlkYWRlIG5hY2lvbmFsIGFvIGRpcGxvbWEuwqBPIERSQ0EgdGFtYsOpbSDDqSByZXNwb25zw6F2ZWwgcGVsbyByZWdpc3RybyBkZSBkaXBsb21hcyBkZSBvdXRyYXMgMjAgaW5zdGl0dWnDp8O1ZXMgZGUgZW5zaW5vIHN1cGVyaW9yLiBPIGFwb3N0aWxhbWVudG8gZGUgbm92YXMgaGFiaWxpdGHDp8O1ZXMgY29uY2x1w61kYXMgdGFtYsOpbSBwYXNzYSBwZWxvIHByb2Nlc3NvIGRlIHJlZ2lzdHJvIG5vIERSQ0EuwqBQYXJhIG9idGVyIGluZm9ybWHDp8O1ZXMgYSByZXNwZWl0byBkbyBhbmRhbWVudG8gZG8gcHJvY2Vzc28sIHJlY29tZW5kYW1vcyB1dGlsaXphciBwcmlvcml0YXJpYW1lbnRlIG8gZS1tYWlsIDxzdHJvbmc+ZHJkQGRyY2EudWZtZy5ici48L3N0cm9uZz7CoMKgPGEgaHJlZj0iaHR0cHM6Ly93d3cudWZtZy5ici9kcmNhL3Zpc3VhbGl6YWNhby1lLWNvbmZvcm1pZGFkZS1tZWMtZGUtZGlwbG9tYS1kaWdpdGFsLyIgdGFyZ2V0PSJfYmxhbmsiIHJlbD0ibm9vcGVuZXIiPlZpc3VhbGl6YcOnw6NvIGUgY29uZm9ybWlkYWRlIE1FQyBkZSBkaXBsb21hIGRpZ2l0YWw8L2E+wqA8YSBocmVmPSJodHRwczovL3d3dy51Zm1nLmJyL2RyY2EvMmEtdmlhLWRlLWRpcGxvbWEvIiB0YXJnZXQ9Il9ibGFuayIgcmVsPSJub29wZW5lciI+MsKqIFZpYSBkZSBEaXBsb21hPC9hPsKgPGEgaHJlZj0iaHR0cHM6Ly93d3cudWZtZy5ici9kcmNhL3ZlcmlmaWNhY2FvLWRvLXJlZ2lzdHJvLWRvLWRpcGxvbWEvIiB0YXJnZXQ9Il9ibGFuayIgcmVsPSJub29wZW5lciI+VmVyaWZpY2HDp8OjbyBkbyBSZWdpc3RybyBkbyBEaXBsb21hPC9hPsKgPGEgaHJlZj0iaHR0cHM6Ly93d3cudWZtZy5ici9kcmNhL3RheGFzLWRlLXJlZ2lzdHJvLWRlLWRpcGxvbWFzLyIgdGFyZ2V0PSJfYmxhbmsiIHJlbD0ibm9vcGVuZXIiPlRheGFzIGRlIFJlZ2lzdHJvIGRlIERpcGxvbWFzPC9hPsKgPGEgaHJlZj0iaHR0cHM6Ly93d3cudWZtZy5ici9kcmNhL3JldmFsaWRhY2FvLWRlLWRpcGxvbWFzLyIgdGFyZ2V0PSJfYmxhbmsiIHJlbD0ibm9vcGVuZXIiPlJldmFsaWRhw6fDo28gZGUgRGlwbG9tYXM8L2E+wqA8YSBocmVmPSJodHRwczovL3d3dy51Zm1nLmJyL2RyY2EvbGVnaXNsYWNhby1ub3JtYXMtb2ZpY2lvcy8iIHRhcmdldD0iX2JsYW5rIiByZWw9Im5vb3BlbmVyIj5MZWdpc2xhw6fDo28gLSBOb3JtYXMgLSBPZsOtY2lvczwvYT7CoGNsaWVudElkaXNWYWxpZG9yaWdpbmFsQ29udGVudG5hbWVhdHRyaWJ1dGVzY29udGVudGlubmVyQmxvY2tzc3RhdGV2ZXJzaW9uZG9jdW1lbnRkYXRlZG9jdW1lbnRzbHVnZG9jdW1lbnRzdGF0dXNkb2N1bWVudHRpdGxlUmVnaXN0cm8gZGUgRGlwbG9tYXNkb2N1bWVudGNvbnRlbnRkb2N1bWVudGV4Y2VycHRkb2N1bWVudGF1dGhvcmRvY3VtZW50ZmVhdHVyZWRfbWVkaWFkb2N1bWVudGNvbW1lbnRfc3RhdHVzZG9jdW1lbnRwaW5nX3N0YXR1c2RvY3VtZW50dGVtcGxhdGVkb2N1bWVudG1ldGFfYWNmX2NoYW5nZWRmb290bm90ZXNfZWxlbWVudG9yX2VkaXRfbW9kZV9lbGVtZW50b3JfdGVtcGxhdGVfdHlwZV9lbGVtZW50b3JfZGF0YV9lbGVtZW50b3JfcGFnZV9zZXR0aW5nc2RvY3VtZW50Zm9sZGVyZG9jdW1lbnRibG9ja3MFB48jCAcPBAoHCwUHCAQIBAgGCAUUCAcIBwgGCA4IDggLSAEEDAkUGA8YCAYIBg0BAAAIAQQAAAEHAAUBB0EAAEIBAQACQRcCDQB9AXcHYnVpbGRlcncHd3AtcGFnZXfnHVt7ImlkIjoiZjg4MTgyNyIsImVsVHlwZSI6ImNvbnRhaW5lciIsInNldHRpbmdzIjpbXSwiZWxlbWVudHMiOlt7ImlkIjoiMjA1Y2I2NyIsImVsVHlwZSI6IndpZGdldCIsInNldHRpbmdzIjp7ImVkaXRvciI6IjxwPk8gZGlwbG9tYSBcdTAwZTkgdW0gZG9jdW1lbnRvIG9maWNpYWwgcXVlIGNvbXByb3ZhIGEgZm9ybWFcdTAwZTdcdTAwZTNvIGFjYWRcdTAwZWFtaWNhIGRlIHNldSB0aXR1bGFyLiBQYXJhIG9idFx1MDBlYS1sbywgXHUwMGU5IG5lY2Vzc1x1MDBlMXJpbyBmYXplciBvIHJlcXVlcmltZW50byBqdW50byBcdTAwZTAgaW5zdGl0dWlcdTAwZTdcdTAwZTNvIGRlIGVuc2luby4gUmVjb21lbmRhbW9zIHF1ZSBvIHJlcXVlcmltZW50byBzZWphIGZlaXRvIG8gcXVhbnRvIGFudGVzIGFwXHUwMGYzcyBhIGNvbmNsdXNcdTAwZTNvIGRvIGN1cnNvLjxcL3A+PHA+RW5mYXRpemFtb3MgcXVlIGEgVUZNRyBuXHUwMGUzbyByZWFsaXphIGEgZW1pc3NcdTAwZTNvIGRlIGRpcGxvbWFzIGRlIGFsdW5vcyBkZSBvdXRyYXMgaW5zdGl0dWlcdTAwZTdcdTAwZjVlcywgYXBlbmFzIHJlZ2lzdHJhIG9zIGRpcGxvbWFzIGRlIGluc3RpdHVpXHUwMGU3XHUwMGY1ZXMgY29udmVuaWFkYXMuPFwvcD48ZGl2IGNsYXNzPVwiXCI+PGRpdiBjbGFzcz1cImNvbnRlbnQtdmlldy1lbWJlZFwiPjxkaXYgY2xhc3M9XCJjbGFzcy1pbWFnZVwiPjxkaXYgY2xhc3M9XCJhdHRyaWJ1dGUtaW1hZ2VcIj5QYXJhIGVzdHVkYW50ZXMgZGUgZ3JhZHVhXHUwMGU3XHUwMGUzbyBkYSBVRk1HLCBvcyBtZXNtb3MgZGV2ZW0gcHJvY3VyYXIgYXMgc2VcdTAwZTdcdTAwZjVlcyBkZSBlbnNpbm9cL2NvbGVnaWFkb3MgZGUgc2V1cyBjdXJzb3MsIHBhcmEgc29saWNpdGFyIGEgY29sYVx1MDBlN1x1MDBlM28gZGUgZ3JhdSBlIGFwcmVzZW50YXIgYSBkb2N1bWVudGFcdTAwZTdcdTAwZTNvIG5lY2Vzc1x1MDBlMXJpYS4gXHUwMGM5IGltcG9ydGFudGUgcXVlIGEgZG9jdW1lbnRhXHUwMGU3XHUwMGUzbyBhcHJlc2VudGFkYSBlc3RlamEgYXR1YWxpemFkYSwgcG9pcyBlc3R1ZGFudGVzIGRlIGdyYWR1YVx1MDBlN1x1MDBlM28gcmVjZWJlbSBkaXBsb21hcyBkaWdpdGFpcywgcXVlIG5cdTAwZTNvIHBvZGVtIHNlciBjb3JyaWdpZG9zLjxcL2Rpdj48XC9kaXY+PFwvZGl2PjxcL2Rpdj48ZGl2IGNsYXNzPVwiXCI+PGRpdiBjbGFzcz1cImNvbnRlbnQtdmlldy1lbWJlZFwiPjxkaXYgY2xhc3M9XCJjbGFzcy1pbWFnZVwiPjxkaXY+XHUwMGEwPFwvZGl2PjxkaXYgY2xhc3M9XCJhdHRyaWJ1dGUtaW1hZ2VcIj5QYXJhIGVzdHVkYW50ZXMgZGUgcFx1MDBmM3MtZ3JhZHVhXHUwMGU3XHUwMGUzbyBkYSBVRk1HLCBlc3RlcyBkZXZlbSBlbnRyYXIgZW0gY29udGF0byBjb20gYXMgc2VjcmV0YXJpYXMgZGUgc2V1cyByZXNwZWN0aXZvcyBjdXJzb3MgZSBzb2xpY2l0YXIgYSBlbWlzc1x1MDBlM28gZGUgc2V1cyBkaXBsb21hc1wvY2VydGlmaWNhZG9zLiBBcFx1MDBmM3MgbyByZXF1ZXJpbWVudG8sIG8gc2V0b3IgcmVzcG9uc1x1MDBlMXZlbCBlbWl0aXJcdTAwZTEgbyBkaXBsb21hIGUgbyBlbmNhbWluaGFyXHUwMGUxIHBhcmEgbyBEUkNBIChEZXBhcnRhbWVudG8gZGUgUmVnaXN0cm8gZSBDb250cm9sZSBBY2FkXHUwMGVhbWljbykgcGFyYSBvIHJlZ2lzdHJvLCBxdWUgXHUwMGU5IG8gYXRvIHF1ZSBjb25mZXJlIHZhbGlkYWRlIG5hY2lvbmFsIGFvIGRpcGxvbWEuPFwvZGl2PjxcL2Rpdj48XC9kaXY+PFwvZGl2PjxkaXYgY2xhc3M9XCJcIj48ZGl2IGNsYXNzPVwiY29udGVudC12aWV3LWVtYmVkXCI+PGRpdiBjbGFzcz1cImNsYXNzLWltYWdlXCI+PGRpdj5cdTAwYTA8XC9kaXY+PGRpdiBjbGFzcz1cImF0dHJpYnV0ZS1pbWFnZVwiPk8gRFJDQSB0YW1iXHUwMGU5bSBcdTAwZTkgcmVzcG9uc1x1MDBlMXZlbCBwZWxvIHJlZ2lzdHJvIGRlIGRpcGxvbWFzIGRlIG91dHJhcyAyMCBpbnN0aXR1aVx1MDBlN1x1MDBmNWVzIGRlIGVuc2lubyBzdXBlcmlvci4gTyBhcG9zdGlsYW1lbnRvIGRlIG5vdmFzIGhhYmlsaXRhXHUwMGU3XHUwMGY1ZXMgY29uY2x1XHUwMGVkZGFzIHRhbWJcdTAwZTltIHBhc3NhIHBlbG8gcHJvY2Vzc28gZGUgcmVnaXN0cm8gbm8gRFJDQS48XC9kaXY+PGRpdj5cdTAwYTA8XC9kaXY+PFwvZGl2PjxcL2Rpdj48XC9kaXY+PGRpdiBjbGFzcz1cIlwiPjxkaXYgY2xhc3M9XCJjb250ZW50LXZpZXctZW1iZWRcIj48ZGl2IGNsYXNzPVwiY2xhc3MtaW1hZ2VcIj48ZGl2IGNsYXNzPVwiYXR0cmlidXRlLWltYWdlXCI+UGFyYSBvYnRlciBpbmZvcm1hXHUwMGU3XHUwMGY1ZXMgYSByZXNwZWl0byBkbyBhbmRhbWVudG8gZG8gcHJvY2Vzc28sIHJlY29tZW5kYW1vcyB1dGlsaXphciBwcmlvcml0YXJpYW1lbnRlIG8gZS1tYWlsIDxzdHJvbmc+ZHJkQGRyY2EudWZtZy5ici48XC9zdHJvbmc+PFwvZGl2PjxcL2Rpdj48XC9kaXY+PFwvZGl2PjxkaXY+XHUwMGEwPFwvZGl2PjxkaXYgY2xhc3M9XCJcIj48ZGl2IGNsYXNzPVwiY29udGVudC12aWV3LWVtYmVkXCI+PGRpdj5cdTAwYTA8XC9kaXY+PGRpdj48YSBocmVmPVwiaHR0cHM6XC9cL3d3dy51Zm1nLmJyXC9kcmNhXC92aXN1YWxpemFjYW8tZS1jb25mb3JtaWRhZGUtbWVjLWRlLWRpcGxvbWEtZGlnaXRhbFwvXCIgdGFyZ2V0PVwiX2JsYW5rXCIgcmVsPVwibm9vcGVuZXJcIj5WaXN1YWxpemFcdTAwZTdcdTAwZTNvIGUgY29uZm9ybWlkYWRlIE1FQyBkZSBkaXBsb21hIGRpZ2l0YWw8XC9hPjxcL2Rpdj48ZGl2Plx1MDBhMDxcL2Rpdj48ZGl2PjxhIGhyZWY9XCJodHRwczpcL1wvd3d3LnVmbWcuYnJcL2RyY2FcLzJhLXZpYS1kZS1kaXBsb21hXC9cIiB0YXJnZXQ9XCJfYmxhbmtcIiByZWw9XCJub29wZW5lclwiPjJcdTAwYWEgVmlhIGRlIERpcGxvbWE8XC9hPjxcL2Rpdj48XC9kaXY+PGRpdj5cdTAwYTA8XC9kaXY+PGRpdiBjbGFzcz1cImNvbnRlbnQtdmlldy1lbWJlZFwiPjxkaXY+PGEgaHJlZj1cImh0dHBzOlwvXC93d3cudWZtZy5iclwvZHJjYVwvdmVyaWZpY2FjYW8tZG8tcmVnaXN0cm8tZG8tZGlwbG9tYVwvXCIgdGFyZ2V0PVwiX2JsYW5rXCIgcmVsPVwibm9vcGVuZXJcIj5WZXJpZmljYVx1MDBlN1x1MDBlM28gZG8gUmVnaXN0cm8gZG8gRGlwbG9tYTxcL2E+PFwvZGl2PjxkaXY+XHUwMGEwPFwvZGl2PjxkaXY+PGEgaHJlZj1cImh0dHBzOlwvXC93d3cudWZtZy5iclwvZHJjYVwvdGF4YXMtZGUtcmVnaXN0cm8tZGUtZGlwbG9tYXNcL1wiIHRhcmdldD1cIl9ibGFua1wiIHJlbD1cIm5vb3BlbmVyXCI+VGF4YXMgZGUgUmVnaXN0cm8gZGUgRGlwbG9tYXM8XC9hPjxcL2Rpdj48ZGl2Plx1MDBhMDxcL2Rpdj48ZGl2PjxhIGhyZWY9XCJodHRwczpcL1wvd3d3LnVmbWcuYnJcL2RyY2FcL3JldmFsaWRhY2FvLWRlLWRpcGxvbWFzXC9cIiB0YXJnZXQ9XCJfYmxhbmtcIiByZWw9XCJub29wZW5lclwiPlJldmFsaWRhXHUwMGU3XHUwMGUzbyBkZSBEaXBsb21hczxcL2E+PFwvZGl2PjxkaXY+XHUwMGEwPFwvZGl2PjxkaXY+PGEgaHJlZj1cImh0dHBzOlwvXC93d3cudWZtZy5iclwvZHJjYVwvbGVnaXNsYWNhby1ub3JtYXMtb2ZpY2lvc1wvXCIgdGFyZ2V0PVwiX2JsYW5rXCIgcmVsPVwibm9vcGVuZXJcIj5MZWdpc2xhXHUwMGU3XHUwMGUzbyAtIE5vcm1hcyAtIE9mXHUwMGVkY2lvczxcL2E+PFwvZGl2PjxcL2Rpdj48XC9kaXY+PGRpdj5cdTAwYTA8XC9kaXY+IiwiYWxpZ24iOiJqdXN0aWZ5IiwicGFyYWdyYXBoX3NwYWNpbmciOnsidW5pdCI6InB4Iiwic2l6ZSI6MCwic2l6ZXMiOltdfX0sImVsZW1lbnRzIjpbXSwid2lkZ2V0VHlwZSI6InRleHQtZWRpdG9yIn1dLCJpc0lubmVyIjpmYWxzZX1ddyQ1NDYzZGNlYi1lYmFhLTQ5NDMtOTA2MC00N2U0NTgzMzllYmN4d6ESPHA+TyBkaXBsb21hIMOpIHVtIGRvY3VtZW50byBvZmljaWFsIHF1ZSBjb21wcm92YSBhIGZvcm1hw6fDo28gYWNhZMOqbWljYSBkZSBzZXUgdGl0dWxhci4gUGFyYSBvYnTDqi1sbywgw6kgbmVjZXNzw6FyaW8gZmF6ZXIgbyByZXF1ZXJpbWVudG8ganVudG8gw6AgaW5zdGl0dWnDp8OjbyBkZSBlbnNpbm8uIFJlY29tZW5kYW1vcyBxdWUgbyByZXF1ZXJpbWVudG8gc2VqYSBmZWl0byBvIHF1YW50byBhbnRlcyBhcMOzcyBhIGNvbmNsdXPDo28gZG8gY3Vyc28uPC9wPgo8cD5FbmZhdGl6YW1vcyBxdWUgYSBVRk1HIG7Do28gcmVhbGl6YSBhIGVtaXNzw6NvIGRlIGRpcGxvbWFzIGRlIGFsdW5vcyBkZSBvdXRyYXMgaW5zdGl0dWnDp8O1ZXMsIGFwZW5hcyByZWdpc3RyYSBvcyBkaXBsb21hcyBkZSBpbnN0aXR1acOnw7VlcyBjb252ZW5pYWRhcy48L3A+CjxwPlBhcmEgZXN0dWRhbnRlcyBkZSBncmFkdWHDp8OjbyBkYSBVRk1HLCBvcyBtZXNtb3MgZGV2ZW0gcHJvY3VyYXIgYXMgc2XDp8O1ZXMgZGUgZW5zaW5vL2NvbGVnaWFkb3MgZGUgc2V1cyBjdXJzb3MsIHBhcmEgc29saWNpdGFyIGEgY29sYcOnw6NvIGRlIGdyYXUgZSBhcHJlc2VudGFyIGEgZG9jdW1lbnRhw6fDo28gbmVjZXNzw6FyaWEuIMOJIGltcG9ydGFudGUgcXVlIGEgZG9jdW1lbnRhw6fDo28gYXByZXNlbnRhZGEgZXN0ZWphIGF0dWFsaXphZGEsIHBvaXMgZXN0dWRhbnRlcyBkZSBncmFkdWHDp8OjbyByZWNlYmVtIGRpcGxvbWFzIGRpZ2l0YWlzLCBxdWUgbsOjbyBwb2RlbSBzZXIgY29ycmlnaWRvcy7CoFBhcmEgZXN0dWRhbnRlcyBkZSBww7NzLWdyYWR1YcOnw6NvIGRhIFVGTUcsIGVzdGVzIGRldmVtIGVudHJhciBlbSBjb250YXRvIGNvbSBhcyBzZWNyZXRhcmlhcyBkZSBzZXVzIHJlc3BlY3Rpdm9zIGN1cnNvcyBlIHNvbGljaXRhciBhIGVtaXNzw6NvIGRlIHNldXMgZGlwbG9tYXMvY2VydGlmaWNhZG9zLiBBcMOzcyBvIHJlcXVlcmltZW50bywgbyBzZXRvciByZXNwb25zw6F2ZWwgZW1pdGlyw6EgbyBkaXBsb21hIGUgbyBlbmNhbWluaGFyw6EgcGFyYSBvIERSQ0EgKERlcGFydGFtZW50byBkZSBSZWdpc3RybyBlIENvbnRyb2xlIEFjYWTDqm1pY28pIHBhcmEgbyByZWdpc3RybywgcXVlIMOpIG8gYXRvIHF1ZSBjb25mZXJlIHZhbGlkYWRlIG5hY2lvbmFsIGFvIGRpcGxvbWEuwqBPIERSQ0EgdGFtYsOpbSDDqSByZXNwb25zw6F2ZWwgcGVsbyByZWdpc3RybyBkZSBkaXBsb21hcyBkZSBvdXRyYXMgMjAgaW5zdGl0dWnDp8O1ZXMgZGUgZW5zaW5vIHN1cGVyaW9yLiBPIGFwb3N0aWxhbWVudG8gZGUgbm92YXMgaGFiaWxpdGHDp8O1ZXMgY29uY2x1w61kYXMgdGFtYsOpbSBwYXNzYSBwZWxvIHByb2Nlc3NvIGRlIHJlZ2lzdHJvIG5vIERSQ0EuwqBQYXJhIG9idGVyIGluZm9ybWHDp8O1ZXMgYSByZXNwZWl0byBkbyBhbmRhbWVudG8gZG8gcHJvY2Vzc28sIHJlY29tZW5kYW1vcyB1dGlsaXphciBwcmlvcml0YXJpYW1lbnRlIG8gZS1tYWlsIDxzdHJvbmc+ZHJkQGRyY2EudWZtZy5ici48L3N0cm9uZz7CoMKgPGEgaHJlZj0iaHR0cHM6Ly93d3cudWZtZy5ici9kcmNhL3Zpc3VhbGl6YWNhby1lLWNvbmZvcm1pZGFkZS1tZWMtZGUtZGlwbG9tYS1kaWdpdGFsLyIgdGFyZ2V0PSJfYmxhbmsiIHJlbD0ibm9vcGVuZXIiPlZpc3VhbGl6YcOnw6NvIGUgY29uZm9ybWlkYWRlIE1FQyBkZSBkaXBsb21hIGRpZ2l0YWw8L2E+wqA8YSBocmVmPSJodHRwczovL3d3dy51Zm1nLmJyL2RyY2EvMmEtdmlhLWRlLWRpcGxvbWEvIiB0YXJnZXQ9Il9ibGFuayIgcmVsPSJub29wZW5lciI+MsKqIFZpYSBkZSBEaXBsb21hPC9hPsKgPGEgaHJlZj0iaHR0cHM6Ly93d3cudWZtZy5ici9kcmNhL3ZlcmlmaWNhY2FvLWRvLXJlZ2lzdHJvLWRvLWRpcGxvbWEvIiB0YXJnZXQ9Il9ibGFuayIgcmVsPSJub29wZW5lciI+VmVyaWZpY2HDp8OjbyBkbyBSZWdpc3RybyBkbyBEaXBsb21hPC9hPsKgPGEgaHJlZj0iaHR0cHM6Ly93d3cudWZtZy5ici9kcmNhL3RheGFzLWRlLXJlZ2lzdHJvLWRlLWRpcGxvbWFzLyIgdGFyZ2V0PSJfYmxhbmsiIHJlbD0ibm9vcGVuZXIiPlRheGFzIGRlIFJlZ2lzdHJvIGRlIERpcGxvbWFzPC9hPsKgPGEgaHJlZj0iaHR0cHM6Ly93d3cudWZtZy5ici9kcmNhL3JldmFsaWRhY2FvLWRlLWRpcGxvbWFzLyIgdGFyZ2V0PSJfYmxhbmsiIHJlbD0ibm9vcGVuZXIiPlJldmFsaWRhw6fDo28gZGUgRGlwbG9tYXM8L2E+wqA8YSBocmVmPSJodHRwczovL3d3dy51Zm1nLmJyL2RyY2EvbGVnaXNsYWNhby1ub3JtYXMtb2ZpY2lvcy8iIHRhcmdldD0iX2JsYW5rIiByZWw9Im5vb3BlbmVyIj5MZWdpc2xhw6fDo28gLSBOb3JtYXMgLSBPZsOtY2lvczwvYT48L3A+dw1jb3JlL2ZyZWVmb3Jtd6ESPHA+TyBkaXBsb21hIMOpIHVtIGRvY3VtZW50byBvZmljaWFsIHF1ZSBjb21wcm92YSBhIGZvcm1hw6fDo28gYWNhZMOqbWljYSBkZSBzZXUgdGl0dWxhci4gUGFyYSBvYnTDqi1sbywgw6kgbmVjZXNzw6FyaW8gZmF6ZXIgbyByZXF1ZXJpbWVudG8ganVudG8gw6AgaW5zdGl0dWnDp8OjbyBkZSBlbnNpbm8uIFJlY29tZW5kYW1vcyBxdWUgbyByZXF1ZXJpbWVudG8gc2VqYSBmZWl0byBvIHF1YW50byBhbnRlcyBhcMOzcyBhIGNvbmNsdXPDo28gZG8gY3Vyc28uPC9wPgo8cD5FbmZhdGl6YW1vcyBxdWUgYSBVRk1HIG7Do28gcmVhbGl6YSBhIGVtaXNzw6NvIGRlIGRpcGxvbWFzIGRlIGFsdW5vcyBkZSBvdXRyYXMgaW5zdGl0dWnDp8O1ZXMsIGFwZW5hcyByZWdpc3RyYSBvcyBkaXBsb21hcyBkZSBpbnN0aXR1acOnw7VlcyBjb252ZW5pYWRhcy48L3A+CjxwPlBhcmEgZXN0dWRhbnRlcyBkZSBncmFkdWHDp8OjbyBkYSBVRk1HLCBvcyBtZXNtb3MgZGV2ZW0gcHJvY3VyYXIgYXMgc2XDp8O1ZXMgZGUgZW5zaW5vL2NvbGVnaWFkb3MgZGUgc2V1cyBjdXJzb3MsIHBhcmEgc29saWNpdGFyIGEgY29sYcOnw6NvIGRlIGdyYXUgZSBhcHJlc2VudGFyIGEgZG9jdW1lbnRhw6fDo28gbmVjZXNzw6FyaWEuIMOJIGltcG9ydGFudGUgcXVlIGEgZG9jdW1lbnRhw6fDo28gYXByZXNlbnRhZGEgZXN0ZWphIGF0dWFsaXphZGEsIHBvaXMgZXN0dWRhbnRlcyBkZSBncmFkdWHDp8OjbyByZWNlYmVtIGRpcGxvbWFzIGRpZ2l0YWlzLCBxdWUgbsOjbyBwb2RlbSBzZXIgY29ycmlnaWRvcy7CoFBhcmEgZXN0dWRhbnRlcyBkZSBww7NzLWdyYWR1YcOnw6NvIGRhIFVGTUcsIGVzdGVzIGRldmVtIGVudHJhciBlbSBjb250YXRvIGNvbSBhcyBzZWNyZXRhcmlhcyBkZSBzZXVzIHJlc3BlY3Rpdm9zIGN1cnNvcyBlIHNvbGljaXRhciBhIGVtaXNzw6NvIGRlIHNldXMgZGlwbG9tYXMvY2VydGlmaWNhZG9zLiBBcMOzcyBvIHJlcXVlcmltZW50bywgbyBzZXRvciByZXNwb25zw6F2ZWwgZW1pdGlyw6EgbyBkaXBsb21hIGUgbyBlbmNhbWluaGFyw6EgcGFyYSBvIERSQ0EgKERlcGFydGFtZW50byBkZSBSZWdpc3RybyBlIENvbnRyb2xlIEFjYWTDqm1pY28pIHBhcmEgbyByZWdpc3RybywgcXVlIMOpIG8gYXRvIHF1ZSBjb25mZXJlIHZhbGlkYWRlIG5hY2lvbmFsIGFvIGRpcGxvbWEuwqBPIERSQ0EgdGFtYsOpbSDDqSByZXNwb25zw6F2ZWwgcGVsbyByZWdpc3RybyBkZSBkaXBsb21hcyBkZSBvdXRyYXMgMjAgaW5zdGl0dWnDp8O1ZXMgZGUgZW5zaW5vIHN1cGVyaW9yLiBPIGFwb3N0aWxhbWVudG8gZGUgbm92YXMgaGFiaWxpdGHDp8O1ZXMgY29uY2x1w61kYXMgdGFtYsOpbSBwYXNzYSBwZWxvIHByb2Nlc3NvIGRlIHJlZ2lzdHJvIG5vIERSQ0EuwqBQYXJhIG9idGVyIGluZm9ybWHDp8O1ZXMgYSByZXNwZWl0byBkbyBhbmRhbWVudG8gZG8gcHJvY2Vzc28sIHJlY29tZW5kYW1vcyB1dGlsaXphciBwcmlvcml0YXJpYW1lbnRlIG8gZS1tYWlsIDxzdHJvbmc+ZHJkQGRyY2EudWZtZy5ici48L3N0cm9uZz7CoMKgPGEgaHJlZj0iaHR0cHM6Ly93d3cudWZtZy5ici9kcmNhL3Zpc3VhbGl6YWNhby1lLWNvbmZvcm1pZGFkZS1tZWMtZGUtZGlwbG9tYS1kaWdpdGFsLyIgdGFyZ2V0PSJfYmxhbmsiIHJlbD0ibm9vcGVuZXIiPlZpc3VhbGl6YcOnw6NvIGUgY29uZm9ybWlkYWRlIE1FQyBkZSBkaXBsb21hIGRpZ2l0YWw8L2E+wqA8YSBocmVmPSJodHRwczovL3d3dy51Zm1nLmJyL2RyY2EvMmEtdmlhLWRlLWRpcGxvbWEvIiB0YXJnZXQ9Il9ibGFuayIgcmVsPSJub29wZW5lciI+MsKqIFZpYSBkZSBEaXBsb21hPC9hPsKgPGEgaHJlZj0iaHR0cHM6Ly93d3cudWZtZy5ici9kcmNhL3ZlcmlmaWNhY2FvLWRvLXJlZ2lzdHJvLWRvLWRpcGxvbWEvIiB0YXJnZXQ9Il9ibGFuayIgcmVsPSJub29wZW5lciI+VmVyaWZpY2HDp8OjbyBkbyBSZWdpc3RybyBkbyBEaXBsb21hPC9hPsKgPGEgaHJlZj0iaHR0cHM6Ly93d3cudWZtZy5ici9kcmNhL3RheGFzLWRlLXJlZ2lzdHJvLWRlLWRpcGxvbWFzLyIgdGFyZ2V0PSJfYmxhbmsiIHJlbD0ibm9vcGVuZXIiPlRheGFzIGRlIFJlZ2lzdHJvIGRlIERpcGxvbWFzPC9hPsKgPGEgaHJlZj0iaHR0cHM6Ly93d3cudWZtZy5ici9kcmNhL3JldmFsaWRhY2FvLWRlLWRpcGxvbWFzLyIgdGFyZ2V0PSJfYmxhbmsiIHJlbD0ibm9vcGVuZXIiPlJldmFsaWRhw6fDo28gZGUgRGlwbG9tYXM8L2E+wqA8YSBocmVmPSJodHRwczovL3d3dy51Zm1nLmJyL2RyY2EvbGVnaXNsYWNhby1ub3JtYXMtb2ZpY2lvcy8iIHRhcmdldD0iX2JsYW5rIiByZWw9Im5vb3BlbmVyIj5MZWdpc2xhw6fDo28gLSBOb3JtYXMgLSBPZsOtY2lvczwvYT48L3A+FgB3EzIwMjYtMDEtMjhUMTM6MjE6Mjh3FHJlZ2lzdHJvLWRlLWRpcGxvbWFzdwdwdWJsaXNofQR9AHcGY2xvc2VkdwZjbG9zZWR3AHl3AH51AAG7vbugCwIAACIC\",\"updateId\":2609670}","footnotes":""},"folder":[],"class_list":["post-234","page","type-page","status-publish","hentry"],"acf":[],"_links":{"self":[{"href":"https:\/\/www.ufmg.br\/drca\/wp-json\/wp\/v2\/pages\/234","targetHints":{"allow":["GET"]}}],"collection":[{"href":"https:\/\/www.ufmg.br\/drca\/wp-json\/wp\/v2\/pages"}],"about":[{"href":"https:\/\/www.ufmg.br\/drca\/wp-json\/wp\/v2\/types\/page"}],"author":[{"embeddable":true,"href":"https:\/\/www.ufmg.br\/drca\/wp-json\/wp\/v2\/users\/4"}],"replies":[{"embeddable":true,"href":"https:\/\/www.ufmg.br\/drca\/wp-json\/wp\/v2\/comments?post=234"}],"version-history":[{"count":27,"href":"https:\/\/www.ufmg.br\/drca\/wp-json\/wp\/v2\/pages\/234\/revisions"}],"predecessor-version":[{"id":1957,"href":"https:\/\/www.ufmg.br\/drca\/wp-json\/wp\/v2\/pages\/234\/revisions\/1957"}],"wp:attachment":[{"href":"https:\/\/www.ufmg.br\/drca\/wp-json\/wp\/v2\/media?parent=234"}],"wp:term":[{"taxonomy":"folder","embeddable":true,"href":"https:\/\/www.ufmg.br\/drca\/wp-json\/wp\/v2\/folder?post=234"}],"curies":[{"name":"wp","href":"https:\/\/api.w.org\/{rel}","templated":true}]}}