{"id":236,"date":"2026-01-28T13:21:54","date_gmt":"2026-01-28T16:21:54","guid":{"rendered":"https:\/\/www.ufmg.br\/drca\/?page_id=236"},"modified":"2026-04-27T12:56:05","modified_gmt":"2026-04-27T15:56:05","slug":"documentos","status":"publish","type":"page","link":"https:\/\/www.ufmg.br\/drca\/documentos\/","title":{"rendered":"Formul\u00e1rios e Roteiros"},"content":{"rendered":"\t\t<div data-elementor-type=\"wp-page\" data-elementor-id=\"236\" class=\"elementor elementor-236\">\n\t\t\t\t<div class=\"elementor-element elementor-element-ac45536 e-flex e-con-boxed e-con e-parent\" data-id=\"ac45536\" data-element_type=\"container\" data-e-type=\"container\">\n\t\t\t\t\t<div class=\"e-con-inner\">\n\t\t\t\t<div class=\"elementor-element elementor-element-df055b2 elementor-widget elementor-widget-text-editor\" data-id=\"df055b2\" data-element_type=\"widget\" data-e-type=\"widget\" data-widget_type=\"text-editor.default\">\n\t\t\t\t\t\t\t\t\t<h6>1-\u00a0<a href=\"https:\/\/www.ufmg.br\/drca\/wp-content\/uploads\/2026\/04\/MODELO-DE-PROPOSTA-DE-PLANO-DE-INTEGRALIZACAO-PARA-CONTINUIDADE-DE-ESTUDOS.docx\" target=\"_blank\" rel=\"noreferrer noopener\">MODELO DE PROPOSTA DE PLANO DE INTEGRALIZA\u00c7\u00c3O PARA CONTINUIDADE DE ESTUDOS<\/a><\/h6><p><!-- \/wp:heading --><\/p><p><!-- wp:heading {\"level\":6} --><\/p><h6 class=\"wp-block-heading\">2 \u2013\u00a0<a href=\"https:\/\/www.ufmg.br\/drca\/wp-content\/uploads\/2026\/04\/REQUERIMENTO-E-PLANO-DE-INTEGRALIZACAO-PARA-FIM-DE-REVISAO-DE-DESLIGAMENTO.pdf\" target=\"_blank\" rel=\"noreferrer noopener\">REQUERIMENTO E PLANO DE INTEGRALIZA\u00c7\u00c3O PARA FIM DE REVIS\u00c3O DE DESLIGAMENTO<\/a><\/h6><p><!-- \/wp:heading --><\/p><p><!-- wp:heading {\"level\":6} --><\/p><h6 class=\"wp-block-heading\">3 \u2013\u00a0<a href=\"https:\/\/www.ufmg.br\/drca\/wp-content\/uploads\/2026\/04\/REQUERIMENTO-DE-TRANCAMENTO-PARCIAL-DE-MATRICULA.pdf\" target=\"_blank\" rel=\"noreferrer noopener\">REQUERIMENTO DE TRANCAMENTO PARCIAL DE MATR\u00cdCULA<\/a><\/h6><p><!-- \/wp:heading --><\/p><p><!-- wp:heading {\"level\":6} --><\/p><h6 class=\"wp-block-heading\">4 \u2013\u00a0<a href=\"https:\/\/www.ufmg.br\/drca\/wp-content\/uploads\/2026\/04\/REQUERIMENTO-DE-TRANCAMENTO-PARCIAL-DE-MATRICULA.pdf\" target=\"_blank\" rel=\"noreferrer noopener\">REQUERIMENTO DE TRANCAMENTO TOTAL DE MATR\u00cdCULA<\/a><\/h6><p><!-- \/wp:heading --><\/p><p><!-- wp:heading {\"level\":6} --><\/p><h6 class=\"wp-block-heading\">5 \u2013\u00a0<a href=\"https:\/\/www.ufmg.br\/drca\/wp-content\/uploads\/2026\/04\/REQUERIMENTO-DE-REGIME-ESPECIAL.pdf\" target=\"_blank\" rel=\"noreferrer noopener\">REQUERIMENTO DE REGIME ESPECIAL<\/a><\/h6><p><!-- \/wp:heading --><\/p><p><!-- wp:heading {\"level\":6} --><\/p><h6 class=\"wp-block-heading\">6 \u2013\u00a0<a href=\"https:\/\/www.ufmg.br\/drca\/wp-content\/uploads\/2026\/04\/REQUERIMENTO-DE-AVALIACAO-MEDICA.pdf\" target=\"_blank\" rel=\"noreferrer noopener\">REQUERIMENTO DE AVALIA\u00c7\u00c3O M\u00c9DICA<\/a><\/h6><p><!-- \/wp:heading --><\/p><p><!-- wp:heading {\"level\":6} --><\/p><h6 class=\"wp-block-heading\">7 \u2013\u00a0<a href=\"https:\/\/www.ufmg.br\/drca\/wp-content\/uploads\/2026\/04\/REQUERIMENTO-DE-MUDANCA-DE-TURNO.pdf\" target=\"_blank\" rel=\"noreferrer noopener\">REQUERIMENTO DE MUDAN\u00c7A DE TURNO<\/a><\/h6><p><!-- \/wp:heading --><\/p><p><!-- wp:heading {\"level\":6} --><\/p><h6 class=\"wp-block-heading\">8 \u2013\u00a0<a href=\"https:\/\/www.ufmg.br\/drca\/wp-content\/uploads\/2026\/04\/REQUERIMENTO-DE-TRANSFERENCIA-PARA-OUTRA-IES.pdf\" target=\"_blank\" rel=\"noreferrer noopener\">REQUERIMENTO DE TRANSFER\u00caNCIA PARA OUTRA IES<\/a><\/h6><p><!-- \/wp:heading --><\/p><p><!-- wp:heading {\"level\":6} --><\/p><h6 class=\"wp-block-heading\">9 \u2013\u00a0<a href=\"https:\/\/www.ufmg.br\/drca\/wp-content\/uploads\/2026\/04\/REQUERIMENTO-DE-APROVEITAMENTO-DE-ESTUDOS.pdf\" target=\"_blank\" rel=\"noreferrer noopener\">REQUERIMENTO DE APROVEITAMENTO DE ESTUDOS<\/a><\/h6><p><!-- \/wp:heading --><\/p><p><!-- wp:heading {\"level\":6} --><\/p><h6 class=\"wp-block-heading\">10 \u2013\u00a0<a href=\"https:\/\/www.ufmg.br\/drca\/wp-content\/uploads\/2026\/04\/REQUERIMENTO-DE-MUDANCA-DE-PERCURSO-CURRICULAR.pdf\" target=\"_blank\" rel=\"noreferrer noopener\">REQUERIMENTO DE MUDAN\u00c7A DE PERCURSO CURRICULAR<\/a><\/h6><p><!-- \/wp:heading --><\/p><p><!-- wp:heading {\"level\":6} --><\/p><h6 class=\"wp-block-heading\">11 \u2013\u00a0<a href=\"https:\/\/www.ufmg.br\/drca\/wp-content\/uploads\/2026\/04\/REQUERIMENTO-DE-MATRICULA-EM-ATIVIDADE-ACADEMICAFORMACAO-LIVRE.pdf\" target=\"_blank\" rel=\"noreferrer noopener\">REQUERIMENTO DE MATR\u00cdCULA EM ATIVIDADE ACAD\u00caMICA(FORMA\u00c7\u00c3O LIVRE)<\/a><\/h6><p><!-- \/wp:heading --><\/p><p><!-- wp:heading {\"level\":6} --><\/p><h6 class=\"wp-block-heading\">12 \u2013\u00a0<a href=\"https:\/\/www.ufmg.br\/drca\/wp-content\/uploads\/2026\/04\/REQUERIMENTO-DE-MATRICULA-EM-ATIVIDADE-ACADEMICA-ELETIVAPOS-GRADUACAO.pdf\" target=\"_blank\" rel=\"noreferrer noopener\">REQUERIMENTO DE MATR\u00cdCULA EM ATIVIDADE ACAD\u00caMICA ELETIVA(P\u00d3S-GRADUA\u00c7\u00c3O)<\/a><\/h6><p><!-- \/wp:heading --><\/p><p><!-- wp:heading {\"level\":6} --><\/p><h6 class=\"wp-block-heading\">13 \u2013\u00a0<a href=\"https:\/\/www.ufmg.br\/drca\/wp-content\/uploads\/2026\/04\/AUTORIZACAO-DE-MATRICULA-EM-ATIVIDADE-ACADEMICAFORMACAO-LIVRE.pdf\" target=\"_blank\" rel=\"noreferrer noopener\">AUTORIZA\u00c7\u00c3O DE MATR\u00cdCULA EM ATIVIDADE ACAD\u00caMICA(FORMA\u00c7\u00c3O LIVRE)<\/a><\/h6><p><!-- \/wp:heading --><\/p><p><!-- wp:heading {\"level\":6} --><\/p><h6 class=\"wp-block-heading\">14 \u2013\u00a0<a href=\"https:\/\/www.ufmg.br\/drca\/wp-content\/uploads\/2026\/04\/REQUERIMENTO-DE-MATRICULA-EM-ATIVIDADE-ISOLADA.pdf\" target=\"_blank\" rel=\"noreferrer noopener\">REQUERIMENTO DE MATR\u00cdCULA EM ATIVIDADE ISOLADA<\/a><\/h6><p><!-- \/wp:heading --><\/p><p><!-- wp:heading {\"level\":6} --><\/p><h6 class=\"wp-block-heading\">15 \u2013\u00a0<a href=\"https:\/\/www.ufmg.br\/drca\/wp-content\/uploads\/2026\/04\/REQUERIMENTO-DE-CONTINUIDADE-DE-ESTUDOS.pdf\" target=\"_blank\" rel=\"noreferrer noopener\">REQUERIMENTO DE CONTINUIDADE DE ESTUDOS<\/a><\/h6><p><!-- \/wp:heading --><\/p><p><!-- wp:heading {\"level\":6} --><\/p><h6 class=\"wp-block-heading\">16 \u2013\u00a0<a href=\"https:\/\/www.ufmg.br\/drca\/wp-content\/uploads\/2026\/04\/REQUERIMENTO-DE-TRANSFERENCIA-ESPECIAL.pdf\" target=\"_blank\" rel=\"noreferrer noopener\">REQUERIMENTO DE TRANSFER\u00caNCIA ESPECIAL<\/a><\/h6><p><!-- \/wp:heading --><\/p><p><!-- wp:heading {\"level\":6} --><\/p><h6 class=\"wp-block-heading\">17 \u2013\u00a0<a href=\"https:\/\/www.ufmg.br\/drca\/wp-content\/uploads\/2026\/04\/REQUERIMENTO-DE-MUDANCA-DE-PERCURSO-CURRICULARMODALIDADE-HABILITACAO-OU-ENFASE.pdf\" target=\"_blank\" rel=\"noreferrer noopener\">REQUERIMENTO DE MUDAN\u00c7A DE PERCURSO CURRICULAR(MODALIDADE, HABILITA\u00c7\u00c3O OU \u00caNFASE)<\/a><\/h6><p><!-- \/wp:heading --><\/p><p><!-- wp:heading {\"level\":6} --><\/p><h6 class=\"wp-block-heading\">18 \u2013\u00a0<a href=\"https:\/\/www.ufmg.br\/drca\/wp-content\/uploads\/2026\/04\/REQUERIMENTO-DE-INSCRICAO-A-COLACAO-DE-GRAU.pdf\" target=\"_blank\" rel=\"noreferrer noopener\">REQUERIMENTO DE INSCRI\u00c7\u00c3O \u00c0 COLA\u00c7\u00c3O DE GRAU<\/a><\/h6><p><!-- \/wp:heading --><\/p><p><!-- wp:heading {\"level\":6} --><\/p><h6 class=\"wp-block-heading\">19 \u2013\u00a0<a href=\"https:\/\/www.ufmg.br\/drca\/wp-content\/uploads\/2026\/04\/REQUERIMENTO-DE-INSCRICAO-AO-EXAME-ESPECIAL.pdf\" target=\"_blank\" rel=\"noreferrer noopener\">REQUERIMENTO DE INSCRI\u00c7\u00c3O AO EXAME ESPECIAL<\/a><\/h6><p><!-- \/wp:heading --><\/p><p><!-- wp:heading {\"level\":6} --><\/p><h6 class=\"wp-block-heading\">20 \u2013\u00a0<a href=\"https:\/\/www.ufmg.br\/drca\/wp-content\/uploads\/2026\/04\/REQUERIMENTO-PARA-PRIORIDADE-DE-REGISTRO-DE-DIPLOMA.pdf\" target=\"_blank\" rel=\"noreferrer noopener\">REQUERIMENTO PARA PRIORIDADE DE REGISTRO DE DIPLOMA<\/a><\/h6><p><!-- \/wp:heading --><\/p><p><!-- wp:heading {\"level\":6} --><\/p><h6 class=\"wp-block-heading\">21 \u2013\u00a0<a href=\"https:\/\/www.ufmg.br\/drca\/wp-content\/uploads\/2026\/04\/REQUERIMENTO-PARA-INCLUSAO-DE-NOME-SOCIAL.pdf\" target=\"_blank\" rel=\"noreferrer noopener\">REQUERIMENTO PARA INCLUS\u00c3O DE NOME SOCIAL<\/a><\/h6><p><!-- \/wp:heading --><\/p><p><!-- wp:heading {\"level\":6} --><\/p><h6 class=\"wp-block-heading\">22 \u2013\u00a0<a href=\"https:\/\/www.ufmg.br\/drca\/wp-content\/uploads\/2026\/04\/Comprovacao-de-Conhecimentos-Funcao-Estudante.pdf\" target=\"_blank\" rel=\"noreferrer noopener\">ROTEIRO COMPROVA\u00c7\u00c3O DE CONHECIMENTO \u2013 FUN\u00c7\u00c3O ESTUDANTE<\/a><\/h6><p><!-- \/wp:heading --><\/p><p><!-- wp:heading {\"level\":6} --><\/p><h6 class=\"wp-block-heading\">23 \u2013\u00a0<a href=\"https:\/\/www.ufmg.br\/drca\/wp-content\/uploads\/2026\/04\/Comprovacao-de-Conhecimentos-Funcao-Colegiado-de-Curso-ou-Secoes-de-Ensino.pdf\" target=\"_blank\" rel=\"noreferrer noopener\">ROTEIRO COMPROVA\u00c7\u00c3O DE CONHECIMENTO \u2013 FUN\u00c7\u00c3O COLEGIADO OU SE\u00c7\u00c3O DE ENSINO<\/a><\/h6><p><!-- \/wp:heading --><\/p><p><!-- wp:heading {\"level\":6} --><\/p><h6 class=\"wp-block-heading\">24 \u2013\u00a0<a href=\"https:\/\/www.ufmg.br\/drca\/wp-content\/uploads\/2026\/04\/Manual-para-o-pedido-de-Regime-Especial-de-Permanencia-RAEP-Funcao-do-Estudante.pdf\" target=\"_blank\" rel=\"noreferrer noopener\">ROTEIRO REGIME ESPECIAL DE PERMAN\u00caNCIA (RAEP) \u2013 FUN\u00c7\u00c3O ESTUDANTE<\/a><\/h6><p><!-- \/wp:heading --><\/p><p><!-- wp:paragraph --><\/p><p><!-- \/wp:paragraph --><\/p><p>\u00a0<\/p>\t\t\t\t\t\t\t\t<\/div>\n\t\t\t\t\t<\/div>\n\t\t\t\t<\/div>\n\t\t\t\t<\/div>\n\t\t","protected":false},"excerpt":{"rendered":"<p>1-\u00a0MODELO DE PROPOSTA DE PLANO DE INTEGRALIZA\u00c7\u00c3O PARA CONTINUIDADE DE ESTUDOS 2 \u2013\u00a0REQUERIMENTO E PLANO DE INTEGRALIZA\u00c7\u00c3O PARA FIM DE REVIS\u00c3O DE DESLIGAMENTO 3 \u2013\u00a0REQUERIMENTO DE TRANCAMENTO PARCIAL DE MATR\u00cdCULA 4 \u2013\u00a0REQUERIMENTO DE TRANCAMENTO TOTAL DE MATR\u00cdCULA 5 \u2013\u00a0REQUERIMENTO DE REGIME ESPECIAL 6 \u2013\u00a0REQUERIMENTO DE AVALIA\u00c7\u00c3O M\u00c9DICA 7 \u2013\u00a0REQUERIMENTO DE MUDAN\u00c7A DE TURNO 8 \u2013\u00a0REQUERIMENTO [&hellip;]<\/p>\n","protected":false},"author":4,"featured_media":0,"parent":0,"menu_order":0,"comment_status":"closed","ping_status":"closed","template":"","meta":{"_acf_changed":false,"_crdt_document":"{\"document\":\"AAAwl9Ob2R79tdjFEQO76sGSE\/212MURyQW35sbLC5fTm9keqcyJqAaE8LCCBrvqwZIT7QUyAq7\/DwLIgBCkoA2aCKQBmgikAbIGvEauBqQBrgWkAbIFpAGyBaQBogakAZYGpAGsBqQBsAekAYwIpAGsB7hHrAakAZAGpAGMBqQBsgikAaAGpAGgBqQBgAekAQgCjAakAYIFqAGkAbwFjgKeCYgGArgB5P8PbiQBAxACAGCqCgyUAq4HGIgCigOCApQBsAQYkAGsAoIBMoQEGDSIAyo0qAMYjAGgAxiGAb4DGJABoAMYtAG2AxiCArwCOroBqgQYkAGkAxiCAaYDGIABvgMYlgKIAyqKAaoDGIoBkgM6mgGcBRiEAQgCEgMAlgEs4gK0BOwEhgUCHNAFoAXcBbwFBHQQpgMEygOqCALAhgEMjIwB+IkBrgcYjIYBxIQBigOCAqaCAdKBAbAEGL5\/7n6sAoIBjH7afYQEGIx82HuIAyq6esZ6qAMYrHngeKADGIh4wne+Axicdsx1oAMYnnXqc7YDGLRz8nG8AjqQctZwqgQYtm7mbaQDGIxtymymAxima+ZqvgMYumrkaIgDKpxo0meqAxi0ZuplkgM6kmX4Y5wFGKph8lsaApRf2mSyBaYDpF\/oaIIVmgSuA7QDjAOOA5QDpgOgA7ADigSYBMY4qggCsm7ad5Y8owMAmgOqBKoDpAO0A6YDvgOiBLQU7GwCyIgBjgqqBYYIgu4B7ukBuAWUBIYFhAWcBYgFggaWBZ4HjAWABZYFtgWeBbQEsAeqBi4gtocBAt6MASyQugU44KgEAqanBKYBAnDgvQagvQbgvQaiiw2iCNzXBjiW4QaaCKQBmgikAbIGogHIIKwntgW7BQCqBp4GtAa4B5QI1j2aRa4GpAGuBaQBsgWkAbIFpAGiBqQBlgakAawGpAGwB6QBjAikAawH4FGoWZgGlAa6CKkGAIgHngayBvQ9lkasBqQBkAakAYwGpAGyCKQBoAakAaAGpAGAB6QBCAKMBqQBggWoAaQBvAWOAqIBvAeIBgK4AdT4BwLqhwiYA6UDgqENmgikAZoIpAGyBrxGrgakAa4FpAGyBaQBsgWkAaIGpAGWBqQBrAakAbAHpAGMCKQBrAe4R6wGpAGQBqQBjAakAbIIpAGgBqQBoAakAYAHpAEIAowGpAGCBagBpAG8BY4CngmIBgK4AcD\/D6aAAQAIAQEUAAQBAIwFEAEAIAEA1H0MAJQCrgcYAIgCigOCAgCUAbAEGACQAawCggEAMoQEGAA0iAMqADSoAxgAjAGgAxgAhgG+AxgAkAGgAxgAtAG2AxgAggK8AjoAugGqBBgAkAGkAxgAggGmAxgAgAG+AxgAlgKIAyoAigGqAxgAigGSAzoAmgGcBRgAuAUaAgDGBZYJAgDECYIVmgSuA7QDjAOOA5QDpgOgA7ADigSYBN4vAwAA6AiWPKMDAJoDqgSqA6QDtAOmA74DogS0FOhsqASiBLQDAK4DjAOUA44DpwMAqgOKBJwEiASwA5wDmgOwBKUDALoDoAOoA6wU\/vgBmIEBLAEAktQCvuUCONC+BryGCLTcAQEA1OMBpgSk3wEBBXYBB4bYAwESxtgDAQeG2AMBG5sCKACoA4QAIQDBNaEAAAAhACgCJwABACcBKAQnACgBIQIoAScAAQAAAIEAAADBAAAAAQCBRQAAwQoAAMECAADBAAAAwQIAACEBAADBAwAAwQcAAMELAADBCwAAwQsAAMEHAADBCwAAwQsAAMELAADBEAAAwQuhAQAAwQMAAMEPAADBBKEBAABBAMEDoQEAAEEAwQChAQAGwQAAAcEAAADBAAAAwQAAAMEAAADBAAAAQQDBCAAAwQAAAMEAAADBAAAAwQAAAMEAAADBAAAAwQAAAMEAAADBAAAAwQAAAMEUAADBAAAAwQAAAMEAAADBAAAAwQAAAMEAAADBAAAAwQAAAMEAAADBAAAAwRgAAMEEoQEhAIQAIQAAACEAqOoDtQNzdGF0ZXZlcnNpb25Gb3JtdWzDoXJpb3NzdGF0ZXZlcnNpb25zdGF0ZXZlcnNpb25kb2N1bWVudGRhdGVkb2N1bWVudHNsdWdkb2N1bWVudHN0YXR1c2RvY3VtZW50dGl0bGVkb2N1bWVudGNvbnRlbnRkb2N1bWVudGV4Y2VycHRkb2N1bWVudGF1dGhvcmRvY3VtZW50ZmVhdHVyZWRfbWVkaWFkb2N1bWVudGNvbW1lbnRfc3RhdHVzZG9jdW1lbnRwaW5nX3N0YXR1c2RvY3VtZW50dGVtcGxhdGVkb2N1bWVudG1ldGFfYWNmX2NoYW5nZWRmb290bm90ZXNfZWxlbWVudG9yX2VkaXRfbW9kZV9lbGVtZW50b3JfdGVtcGxhdGVfdHlwZV9lbGVtZW50b3JfZGF0YV9lbGVtZW50b3JfcGFnZV9zZXR0aW5nc2RvY3VtZW50Zm9sZGVyZG9jdW1lbnRibG9ja3NzdGF0ZXNhdmVkQXRzdGF0ZXNhdmVkQnlzdGF0ZXZlcnNpb24gZSBSb3RlaXJvc3N0YXRldmVyc2lvbnN0YXRldmVyc2lvbgUHCwUHBQcIBAgECAYIBQgHCAcIBggOCA4IC0gBBAwJFBgPGAgGCAYFBwUHBQcLBQcFBw0BBgAAAQcABQEBAAEBBEIBAQDjA0EEQidBAEIACEIACEIBBgIBlAlBAgpBCw4BFgEKlQQGigG3AwyEAaUBgQEqmAIMKJYBIRmCAgwapAEVGrQBDCawAQwjvwEMKLABDDq7AQyBAZ4BHT2VAgwosgEMIbMBDCC\/AQyLAaQBFSW1AQwlqQEdLa4CDCIEAQlBACsWHioBBgcBDgEHAQ8CHSMgAQItPoQBQQA3C0EBPYoBBwQCPYMBDQQ9KQ0EAz0pDQQ9GA0EPRkNBAM9GQ0EPSUNBD0iDQQDPScNBD03DQQ9Pg0EAj06CQQ9Jw0EAz0gDQQ9Hw0EPYcBDQQDPSQNBD0kDQQ9LA0EAz0iDQQ9MQIEPY4BAgQNagqVAQY0AwQMagpBAA0DRAACiAECRANFCBgFBEUBQQC0YIoJigKrpwEcFkEArmCTAjRBB5huQQEaum67ZAGQBAGcAwEHgwEbF40EMo0EMpkDMR6TAwG6AgG8AgG8AgGUAwGOAwGZAwG7AwGJBAG5AwEHAZcDMrcCMrkCMrkCMpEDMosDMpYDMrgDMoYEMrYDMZIDAYsDAYkDAZwEAZMDAZMDAaMDAY4DAZgDAYgEAQcBlgMyiAMyhgMymQQykAMykAMyoAMyBAGGAzKhAjQyvgKHATG9AwGEAwE8A0ECgANBAAYGAH0BdwdidWlsZGVydwd3cC1wYWdle0J526mP\/0AAe0Husm6a4AAAOQCrAwB3EzIwMjYtMDEtMjhUMTM6MjE6NTR3CmRvY3VtZW50b3N3B3B1Ymxpc2h9BH0AdwZjbG9zZWR3BmNsb3NlZHcAeXcAfnUAAgACAAIAdwJbXQW79aDJCQEAzwX9muziCAQAAAQJCgID8\/8Dt7Pj5QUBAACp5oSUAwEAwAGEuJiBAwEAAA==\",\"updateId\":192623677}","footnotes":""},"folder":[],"class_list":["post-236","page","type-page","status-publish","hentry"],"acf":[],"_links":{"self":[{"href":"https:\/\/www.ufmg.br\/drca\/wp-json\/wp\/v2\/pages\/236","targetHints":{"allow":["GET"]}}],"collection":[{"href":"https:\/\/www.ufmg.br\/drca\/wp-json\/wp\/v2\/pages"}],"about":[{"href":"https:\/\/www.ufmg.br\/drca\/wp-json\/wp\/v2\/types\/page"}],"author":[{"embeddable":true,"href":"https:\/\/www.ufmg.br\/drca\/wp-json\/wp\/v2\/users\/4"}],"replies":[{"embeddable":true,"href":"https:\/\/www.ufmg.br\/drca\/wp-json\/wp\/v2\/comments?post=236"}],"version-history":[{"count":32,"href":"https:\/\/www.ufmg.br\/drca\/wp-json\/wp\/v2\/pages\/236\/revisions"}],"predecessor-version":[{"id":1883,"href":"https:\/\/www.ufmg.br\/drca\/wp-json\/wp\/v2\/pages\/236\/revisions\/1883"}],"wp:attachment":[{"href":"https:\/\/www.ufmg.br\/drca\/wp-json\/wp\/v2\/media?parent=236"}],"wp:term":[{"taxonomy":"folder","embeddable":true,"href":"https:\/\/www.ufmg.br\/drca\/wp-json\/wp\/v2\/folder?post=236"}],"curies":[{"name":"wp","href":"https:\/\/api.w.org\/{rel}","templated":true}]}}