{"id":249,"date":"2026-01-28T13:29:15","date_gmt":"2026-01-28T16:29:15","guid":{"rendered":"https:\/\/www.ufmg.br\/drca\/?page_id=249"},"modified":"2026-04-23T09:22:17","modified_gmt":"2026-04-23T12:22:17","slug":"nome-social","status":"publish","type":"page","link":"https:\/\/www.ufmg.br\/drca\/nome-social\/","title":{"rendered":"Nome Social"},"content":{"rendered":"\t\t<div data-elementor-type=\"wp-page\" data-elementor-id=\"249\" class=\"elementor elementor-249\">\n\t\t\t\t<div class=\"elementor-element elementor-element-be071d8 e-flex e-con-boxed e-con e-parent\" data-id=\"be071d8\" data-element_type=\"container\" data-e-type=\"container\">\n\t\t\t\t\t<div class=\"e-con-inner\">\n\t\t\t\t<div class=\"elementor-element elementor-element-13cc142 elementor-widget elementor-widget-text-editor\" data-id=\"13cc142\" data-element_type=\"widget\" data-e-type=\"widget\" data-widget_type=\"text-editor.default\">\n\t\t\t\t\t\t\t\t\t<p>Segundo o artigo 2\u00ba, par\u00e1grafos 1\u00ba e 2\u00ba, da\u00a0<a href=\"https:\/\/www.ufmg.br\/drca\/wp-content\/uploads\/2026\/04\/RESOLUCAO-09-2015-NOME-SOCIAL.pdf\" target=\"_blank\" rel=\"noopener\">Resolu\u00e7\u00e3o n\u00ba 09\/2015<\/a>, de 07 de julho de 2015:<\/p><p><i>Art. 2\u00ba Fica assegurado a servidores, discentes e, no que couber, a demais usu\u00e1rios da Universidade Federal de Minas Gerais, cujo nome de registro civil n\u00e3o reflita sua identidade de g\u00eanero, o direito de uso e de inclus\u00e3o do seu nome social nos registros, documentos e atos da vida funcional e acad\u00eamica.<\/i><\/p><p><i>\u00a7 1\u00ba O nome social \u00e9 o prenome pelo qual pessoas travestis e transexuais se identificam, s\u00e3o reconhecidas e identificadas em suas rela\u00e7\u00f5es sociais.<\/i><\/p><p><i>\u00a7 2\u00ba Ser\u00e3o estendidos aos demais integrantes da Comunidade Universit\u00e1ria ou usu\u00e1rios dessa Institui\u00e7\u00e3o, cujo nome civil lhe cause constrangimento, os procedimentos previstos nesta Resolu\u00e7\u00e3o, mediante solicita\u00e7\u00e3o.<\/i><\/p><p>Assim, os discentes que desejarem requerer o uso do nome social no \u00e2mbito da UFMG\u00a0dever\u00e3o preencher o\u00a0<a href=\"https:\/\/www.ufmg.br\/drca\/wp-content\/uploads\/2026\/04\/Requerimento_Utilizacao-NOME_SOCIAL.pdf\" target=\"_blank\" rel=\"noopener\">requerimento<\/a>\u00a0e encaminh\u00e1-lo ao endere\u00e7o eletr\u00f4nico\u00a0<a href=\"mailto:info@drca.ufmg.br\" target=\"_self\">info@drca.ufmg.br<\/a>\u00a0acompanhado da c\u00f3pia do seu documento de identidade.<\/p>\t\t\t\t\t\t\t\t<\/div>\n\t\t\t\t\t<\/div>\n\t\t\t\t<\/div>\n\t\t\t\t<\/div>\n\t\t","protected":false},"excerpt":{"rendered":"<p>Segundo o artigo 2\u00ba, par\u00e1grafos 1\u00ba e 2\u00ba, da\u00a0Resolu\u00e7\u00e3o n\u00ba 09\/2015, de 07 de julho de 2015: Art. 2\u00ba Fica assegurado a servidores, discentes e, no que couber, a demais usu\u00e1rios da Universidade Federal de Minas Gerais, cujo nome de registro civil n\u00e3o reflita sua identidade de g\u00eanero, o direito de uso e de inclus\u00e3o [&hellip;]<\/p>\n","protected":false},"author":4,"featured_media":0,"parent":0,"menu_order":0,"comment_status":"closed","ping_status":"closed","template":"","meta":{"_acf_changed":false,"_crdt_document":"{\"document\":\"AAAGzeWI9h0PDAgYoCoBAxACAQIKSgAdKAMnAAQAJwAEACcAKAQnACgGJwAHACgDJwAoACe1DoYOc3RhdGV2ZXJzaW9uZG9jdW1lbnRkYXRlZG9jdW1lbnRzbHVnZG9jdW1lbnRzdGF0dXNkb2N1bWVudHRpdGxlTm9tZSBTb2NpYWxkb2N1bWVudGNvbnRlbnQ8cD5TZWd1bmRvIG8gYXJ0aWdvIDLCuiwgcGFyw6FncmFmb3MgMcK6IGUgMsK6LCBkYcKgPGEgaHJlZj0iaHR0cHM6Ly93d3cudWZtZy5ici9kcmNhL3dwLWNvbnRlbnQvdXBsb2Fkcy8yMDI2LzA0L1JFU09MVUNBTy0wOS0yMDE1LU5PTUUtU09DSUFMLnBkZiIgdGFyZ2V0PSJfYmxhbmsiIHJlbD0ibm9vcGVuZXIiPlJlc29sdcOnw6NvIG7CuiAwOS8yMDE1PC9hPiwgZGUgMDcgZGUganVsaG8gZGUgMjAxNTo8L3A+PHA+PGk+QXJ0LiAywrogRmljYSBhc3NlZ3VyYWRvIGEgc2Vydmlkb3JlcywgZGlzY2VudGVzIGUsIG5vIHF1ZSBjb3ViZXIsIGEgZGVtYWlzIHVzdcOhcmlvcyBkYSBVbml2ZXJzaWRhZGUgRmVkZXJhbCBkZSBNaW5hcyBHZXJhaXMsIGN1am8gbm9tZSBkZSByZWdpc3RybyBjaXZpbCBuw6NvIHJlZmxpdGEgc3VhIGlkZW50aWRhZGUgZGUgZ8OqbmVybywgbyBkaXJlaXRvIGRlIHVzbyBlIGRlIGluY2x1c8OjbyBkbyBzZXUgbm9tZSBzb2NpYWwgbm9zIHJlZ2lzdHJvcywgZG9jdW1lbnRvcyBlIGF0b3MgZGEgdmlkYSBmdW5jaW9uYWwgZSBhY2Fkw6ptaWNhLjwvaT48L3A+PHA+PGk+wqcgMcK6IE8gbm9tZSBzb2NpYWwgw6kgbyBwcmVub21lIHBlbG8gcXVhbCBwZXNzb2FzIHRyYXZlc3RpcyBlIHRyYW5zZXh1YWlzIHNlIGlkZW50aWZpY2FtLCBzw6NvIHJlY29uaGVjaWRhcyBlIGlkZW50aWZpY2FkYXMgZW0gc3VhcyByZWxhw6fDtWVzIHNvY2lhaXMuPC9pPjwvcD48cD48aT7CpyAywrogU2Vyw6NvIGVzdGVuZGlkb3MgYW9zIGRlbWFpcyBpbnRlZ3JhbnRlcyBkYSBDb211bmlkYWRlIFVuaXZlcnNpdMOhcmlhIG91IHVzdcOhcmlvcyBkZXNzYSBJbnN0aXR1acOnw6NvLCBjdWpvIG5vbWUgY2l2aWwgbGhlIGNhdXNlIGNvbnN0cmFuZ2ltZW50bywgb3MgcHJvY2VkaW1lbnRvcyBwcmV2aXN0b3MgbmVzdGEgUmVzb2x1w6fDo28sIG1lZGlhbnRlIHNvbGljaXRhw6fDo28uPC9pPjwvcD48cD5Bc3NpbSwgb3MgZGlzY2VudGVzIHF1ZSBkZXNlamFyZW0gcmVxdWVyZXIgbyB1c28gZG8gbm9tZSBzb2NpYWwgbm8gw6JtYml0byBkYSBVRk1HwqBkZXZlcsOjbyBwcmVlbmNoZXIgb8KgPGEgaHJlZj0iaHR0cHM6Ly93d3cudWZtZy5ici9kcmNhL3dwLWNvbnRlbnQvdXBsb2Fkcy8yMDI2LzA0L1JlcXVlcmltZW50b19VdGlsaXphY2FvLU5PTUVfU09DSUFMLnBkZiIgdGFyZ2V0PSJfYmxhbmsiIHJlbD0ibm9vcGVuZXIiPnJlcXVlcmltZW50bzwvYT7CoGUgZW5jYW1pbmjDoS1sbyBhbyBlbmRlcmXDp28gZWxldHLDtG5pY2\/CoDxhIGhyZWY9Im1haWx0bzppbmZvQGRyY2EudWZtZy5iciIgdGFyZ2V0PSJfc2VsZiI+aW5mb0BkcmNhLnVmbWcuYnI8L2E+wqBhY29tcGFuaGFkbyBkYSBjw7NwaWEgZG8gc2V1IGRvY3VtZW50byBkZSBpZGVudGlkYWRlLjwvcD5kb2N1bWVudGV4Y2VycHRkb2N1bWVudGF1dGhvcmRvY3VtZW50ZmVhdHVyZWRfbWVkaWFkb2N1bWVudGNvbW1lbnRfc3RhdHVzZG9jdW1lbnRwaW5nX3N0YXR1c2RvY3VtZW50dGVtcGxhdGVkb2N1bWVudG1ldGFfYWNmX2NoYW5nZWRmb290bm90ZXNfZWxlbWVudG9yX2VkaXRfbW9kZV9lbGVtZW50b3JfdGVtcGxhdGVfdHlwZV9lbGVtZW50b3JfZGF0YV9lbGVtZW50b3JfcGFnZV9zZXR0aW5nc2RvY3VtZW50Zm9sZGVyZG9jdW1lbnRibG9ja3NjbGllbnRJZGlzVmFsaWRvcmlnaW5hbENvbnRlbnRuYW1lYXR0cmlidXRlc2NvbnRlbnRpbm5lckJsb2NrcwUHCAQIBAgGCAULCAeJFQgHCAYIDggOCAtIAQQMCRQYDxgIBggGCAcPBAoHCw8BBAAAAQAAAAEGAAUBAQAHQgEBAEEAAAJBEwEfAH0BdxMyMDI2LTAxLTI4VDEzOjI5OjE1dwtub21lLXNvY2lhbHcHcHVibGlzaH0EfQB3BmNsb3NlZHcGY2xvc2VkdwB5dwB3B2J1aWxkZXJ3B3dwLXBhZ2V3kA5beyJpZCI6ImJlMDcxZDgiLCJlbFR5cGUiOiJjb250YWluZXIiLCJzZXR0aW5ncyI6W10sImVsZW1lbnRzIjpbeyJpZCI6IjEzY2MxNDIiLCJlbFR5cGUiOiJ3aWRnZXQiLCJzZXR0aW5ncyI6eyJlZGl0b3IiOiI8cD5TZWd1bmRvIG8gYXJ0aWdvIDJcdTAwYmEsIHBhclx1MDBlMWdyYWZvcyAxXHUwMGJhIGUgMlx1MDBiYSwgZGFcdTAwYTA8YSBocmVmPVwiaHR0cHM6XC9cL3d3dy51Zm1nLmJyXC9kcmNhXC93cC1jb250ZW50XC91cGxvYWRzXC8yMDI2XC8wNFwvUkVTT0xVQ0FPLTA5LTIwMTUtTk9NRS1TT0NJQUwucGRmXCIgdGFyZ2V0PVwiX2JsYW5rXCIgcmVsPVwibm9vcGVuZXJcIj5SZXNvbHVcdTAwZTdcdTAwZTNvIG5cdTAwYmEgMDlcLzIwMTU8XC9hPiwgZGUgMDcgZGUganVsaG8gZGUgMjAxNTo8XC9wPjxwPjxpPkFydC4gMlx1MDBiYSBGaWNhIGFzc2VndXJhZG8gYSBzZXJ2aWRvcmVzLCBkaXNjZW50ZXMgZSwgbm8gcXVlIGNvdWJlciwgYSBkZW1haXMgdXN1XHUwMGUxcmlvcyBkYSBVbml2ZXJzaWRhZGUgRmVkZXJhbCBkZSBNaW5hcyBHZXJhaXMsIGN1am8gbm9tZSBkZSByZWdpc3RybyBjaXZpbCBuXHUwMGUzbyByZWZsaXRhIHN1YSBpZGVudGlkYWRlIGRlIGdcdTAwZWFuZXJvLCBvIGRpcmVpdG8gZGUgdXNvIGUgZGUgaW5jbHVzXHUwMGUzbyBkbyBzZXUgbm9tZSBzb2NpYWwgbm9zIHJlZ2lzdHJvcywgZG9jdW1lbnRvcyBlIGF0b3MgZGEgdmlkYSBmdW5jaW9uYWwgZSBhY2FkXHUwMGVhbWljYS48XC9pPjxcL3A+PHA+PGk+XHUwMGE3IDFcdTAwYmEgTyBub21lIHNvY2lhbCBcdTAwZTkgbyBwcmVub21lIHBlbG8gcXVhbCBwZXNzb2FzIHRyYXZlc3RpcyBlIHRyYW5zZXh1YWlzIHNlIGlkZW50aWZpY2FtLCBzXHUwMGUzbyByZWNvbmhlY2lkYXMgZSBpZGVudGlmaWNhZGFzIGVtIHN1YXMgcmVsYVx1MDBlN1x1MDBmNWVzIHNvY2lhaXMuPFwvaT48XC9wPjxwPjxpPlx1MDBhNyAyXHUwMGJhIFNlclx1MDBlM28gZXN0ZW5kaWRvcyBhb3MgZGVtYWlzIGludGVncmFudGVzIGRhIENvbXVuaWRhZGUgVW5pdmVyc2l0XHUwMGUxcmlhIG91IHVzdVx1MDBlMXJpb3MgZGVzc2EgSW5zdGl0dWlcdTAwZTdcdTAwZTNvLCBjdWpvIG5vbWUgY2l2aWwgbGhlIGNhdXNlIGNvbnN0cmFuZ2ltZW50bywgb3MgcHJvY2VkaW1lbnRvcyBwcmV2aXN0b3MgbmVzdGEgUmVzb2x1XHUwMGU3XHUwMGUzbywgbWVkaWFudGUgc29saWNpdGFcdTAwZTdcdTAwZTNvLjxcL2k+PFwvcD48cD5Bc3NpbSwgb3MgZGlzY2VudGVzIHF1ZSBkZXNlamFyZW0gcmVxdWVyZXIgbyB1c28gZG8gbm9tZSBzb2NpYWwgbm8gXHUwMGUybWJpdG8gZGEgVUZNR1x1MDBhMGRldmVyXHUwMGUzbyBwcmVlbmNoZXIgb1x1MDBhMDxhIGhyZWY9XCJodHRwczpcL1wvd3d3LnVmbWcuYnJcL2RyY2FcL3dwLWNvbnRlbnRcL3VwbG9hZHNcLzIwMjZcLzA0XC9SZXF1ZXJpbWVudG9fVXRpbGl6YWNhby1OT01FX1NPQ0lBTC5wZGZcIiB0YXJnZXQ9XCJfYmxhbmtcIiByZWw9XCJub29wZW5lclwiPnJlcXVlcmltZW50bzxcL2E+XHUwMGEwZSBlbmNhbWluaFx1MDBlMS1sbyBhbyBlbmRlcmVcdTAwZTdvIGVsZXRyXHUwMGY0bmljb1x1MDBhMDxhIGhyZWY9XCJtYWlsdG86aW5mb0BkcmNhLnVmbWcuYnJcIiB0YXJnZXQ9XCJfc2VsZlwiPmluZm9AZHJjYS51Zm1nLmJyPFwvYT5cdTAwYTBhY29tcGFuaGFkbyBkYSBjXHUwMGYzcGlhIGRvIHNldSBkb2N1bWVudG8gZGUgaWRlbnRpZGFkZS48XC9wPiIsImFsaWduIjoianVzdGlmeSJ9LCJlbGVtZW50cyI6W10sIndpZGdldFR5cGUiOiJ0ZXh0LWVkaXRvciJ9XSwiaXNJbm5lciI6ZmFsc2V9XX51AHckYWQzOGJmMDgtNGZhNC00MzhmLThjYmEtYTNhOTFhNjhhZTRkeHf3CjxwPlNlZ3VuZG8gbyBhcnRpZ28gMsK6LCBwYXLDoWdyYWZvcyAxwrogZSAywrosIGRhwqA8YSBocmVmPSJodHRwczovL3d3dy51Zm1nLmJyL2RyY2Evd3AtY29udGVudC91cGxvYWRzLzIwMjYvMDQvUkVTT0xVQ0FPLTA5LTIwMTUtTk9NRS1TT0NJQUwucGRmIiB0YXJnZXQ9Il9ibGFuayIgcmVsPSJub29wZW5lciI+UmVzb2x1w6fDo28gbsK6IDA5LzIwMTU8L2E+LCBkZSAwNyBkZSBqdWxobyBkZSAyMDE1OjwvcD4KPHA+PGk+QXJ0LiAywrogRmljYSBhc3NlZ3VyYWRvIGEgc2Vydmlkb3JlcywgZGlzY2VudGVzIGUsIG5vIHF1ZSBjb3ViZXIsIGEgZGVtYWlzIHVzdcOhcmlvcyBkYSBVbml2ZXJzaWRhZGUgRmVkZXJhbCBkZSBNaW5hcyBHZXJhaXMsIGN1am8gbm9tZSBkZSByZWdpc3RybyBjaXZpbCBuw6NvIHJlZmxpdGEgc3VhIGlkZW50aWRhZGUgZGUgZ8OqbmVybywgbyBkaXJlaXRvIGRlIHVzbyBlIGRlIGluY2x1c8OjbyBkbyBzZXUgbm9tZSBzb2NpYWwgbm9zIHJlZ2lzdHJvcywgZG9jdW1lbnRvcyBlIGF0b3MgZGEgdmlkYSBmdW5jaW9uYWwgZSBhY2Fkw6ptaWNhLjwvaT48L3A+CjxwPjxpPsKnIDHCuiBPIG5vbWUgc29jaWFsIMOpIG8gcHJlbm9tZSBwZWxvIHF1YWwgcGVzc29hcyB0cmF2ZXN0aXMgZSB0cmFuc2V4dWFpcyBzZSBpZGVudGlmaWNhbSwgc8OjbyByZWNvbmhlY2lkYXMgZSBpZGVudGlmaWNhZGFzIGVtIHN1YXMgcmVsYcOnw7VlcyBzb2NpYWlzLjwvaT48L3A+CjxwPjxpPsKnIDLCuiBTZXLDo28gZXN0ZW5kaWRvcyBhb3MgZGVtYWlzIGludGVncmFudGVzIGRhIENvbXVuaWRhZGUgVW5pdmVyc2l0w6FyaWEgb3UgdXN1w6FyaW9zIGRlc3NhIEluc3RpdHVpw6fDo28sIGN1am8gbm9tZSBjaXZpbCBsaGUgY2F1c2UgY29uc3RyYW5naW1lbnRvLCBvcyBwcm9jZWRpbWVudG9zIHByZXZpc3RvcyBuZXN0YSBSZXNvbHXDp8OjbywgbWVkaWFudGUgc29saWNpdGHDp8Ojby48L2k+PC9wPgo8cD5Bc3NpbSwgb3MgZGlzY2VudGVzIHF1ZSBkZXNlamFyZW0gcmVxdWVyZXIgbyB1c28gZG8gbm9tZSBzb2NpYWwgbm8gw6JtYml0byBkYSBVRk1HwqBkZXZlcsOjbyBwcmVlbmNoZXIgb8KgPGEgaHJlZj0iaHR0cHM6Ly93d3cudWZtZy5ici9kcmNhL3dwLWNvbnRlbnQvdXBsb2Fkcy8yMDI2LzA0L1JlcXVlcmltZW50b19VdGlsaXphY2FvLU5PTUVfU09DSUFMLnBkZiIgdGFyZ2V0PSJfYmxhbmsiIHJlbD0ibm9vcGVuZXIiPnJlcXVlcmltZW50bzwvYT7CoGUgZW5jYW1pbmjDoS1sbyBhbyBlbmRlcmXDp28gZWxldHLDtG5pY2\/CoDxhIGhyZWY9Im1haWx0bzppbmZvQGRyY2EudWZtZy5iciIgdGFyZ2V0PSJfc2VsZiI+aW5mb0BkcmNhLnVmbWcuYnI8L2E+wqBhY29tcGFuaGFkbyBkYSBjw7NwaWEgZG8gc2V1IGRvY3VtZW50byBkZSBpZGVudGlkYWRlLjwvcD53DWNvcmUvZnJlZWZvcm139wo8cD5TZWd1bmRvIG8gYXJ0aWdvIDLCuiwgcGFyw6FncmFmb3MgMcK6IGUgMsK6LCBkYcKgPGEgaHJlZj0iaHR0cHM6Ly93d3cudWZtZy5ici9kcmNhL3dwLWNvbnRlbnQvdXBsb2Fkcy8yMDI2LzA0L1JFU09MVUNBTy0wOS0yMDE1LU5PTUUtU09DSUFMLnBkZiIgdGFyZ2V0PSJfYmxhbmsiIHJlbD0ibm9vcGVuZXIiPlJlc29sdcOnw6NvIG7CuiAwOS8yMDE1PC9hPiwgZGUgMDcgZGUganVsaG8gZGUgMjAxNTo8L3A+CjxwPjxpPkFydC4gMsK6IEZpY2EgYXNzZWd1cmFkbyBhIHNlcnZpZG9yZXMsIGRpc2NlbnRlcyBlLCBubyBxdWUgY291YmVyLCBhIGRlbWFpcyB1c3XDoXJpb3MgZGEgVW5pdmVyc2lkYWRlIEZlZGVyYWwgZGUgTWluYXMgR2VyYWlzLCBjdWpvIG5vbWUgZGUgcmVnaXN0cm8gY2l2aWwgbsOjbyByZWZsaXRhIHN1YSBpZGVudGlkYWRlIGRlIGfDqm5lcm8sIG8gZGlyZWl0byBkZSB1c28gZSBkZSBpbmNsdXPDo28gZG8gc2V1IG5vbWUgc29jaWFsIG5vcyByZWdpc3Ryb3MsIGRvY3VtZW50b3MgZSBhdG9zIGRhIHZpZGEgZnVuY2lvbmFsIGUgYWNhZMOqbWljYS48L2k+PC9wPgo8cD48aT7CpyAxwrogTyBub21lIHNvY2lhbCDDqSBvIHByZW5vbWUgcGVsbyBxdWFsIHBlc3NvYXMgdHJhdmVzdGlzIGUgdHJhbnNleHVhaXMgc2UgaWRlbnRpZmljYW0sIHPDo28gcmVjb25oZWNpZGFzIGUgaWRlbnRpZmljYWRhcyBlbSBzdWFzIHJlbGHDp8O1ZXMgc29jaWFpcy48L2k+PC9wPgo8cD48aT7CpyAywrogU2Vyw6NvIGVzdGVuZGlkb3MgYW9zIGRlbWFpcyBpbnRlZ3JhbnRlcyBkYSBDb211bmlkYWRlIFVuaXZlcnNpdMOhcmlhIG91IHVzdcOhcmlvcyBkZXNzYSBJbnN0aXR1acOnw6NvLCBjdWpvIG5vbWUgY2l2aWwgbGhlIGNhdXNlIGNvbnN0cmFuZ2ltZW50bywgb3MgcHJvY2VkaW1lbnRvcyBwcmV2aXN0b3MgbmVzdGEgUmVzb2x1w6fDo28sIG1lZGlhbnRlIHNvbGljaXRhw6fDo28uPC9pPjwvcD4KPHA+QXNzaW0sIG9zIGRpc2NlbnRlcyBxdWUgZGVzZWphcmVtIHJlcXVlcmVyIG8gdXNvIGRvIG5vbWUgc29jaWFsIG5vIMOibWJpdG8gZGEgVUZNR8KgZGV2ZXLDo28gcHJlZW5jaGVyIG\/CoDxhIGhyZWY9Imh0dHBzOi8vd3d3LnVmbWcuYnIvZHJjYS93cC1jb250ZW50L3VwbG9hZHMvMjAyNi8wNC9SZXF1ZXJpbWVudG9fVXRpbGl6YWNhby1OT01FX1NPQ0lBTC5wZGYiIHRhcmdldD0iX2JsYW5rIiByZWw9Im5vb3BlbmVyIj5yZXF1ZXJpbWVudG88L2E+wqBlIGVuY2FtaW5ow6EtbG8gYW8gZW5kZXJlw6dvIGVsZXRyw7RuaWNvwqA8YSBocmVmPSJtYWlsdG86aW5mb0BkcmNhLnVmbWcuYnIiIHRhcmdldD0iX3NlbGYiPmluZm9AZHJjYS51Zm1nLmJyPC9hPsKgYWNvbXBhbmhhZG8gZGEgY8OzcGlhIGRvIHNldSBkb2N1bWVudG8gZGUgaWRlbnRpZGFkZS48L3A+AA==\",\"updateId\":719376101}","footnotes":""},"folder":[],"class_list":["post-249","page","type-page","status-publish","hentry"],"acf":[],"_links":{"self":[{"href":"https:\/\/www.ufmg.br\/drca\/wp-json\/wp\/v2\/pages\/249","targetHints":{"allow":["GET"]}}],"collection":[{"href":"https:\/\/www.ufmg.br\/drca\/wp-json\/wp\/v2\/pages"}],"about":[{"href":"https:\/\/www.ufmg.br\/drca\/wp-json\/wp\/v2\/types\/page"}],"author":[{"embeddable":true,"href":"https:\/\/www.ufmg.br\/drca\/wp-json\/wp\/v2\/users\/4"}],"replies":[{"embeddable":true,"href":"https:\/\/www.ufmg.br\/drca\/wp-json\/wp\/v2\/comments?post=249"}],"version-history":[{"count":5,"href":"https:\/\/www.ufmg.br\/drca\/wp-json\/wp\/v2\/pages\/249\/revisions"}],"predecessor-version":[{"id":1494,"href":"https:\/\/www.ufmg.br\/drca\/wp-json\/wp\/v2\/pages\/249\/revisions\/1494"}],"wp:attachment":[{"href":"https:\/\/www.ufmg.br\/drca\/wp-json\/wp\/v2\/media?parent=249"}],"wp:term":[{"taxonomy":"folder","embeddable":true,"href":"https:\/\/www.ufmg.br\/drca\/wp-json\/wp\/v2\/folder?post=249"}],"curies":[{"name":"wp","href":"https:\/\/api.w.org\/{rel}","templated":true}]}}