{"id":514,"date":"2026-04-10T15:55:16","date_gmt":"2026-04-10T18:55:16","guid":{"rendered":"https:\/\/www.ufmg.br\/drca\/?page_id=514"},"modified":"2026-04-10T15:55:16","modified_gmt":"2026-04-10T18:55:16","slug":"2a-chamada-2","status":"publish","type":"page","link":"https:\/\/www.ufmg.br\/drca\/2a-chamada-2\/","title":{"rendered":"2\u00aa Chamada"},"content":{"rendered":"\n<p class=\"wp-block-paragraph\"><a href=\"https:\/\/www.ufmg.br\/drca\/wp-content\/uploads\/2026\/04\/CONVOCADOSAS-2a.pdf\" target=\"_blank\" rel=\"noreferrer noopener\">Convoca\u00e7\u00e3o<\/a><\/p>\n\n\n\n<p class=\"wp-block-paragraph\"><a href=\"https:\/\/www.ufmg.br\/drca\/wp-content\/uploads\/2026\/04\/COLTEC-SUBSEQUENTE-2026-1a-CHAMADA-AMPLA-CONCORRENCIA-CONFIRMADOS-1.pdf\" target=\"_blank\" rel=\"noreferrer noopener\">Registros Confirmados da Ampla Concorr\u00eancia<\/a><\/p>\n\n\n\n<p class=\"wp-block-paragraph\"><a href=\"https:\/\/www.ufmg.br\/drca\/wp-content\/uploads\/2026\/04\/COLTEC-SUBSEQUENTE-2026-2a-CHAMADA-AMPLA-CONCORRENCIA-INDEFERIDOS.pdf\" target=\"_blank\" rel=\"noreferrer noopener\">Registros Indeferidos da Ampla Concorr\u00eancia<\/a><\/p>\n\n\n\n<p class=\"wp-block-paragraph\"><\/p>\n","protected":false},"excerpt":{"rendered":"<p>Convoca\u00e7\u00e3o Registros Confirmados da Ampla Concorr\u00eancia Registros Indeferidos da Ampla Concorr\u00eancia<\/p>\n","protected":false},"author":5,"featured_media":0,"parent":0,"menu_order":0,"comment_status":"closed","ping_status":"closed","template":"","meta":{"_acf_changed":false,"_crdt_document":"","footnotes":""},"folder":[],"class_list":["post-514","page","type-page","status-publish","hentry"],"acf":[],"_links":{"self":[{"href":"https:\/\/www.ufmg.br\/drca\/wp-json\/wp\/v2\/pages\/514","targetHints":{"allow":["GET"]}}],"collection":[{"href":"https:\/\/www.ufmg.br\/drca\/wp-json\/wp\/v2\/pages"}],"about":[{"href":"https:\/\/www.ufmg.br\/drca\/wp-json\/wp\/v2\/types\/page"}],"author":[{"embeddable":true,"href":"https:\/\/www.ufmg.br\/drca\/wp-json\/wp\/v2\/users\/5"}],"replies":[{"embeddable":true,"href":"https:\/\/www.ufmg.br\/drca\/wp-json\/wp\/v2\/comments?post=514"}],"version-history":[{"count":1,"href":"https:\/\/www.ufmg.br\/drca\/wp-json\/wp\/v2\/pages\/514\/revisions"}],"predecessor-version":[{"id":518,"href":"https:\/\/www.ufmg.br\/drca\/wp-json\/wp\/v2\/pages\/514\/revisions\/518"}],"wp:attachment":[{"href":"https:\/\/www.ufmg.br\/drca\/wp-json\/wp\/v2\/media?parent=514"}],"wp:term":[{"taxonomy":"folder","embeddable":true,"href":"https:\/\/www.ufmg.br\/drca\/wp-json\/wp\/v2\/folder?post=514"}],"curies":[{"name":"wp","href":"https:\/\/api.w.org\/{rel}","templated":true}]}}