{"id":530,"date":"2026-04-13T10:03:14","date_gmt":"2026-04-13T13:03:14","guid":{"rendered":"https:\/\/www.ufmg.br\/drca\/?page_id=530"},"modified":"2026-04-29T13:21:28","modified_gmt":"2026-04-29T16:21:28","slug":"processos-anteriores","status":"publish","type":"page","link":"https:\/\/www.ufmg.br\/drca\/processos-anteriores\/","title":{"rendered":"Processos Anteriores"},"content":{"rendered":"\t\t<div data-elementor-type=\"wp-page\" data-elementor-id=\"530\" class=\"elementor elementor-530\">\n\t\t\t\t<div class=\"elementor-element elementor-element-02b1928 e-flex e-con-boxed e-con e-parent\" data-id=\"02b1928\" data-element_type=\"container\" data-e-type=\"container\">\n\t\t\t\t\t<div class=\"e-con-inner\">\n\t\t\t\t<div class=\"elementor-element elementor-element-1662212 elementor-widget elementor-widget-text-editor\" data-id=\"1662212\" data-element_type=\"widget\" data-e-type=\"widget\" data-widget_type=\"text-editor.default\">\n\t\t\t\t\t\t\t\t\t<p><strong>INFORMATIVO<\/strong><\/p>\t\t\t\t\t\t\t\t<\/div>\n\t\t\t\t\t<\/div>\n\t\t\t\t<\/div>\n\t\t<div class=\"elementor-element elementor-element-d47d981 e-flex e-con-boxed e-con e-parent\" data-id=\"d47d981\" data-element_type=\"container\" data-e-type=\"container\">\n\t\t\t\t\t<div class=\"e-con-inner\">\n\t\t\t\t<div class=\"elementor-element elementor-element-39df81d elementor-widget elementor-widget-text-editor\" data-id=\"39df81d\" data-element_type=\"widget\" data-e-type=\"widget\" data-widget_type=\"text-editor.default\">\n\t\t\t\t\t\t\t\t\t<p>Informamos que o hist\u00f3rico dos processos anteriores da Gradua\u00e7\u00e3o e da Educa\u00e7\u00e3o B\u00e1sica ser\u00e3o disponibilizados gradativamente em nosso site por este menu. Caso necessite de algum arquivo espec\u00edfico com urg\u00eancia antes da publica\u00e7\u00e3o, por favor, entre em contato conosco pelo e-mail duvidaregistro@drca.ufmg.br.<\/p>\t\t\t\t\t\t\t\t<\/div>\n\t\t\t\t\t<\/div>\n\t\t\t\t<\/div>\n\t\t\t\t<\/div>\n\t\t","protected":false},"excerpt":{"rendered":"<p>INFORMATIVO Informamos que o hist\u00f3rico dos processos anteriores da Gradua\u00e7\u00e3o e da Educa\u00e7\u00e3o B\u00e1sica ser\u00e3o disponibilizados gradativamente em nosso site por este menu. Caso necessite de algum arquivo espec\u00edfico com urg\u00eancia antes da publica\u00e7\u00e3o, por favor, entre em contato conosco pelo e-mail duvidaregistro@drca.ufmg.br.<\/p>\n","protected":false},"author":3,"featured_media":0,"parent":0,"menu_order":0,"comment_status":"closed","ping_status":"closed","template":"","meta":{"_acf_changed":false,"_crdt_document":"{\"document\":\"AAAG7tHh\/QUGBAg4AQMADygDJwAEACcBKAQnACgGJ4QD3gJzdGF0ZXZlcnNpb25kb2N1bWVudGRhdGVkb2N1bWVudHNsdWdkb2N1bWVudHN0YXR1c2RvY3VtZW50dGl0bGVQcm9jZXNzb3MgQW50ZXJpb3Jlc2RvY3VtZW50Y29udGVudGRvY3VtZW50ZXhjZXJwdGRvY3VtZW50YXV0aG9yZG9jdW1lbnRmZWF0dXJlZF9tZWRpYWRvY3VtZW50Y29tbWVudF9zdGF0dXNkb2N1bWVudHBpbmdfc3RhdHVzZG9jdW1lbnR0ZW1wbGF0ZWRvY3VtZW50bWV0YV9hY2ZfY2hhbmdlZGZvb3Rub3Rlc19lbGVtZW50b3JfZWRpdF9tb2RlX2VsZW1lbnRvcl90ZW1wbGF0ZV90eXBlX2VsZW1lbnRvcl9kYXRhX2VsZW1lbnRvcl9wYWdlX3NldHRpbmdzZG9jdW1lbnRmb2xkZXJkb2N1bWVudGJsb2NrcwUHCAQIBAgGCAUUCAcIBwgGCA4IDggLSAEEDAkUGA8YCAYIBgkBBAAAAQcABQEEQgEBAAJBDgEWAH0BdxMyMDI2LTA0LTEzVDEwOjAzOjE0dxRwcm9jZXNzb3MtYW50ZXJpb3Jlc3cHcHVibGlzaH0DfQB3BmNsb3NlZHcGY2xvc2VkdwB5dwB3AHcHd3AtcGFnZXcAfnUBfSEA\",\"updateId\":109480976}","footnotes":""},"folder":[33],"class_list":["post-530","page","type-page","status-publish","hentry"],"acf":[],"_links":{"self":[{"href":"https:\/\/www.ufmg.br\/drca\/wp-json\/wp\/v2\/pages\/530","targetHints":{"allow":["GET"]}}],"collection":[{"href":"https:\/\/www.ufmg.br\/drca\/wp-json\/wp\/v2\/pages"}],"about":[{"href":"https:\/\/www.ufmg.br\/drca\/wp-json\/wp\/v2\/types\/page"}],"author":[{"embeddable":true,"href":"https:\/\/www.ufmg.br\/drca\/wp-json\/wp\/v2\/users\/3"}],"replies":[{"embeddable":true,"href":"https:\/\/www.ufmg.br\/drca\/wp-json\/wp\/v2\/comments?post=530"}],"version-history":[{"count":5,"href":"https:\/\/www.ufmg.br\/drca\/wp-json\/wp\/v2\/pages\/530\/revisions"}],"predecessor-version":[{"id":1886,"href":"https:\/\/www.ufmg.br\/drca\/wp-json\/wp\/v2\/pages\/530\/revisions\/1886"}],"wp:attachment":[{"href":"https:\/\/www.ufmg.br\/drca\/wp-json\/wp\/v2\/media?parent=530"}],"wp:term":[{"taxonomy":"folder","embeddable":true,"href":"https:\/\/www.ufmg.br\/drca\/wp-json\/wp\/v2\/folder?post=530"}],"curies":[{"name":"wp","href":"https:\/\/api.w.org\/{rel}","templated":true}]}}