{"id":538,"date":"2026-04-13T10:52:45","date_gmt":"2026-04-13T13:52:45","guid":{"rendered":"https:\/\/www.ufmg.br\/drca\/?page_id=538"},"modified":"2026-04-13T13:49:09","modified_gmt":"2026-04-13T16:49:09","slug":"1a-chamada-4","status":"publish","type":"page","link":"https:\/\/www.ufmg.br\/drca\/1a-chamada-4\/","title":{"rendered":"1\u00aa Chamada"},"content":{"rendered":"\n<p class=\"wp-block-paragraph\"><a href=\"https:\/\/www.ufmg.br\/drca\/wp-content\/uploads\/2026\/04\/CONVOCADOS-1a-CHAMADA.pdf\">Convoca\u00e7\u00e3o<\/a><\/p>\n\n\n\n<p class=\"wp-block-paragraph\"><a href=\"https:\/\/www.ufmg.br\/drca\/wp-content\/uploads\/2026\/04\/ESCALA-DE-ATENDIMENTO-COLTEC-2026-1a-Chamada-HETERO.pdf\">Escala de Atendimento Presencial &#8211; Heteroidentifica\u00e7\u00e3o<\/a><\/p>\n\n\n\n<p class=\"wp-block-paragraph\"><a href=\"https:\/\/www.ufmg.br\/drca\/wp-content\/uploads\/2026\/04\/ESCALA-DE-ATENDIMENTO-COLTE-2026-1a-Chamada-da-LE-PCD.pdf\">Escala de Atendimento Presencial &#8211; PCD<\/a><\/p>\n\n\n\n<p class=\"wp-block-paragraph\"><a href=\"https:\/\/www.ufmg.br\/drca\/wp-content\/uploads\/2026\/04\/COLTEC-2026-1a-CHAMADA-AMPLA-CONCORRENCIA-CONFIRMADOS.pdf\">Registros Confirmados da Ampla Concorr\u00eancia<\/a><\/p>\n\n\n\n<p class=\"wp-block-paragraph\"><a href=\"https:\/\/www.ufmg.br\/drca\/wp-content\/uploads\/2026\/04\/COLTEC-2026-1a-CHAMADA-AMPLA-CONCORRENCIA-INDEFERIDOS.pdf\">Registros Indeferidos da Ampla Concorr\u00eancia<\/a><\/p>\n\n\n\n<p class=\"wp-block-paragraph\"><a href=\"https:\/\/www.ufmg.br\/drca\/wp-content\/uploads\/2026\/04\/COLTEC-2026-1a-CHAMADA-RESULTADO-RESERVA-DE-VAGAS-CONFIRMADOS.pdf\">Registros Confirmados da Reserva de Vagas<\/a><\/p>\n\n\n\n<p class=\"wp-block-paragraph\"><a href=\"https:\/\/www.ufmg.br\/drca\/wp-content\/uploads\/2026\/04\/COLTEC-2026-1a-CHAMADA-RESULTADO-RESERVA-DE-VAGAS-INDEFERIDOS.pdf\">Registros Indeferidos da Reserva de Vagas<\/a><\/p>\n\n\n\n<p class=\"wp-block-paragraph\"><a href=\"https:\/\/www.ufmg.br\/drca\/wp-content\/uploads\/2026\/04\/2a-Chamada-COLTEC-2026-Resultado-dos-Recursos.pdf\">Resultado dos Recursos<\/a><\/p>\n\n\n\n<p class=\"wp-block-paragraph\"><\/p>\n","protected":false},"excerpt":{"rendered":"<p>Convoca\u00e7\u00e3o Escala de Atendimento Presencial &#8211; Heteroidentifica\u00e7\u00e3o Escala de Atendimento Presencial &#8211; PCD Registros Confirmados da Ampla Concorr\u00eancia Registros Indeferidos da Ampla Concorr\u00eancia Registros Confirmados da Reserva de Vagas Registros Indeferidos da Reserva de Vagas Resultado dos Recursos<\/p>\n","protected":false},"author":5,"featured_media":0,"parent":0,"menu_order":0,"comment_status":"closed","ping_status":"closed","template":"","meta":{"_acf_changed":false,"_crdt_document":"","footnotes":""},"folder":[24],"class_list":["post-538","page","type-page","status-publish","hentry"],"acf":[],"_links":{"self":[{"href":"https:\/\/www.ufmg.br\/drca\/wp-json\/wp\/v2\/pages\/538","targetHints":{"allow":["GET"]}}],"collection":[{"href":"https:\/\/www.ufmg.br\/drca\/wp-json\/wp\/v2\/pages"}],"about":[{"href":"https:\/\/www.ufmg.br\/drca\/wp-json\/wp\/v2\/types\/page"}],"author":[{"embeddable":true,"href":"https:\/\/www.ufmg.br\/drca\/wp-json\/wp\/v2\/users\/5"}],"replies":[{"embeddable":true,"href":"https:\/\/www.ufmg.br\/drca\/wp-json\/wp\/v2\/comments?post=538"}],"version-history":[{"count":2,"href":"https:\/\/www.ufmg.br\/drca\/wp-json\/wp\/v2\/pages\/538\/revisions"}],"predecessor-version":[{"id":725,"href":"https:\/\/www.ufmg.br\/drca\/wp-json\/wp\/v2\/pages\/538\/revisions\/725"}],"wp:attachment":[{"href":"https:\/\/www.ufmg.br\/drca\/wp-json\/wp\/v2\/media?parent=538"}],"wp:term":[{"taxonomy":"folder","embeddable":true,"href":"https:\/\/www.ufmg.br\/drca\/wp-json\/wp\/v2\/folder?post=538"}],"curies":[{"name":"wp","href":"https:\/\/api.w.org\/{rel}","templated":true}]}}