{"id":569,"date":"2026-04-13T12:17:55","date_gmt":"2026-04-13T15:17:55","guid":{"rendered":"https:\/\/www.ufmg.br\/drca\/?page_id=569"},"modified":"2026-04-13T13:49:51","modified_gmt":"2026-04-13T16:49:51","slug":"3a-chamada-2","status":"publish","type":"page","link":"https:\/\/www.ufmg.br\/drca\/3a-chamada-2\/","title":{"rendered":"3\u00aa Chamada"},"content":{"rendered":"\n<p class=\"wp-block-paragraph\"><a href=\"https:\/\/www.ufmg.br\/drca\/wp-content\/uploads\/2026\/04\/CONVOCADOS-3a-CHAMADA.pdf\" target=\"_blank\" rel=\"noreferrer noopener\">Convoca\u00e7\u00e3o<\/a><\/p>\n\n\n\n<p class=\"wp-block-paragraph\"><a href=\"https:\/\/www.ufmg.br\/drca\/wp-content\/uploads\/2026\/04\/ESCALA-DE-ATENDIMENTO-COLTEC-2026-3a-Chamada-HETERO.pdf\" target=\"_blank\" rel=\"noreferrer noopener\">Escala de Atendimento Presencial \u2013 Heteroidentifica\u00e7\u00e3o<\/a><\/p>\n\n\n\n<p class=\"wp-block-paragraph\"><a href=\"https:\/\/www.ufmg.br\/drca\/wp-content\/uploads\/2026\/04\/COLTEC-2026-3a-CHAMADA-AMPLA-CONCORRENCIA-CONFIRMADOS.pdf\" target=\"_blank\" rel=\"noreferrer noopener\">Registros Confirmados da Ampla Concorr\u00eancia<\/a><\/p>\n\n\n\n<p class=\"wp-block-paragraph\"><a href=\"https:\/\/www.ufmg.br\/drca\/wp-content\/uploads\/2026\/04\/COLTEC-2026-3a-CHAMADA-AMPLA-CONCORRENCIA-INDEFERIDOS.pdf\" target=\"_blank\" rel=\"noreferrer noopener\">Registros Indeferidos da Ampla Concorr\u00eancia<\/a><\/p>\n\n\n\n<p class=\"wp-block-paragraph\"><a href=\"https:\/\/www.ufmg.br\/drca\/wp-content\/uploads\/2026\/04\/COLTEC-2026-3a-CHAMADA-RESULTADO-RESERVA-DE-VAGAS-CONFIRMADOS.pdf\" target=\"_blank\" rel=\"noreferrer noopener\">Registros Confirmados da Reserva de Vagas<\/a><\/p>\n\n\n\n<p class=\"wp-block-paragraph\"><a href=\"https:\/\/www.ufmg.br\/drca\/wp-content\/uploads\/2026\/04\/COLTEC-2026-3a-CHAMADA-RESULTADO-RESERVA-DE-VAGAS-INDEFERIDOS.pdf\" target=\"_blank\" rel=\"noreferrer noopener\">Registros Indeferidos da Reserva de Vagas<\/a><\/p>\n\n\n\n<p class=\"wp-block-paragraph\">Resultado dos Recursos<\/p>\n\n\n\n<p class=\"wp-block-paragraph\"><\/p>\n","protected":false},"excerpt":{"rendered":"<p>Convoca\u00e7\u00e3o Escala de Atendimento Presencial \u2013 Heteroidentifica\u00e7\u00e3o Registros Confirmados da Ampla Concorr\u00eancia Registros Indeferidos da Ampla Concorr\u00eancia Registros Confirmados da Reserva de Vagas Registros Indeferidos da Reserva de Vagas Resultado dos Recursos<\/p>\n","protected":false},"author":5,"featured_media":0,"parent":0,"menu_order":0,"comment_status":"closed","ping_status":"closed","template":"","meta":{"_acf_changed":false,"_crdt_document":"","footnotes":""},"folder":[24],"class_list":["post-569","page","type-page","status-publish","hentry"],"acf":[],"_links":{"self":[{"href":"https:\/\/www.ufmg.br\/drca\/wp-json\/wp\/v2\/pages\/569","targetHints":{"allow":["GET"]}}],"collection":[{"href":"https:\/\/www.ufmg.br\/drca\/wp-json\/wp\/v2\/pages"}],"about":[{"href":"https:\/\/www.ufmg.br\/drca\/wp-json\/wp\/v2\/types\/page"}],"author":[{"embeddable":true,"href":"https:\/\/www.ufmg.br\/drca\/wp-json\/wp\/v2\/users\/5"}],"replies":[{"embeddable":true,"href":"https:\/\/www.ufmg.br\/drca\/wp-json\/wp\/v2\/comments?post=569"}],"version-history":[{"count":3,"href":"https:\/\/www.ufmg.br\/drca\/wp-json\/wp\/v2\/pages\/569\/revisions"}],"predecessor-version":[{"id":726,"href":"https:\/\/www.ufmg.br\/drca\/wp-json\/wp\/v2\/pages\/569\/revisions\/726"}],"wp:attachment":[{"href":"https:\/\/www.ufmg.br\/drca\/wp-json\/wp\/v2\/media?parent=569"}],"wp:term":[{"taxonomy":"folder","embeddable":true,"href":"https:\/\/www.ufmg.br\/drca\/wp-json\/wp\/v2\/folder?post=569"}],"curies":[{"name":"wp","href":"https:\/\/api.w.org\/{rel}","templated":true}]}}