{"id":634,"date":"2026-04-13T13:10:36","date_gmt":"2026-04-13T16:10:36","guid":{"rendered":"https:\/\/www.ufmg.br\/drca\/?page_id=634"},"modified":"2026-04-13T13:10:36","modified_gmt":"2026-04-13T16:10:36","slug":"2a-chamada-4","status":"publish","type":"page","link":"https:\/\/www.ufmg.br\/drca\/2a-chamada-4\/","title":{"rendered":"2\u00aa Chamada"},"content":{"rendered":"\n<p class=\"wp-block-paragraph\"><a href=\"https:\/\/www.ufmg.br\/drca\/wp-content\/uploads\/2026\/04\/CONVOCADOS-2a-CHAMADA-1.pdf\">Convoca\u00e7\u00e3o<\/a><\/p>\n\n\n\n<p class=\"wp-block-paragraph\"><a href=\"https:\/\/www.ufmg.br\/drca\/wp-content\/uploads\/2026\/04\/CP-1o-ANO-2a-CHAMADA-AMPLA-CONCORRENCIA-CONFIRMADOS.pdf\">Registros Confirmados da Ampla Concorr\u00eancia<\/a><\/p>\n\n\n\n<p class=\"wp-block-paragraph\"><a href=\"https:\/\/www.ufmg.br\/drca\/wp-content\/uploads\/2026\/04\/CP-1o-ANO-2a-CHAMADA-AMPLA-CONCORRENCIA-INDEFERIDOS.pdf\">Registros Indeferidos da Ampla Concorr\u00eancia<\/a><\/p>\n\n\n\n<p class=\"wp-block-paragraph\"><\/p>\n\n\n\n<p class=\"wp-block-paragraph\"><\/p>\n","protected":false},"excerpt":{"rendered":"<p>Convoca\u00e7\u00e3o Registros Confirmados da Ampla Concorr\u00eancia Registros Indeferidos da Ampla Concorr\u00eancia<\/p>\n","protected":false},"author":5,"featured_media":0,"parent":0,"menu_order":0,"comment_status":"closed","ping_status":"closed","template":"","meta":{"_acf_changed":false,"_crdt_document":"","footnotes":""},"folder":[25],"class_list":["post-634","page","type-page","status-publish","hentry"],"acf":[],"_links":{"self":[{"href":"https:\/\/www.ufmg.br\/drca\/wp-json\/wp\/v2\/pages\/634","targetHints":{"allow":["GET"]}}],"collection":[{"href":"https:\/\/www.ufmg.br\/drca\/wp-json\/wp\/v2\/pages"}],"about":[{"href":"https:\/\/www.ufmg.br\/drca\/wp-json\/wp\/v2\/types\/page"}],"author":[{"embeddable":true,"href":"https:\/\/www.ufmg.br\/drca\/wp-json\/wp\/v2\/users\/5"}],"replies":[{"embeddable":true,"href":"https:\/\/www.ufmg.br\/drca\/wp-json\/wp\/v2\/comments?post=634"}],"version-history":[{"count":1,"href":"https:\/\/www.ufmg.br\/drca\/wp-json\/wp\/v2\/pages\/634\/revisions"}],"predecessor-version":[{"id":638,"href":"https:\/\/www.ufmg.br\/drca\/wp-json\/wp\/v2\/pages\/634\/revisions\/638"}],"wp:attachment":[{"href":"https:\/\/www.ufmg.br\/drca\/wp-json\/wp\/v2\/media?parent=634"}],"wp:term":[{"taxonomy":"folder","embeddable":true,"href":"https:\/\/www.ufmg.br\/drca\/wp-json\/wp\/v2\/folder?post=634"}],"curies":[{"name":"wp","href":"https:\/\/api.w.org\/{rel}","templated":true}]}}