{"id":744,"date":"2026-04-13T14:29:07","date_gmt":"2026-04-13T17:29:07","guid":{"rendered":"https:\/\/www.ufmg.br\/drca\/?page_id=744"},"modified":"2026-04-17T17:30:42","modified_gmt":"2026-04-17T20:30:42","slug":"1a-chamada-7","status":"publish","type":"page","link":"https:\/\/www.ufmg.br\/drca\/1a-chamada-7\/","title":{"rendered":"1\u00aa Chamada"},"content":{"rendered":"\n<p class=\"wp-block-paragraph\"><a href=\"https:\/\/www.ufmg.br\/drca\/wp-content\/uploads\/2026\/04\/Lista-de-convocados-1a-Chamada-1.pdf\" target=\"_blank\" rel=\"noreferrer noopener\">Convoca\u00e7\u00e3o<\/a><\/p>\n\n\n\n<p class=\"wp-block-paragraph\"><a href=\"https:\/\/www.ufmg.br\/drca\/wp-content\/uploads\/2026\/04\/1a-CHAMADA-TROB-2026-CONFIRMADOS.pdf\" target=\"_blank\" rel=\"noreferrer noopener\">Registros Confirmados <\/a><\/p>\n\n\n\n<p class=\"wp-block-paragraph\"><a href=\"https:\/\/www.ufmg.br\/drca\/wp-content\/uploads\/2026\/04\/1a-CHAMADA-TROB-2026-INDEFERIDOS.pdf\" target=\"_blank\" rel=\"noreferrer noopener\">Registros Indeferidos<\/a><\/p>\n\n\n\n<p class=\"wp-block-paragraph\"><a href=\"https:\/\/www.ufmg.br\/drca\/wp-content\/uploads\/2026\/04\/1a-CHAMADA-TROB-2026-EM-ANALISE.pdf\" target=\"_blank\" rel=\"noreferrer noopener\">Registros em An\u00e1lise<\/a> <\/p>\n\n\n\n<p class=\"wp-block-paragraph\"><a href=\"https:\/\/www.ufmg.br\/drca\/wp-content\/uploads\/2026\/04\/1a-CHAMADA-TROB-2026-EM-ANALISE-pos-analise.pdf\">Resultado dos Registros em an\u00e1lise<\/a><\/p>\n\n\n\n<p class=\"wp-block-paragraph\"><a href=\"https:\/\/www.ufmg.br\/drca\/wp-content\/uploads\/2026\/04\/1a-Chamada-TROB-2026-Resultado-dos-Recursos.pdf\" target=\"_blank\" rel=\"noreferrer noopener\">Resultado dos Recursos <\/a><\/p>\n\n\n\n<p class=\"wp-block-paragraph\"><\/p>\n","protected":false},"excerpt":{"rendered":"<p>Convoca\u00e7\u00e3o Registros Confirmados Registros Indeferidos Registros em An\u00e1lise Resultado dos Registros em an\u00e1lise Resultado dos Recursos<\/p>\n","protected":false},"author":5,"featured_media":0,"parent":0,"menu_order":0,"comment_status":"closed","ping_status":"closed","template":"","meta":{"_acf_changed":false,"_crdt_document":"{\"document\":\"AAAXrPGNlQnh1sO1AQDs8Y2VCRTh1sO1AVdciDXGNQEBCABICgYCGAIWAgwGxgECigG+HAMDBOIeFr4dAwMEhgYBAxACAQIKAkJKAIgFAQIKAkJKAKAFAQIKAkJKAJ4FAQIKAkJKAJwFAQIKAkJKALgFAQIKAEoLpDrSOgMAiB4DAwR1KADHACgCJwEoACcABACEB0QAxAGEAMQGIQAoAicABAAnAAQAhAYnACgEJwAoBicABwAoAycBBAAoACcAhwAoAycBBAAoACcAhwAoAycBBAAoACcAhwAoAycBBAAoACcAhwAoAycBBAAoACcAhwAoAycBKAAn6BniGHN0YXRldmVyc2lvbmNsaWVudElkaXNWYWxpZG5hbWVhdHRyaWJ1dGVzY29udGVudGRyb3BDYXBpbm5lckJsb2Nrc1Jlc3VsdGFkbyBkb3MgclJlZ2lzdHJvcyBlIG0gYW7DoWxzaWVpc2U8YSBocmVmPSJodHRwczovL3d3dy51Zm1nLmJyL2RyY2Evd3AtY29udGVudC91cGxvYWRzLzIwMjYvMDQvMWEtQ0hBTUFEQS1UT0ItMjAyNi1FTS1BTkFMSVNFLXBvcy1hbmFsaXMucGRmIj5SZTwvYT5IQU1BREEtVFJPQi0yMDI2LUVNLUFOQUxJU0UtcG9zLWFuYWxpc2UucGRmIj5SZXN1bHRhZG8gZG9zIFJlZ2lzdHJvcyBlbSBhbsOhbGlzZTwvYT48L3A+CjwhLS0gL3dwOnBhcmFncmFwIC0tPgoKPCEtLSB3cDpwcmFncmFwaCAtLT4KPHA+PGEgaHJlZj0iaHR0cHM6Ly93d3cudWZnLmJyL2RyYy93cC1jb250ZW50L3VwbG9hcy8yMDI2LzA0LzFDaGFtYWRhLXN0YXRldmVyc2lvbmRvY3VtZW50ZGF0ZWRvY3VtZW50c2x1Z2RvY3VtZW50c3RhdHVzZG9jdW1lbnR0aXRsZTHCqiBDaGFtYWRhZG9jdW1lbnRjb250ZW50PCEtLSB3cDpwYXJhZ3JhcGggLS0+CjxwPjxhIGhyZWY9Imh0dHBzOi8vd3d3LnVmbWcuYnIvZHJjYS93cC1jb250ZW50L3VwbG9hZHMvMjAyNi8wNC9MaXN0YS1kZS1jb252b2NhZG9zLTFhLUNoYW1hZGEtMS5wZGYiIHRhcmdldD0iX2JsYW5rIiByZWw9Im5vcmVmZXJyZXIgbm9vcGVuZXIiPkNvbnZvY2HDp8OjbzwvYT48L3A+CjwhLS0gL3dwOnBhcmFncmFwaCAtLT4KCjwhLS0gd3A6cGFyYWdyYXBoIC0tPgo8cD48YSBocmVmPSJodHRwczovL3d3dy51Zm1nLmJyL2RyY2Evd3AtY29udGVudC91cGxvYWRzLzIwMjYvMDQvMWEtQ0hBTUFEQS1UUk9CLTIwMjYtQ09ORklSTUFET1MucGRmIiB0YXJnZXQ9Il9ibGFuayIgcmVsPSJub3JlZmVycmVyIG5vb3BlbmVyIj5SZWdpc3Ryb3MgQ29uZmlybWFkb3MgPC9hPjwvcD4KPCEtLSAvd3A6cGFyYWdyYXBoIC0tPgoKPCEtLSB3cDpwYXJhZ3JhcGggLS0+CjxwPjxhIGhyZWY9Imh0dHBzOi8vd3d3LnVmbWcuYnIvZHJjYS93cC1jb250ZW50L3VwbG9hZHMvMjAyNi8wNC8xYS1DSEFNQURBLVRST0ItMjAyNi1JTkRFRkVSSURPUy5wZGYiIHRhcmdldD0iX2JsYW5rIiByZWw9Im5vcmVmZXJyZXIgbm9vcGVuZXIiPlJlZ2lzdHJvcyBJbmRlZmVyaWRvczwvYT48L3A+CjwhLS0gL3dwOnBhcmFncmFwaCAtLT4KCjwhLS0gd3A6cGFyYWdyYXBoIC0tPgo8cD48YSBocmVmPSJodHRwczovL3d3dy51Zm1nLmJyL2RyY2Evd3AtY29udGVudC91cGxvYWRzLzIwMjYvMDQvMWEtQ0hBTUFEQS1UUk9CLTIwMjYtRU0tQU5BTElTRS5wZGYiIHRhcmdldD0iX2JsYW5rIiByZWw9Im5vcmVmZXJyZXIgbm9vcGVuZXIiPlJlZ2lzdHJvcyBlbSBBbsOhbGlzZTwvYT4gPC9wPgo8IS0tIC93cDpwYXJhZ3JhcGggLS0+Cgo8IS0tIHdwOnBhcmFncmFwaCAtLT4KPHA+PGEgaHJlZj0iaHR0cHM6Ly93d3cudWZtZy5ici9kcmNhL3dwLWNvbnRlbnQvdXBsb2Fkcy8yMDI2LzA0LzFhLUNoYW1hZGEtVFJPQi0yMDI2LVJlc3VsdGFkby1kb3MtUmVjdXJzb3MucGRmIiB0YXJnZXQ9Il9ibGFuayIgcmVsPSJub3JlZmVycmVyIG5vb3BlbmVyIj5SZXN1bHRhZG8gZG9zIFJlY3Vyc29zIDwvYT48L3A+CjwhLS0gL3dwOnBhcmFncmFwaCAtLT4KCjwhLS0gd3A6cGFyYWdyYXBoIC0tPgo8cD48L3A+CjwhLS0gL3dwOnBhcmFncmFwaCAtLT5kb2N1bWVudGV4Y2VycHRkb2N1bWVudGF1dGhvcmRvY3VtZW50ZmVhdHVyZWRfbWVkaWFkb2N1bWVudGNvbW1lbnRfc3RhdHVzZG9jdW1lbnRwaW5nX3N0YXR1c2RvY3VtZW50dGVtcGxhdGVkb2N1bWVudG1ldGFfYWNmX2NoYW5nZWRmb290bm90ZXNfZWxlbWVudG9yX2VkaXRfbW9kZV9lbGVtZW50b3JfdGVtcGxhdGVfdHlwZV9lbGVtZW50b3JfZGF0YV9lbGVtZW50b3JfcGFnZV9zZXR0aW5nc2RvY3VtZW50Zm9sZGVyZG9jdW1lbnRibG9ja3NjbGllbnRJZGlzVmFsaWRvcmlnaW5hbENvbnRlbnRuYW1lYXR0cmlidXRlc2NvbnRlbnQ8YSBocmVmPSJodHRwczovL3d3dy51Zm1nLmJyL2RyY2Evd3AtY29udGVudC91cGxvYWRzLzIwMjYvMDQvTGlzdGEtZGUtY29udm9jYWRvcy0xYS1DaGFtYWRhLTEucGRmIiB0YXJnZXQ9Il9ibGFuayIgcmVsPSJub3JlZmVycmVyIG5vb3BlbmVyIj5Db252b2Nhw6fDo288L2E+ZHJvcENhcGlubmVyQmxvY2tzY2xpZW50SWRpc1ZhbGlkb3JpZ2luYWxDb250ZW50bmFtZWF0dHJpYnV0ZXNjb250ZW50PGEgaHJlZj0iaHR0cHM6Ly93d3cudWZtZy5ici9kcmNhL3dwLWNvbnRlbnQvdXBsb2Fkcy8yMDI2LzA0LzFhLUNIQU1BREEtVFJPQi0yMDI2LUNPTkZJUk1BRE9TLnBkZiIgdGFyZ2V0PSJfYmxhbmsiIHJlbD0ibm9yZWZlcnJlciBub29wZW5lciI+UmVnaXN0cm9zIENvbmZpcm1hZG9zIDwvYT5kcm9wQ2FwaW5uZXJCbG9ja3NjbGllbnRJZGlzVmFsaWRvcmlnaW5hbENvbnRlbnRuYW1lYXR0cmlidXRlc2NvbnRlbnQ8YSBocmVmPSJodHRwczovL3d3dy51Zm1nLmJyL2RyY2Evd3AtY29udGVudC91cGxvYWRzLzIwMjYvMDQvMWEtQ0hBTUFEQS1UUk9CLTIwMjYtSU5ERUZFUklET1MucGRmIiB0YXJnZXQ9Il9ibGFuayIgcmVsPSJub3JlZmVycmVyIG5vb3BlbmVyIj5SZWdpc3Ryb3MgSW5kZWZlcmlkb3M8L2E+ZHJvcENhcGlubmVyQmxvY2tzY2xpZW50SWRpc1ZhbGlkb3JpZ2luYWxDb250ZW50bmFtZWF0dHJpYnV0ZXNjb250ZW50PGEgaHJlZj0iaHR0cHM6Ly93d3cudWZtZy5ici9kcmNhL3dwLWNvbnRlbnQvdXBsb2Fkcy8yMDI2LzA0LzFhLUNIQU1BREEtVFJPQi0yMDI2LUVNLUFOQUxJU0UucGRmIiB0YXJnZXQ9Il9ibGFuayIgcmVsPSJub3JlZmVycmVyIG5vb3BlbmVyIj5SZWdpc3Ryb3MgZW0gQW7DoWxpc2U8L2E+IGRyb3BDYXBpbm5lckJsb2Nrc2NsaWVudElkaXNWYWxpZG9yaWdpbmFsQ29udGVudG5hbWVhdHRyaWJ1dGVzY29udGVudDxhIGhyZWY9Imh0dHBzOi8vd3d3LnVmbWcuYnIvZHJjYS93cC1jb250ZW50L3VwbG9hZHMvMjAyNi8wNC8xYS1DaGFtYWRhLVRST0ItMjAyNi1SZXN1bHRhZG8tZG9zLVJlY3Vyc29zLnBkZiIgdGFyZ2V0PSJfYmxhbmsiIHJlbD0ibm9yZWZlcnJlciBub29wZW5lciI+UmVzdWx0YWRvIGRvcyBSZWN1cnNvcyA8L2E+ZHJvcENhcGlubmVyQmxvY2tzY2xpZW50SWRpc1ZhbGlkb3JpZ2luYWxDb250ZW50bmFtZWF0dHJpYnV0ZXNjb250ZW50ZHJvcENhcGlubmVyQmxvY2tzBQcIBwQKRwALQQAMAQsBBkMAiQEdCASpAQ8mCBELCAUHCAQIBAgGCAUKCAe\/DkEDArwCCAcIBggOCA4IC0gBBAwJFBgPGAgGCAYIBw8ECgebAgcLCAcPBAoHpwIHCwgHDwQKB6YCBwsIBw8ECgelAgcLCAcPBAoHswIHCwgHDwQKRwALEwEAAAcBBAAAAQAAAAEGAAUBAQAgQQACAEIBAQBBAAIAQQACAEEAAgBBAAIAQQACAEEAAgACQTECHQB9AXckNTZlMTliNmMtY2E5My00MWZiLWFjN2UtNzRmNTM1YjBiODZheHcOY29yZS9wYXJhZ3JhcGh5WQB3EzIwMjYtMDQtMTNUMTQ6Mjk6MDd3DDFhLWNoYW1hZGEtN3cHcHVibGlzaH0FfQB3BmNsb3NlZHcGY2xvc2VkdwB5dwB3AHcAdwB+dQF9HHckZTE3NTdiMDEtYjBhZS00NDg0LWJiZjctZWRmZTQ1YWRkYTU0eHekATxwPjxhIGhyZWY9Imh0dHBzOi8vd3d3LnVmbWcuYnIvZHJjYS93cC1jb250ZW50L3VwbG9hZHMvMjAyNi8wNC9MaXN0YS1kZS1jb252b2NhZG9zLTFhLUNoYW1hZGEtMS5wZGYiIHRhcmdldD0iX2JsYW5rIiByZWw9Im5vcmVmZXJyZXIgbm9vcGVuZXIiPkNvbnZvY2HDp8OjbzwvYT48L3A+dw5jb3JlL3BhcmFncmFwaHl3JDY0NTcyZWEzLTkxMTgtNDBkZC1hM2JkLTA5NjNjNzFlNTQ3NHh3rgE8cD48YSBocmVmPSJodHRwczovL3d3dy51Zm1nLmJyL2RyY2Evd3AtY29udGVudC91cGxvYWRzLzIwMjYvMDQvMWEtQ0hBTUFEQS1UUk9CLTIwMjYtQ09ORklSTUFET1MucGRmIiB0YXJnZXQ9Il9ibGFuayIgcmVsPSJub3JlZmVycmVyIG5vb3BlbmVyIj5SZWdpc3Ryb3MgQ29uZmlybWFkb3MgPC9hPjwvcD53DmNvcmUvcGFyYWdyYXBoeXckYWFhZjc1NTMtYzQ3OC00ZTdmLWFmNWYtYjU2MWRiMzhhMGYzeHetATxwPjxhIGhyZWY9Imh0dHBzOi8vd3d3LnVmbWcuYnIvZHJjYS93cC1jb250ZW50L3VwbG9hZHMvMjAyNi8wNC8xYS1DSEFNQURBLVRST0ItMjAyNi1JTkRFRkVSSURPUy5wZGYiIHRhcmdldD0iX2JsYW5rIiByZWw9Im5vcmVmZXJyZXIgbm9vcGVuZXIiPlJlZ2lzdHJvcyBJbmRlZmVyaWRvczwvYT48L3A+dw5jb3JlL3BhcmFncmFwaHl3JDNiNTEyNzc2LWZmYjgtNGI1Zi1iNDA3LTE1M2QxMjlhNjJiNHh3rQE8cD48YSBocmVmPSJodHRwczovL3d3dy51Zm1nLmJyL2RyY2Evd3AtY29udGVudC91cGxvYWRzLzIwMjYvMDQvMWEtQ0hBTUFEQS1UUk9CLTIwMjYtRU0tQU5BTElTRS5wZGYiIHRhcmdldD0iX2JsYW5rIiByZWw9Im5vcmVmZXJyZXIgbm9vcGVuZXIiPlJlZ2lzdHJvcyBlbSBBbsOhbGlzZTwvYT4gPC9wPncOY29yZS9wYXJhZ3JhcGh5dyRhZDU2OTQ2My0wYmIwLTQxZDAtOGRiMS0zZTI0MWE0MzAxNzZ4d7oBPHA+PGEgaHJlZj0iaHR0cHM6Ly93d3cudWZtZy5ici9kcmNhL3dwLWNvbnRlbnQvdXBsb2Fkcy8yMDI2LzA0LzFhLUNoYW1hZGEtVFJPQi0yMDI2LVJlc3VsdGFkby1kb3MtUmVjdXJzb3MucGRmIiB0YXJnZXQ9Il9ibGFuayIgcmVsPSJub3JlZmVycmVyIG5vb3BlbmVyIj5SZXN1bHRhZG8gZG9zIFJlY3Vyc29zIDwvYT48L3A+dw5jb3JlL3BhcmFncmFwaHl3JDA4ZWI1NDBhLWU1YzUtNDBmYS05YjZlLTEyZTEyODUxOGFlOXh3BzxwPjwvcD53DmNvcmUvcGFyYWdyYXBoeQLs+MbKBAMXAAsABgKh6+FaAQAA\",\"updateId\":631240539}","footnotes":""},"folder":[28],"class_list":["post-744","page","type-page","status-publish","hentry"],"acf":[],"_links":{"self":[{"href":"https:\/\/www.ufmg.br\/drca\/wp-json\/wp\/v2\/pages\/744","targetHints":{"allow":["GET"]}}],"collection":[{"href":"https:\/\/www.ufmg.br\/drca\/wp-json\/wp\/v2\/pages"}],"about":[{"href":"https:\/\/www.ufmg.br\/drca\/wp-json\/wp\/v2\/types\/page"}],"author":[{"embeddable":true,"href":"https:\/\/www.ufmg.br\/drca\/wp-json\/wp\/v2\/users\/5"}],"replies":[{"embeddable":true,"href":"https:\/\/www.ufmg.br\/drca\/wp-json\/wp\/v2\/comments?post=744"}],"version-history":[{"count":4,"href":"https:\/\/www.ufmg.br\/drca\/wp-json\/wp\/v2\/pages\/744\/revisions"}],"predecessor-version":[{"id":1154,"href":"https:\/\/www.ufmg.br\/drca\/wp-json\/wp\/v2\/pages\/744\/revisions\/1154"}],"wp:attachment":[{"href":"https:\/\/www.ufmg.br\/drca\/wp-json\/wp\/v2\/media?parent=744"}],"wp:term":[{"taxonomy":"folder","embeddable":true,"href":"https:\/\/www.ufmg.br\/drca\/wp-json\/wp\/v2\/folder?post=744"}],"curies":[{"name":"wp","href":"https:\/\/api.w.org\/{rel}","templated":true}]}}