
{"id":11,"date":"2020-11-20T10:11:08","date_gmt":"2020-11-20T12:11:08","guid":{"rendered":"https:\/\/www.ufmg.br\/dri\/desafiosglobais\/?page_id=11"},"modified":"2021-03-06T15:19:09","modified_gmt":"2021-03-06T18:19:09","slug":"organizadores","status":"publish","type":"page","link":"https:\/\/www.ufmg.br\/dri\/desafiosglobais\/organizadores\/","title":{"rendered":"Organizadores da Cole\u00e7\u00e3o"},"content":{"rendered":"\n<p class=\"has-text-align-left\"><img class=\"wp-image-33\" style=\"width: 150px; height: auto; float: left; margin-right: 10px;\" src=\"https:\/\/www.ufmg.br\/dri\/desafiosglobais\/wp-content\/uploads\/2021\/01\/aziz2.jpg\" alt=\"\"><strong>Aziz Tuffi Saliba <\/strong><br>Professor da Faculdade de Direito da Universidade Federal de Minas Gerais (UFMG). Doutor em Direito pela mesma universidade. Diretor de Rela\u00e7\u00f5es Internacionais da UFMG. Presidente do Ramo Brasileiro da International Law Association. Vice-diretor da Faculdade de Direito da UFMG (2014-2018). Tem atua\u00e7\u00e3o acad\u00eamica em direito internacional p\u00fablico e rela\u00e7\u00f5es internacionais, bilaterais e multilaterais.<\/p>\n\n\n\n<p class=\"has-text-align-left\"><img loading=\"lazy\" width=\"225\" height=\"225\" class=\"wp-image-35\" style=\"width: 150px; height: auto; float: left; margin-right: 10px;\" src=\"https:\/\/www.ufmg.br\/dri\/desafiosglobais\/wp-content\/uploads\/2020\/11\/dawisson.jpg\" alt=\"\" srcset=\"https:\/\/www.ufmg.br\/dri\/desafiosglobais\/wp-content\/uploads\/2020\/11\/dawisson.jpg 225w, https:\/\/www.ufmg.br\/dri\/desafiosglobais\/wp-content\/uploads\/2020\/11\/dawisson-150x150.jpg 150w\" sizes=\"(max-width: 225px) 100vw, 225px\" \/><strong>Dawisson Bel\u00e9m Lopes<\/strong><br>Professor da Faculdade de Filosofia e Ci\u00eancias Humanas da Universidade Federal de Minas Gerais (UFMG). Doutor em Ci\u00eancia Pol\u00edtica pela Universidade do Estado do Rio de Janeiro (UERJ). Diretor adjunto de Rela\u00e7\u00f5es Internacionais da UFMG. Foi professor visitante da Universit\u00e9 Catholique de Louvain (UCL), na B\u00e9lgica, e pesquisador visitante do German Institute of Global and Area Studies (GIGA), na Alemanha. Tem atua\u00e7\u00e3o acad\u00eamica em an\u00e1lise de pol\u00edtica externa e institui\u00e7\u00f5es internacionais.<\/p>\n","protected":false},"excerpt":{"rendered":"<p>Aziz Tuffi Saliba Professor da Faculdade de Direito da Universidade Federal de Minas Gerais (UFMG). Doutor em Direito pela mesma universidade. Diretor de Rela\u00e7\u00f5es Internacionais da UFMG. Presidente do Ramo Brasileiro da International Law Association. Vice-diretor da Faculdade de Direito da UFMG (2014-2018). Tem atua\u00e7\u00e3o acad\u00eamica em direito internacional p\u00fablico e rela\u00e7\u00f5es internacionais, bilaterais e [&hellip;]<\/p>\n","protected":false},"author":1,"featured_media":0,"parent":0,"menu_order":0,"comment_status":"closed","ping_status":"closed","template":"","meta":[],"categories":[],"_links":{"self":[{"href":"https:\/\/www.ufmg.br\/dri\/desafiosglobais\/wp-json\/wp\/v2\/pages\/11"}],"collection":[{"href":"https:\/\/www.ufmg.br\/dri\/desafiosglobais\/wp-json\/wp\/v2\/pages"}],"about":[{"href":"https:\/\/www.ufmg.br\/dri\/desafiosglobais\/wp-json\/wp\/v2\/types\/page"}],"author":[{"embeddable":true,"href":"https:\/\/www.ufmg.br\/dri\/desafiosglobais\/wp-json\/wp\/v2\/users\/1"}],"replies":[{"embeddable":true,"href":"https:\/\/www.ufmg.br\/dri\/desafiosglobais\/wp-json\/wp\/v2\/comments?post=11"}],"version-history":[{"count":10,"href":"https:\/\/www.ufmg.br\/dri\/desafiosglobais\/wp-json\/wp\/v2\/pages\/11\/revisions"}],"predecessor-version":[{"id":114,"href":"https:\/\/www.ufmg.br\/dri\/desafiosglobais\/wp-json\/wp\/v2\/pages\/11\/revisions\/114"}],"wp:attachment":[{"href":"https:\/\/www.ufmg.br\/dri\/desafiosglobais\/wp-json\/wp\/v2\/media?parent=11"}],"wp:term":[{"taxonomy":"category","embeddable":true,"href":"https:\/\/www.ufmg.br\/dri\/desafiosglobais\/wp-json\/wp\/v2\/categories?post=11"}],"curies":[{"name":"wp","href":"https:\/\/api.w.org\/{rel}","templated":true}]}}