
{"id":24,"date":"2020-11-20T10:37:35","date_gmt":"2020-11-20T13:37:35","guid":{"rendered":"https:\/\/www.ufmg.br\/dri\/desafiosglobais\/?page_id=24"},"modified":"2021-03-06T15:16:00","modified_gmt":"2021-03-06T18:16:00","slug":"colecao-desafios-globais","status":"publish","type":"page","link":"https:\/\/www.ufmg.br\/dri\/desafiosglobais\/","title":{"rendered":"Cole\u00e7\u00e3o Desafios Globais"},"content":{"rendered":"\n<p>A Diretoria de Rela\u00e7\u00f5es Internacionais da Universidade Federal de Minas Gerais, em parceria com a Editora da UFMG, organizou a Cole\u00e7\u00e3o Desafios Globais, a qual pretende discutir, por meio de seus seis tomos e mais de duas mil p\u00e1ginas, as diferentes macrorregi\u00f5es do planeta \u2013 \u00c1frica, Am\u00e9rica do Norte, Am\u00e9rica Latina, \u00c1sia-Pac\u00edfico, Europa e \u00cdndico.<\/p>\n\n\n\n<p>Valendo-se da&nbsp;<em>expertise<\/em>&nbsp;instalada na UFMG e em suas quase 500 institui\u00e7\u00f5es parceiras, espalhadas por 60 pa\u00edses ao redor do mundo, as contribui\u00e7\u00f5es autorais da Cole\u00e7\u00e3o est\u00e3o distribu\u00eddas em diferentes \u00e1reas tem\u00e1ticas, a saber: (I) Sustentabilidade, (II) Sa\u00fade e Bem-Estar, (III) Direitos Humanos, (IV) Novas Tecnologias e Fronteiras da Ci\u00eancia, (V) Institui\u00e7\u00f5es, Governan\u00e7a e Regula\u00e7\u00e3o, (VI) Educa\u00e7\u00e3o, Cultura e Arte.<\/p>\n\n\n\n<p>A cole\u00e7\u00e3o pode ser comprada no <a rel=\"noreferrer noopener\" href=\"https:\/\/www.editora.ufmg.br\/\" target=\"_blank\">site da Editora UFMG<\/a> ou baixada gratuitamente <a href=\"https:\/\/www.ufmg.br\/dri\/desafiosglobais\/baixar\/\">aqui<\/a>.<\/p>\n\n\n\n<figure class=\"wp-block-image size-large\"><img loading=\"lazy\" width=\"1024\" height=\"365\" src=\"https:\/\/www.ufmg.br\/dri\/desafiosglobais\/wp-content\/uploads\/2020\/11\/Apresentacao1-1024x365.png\" style=\"width: 100%; height: auto\" alt=\"\" class=\"wp-image-23\" srcset=\"https:\/\/www.ufmg.br\/dri\/desafiosglobais\/wp-content\/uploads\/2020\/11\/Apresentacao1-1024x365.png 1024w, https:\/\/www.ufmg.br\/dri\/desafiosglobais\/wp-content\/uploads\/2020\/11\/Apresentacao1-300x107.png 300w, https:\/\/www.ufmg.br\/dri\/desafiosglobais\/wp-content\/uploads\/2020\/11\/Apresentacao1-768x274.png 768w, https:\/\/www.ufmg.br\/dri\/desafiosglobais\/wp-content\/uploads\/2020\/11\/Apresentacao1.png 1179w\" sizes=\"(max-width: 1024px) 100vw, 1024px\" \/><\/figure>\n","protected":false},"excerpt":{"rendered":"<p>A Diretoria de Rela\u00e7\u00f5es Internacionais da Universidade Federal de Minas Gerais, em parceria com a Editora da UFMG, organizou a Cole\u00e7\u00e3o Desafios Globais, a qual pretende discutir, por meio de seus seis tomos e mais de duas mil p\u00e1ginas, as diferentes macrorregi\u00f5es do planeta \u2013 \u00c1frica, Am\u00e9rica do Norte, Am\u00e9rica Latina, \u00c1sia-Pac\u00edfico, Europa e \u00cdndico. [&hellip;]<\/p>\n","protected":false},"author":1,"featured_media":0,"parent":0,"menu_order":0,"comment_status":"closed","ping_status":"closed","template":"","meta":[],"categories":[],"_links":{"self":[{"href":"https:\/\/www.ufmg.br\/dri\/desafiosglobais\/wp-json\/wp\/v2\/pages\/24"}],"collection":[{"href":"https:\/\/www.ufmg.br\/dri\/desafiosglobais\/wp-json\/wp\/v2\/pages"}],"about":[{"href":"https:\/\/www.ufmg.br\/dri\/desafiosglobais\/wp-json\/wp\/v2\/types\/page"}],"author":[{"embeddable":true,"href":"https:\/\/www.ufmg.br\/dri\/desafiosglobais\/wp-json\/wp\/v2\/users\/1"}],"replies":[{"embeddable":true,"href":"https:\/\/www.ufmg.br\/dri\/desafiosglobais\/wp-json\/wp\/v2\/comments?post=24"}],"version-history":[{"count":7,"href":"https:\/\/www.ufmg.br\/dri\/desafiosglobais\/wp-json\/wp\/v2\/pages\/24\/revisions"}],"predecessor-version":[{"id":105,"href":"https:\/\/www.ufmg.br\/dri\/desafiosglobais\/wp-json\/wp\/v2\/pages\/24\/revisions\/105"}],"wp:attachment":[{"href":"https:\/\/www.ufmg.br\/dri\/desafiosglobais\/wp-json\/wp\/v2\/media?parent=24"}],"wp:term":[{"taxonomy":"category","embeddable":true,"href":"https:\/\/www.ufmg.br\/dri\/desafiosglobais\/wp-json\/wp\/v2\/categories?post=24"}],"curies":[{"name":"wp","href":"https:\/\/api.w.org\/{rel}","templated":true}]}}