
{"id":9,"date":"2020-11-20T10:05:11","date_gmt":"2020-11-20T13:05:11","guid":{"rendered":"https:\/\/www.ufmg.br\/dri\/desafiosglobais\/?page_id=9"},"modified":"2021-01-28T16:00:58","modified_gmt":"2021-01-28T18:00:58","slug":"sobre-a-colecao","status":"publish","type":"page","link":"https:\/\/www.ufmg.br\/dri\/desafiosglobais\/sobre-a-colecao\/","title":{"rendered":"Sobre a Cole\u00e7\u00e3o"},"content":{"rendered":"\n<p>\u201cTrata-se de um farto banquete intelectual para acad\u00eamicos e tomadores de decis\u00e3o. O perfil variado dos colaboradores da Cole\u00e7\u00e3o permite ver, lado a lado, professores, pesquisadores, gestores p\u00fablicos e privados, pol\u00edticos de carreira e ativistas sociais de m\u00faltiplas orienta\u00e7\u00f5es. Temas de elevado apelo, cuja relev\u00e2ncia n\u00e3o pode ser subestimada, foram inclu\u00eddos nesta colet\u00e2nea. Chamam-me a aten\u00e7\u00e3o, em particular, os cap\u00edtulos sobre educa\u00e7\u00e3o e cultura, no Brasil e no mundo \u2013 campo tem\u00e1tico a que estou fortemente vinculada, seja por compromisso profissional e senso de dever, seja por afeto e interesse de pesquisa.<\/p>\n\n\n\n<p>O mais importante a notar, para al\u00e9m do que j\u00e1 foi expresso, \u00e9 o papel de lideran\u00e7a reiteradamente desempenhado pela UFMG, ao trazer uma arguta e aprofundada abordagem, sob um vi\u00e9s comparado, em momento especialmente duro no cen\u00e1rio internacional. A Universidade n\u00e3o se furtou, uma vez mais, a cumprir sua responsabilidade social. Numa encruzilhada hist\u00f3rica decisiva, em que somos acometidos por amea\u00e7as existenciais e instados a pensar e agir rapidamente, a comunidade da UFMG esteve \u00e0 altura das expectativas nela depositadas, assumindo para si, com prontid\u00e3o, a miss\u00e3o de mostrar o caminho \u00e0 frente. O corpo de escritos que conforma a Cole\u00e7\u00e3o Desafios Globais \u00e9 a instancia\u00e7\u00e3o desse esfor\u00e7o para compreender o vasto mundo que nos rodeia e sua inerente complexidade. O resultado admir\u00e1vel pode ser conferido nas p\u00e1ginas que se seguem.\u201d<\/p>\n\n\n\n<p class=\"has-text-align-right\"><strong>Sandra Goulart Almeida<\/strong><br>Reitora da UFMG<\/p>\n","protected":false},"excerpt":{"rendered":"<p>\u201cTrata-se de um farto banquete intelectual para acad\u00eamicos e tomadores de decis\u00e3o. O perfil variado dos colaboradores da Cole\u00e7\u00e3o permite ver, lado a lado, professores, pesquisadores, gestores p\u00fablicos e privados, pol\u00edticos de carreira e ativistas sociais de m\u00faltiplas orienta\u00e7\u00f5es. Temas de elevado apelo, cuja relev\u00e2ncia n\u00e3o pode ser subestimada, foram inclu\u00eddos nesta colet\u00e2nea. Chamam-me a [&hellip;]<\/p>\n","protected":false},"author":1,"featured_media":0,"parent":0,"menu_order":0,"comment_status":"closed","ping_status":"closed","template":"","meta":[],"categories":[],"_links":{"self":[{"href":"https:\/\/www.ufmg.br\/dri\/desafiosglobais\/wp-json\/wp\/v2\/pages\/9"}],"collection":[{"href":"https:\/\/www.ufmg.br\/dri\/desafiosglobais\/wp-json\/wp\/v2\/pages"}],"about":[{"href":"https:\/\/www.ufmg.br\/dri\/desafiosglobais\/wp-json\/wp\/v2\/types\/page"}],"author":[{"embeddable":true,"href":"https:\/\/www.ufmg.br\/dri\/desafiosglobais\/wp-json\/wp\/v2\/users\/1"}],"replies":[{"embeddable":true,"href":"https:\/\/www.ufmg.br\/dri\/desafiosglobais\/wp-json\/wp\/v2\/comments?post=9"}],"version-history":[{"count":2,"href":"https:\/\/www.ufmg.br\/dri\/desafiosglobais\/wp-json\/wp\/v2\/pages\/9\/revisions"}],"predecessor-version":[{"id":58,"href":"https:\/\/www.ufmg.br\/dri\/desafiosglobais\/wp-json\/wp\/v2\/pages\/9\/revisions\/58"}],"wp:attachment":[{"href":"https:\/\/www.ufmg.br\/dri\/desafiosglobais\/wp-json\/wp\/v2\/media?parent=9"}],"wp:term":[{"taxonomy":"category","embeddable":true,"href":"https:\/\/www.ufmg.br\/dri\/desafiosglobais\/wp-json\/wp\/v2\/categories?post=9"}],"curies":[{"name":"wp","href":"https:\/\/api.w.org\/{rel}","templated":true}]}}