{"id":1353,"date":"2023-11-01T08:52:18","date_gmt":"2023-11-01T11:52:18","guid":{"rendered":"https:\/\/www.ufmg.br\/egdi\/?page_id=1353"},"modified":"2023-11-03T14:06:18","modified_gmt":"2023-11-03T17:06:18","slug":"contato","status":"publish","type":"page","link":"https:\/\/www.ufmg.br\/egdi\/contato\/","title":{"rendered":"Contato"},"content":{"rendered":"\n<p><strong>E-mail:<\/strong><\/p>\n\n\n\n<p>\u00a0<a rel=\"noreferrer noopener\" href=\"mailto:egdi@ufmg.br\" target=\"_blank\">egdi@ufmg.br<\/a><\/p>\n\n\n\n<p><strong>Telefone: <\/strong><\/p>\n\n\n\n<p>(31) 3409-4267<\/p>\n\n\n\n<p><strong>Correspond\u00eancia: <\/strong><\/p>\n\n\n\n<p>Escrit\u00f3rio de Governan\u00e7a de Dados Institucionais (EGDI)<\/p>\n\n\n\n<p>Universidade Federal de Minas Gerais &#8211; Reitoria &#8211; Sala 4005<\/p>\n\n\n\n<p>Av. Antonio Carlos, 6627 &#8211; Pampulha &#8211; Belo Horizonte &#8211; MG | CEP 31270-901<\/p>\n","protected":false},"excerpt":{"rendered":"<p>E-mail: \u00a0egdi@ufmg.br Telefone: (31) 3409-4267 Correspond\u00eancia: Escrit\u00f3rio de Governan\u00e7a de Dados Institucionais (EGDI) Universidade Federal de Minas Gerais &#8211; Reitoria &#8211; Sala 4005 Av. Antonio Carlos, 6627 &#8211; Pampulha &#8211; Belo Horizonte &#8211; MG | CEP 31270-901<\/p>\n","protected":false},"author":1,"featured_media":0,"parent":0,"menu_order":15,"comment_status":"closed","ping_status":"closed","template":"","meta":[],"acf":[],"_links":{"self":[{"href":"https:\/\/www.ufmg.br\/egdi\/wp-json\/wp\/v2\/pages\/1353"}],"collection":[{"href":"https:\/\/www.ufmg.br\/egdi\/wp-json\/wp\/v2\/pages"}],"about":[{"href":"https:\/\/www.ufmg.br\/egdi\/wp-json\/wp\/v2\/types\/page"}],"author":[{"embeddable":true,"href":"https:\/\/www.ufmg.br\/egdi\/wp-json\/wp\/v2\/users\/1"}],"replies":[{"embeddable":true,"href":"https:\/\/www.ufmg.br\/egdi\/wp-json\/wp\/v2\/comments?post=1353"}],"version-history":[{"count":12,"href":"https:\/\/www.ufmg.br\/egdi\/wp-json\/wp\/v2\/pages\/1353\/revisions"}],"predecessor-version":[{"id":1420,"href":"https:\/\/www.ufmg.br\/egdi\/wp-json\/wp\/v2\/pages\/1353\/revisions\/1420"}],"wp:attachment":[{"href":"https:\/\/www.ufmg.br\/egdi\/wp-json\/wp\/v2\/media?parent=1353"}],"curies":[{"name":"wp","href":"https:\/\/api.w.org\/{rel}","templated":true}]}}