{"id":1438,"date":"2023-11-17T08:31:57","date_gmt":"2023-11-17T11:31:57","guid":{"rendered":"https:\/\/www.ufmg.br\/egdi\/?page_id=1438"},"modified":"2025-07-29T10:16:22","modified_gmt":"2025-07-29T13:16:22","slug":"rankings","status":"publish","type":"page","link":"https:\/\/www.ufmg.br\/egdi\/rankings\/","title":{"rendered":"Rankings"},"content":{"rendered":"\t\t<div data-elementor-type=\"wp-page\" data-elementor-id=\"1438\" class=\"elementor elementor-1438\">\n\t\t\t\t\t\t\t\t\t<section class=\"elementor-section elementor-top-section elementor-element elementor-element-423eeda elementor-section-boxed elementor-section-height-default elementor-section-height-default\" data-id=\"423eeda\" data-element_type=\"section\">\n\t\t\t\t\t\t<div class=\"elementor-container elementor-column-gap-default\">\n\t\t\t\t\t<div class=\"elementor-column elementor-col-100 elementor-top-column elementor-element elementor-element-05b4f4f\" data-id=\"05b4f4f\" data-element_type=\"column\">\n\t\t\t<div class=\"elementor-widget-wrap elementor-element-populated\">\n\t\t\t\t\t\t\t\t<div class=\"elementor-element elementor-element-1c62f96 elementor-widget elementor-widget-text-editor\" data-id=\"1c62f96\" data-element_type=\"widget\" data-widget_type=\"text-editor.default\">\n\t\t\t\t<div class=\"elementor-widget-container\">\n\t\t\t<style>\/*! elementor - v3.6.5 - 27-04-2022 *\/\n.elementor-widget-text-editor.elementor-drop-cap-view-stacked .elementor-drop-cap{background-color:#818a91;color:#fff}.elementor-widget-text-editor.elementor-drop-cap-view-framed .elementor-drop-cap{color:#818a91;border:3px solid;background-color:transparent}.elementor-widget-text-editor:not(.elementor-drop-cap-view-default) .elementor-drop-cap{margin-top:8px}.elementor-widget-text-editor:not(.elementor-drop-cap-view-default) .elementor-drop-cap-letter{width:1em;height:1em}.elementor-widget-text-editor .elementor-drop-cap{float:left;text-align:center;line-height:1;font-size:50px}.elementor-widget-text-editor .elementor-drop-cap-letter{display:inline-block}<\/style>\t\t\t\t<p>A Universidade Federal de Minas Gerais (UFMG) se consolida como uma das principais institui\u00e7\u00f5es de educa\u00e7\u00e3o superior e pesquisa do Brasil e da Am\u00e9rica Latina, destacando-se em diversos rankings e avalia\u00e7\u00f5es de qualidade acad\u00eamica e impacto social.<\/p><ul><li>Em 2024, a UFMG foi reconhecida pelo Instituto Nacional de Estudos e Pesquisas Educacionais An\u00edsio Teixeira (Inep), do Minist\u00e9rio da Educa\u00e7\u00e3o, como a segunda melhor Universidade Federal (UF) do pa\u00eds no\u00a0\u00cdndice Geral de Cursos (IGC). Em 2022 e 2023, a Universidade foi considerada a melhor UF do Brasil.<br \/><br \/><\/li><\/ul><ul><li>A avalia\u00e7\u00e3o quadrienal dos programas de p\u00f3s-gradua\u00e7\u00e3o, realizada pela Capes (Minist\u00e9rio da Educa\u00e7\u00e3o), em 2022, mostrou que 44,4% dos programas de mestrado e doutorado da UFMG receberam notas 6 e 7, quase tr\u00eas vezes superior \u00e0 m\u00e9dia nacional, de 15%. Quando inclu\u00eddos os programas com nota 5, 68% dos programas de p\u00f3s-gradua\u00e7\u00e3o da UFMG s\u00e3o considerados de excel\u00eancia.<br \/><br \/><\/li><li>O ranking\u00a0QS by Subject, na sua edi\u00e7\u00e3o 2025, aponta que 63% das \u00e1reas do conhecimento da UFMG encontram-se indexadas entre as melhores do mundo. Tr\u00eas campos disciplinares \u2013 Odontologia, Engenharia de Minas e Veterin\u00e1ria \u2013 foram classificados entre os cem melhores do mundo, enquanto Enfermagem, Filosofia e Sociologia figuraram entre os duzentos melhores do mundo.<br \/><br \/><\/li><li>No\u00a0Ranking Universit\u00e1rio Folha (RUF) 2023, a UFMG apareceu como a segunda universidade mais bem avaliada na dimens\u00e3o \u201cMercado\u201d, indicativa da percep\u00e7\u00e3o dos empregadores sobre a qualidade dos egressos. Pela terceira vez consecutiva, a UFMG figura entre as cinco melhores universidades do pa\u00eds na classifica\u00e7\u00e3o geral, sendo a terceira entre as federais.<br \/><br \/><\/li><\/ul><ul><li>Al\u00e9m disso, sessenta e quatro pesquisadores da UFMG foram listados entre os cientistas mais influentes do mundo, em 2023, em ranking produzido pela Stanford University (EUA), com dados da base Scopus, da editora Elsevier. A UFMG \u00e9 a primeira universidade federal e a quarta entre todas as IES brasileiras nesse ranking, atr\u00e1s apenas das estaduais paulistas.<br \/><br \/><\/li><\/ul><ul><li>No\u00a0Webometrics Ranking of World Universities, na primeira edi\u00e7\u00e3o de\u00a02025, a UFMG ocupou a terceira posi\u00e7\u00e3o no Brasil e a quarta na Am\u00e9rica Latina, considerando-se o impacto da presen\u00e7a das institui\u00e7\u00f5es de educa\u00e7\u00e3o superior na web. Esse ranking \u00e9 produzido duas vezes por ano pelo Cybermetrics Lab, vinculado ao Conselho Superior de Pesquisas Cient\u00edficas (CSIC) da Espanha.<br \/><br \/><\/li><li>No\u00a0QS World University Rankings 2026, a UFMG est\u00e1 classificada na posi\u00e7\u00e3o 595.<br \/><br \/><\/li><li>No Times Higher Education (THE) World University Rankings 2024, a UFMG figura entre as posi\u00e7\u00f5es 801-1000.<br \/><br \/><\/li><li>No ranking Center for World University Rankings (CWUR) 2025, a UFMG\u00a0alcan\u00e7ou a 497\u00aa posi\u00e7\u00e3o global, figurando entre o top 2,4% das universidades avaliadas no mundo. A UFMG ocupa atualmente a 6\u00aa coloca\u00e7\u00e3o entre as institui\u00e7\u00f5es brasileiras no levantamento.<br \/><br \/><\/li><li>No\u00a0Academic Ranking of World Universities (ARWU) 2025, conhecido como Ranking de Xangai, a UFMG se encontra entre as posi\u00e7\u00f5es 501-600.<br \/><br \/><\/li><li>No THE Impact Rankings 2025, a UFMG est\u00e1 entre as posi\u00e7\u00f5es 301-400 do mundo, destacando-se sua contribui\u00e7\u00e3o para os Objetivos de Desenvolvimento Sustent\u00e1vel (ODS) da ONU. No que toca especificamente ao ODS 2 (\u201cFome Zero\u201d), a Universidade Federal de Minas Gerais \u00e9 considerada a 62\u00aa melhor institui\u00e7\u00e3o do mundo, tomados os indicadores de pesquisa, ensino e extens\u00e3o universit\u00e1ria.<br \/><br \/><\/li><\/ul><p>Esses resultados refletem o cont\u00ednuo desenvolvimento e a dedica\u00e7\u00e3o da UFMG em manter-se como uma institui\u00e7\u00e3o de refer\u00eancia, tanto nacional quanto internacionalmente. A Universidade Federal de Minas Gerais busca constantemente aprimorar suas pr\u00e1ticas acad\u00eamicas e de pesquisa, contribuindo significativamente para o progresso da sociedade.<\/p>\t\t\t\t\t\t<\/div>\n\t\t\t\t<\/div>\n\t\t\t\t\t<\/div>\n\t\t<\/div>\n\t\t\t\t\t\t\t<\/div>\n\t\t<\/section>\n\t\t\t\t\t\t\t<\/div>\n\t\t","protected":false},"excerpt":{"rendered":"<p>A Universidade Federal de Minas Gerais (UFMG) se consolida como uma das principais institui\u00e7\u00f5es de educa\u00e7\u00e3o superior e pesquisa do Brasil e da Am\u00e9rica Latina, destacando-se em diversos rankings e avalia\u00e7\u00f5es de qualidade acad\u00eamica e impacto social. Em 2024, a UFMG foi reconhecida pelo Instituto Nacional de Estudos e Pesquisas Educacionais An\u00edsio Teixeira (Inep), do [&hellip;]<\/p>\n","protected":false},"author":1,"featured_media":0,"parent":0,"menu_order":5,"comment_status":"closed","ping_status":"closed","template":"","meta":[],"acf":[],"_links":{"self":[{"href":"https:\/\/www.ufmg.br\/egdi\/wp-json\/wp\/v2\/pages\/1438"}],"collection":[{"href":"https:\/\/www.ufmg.br\/egdi\/wp-json\/wp\/v2\/pages"}],"about":[{"href":"https:\/\/www.ufmg.br\/egdi\/wp-json\/wp\/v2\/types\/page"}],"author":[{"embeddable":true,"href":"https:\/\/www.ufmg.br\/egdi\/wp-json\/wp\/v2\/users\/1"}],"replies":[{"embeddable":true,"href":"https:\/\/www.ufmg.br\/egdi\/wp-json\/wp\/v2\/comments?post=1438"}],"version-history":[{"count":59,"href":"https:\/\/www.ufmg.br\/egdi\/wp-json\/wp\/v2\/pages\/1438\/revisions"}],"predecessor-version":[{"id":2060,"href":"https:\/\/www.ufmg.br\/egdi\/wp-json\/wp\/v2\/pages\/1438\/revisions\/2060"}],"wp:attachment":[{"href":"https:\/\/www.ufmg.br\/egdi\/wp-json\/wp\/v2\/media?parent=1438"}],"curies":[{"name":"wp","href":"https:\/\/api.w.org\/{rel}","templated":true}]}}