{"id":1570,"date":"2024-09-24T10:07:24","date_gmt":"2024-09-24T13:07:24","guid":{"rendered":"https:\/\/www.ufmg.br\/egdi\/?page_id=1570"},"modified":"2025-09-01T17:34:02","modified_gmt":"2025-09-01T20:34:02","slug":"objetivos-de-desenvolvimento-sustentavel-ods","status":"publish","type":"page","link":"https:\/\/www.ufmg.br\/egdi\/objetivos-de-desenvolvimento-sustentavel-ods\/","title":{"rendered":"ODS"},"content":{"rendered":"\n<p class=\"has-text-align-left\">A Universidade Federal de Minas Gerais (UFMG) est\u00e1 profundamente comprometida com a Agenda 2030 para o Desenvolvimento Sustent\u00e1vel das Na\u00e7\u00f5es Unidas, reconhecendo a educa\u00e7\u00e3o de qualidade como essencial para o desenvolvimento sustent\u00e1vel. Este relat\u00f3rio tem como objetivo apresentar detalhadamente a evolu\u00e7\u00e3o dos trabalhos da UFMG em rela\u00e7\u00e3o aos <a href=\"https:\/\/www.ufmg.br\/sustentabilidade\/compromissos\/#:~:text=Agenda%202030%20para%20o%20Desenvolvimento%20Sustent%C3%A1vel&amp;text=Este%20Plano%20reconhece%20que%20a,indispens%C3%A1vel%20para%20o%20desenvolvimento%20sustent%C3%A1vel\" target=\"_blank\" rel=\"noreferrer noopener\">Objetivos de Desenvolvimento Sustent\u00e1vel (ODS)<\/a>, destacando os avan\u00e7os alcan\u00e7ados e propondo sugest\u00f5es de melhorias.<\/p>\n\n\n\n<p>A participa\u00e7\u00e3o da UFMG no <a rel=\"noreferrer noopener\" href=\"https:\/\/ufmg.br\/comunicacao\/noticias\/estreante-ufmg-se-destaca-em-ranking-que-avalia-desempenho-no-cumprimento-dos-ods\" target=\"_blank\">Times Higher Education (THE) Impact Rankings 2024<\/a> serve como base para esta an\u00e1lise \u2013 dada a primeira mobiliza\u00e7\u00e3o para reunir essas informa\u00e7\u00f5es em 2023. Em sua estreia, a UFMG se destacou ao figurar entre as 25% melhores institui\u00e7\u00f5es do mundo, alcan\u00e7ando a posi\u00e7\u00e3o 401-600 com uma nota de 75,4 em 100. <\/p>\n\n\n\n<p>A UFMG se destacou particularmente nos ODS 2 (Fome Zero e Agricultura Sustent\u00e1vel), 3 (Boa Sa\u00fade e Bem-estar), 8 (Trabalho Decente e Crescimento Econ\u00f4mico) e 16 (Paz, Justi\u00e7a e Institui\u00e7\u00f5es Fortes), posicionando-se entre as 10% melhores do mundo nessas categorias. Ademais, a Universidade obteve classifica\u00e7\u00f5es significativas nos ODS 1 (Erradica\u00e7\u00e3o da Pobreza) e 10 (Redu\u00e7\u00e3o das Desigualdades), estando entre as 15% melhores do mundo. Notavelmente, a Universidade foi reconhecida como a melhor institui\u00e7\u00e3o brasileira nos ODS 3 e 10, e como a segunda melhor da Am\u00e9rica Latina no ODS 10. No ODS 16, a UFMG se posicionou como a segunda melhor universidade do pa\u00eds. A reitora Sandra Regina Goulart Almeida ressaltou que o THE Impact Rankings, ao se concentrar nos ODS, proporciona uma vis\u00e3o mais abrangente do impacto social das universidades, capturando a extens\u00e3o de sua atua\u00e7\u00e3o em \u00e1reas como combate \u00e0 fome, redu\u00e7\u00e3o das desigualdades e promo\u00e7\u00e3o da paz e justi\u00e7a.<\/p>\n\n\n\n<p><strong>Documentos Relevantes sobre a Implementa\u00e7\u00e3o dos ODS pela UFMG<\/strong><\/p>\n\n\n\n<div class=\"wp-block-file\"><object class=\"wp-block-file__embed\" data=\"https:\/\/www.ufmg.br\/egdi\/wp-content\/uploads\/2025\/09\/relatorio_implementacao_ODS_UFMG-1.pdf\" type=\"application\/pdf\" style=\"width:100%;height:600px\" aria-label=\"Incorporado de relatorio_implementacao_ODS_UFMG-1.\"><\/object><a id=\"wp-block-file--media-a485487a-87b1-4a48-b443-d87453eb6839\" href=\"https:\/\/www.ufmg.br\/egdi\/wp-content\/uploads\/2025\/09\/relatorio_implementacao_ODS_UFMG-1.pdf\">relatorio_implementacao_ODS_UFMG-1<\/a><a href=\"https:\/\/www.ufmg.br\/egdi\/wp-content\/uploads\/2025\/09\/relatorio_implementacao_ODS_UFMG-1.pdf\" class=\"wp-block-file__button wp-element-button\" download aria-describedby=\"wp-block-file--media-a485487a-87b1-4a48-b443-d87453eb6839\">Baixar<\/a><\/div>\n\n\n\n<div class=\"wp-block-file\"><object class=\"wp-block-file__embed\" data=\"https:\/\/www.ufmg.br\/egdi\/wp-content\/uploads\/2024\/10\/CONSUMO-COPASA.pdf\" type=\"application\/pdf\" style=\"width:100%;height:600px\" aria-label=\"Incorporado de Consumo de \u00c1gua na UFMG - registros temporais.\"><\/object><a id=\"wp-block-file--media-35d41b3f-496c-4681-9800-9bb25c8efe66\" href=\"https:\/\/www.ufmg.br\/egdi\/wp-content\/uploads\/2024\/10\/CONSUMO-COPASA.pdf\">Consumo de \u00c1gua na UFMG &#8211; registros temporais<\/a><a href=\"https:\/\/www.ufmg.br\/egdi\/wp-content\/uploads\/2024\/10\/CONSUMO-COPASA.pdf\" class=\"wp-block-file__button wp-element-button\" download aria-describedby=\"wp-block-file--media-35d41b3f-496c-4681-9800-9bb25c8efe66\">Baixar<\/a><\/div>\n\n\n\n<div class=\"wp-block-file\"><object class=\"wp-block-file__embed\" data=\"https:\/\/www.ufmg.br\/egdi\/wp-content\/uploads\/2025\/08\/Minuta-EGDI-Energia-DEFE-09-10-24-Oficial-UFMG-Datado-Centralizado.pdf\" type=\"application\/pdf\" style=\"width:100%;height:600px\" aria-label=\"Incorporado de Minuta-EGDI-Energia-DEFE-09-10-24-Oficial-UFMG-Datado-Centralizado.\"><\/object><a id=\"wp-block-file--media-5bdfb62e-491b-47a9-bbad-6379cf8c71b0\" href=\"https:\/\/www.ufmg.br\/egdi\/wp-content\/uploads\/2025\/08\/Minuta-EGDI-Energia-DEFE-09-10-24-Oficial-UFMG-Datado-Centralizado.pdf\">Minuta-EGDI-Energia-DEFE-09-10-24-Oficial-UFMG-Datado-Centralizado<\/a><a href=\"https:\/\/www.ufmg.br\/egdi\/wp-content\/uploads\/2025\/08\/Minuta-EGDI-Energia-DEFE-09-10-24-Oficial-UFMG-Datado-Centralizado.pdf\" class=\"wp-block-file__button wp-element-button\" download aria-describedby=\"wp-block-file--media-5bdfb62e-491b-47a9-bbad-6379cf8c71b0\">Baixar<\/a><\/div>\n\n\n\n<div class=\"wp-block-file\"><object class=\"wp-block-file__embed\" data=\"https:\/\/www.ufmg.br\/egdi\/wp-content\/uploads\/2024\/11\/Dados-pontuacao-UFMG-The-Impacts-Ranking-DGR-DGA-16-10-24.pdf\" type=\"application\/pdf\" style=\"width:100%;height:600px\" aria-label=\"Incorporado de Dados sobre Coleta de Res\u00edduos S\u00f3lidos na UFMG e Pol\u00edtica de Redu\u00e7\u00e3o do Uso de Pl\u00e1stico na UFMG.\"><\/object><a id=\"wp-block-file--media-fa6d7d6f-0210-422c-b3d8-03a3a8ce4f38\" href=\"https:\/\/www.ufmg.br\/egdi\/wp-content\/uploads\/2024\/11\/Dados-pontuacao-UFMG-The-Impacts-Ranking-DGR-DGA-16-10-24.pdf\">Dados sobre Coleta de Res\u00edduos S\u00f3lidos na UFMG e Pol\u00edtica de Redu\u00e7\u00e3o do Uso de Pl\u00e1stico na UFMG<\/a><a href=\"https:\/\/www.ufmg.br\/egdi\/wp-content\/uploads\/2024\/11\/Dados-pontuacao-UFMG-The-Impacts-Ranking-DGR-DGA-16-10-24.pdf\" class=\"wp-block-file__button wp-element-button\" download aria-describedby=\"wp-block-file--media-fa6d7d6f-0210-422c-b3d8-03a3a8ce4f38\">Baixar<\/a><\/div>\n\n\n\n<div class=\"wp-block-file\"><object class=\"wp-block-file__embed\" data=\"https:\/\/www.ufmg.br\/egdi\/wp-content\/uploads\/2024\/12\/Relatorio-das-Iniciativas-e-Compromissos-da-UFMG-na-Neutralizacao-da-Emissao-de-Carbono.pdf\" type=\"application\/pdf\" style=\"width:100%;height:590px\" aria-label=\"Incorporado de Relat\u00f3rio das Iniciativas e Compromissos da UFMG na Neutraliza\u00e7\u00e3o da Emiss\u00e3o de Carbono.\"><\/object><a id=\"wp-block-file--media-a00d419f-e5ad-43cd-bd91-6cc7402687b3\" href=\"https:\/\/www.ufmg.br\/egdi\/wp-content\/uploads\/2024\/12\/Relatorio-das-Iniciativas-e-Compromissos-da-UFMG-na-Neutralizacao-da-Emissao-de-Carbono.pdf\">Relat\u00f3rio das Iniciativas e Compromissos da UFMG na Neutraliza\u00e7\u00e3o da Emiss\u00e3o de Carbono<\/a><a href=\"https:\/\/www.ufmg.br\/egdi\/wp-content\/uploads\/2024\/12\/Relatorio-das-Iniciativas-e-Compromissos-da-UFMG-na-Neutralizacao-da-Emissao-de-Carbono.pdf\" class=\"wp-block-file__button wp-element-button\" download aria-describedby=\"wp-block-file--media-a00d419f-e5ad-43cd-bd91-6cc7402687b3\">Baixar<\/a><\/div>\n\n\n\n<div class=\"wp-block-file\"><a id=\"wp-block-file--media-31347cf4-2563-4401-8ba2-7aed9db50dce\" href=\"https:\/\/www.ufmg.br\/egdi\/wp-content\/uploads\/2025\/01\/relatorio_provisorio.pptx\">Relat\u00f3rio sobre Agricultura Familiar, Sustentabilidade e Habita\u00e7\u00e3o na UFMG<\/a><a href=\"https:\/\/www.ufmg.br\/egdi\/wp-content\/uploads\/2025\/01\/relatorio_provisorio.pptx\" class=\"wp-block-file__button wp-element-button\" download aria-describedby=\"wp-block-file--media-31347cf4-2563-4401-8ba2-7aed9db50dce\">Baixar<\/a><\/div>\n","protected":false},"excerpt":{"rendered":"<p>A Universidade Federal de Minas Gerais (UFMG) est\u00e1 profundamente comprometida com a Agenda 2030 para o Desenvolvimento Sustent\u00e1vel das Na\u00e7\u00f5es Unidas, reconhecendo a educa\u00e7\u00e3o de qualidade como essencial para o desenvolvimento sustent\u00e1vel. Este relat\u00f3rio tem como objetivo apresentar detalhadamente a evolu\u00e7\u00e3o dos trabalhos da UFMG em rela\u00e7\u00e3o aos Objetivos de Desenvolvimento Sustent\u00e1vel (ODS), destacando os [&hellip;]<\/p>\n","protected":false},"author":1,"featured_media":0,"parent":0,"menu_order":3,"comment_status":"closed","ping_status":"closed","template":"","meta":[],"acf":[],"_links":{"self":[{"href":"https:\/\/www.ufmg.br\/egdi\/wp-json\/wp\/v2\/pages\/1570"}],"collection":[{"href":"https:\/\/www.ufmg.br\/egdi\/wp-json\/wp\/v2\/pages"}],"about":[{"href":"https:\/\/www.ufmg.br\/egdi\/wp-json\/wp\/v2\/types\/page"}],"author":[{"embeddable":true,"href":"https:\/\/www.ufmg.br\/egdi\/wp-json\/wp\/v2\/users\/1"}],"replies":[{"embeddable":true,"href":"https:\/\/www.ufmg.br\/egdi\/wp-json\/wp\/v2\/comments?post=1570"}],"version-history":[{"count":18,"href":"https:\/\/www.ufmg.br\/egdi\/wp-json\/wp\/v2\/pages\/1570\/revisions"}],"predecessor-version":[{"id":2083,"href":"https:\/\/www.ufmg.br\/egdi\/wp-json\/wp\/v2\/pages\/1570\/revisions\/2083"}],"wp:attachment":[{"href":"https:\/\/www.ufmg.br\/egdi\/wp-json\/wp\/v2\/media?parent=1570"}],"curies":[{"name":"wp","href":"https:\/\/api.w.org\/{rel}","templated":true}]}}