{"id":229,"date":"2023-10-19T13:44:40","date_gmt":"2023-10-19T16:44:40","guid":{"rendered":"https:\/\/www.ufmg.br\/egdi\/?page_id=229"},"modified":"2024-09-09T10:10:21","modified_gmt":"2024-09-09T13:10:21","slug":"missao","status":"publish","type":"page","link":"https:\/\/www.ufmg.br\/egdi\/missao\/","title":{"rendered":"Miss\u00e3o"},"content":{"rendered":"\n<p>Compete ao Escrit\u00f3rio de Governan\u00e7a de Dados Institucionais realizar a an\u00e1lise met\u00f3dica e sistem\u00e1tica de dados institucionais sobre desempenho acad\u00eamico e a compara\u00e7\u00e3o com outras institui\u00e7\u00f5es de ensino superior, tendo como objetivo o assessoramento permanente \u00e0 Administra\u00e7\u00e3o Central da UFMG, no tocante \u00e0 governan\u00e7a institucional de dados.<\/p>\n\n\n\n<p>S\u00e3o objetivos espec\u00edficos do EGDI:<\/p>\n\n\n\n<p>I \u2013 fazer checagem de dados institucionais referentes a desempenho acad\u00eamico, produzidos em diferentes inst\u00e2ncias da UFMG;<\/p>\n\n\n\n<p>II \u2013 desenvolver referenciais conceituais e f\u00f3rmulas padronizadas de c\u00e1lculo para produ\u00e7\u00e3o de dados relativos ao desempenho acad\u00eamico da UFMG;<\/p>\n\n\n\n<p>III \u2013 promover tratamento, desambigua\u00e7\u00e3o, interpreta\u00e7\u00e3o e an\u00e1lise dos dados institucionais referentes a desempenho acad\u00eamico, sob uma perspectiva de interoperabilidade das estruturas existentes;<\/p>\n\n\n\n<p>IV \u2013 estudar e interpelar criticamente as principais compara\u00e7\u00f5es e classifica\u00e7\u00f5es interuniversit\u00e1rias existentes;<\/p>\n\n\n\n<p>V \u2013 prospectar as melhores pr\u00e1ticas de governan\u00e7a do desempenho acad\u00eamico realizadas por institui\u00e7\u00f5es de ensino superior no Brasil e ao redor do mundo;<\/p>\n\n\n\n<p>VI \u2013 difundir a cultura da interoperabilidade e da gest\u00e3o baseada em evid\u00eancias entre as diferentes atividades administrativas da UFMG, na busca por um incremento da efici\u00eancia na governan\u00e7a acad\u00eamica da Universidade;<\/p>\n\n\n\n<p>VII \u2013 discutir e, quando couber, propor adapta\u00e7\u00f5es ao modelo de governan\u00e7a da UFMG, alinhando-o a avalia\u00e7\u00f5es internacionais de desempenho acad\u00eamico, \u00e0 luz de dados analisados e em cotejo com experi\u00eancias de gest\u00e3o universit\u00e1ria nacionais e internacionais.<\/p>\n","protected":false},"excerpt":{"rendered":"<p>Compete ao Escrit\u00f3rio de Governan\u00e7a de Dados Institucionais realizar a an\u00e1lise met\u00f3dica e sistem\u00e1tica de dados institucionais sobre desempenho acad\u00eamico e a compara\u00e7\u00e3o com outras institui\u00e7\u00f5es de ensino superior, tendo como objetivo o assessoramento permanente \u00e0 Administra\u00e7\u00e3o Central da UFMG, no tocante \u00e0 governan\u00e7a institucional de dados. S\u00e3o objetivos espec\u00edficos do EGDI: I \u2013 fazer [&hellip;]<\/p>\n","protected":false},"author":1,"featured_media":0,"parent":0,"menu_order":11,"comment_status":"closed","ping_status":"closed","template":"","meta":[],"acf":[],"_links":{"self":[{"href":"https:\/\/www.ufmg.br\/egdi\/wp-json\/wp\/v2\/pages\/229"}],"collection":[{"href":"https:\/\/www.ufmg.br\/egdi\/wp-json\/wp\/v2\/pages"}],"about":[{"href":"https:\/\/www.ufmg.br\/egdi\/wp-json\/wp\/v2\/types\/page"}],"author":[{"embeddable":true,"href":"https:\/\/www.ufmg.br\/egdi\/wp-json\/wp\/v2\/users\/1"}],"replies":[{"embeddable":true,"href":"https:\/\/www.ufmg.br\/egdi\/wp-json\/wp\/v2\/comments?post=229"}],"version-history":[{"count":1,"href":"https:\/\/www.ufmg.br\/egdi\/wp-json\/wp\/v2\/pages\/229\/revisions"}],"predecessor-version":[{"id":230,"href":"https:\/\/www.ufmg.br\/egdi\/wp-json\/wp\/v2\/pages\/229\/revisions\/230"}],"wp:attachment":[{"href":"https:\/\/www.ufmg.br\/egdi\/wp-json\/wp\/v2\/media?parent=229"}],"curies":[{"name":"wp","href":"https:\/\/api.w.org\/{rel}","templated":true}]}}