{"id":231,"date":"2023-10-19T13:45:37","date_gmt":"2023-10-19T16:45:37","guid":{"rendered":"https:\/\/www.ufmg.br\/egdi\/?page_id=231"},"modified":"2023-10-19T13:45:37","modified_gmt":"2023-10-19T16:45:37","slug":"historico","status":"publish","type":"page","link":"https:\/\/www.ufmg.br\/egdi\/historico\/","title":{"rendered":"Hist\u00f3rico"},"content":{"rendered":"\n<p>Com os recentes avan\u00e7os tecnol\u00f3gicos e no campo da estat\u00edstica aplicada, o uso de dados estruturados para a tomada de decis\u00f5es tem sido cada vez mais comum. O objetivo, de forma simplificada, \u00e9 amparar <em>stakeholders<\/em>&nbsp;de mais diversos perfis em seus diagn\u00f3sticos e prescri\u00e7\u00f5es, provendo evid\u00eancias concretas, normalmente baseadas em experi\u00eancias anteriores ou em compara\u00e7\u00f5es com outros atores\/processos assemelhados. O resultado tem sido o aumento da precis\u00e3o na atua\u00e7\u00e3o desses entes, na medida em que acabam por aderir a pr\u00e1ticas que j\u00e1 tenham demonstrado algum n\u00edvel de sucesso, com menor margem para erros, e estejam baseadas em constante avalia\u00e7\u00e3o de seus impactos.<\/p>\n\n\n\n<p>Essa orienta\u00e7\u00e3o tem, tamb\u00e9m, chegado \u00e0 gest\u00e3o p\u00fablica. A ideia de se formular pol\u00edticas p\u00fablicas com base em evid\u00eancias emp\u00edricas ganha espa\u00e7o entre gestores e formuladores dessas pol\u00edticas. Parte-se da concep\u00e7\u00e3o de que o Estado e seus \u00f3rg\u00e3os possuem recursos limitados a serem alocados na busca pela provis\u00e3o de servi\u00e7os p\u00fablicos \u00e0 popula\u00e7\u00e3o. Para tanto, cabe o estabelecimento de diagn\u00f3sticos e crit\u00e9rios objetivos, que otimizem a escolha das pol\u00edticas a serem adotadas, visando \u00e0 melhor efici\u00eancia e justi\u00e7a na aloca\u00e7\u00e3o dos recursos p\u00fablicos.<\/p>\n\n\n\n<p>Criado em 6 de setembro de 2023, pela <a href=\"https:\/\/ufmg.br\/storage\/3\/a\/e\/f\/3aefc3b45591f20e5773bd341c65b7c6_16945409043032_549637015.pdf\"><u>Portaria n. 7670 (25 de agosto de 2023)<\/u><\/a>&nbsp;da Universidade Federal de Minas Gerais, o Escrit\u00f3rio de Governan\u00e7a de Dados Institucionais \u00e9 a materializa\u00e7\u00e3o da proposta de dotar a UFMG de \u00f3rg\u00e3o especializado em governan\u00e7a de dados, para a melhoria da qualidade do insumo informacional e a difus\u00e3o da cultura de interoperabilidade, essenciais para a produ\u00e7\u00e3o contempor\u00e2nea das pol\u00edticas p\u00fablicas em educa\u00e7\u00e3o superior e pesquisa.<\/p>\n","protected":false},"excerpt":{"rendered":"<p>Com os recentes avan\u00e7os tecnol\u00f3gicos e no campo da estat\u00edstica aplicada, o uso de dados estruturados para a tomada de decis\u00f5es tem sido cada vez mais comum. O objetivo, de forma simplificada, \u00e9 amparar stakeholders&nbsp;de mais diversos perfis em seus diagn\u00f3sticos e prescri\u00e7\u00f5es, provendo evid\u00eancias concretas, normalmente baseadas em experi\u00eancias anteriores ou em compara\u00e7\u00f5es com [&hellip;]<\/p>\n","protected":false},"author":1,"featured_media":0,"parent":0,"menu_order":9,"comment_status":"closed","ping_status":"closed","template":"","meta":[],"acf":[],"_links":{"self":[{"href":"https:\/\/www.ufmg.br\/egdi\/wp-json\/wp\/v2\/pages\/231"}],"collection":[{"href":"https:\/\/www.ufmg.br\/egdi\/wp-json\/wp\/v2\/pages"}],"about":[{"href":"https:\/\/www.ufmg.br\/egdi\/wp-json\/wp\/v2\/types\/page"}],"author":[{"embeddable":true,"href":"https:\/\/www.ufmg.br\/egdi\/wp-json\/wp\/v2\/users\/1"}],"replies":[{"embeddable":true,"href":"https:\/\/www.ufmg.br\/egdi\/wp-json\/wp\/v2\/comments?post=231"}],"version-history":[{"count":1,"href":"https:\/\/www.ufmg.br\/egdi\/wp-json\/wp\/v2\/pages\/231\/revisions"}],"predecessor-version":[{"id":232,"href":"https:\/\/www.ufmg.br\/egdi\/wp-json\/wp\/v2\/pages\/231\/revisions\/232"}],"wp:attachment":[{"href":"https:\/\/www.ufmg.br\/egdi\/wp-json\/wp\/v2\/media?parent=231"}],"curies":[{"name":"wp","href":"https:\/\/api.w.org\/{rel}","templated":true}]}}