{"id":233,"date":"2023-10-19T13:46:35","date_gmt":"2023-10-19T16:46:35","guid":{"rendered":"https:\/\/www.ufmg.br\/egdi\/?page_id=233"},"modified":"2023-11-01T08:57:50","modified_gmt":"2023-11-01T11:57:50","slug":"estrutura","status":"publish","type":"page","link":"https:\/\/www.ufmg.br\/egdi\/estrutura\/","title":{"rendered":"Estrutura"},"content":{"rendered":"\n<p>O Escrit\u00f3rio de Governan\u00e7a de Dados Institucionais tem a seguinte estrutura:<\/p>\n\n\n\n<p>I \u2013 Diretor;<\/p>\n\n\n\n<p>II \u2013 Analista de Dados;<\/p>\n\n\n\n<p>III \u2013 Secretaria.<\/p>\n\n\n\n<p>S\u00e3o atribui\u00e7\u00f5es do <strong>Diretor<\/strong>&nbsp;do EGDI: dire\u00e7\u00e3o e coordena\u00e7\u00e3o geral; supervis\u00e3o das atividades de elabora\u00e7\u00e3o e desenvolvimento de a\u00e7\u00f5es que tenham por objetivo promover a governan\u00e7a institucional de dados; prospec\u00e7\u00e3o de boas pr\u00e1ticas de gest\u00e3o acad\u00eamica junto a outras universidades brasileiras e estrangeiras.<\/p>\n\n\n\n<p>S\u00e3o atribui\u00e7\u00f5es do <strong>Analista de Dados<\/strong>&nbsp;do EGDI: coleta e an\u00e1lise de dados institucionais relativos ao desempenho acad\u00eamico; desenvolvimento de compara\u00e7\u00f5es com outras universidades, baseadas em evid\u00eancias; confec\u00e7\u00e3o de relat\u00f3rios com base nas evid\u00eancias encontradas.<\/p>\n\n\n\n<hr class=\"wp-block-separator has-alpha-channel-opacity\"\/>\n\n\n\n<div style=\"height:25px\" aria-hidden=\"true\" class=\"wp-block-spacer\"><\/div>\n\n\n\n<p><strong>Diretor<\/strong><\/p>\n\n\n\n<p>Prof. Dawisson Bel\u00e9m Lopes<\/p>\n\n\n\n<p>CV Lattes: <a href=\"http:\/\/lattes.cnpq.br\/2002314936671237\"><u>http:\/\/lattes.cnpq.br\/2002314936671237<\/u><\/a>&nbsp;<\/p>\n\n\n\n<p><strong>Analista de Dados<\/strong><\/p>\n\n\n\n<p>Jo\u00e3o Paulo Nicolini Gabriel<\/p>\n\n\n\n<p>CV Lattes: <a href=\"http:\/\/lattes.cnpq.br\/9356537757576148\"><u>http:\/\/lattes.cnpq.br\/9356537757576148<\/u><\/a><\/p>\n","protected":false},"excerpt":{"rendered":"<p>O Escrit\u00f3rio de Governan\u00e7a de Dados Institucionais tem a seguinte estrutura: I \u2013 Diretor; II \u2013 Analista de Dados; III \u2013 Secretaria. S\u00e3o atribui\u00e7\u00f5es do Diretor&nbsp;do EGDI: dire\u00e7\u00e3o e coordena\u00e7\u00e3o geral; supervis\u00e3o das atividades de elabora\u00e7\u00e3o e desenvolvimento de a\u00e7\u00f5es que tenham por objetivo promover a governan\u00e7a institucional de dados; prospec\u00e7\u00e3o de boas pr\u00e1ticas de [&hellip;]<\/p>\n","protected":false},"author":1,"featured_media":0,"parent":0,"menu_order":12,"comment_status":"closed","ping_status":"closed","template":"","meta":[],"acf":[],"_links":{"self":[{"href":"https:\/\/www.ufmg.br\/egdi\/wp-json\/wp\/v2\/pages\/233"}],"collection":[{"href":"https:\/\/www.ufmg.br\/egdi\/wp-json\/wp\/v2\/pages"}],"about":[{"href":"https:\/\/www.ufmg.br\/egdi\/wp-json\/wp\/v2\/types\/page"}],"author":[{"embeddable":true,"href":"https:\/\/www.ufmg.br\/egdi\/wp-json\/wp\/v2\/users\/1"}],"replies":[{"embeddable":true,"href":"https:\/\/www.ufmg.br\/egdi\/wp-json\/wp\/v2\/comments?post=233"}],"version-history":[{"count":4,"href":"https:\/\/www.ufmg.br\/egdi\/wp-json\/wp\/v2\/pages\/233\/revisions"}],"predecessor-version":[{"id":1357,"href":"https:\/\/www.ufmg.br\/egdi\/wp-json\/wp\/v2\/pages\/233\/revisions\/1357"}],"wp:attachment":[{"href":"https:\/\/www.ufmg.br\/egdi\/wp-json\/wp\/v2\/media?parent=233"}],"curies":[{"name":"wp","href":"https:\/\/api.w.org\/{rel}","templated":true}]}}