{"id":157,"date":"2023-07-26T16:07:45","date_gmt":"2023-07-26T19:07:45","guid":{"rendered":"https:\/\/www.ufmg.br\/enprop\/?page_id=157"},"modified":"2024-11-06T11:48:58","modified_gmt":"2024-11-06T13:48:58","slug":"oficinas","status":"publish","type":"page","link":"https:\/\/www.ufmg.br\/enprop\/oficinas\/","title":{"rendered":"Oficinas"},"content":{"rendered":"\n<p><strong>OFICINA I \u2013 Assimetrias de g\u00eanero: descontruindo estere\u00f3tipos e promovendo igualdade na p\u00f3s-gradua\u00e7\u00e3o<\/strong><\/p>\n\n\n\n<p>13\/11\/2024 \u2013 14:00 \u2013 CAD II<\/p>\n\n\n\n<p>Palestrantes:<\/p>\n\n\n\n<ul>\n<li>Prof.\u00aa Dr.\u00aa Cl\u00e1udia Regina Xavier (UTFPR)<\/li>\n\n\n\n<li>Prof.\u00aa Dr.\u00aa Priscila Valverde de Oliveira Vitorino (PUC\/Goi\u00e1s)<\/li>\n\n\n\n<li>Moderadora: Prof.\u00aa Dr.\u00aa Vanessa Marques (UNIFAL)<\/li>\n\n\n\n<li>Relatora: Prof.\u00aa Dr.\u00aa Ana Cristina Lacerda (UFVJM)<\/li>\n<\/ul>\n\n\n\n<p><\/p>\n\n\n\n<p><strong>OFICINA II \u2013 Assimetrias regionais: descontruindo estere\u00f3tipos e promovendo complementaridade na p\u00f3s-gradua\u00e7\u00e3o<\/strong><\/p>\n\n\n\n<p>14\/11\/2024 \u2013 08:00 \u2013 CAD II<\/p>\n\n\n\n<p>Palestrantes:<\/p>\n\n\n\n<ul>\n<li>Prof.\u00aa Dr.\u00aa Ellany Gurgel Cosme do Nascimento (UERN)<\/li>\n\n\n\n<li>Prof .Dr. Roberto Sanchez Mubarac Sobrinho (UEA)<\/li>\n\n\n\n<li>Prof.\u00aa Dr.\u00aa. Maria Villarroya Gaudo (Directora de Secretariado de Internacionalizaci\u00f3n\/Universidad de Zaragoza)<\/li>\n\n\n\n<li>Moderador: Prof. Dr. Raul Narciso Guedes (UFV)<\/li>\n\n\n\n<li>Relatora: Prof.\u00aa Dr.\u00aa Laise Correia (CEFET-MG)<\/li>\n<\/ul>\n\n\n\n<p><\/p>\n\n\n\n<p><strong>OFICINA III: Avalia\u00e7\u00e3o da p\u00f3s-gradua\u00e7\u00e3o brasileira sob a \u00f3tica das assimetrias, desigualdades e complementaridades<\/strong><\/p>\n\n\n\n<p>14\/11\/2024 \u2013 14:00 \u2013 CAD II<\/p>\n\n\n\n<p>Palestrantes:<\/p>\n\n\n\n<ul>\n<li>Prof. Dr. Ant\u00f4nio Gomes de Souza Filho (DAV-CAPES)<\/li>\n\n\n\n<li>Prof.\u00aa Dr.\u00aa Rita Barradas Barata (FCMSCSP)<\/li>\n\n\n\n<li>Moderadora: Prof.\u00aa Dr.\u00aa Priscila Faria (UFJF)<\/li>\n\n\n\n<li>Relator: Prof. Dr. S\u00e9rgio M. Hanriot (PUC-Minas)<\/li>\n<\/ul>\n","protected":false},"excerpt":{"rendered":"<p>OFICINA I \u2013 Assimetrias de g\u00eanero: descontruindo estere\u00f3tipos e promovendo igualdade na p\u00f3s-gradua\u00e7\u00e3o 13\/11\/2024 \u2013 14:00 \u2013 CAD II Palestrantes: OFICINA II \u2013 Assimetrias regionais: descontruindo estere\u00f3tipos e promovendo complementaridade na p\u00f3s-gradua\u00e7\u00e3o 14\/11\/2024 \u2013 08:00 \u2013 CAD II Palestrantes: OFICINA III: Avalia\u00e7\u00e3o da p\u00f3s-gradua\u00e7\u00e3o brasileira sob a \u00f3tica das assimetrias, desigualdades e complementaridades 14\/11\/2024 \u2013 [&hellip;]<\/p>\n","protected":false},"author":1,"featured_media":0,"parent":0,"menu_order":9,"comment_status":"closed","ping_status":"closed","template":"page-templates\/page-workshop.php","meta":[],"acf":[],"_links":{"self":[{"href":"https:\/\/www.ufmg.br\/enprop\/wp-json\/wp\/v2\/pages\/157"}],"collection":[{"href":"https:\/\/www.ufmg.br\/enprop\/wp-json\/wp\/v2\/pages"}],"about":[{"href":"https:\/\/www.ufmg.br\/enprop\/wp-json\/wp\/v2\/types\/page"}],"author":[{"embeddable":true,"href":"https:\/\/www.ufmg.br\/enprop\/wp-json\/wp\/v2\/users\/1"}],"replies":[{"embeddable":true,"href":"https:\/\/www.ufmg.br\/enprop\/wp-json\/wp\/v2\/comments?post=157"}],"version-history":[{"count":9,"href":"https:\/\/www.ufmg.br\/enprop\/wp-json\/wp\/v2\/pages\/157\/revisions"}],"predecessor-version":[{"id":460,"href":"https:\/\/www.ufmg.br\/enprop\/wp-json\/wp\/v2\/pages\/157\/revisions\/460"}],"wp:attachment":[{"href":"https:\/\/www.ufmg.br\/enprop\/wp-json\/wp\/v2\/media?parent=157"}],"curies":[{"name":"wp","href":"https:\/\/api.w.org\/{rel}","templated":true}]}}