{"id":293,"date":"2024-08-29T08:36:02","date_gmt":"2024-08-29T11:36:02","guid":{"rendered":"https:\/\/www.ufmg.br\/enprop\/?page_id=293"},"modified":"2024-08-29T08:36:02","modified_gmt":"2024-08-29T11:36:02","slug":"hospedagem","status":"publish","type":"page","link":"https:\/\/www.ufmg.br\/enprop\/hospedagem\/","title":{"rendered":"HOSPEDAGEM"},"content":{"rendered":"\n<p>Para sua conveni\u00eancia durante o Encontro Nacional de Pr\u00f3-Reitores de Pesquisa e P\u00f3s-Gradua\u00e7\u00e3o, que acontecer\u00e1 de 12 a 14 de novembro de 2024, selecionamos uma lista de hot\u00e9is pr\u00f3ximos \u00e0 UFMG. Entramos em contato com esses estabelecimentos para garantir descontos especiais para os participantes do evento. Estas s\u00e3o sugest\u00f5es de hospedagem, oferecendo diferentes caracter\u00edsticas e faixas de pre\u00e7o para atender \u00e0s suas necessidades. Abaixo, voc\u00ea encontrar\u00e1 as op\u00e7\u00f5es recomendadas.<\/p>\n\n\n\n<h3 class=\"wp-block-heading\"><strong>Allia Gran Hotel Pampulha<\/strong><\/h3>\n\n\n\n<figure class=\"wp-block-image\"><img decoding=\"async\" src=\"https:\/\/lh7-rt.googleusercontent.com\/docsz\/AD_4nXdTLaRfr2Suc6TFseV_kNCg9Lip8q96YSQE2WReotZEqI7_toxmcyC-JvswlItb7HVomSy4XfJIJegG0ZdngZnJ2ey7YBA46Q1VIlELcmTcsNHTzZ5Xpl-w4LvqLAxcccpL6m67MdUcEaEkOthaWXwfs-gp?key=AH2lBUbnwtRguE-pjGCKZg\" alt=\"\"\/><\/figure>\n\n\n\n<p>Valor di\u00e1ria apartamento individual : R$ 240,00 + 5% com caf\u00e9<\/p>\n\n\n\n<p>Valor di\u00e1ria apartamento duplo : R$ 275,00 + 5% com caf\u00e9<\/p>\n\n\n\n<p>Hor\u00e1rio de check-in : a partir das 14:00<\/p>\n\n\n\n<p>Hor\u00e1rio de check-out : at\u00e9 12:00<\/p>\n\n\n\n<p>Para efetuar reserva, favor entrar em contato com Gustavo e informar que \u00e9 participante do evento, pelo email:&nbsp; reservas.sgpa@nexushoteis.com.br<\/p>\n\n\n\n<p>Ou acessar<a href=\"https:\/\/secure.guestcentric.net\/api\/bg\/book.php?apikey=9ebaeac89eb4a355f80e35655ba1a347&amp;url=https%3A%2F%2Fwww.alliagranpampulhasuites.com.br%2F&amp;channelKey=58e5de4e971fc00be29aa10492813ad4&amp;ck=1111\"> este link<\/a>, com o promocode ENPROP<\/p>\n\n\n\n<p><\/p>\n\n\n\n<h3 class=\"wp-block-heading\"><strong>BH Jaragu\u00e1 Hotel<\/strong><\/h3>\n\n\n\n<figure class=\"wp-block-image\"><img decoding=\"async\" src=\"https:\/\/lh7-rt.googleusercontent.com\/docsz\/AD_4nXfZkYtQvksamTvK3Qa5c3zAYSZB1YYJIOR7BCY_nJt1h3_QQYMFBGz9POP2CtLTZWBsC0PBUxiF99asQlkV79WK8XUQtwi-lxmwzxowwAqpmNPk9gAGOOnTZaBLzKhmMiz_tFt_s7DDP100-x98NN_ffZs?key=AH2lBUbnwtRguE-pjGCKZg\" alt=\"\"\/><\/figure>\n\n\n\n<p>Valor di\u00e1ria apartamento individual : R$ 240,00 + 5% com caf\u00e9<\/p>\n\n\n\n<p>Valor di\u00e1ria apartamento duplo : R$ 275,00 + 5% com caf\u00e9<\/p>\n\n\n\n<p>Hor\u00e1rio de check-in : a partir das 14:00<\/p>\n\n\n\n<p>Hor\u00e1rio de check-out : at\u00e9 12:00<\/p>\n\n\n\n<p>Para efetuar reserva, favor entrar em contato com Wellington e informar que \u00e9 participante do evento, pelo telefone (31) 3232-9700 ou pelo email: reservas@bhjaraguahotel.com.br<\/p>\n\n\n\n<p>Ou acessar<a href=\"https:\/\/secure.guestcentric.net\/api\/bg\/book.php?apikey=9ed673d458b829f24bea0b93335c9cdf&amp;url=https%3A%2F%2Fwww.bhjaraguahotel.com.br%2F&amp;channelKey=58e5de4e971fc00be29aa10492813ad4&amp;ck=1111&amp;_ga=2.130804552.69454944.1719253032-392484448.1714482913\"> este link<\/a>, com o promocode ENPROP<\/p>\n\n\n\n<p><\/p>\n\n\n\n<h3 class=\"wp-block-heading\"><strong>Quality Hotel Pampulha &amp; Convention Center<\/strong><\/h3>\n\n\n\n<figure class=\"wp-block-image\"><img decoding=\"async\" src=\"https:\/\/lh7-rt.googleusercontent.com\/docsz\/AD_4nXdzhqOm3QPBnux8S8bKJcsaXLiaEI24BcMFiDTSF0-GsFgktlbJXsRwgbHOcOd2bsy_uN-qXN2uy5PLSqsWOUqTz7jOkVSfKqtspbPvPOcfwi7cq5gpgpYjXBSEB1MkPJDTN0mGt6_jGSiYqGk718iPOgw?key=AH2lBUbnwtRguE-pjGCKZg\" alt=\"\"\/><\/figure>\n\n\n\n<p>Valor di\u00e1ria apartamento individual : tarifa vari\u00e1vel conforme disponibilidade<\/p>\n\n\n\n<p>Valor di\u00e1ria apartamento duplo : tarifa vari\u00e1vel conforme disponibilidade<\/p>\n\n\n\n<p>Hor\u00e1rio de check-in : a partir das 14:00<\/p>\n\n\n\n<p>Hor\u00e1rio de check-out : at\u00e9 12:00<\/p>\n\n\n\n<p>Para efetuar reserva, acessar<a href=\"https:\/\/atlantica.letsbook.com.br\/d\/publiclink?r=ed06bf4ea538496286f584ed71d290a4&amp;p=40ENPROP\"> este link<\/a>, com o promocode ENPROP<\/p>\n","protected":false},"excerpt":{"rendered":"<p>Para sua conveni\u00eancia durante o Encontro Nacional de Pr\u00f3-Reitores de Pesquisa e P\u00f3s-Gradua\u00e7\u00e3o, que acontecer\u00e1 de 12 a 14 de novembro de 2024, selecionamos uma lista de hot\u00e9is pr\u00f3ximos \u00e0 UFMG. Entramos em contato com esses estabelecimentos para garantir descontos especiais para os participantes do evento. Estas s\u00e3o sugest\u00f5es de hospedagem, oferecendo diferentes caracter\u00edsticas e [&hellip;]<\/p>\n","protected":false},"author":2,"featured_media":0,"parent":0,"menu_order":3,"comment_status":"closed","ping_status":"closed","template":"","meta":[],"acf":[],"_links":{"self":[{"href":"https:\/\/www.ufmg.br\/enprop\/wp-json\/wp\/v2\/pages\/293"}],"collection":[{"href":"https:\/\/www.ufmg.br\/enprop\/wp-json\/wp\/v2\/pages"}],"about":[{"href":"https:\/\/www.ufmg.br\/enprop\/wp-json\/wp\/v2\/types\/page"}],"author":[{"embeddable":true,"href":"https:\/\/www.ufmg.br\/enprop\/wp-json\/wp\/v2\/users\/2"}],"replies":[{"embeddable":true,"href":"https:\/\/www.ufmg.br\/enprop\/wp-json\/wp\/v2\/comments?post=293"}],"version-history":[{"count":1,"href":"https:\/\/www.ufmg.br\/enprop\/wp-json\/wp\/v2\/pages\/293\/revisions"}],"predecessor-version":[{"id":294,"href":"https:\/\/www.ufmg.br\/enprop\/wp-json\/wp\/v2\/pages\/293\/revisions\/294"}],"wp:attachment":[{"href":"https:\/\/www.ufmg.br\/enprop\/wp-json\/wp\/v2\/media?parent=293"}],"curies":[{"name":"wp","href":"https:\/\/api.w.org\/{rel}","templated":true}]}}