{"id":102,"date":"2024-08-02T11:56:54","date_gmt":"2024-08-02T14:56:54","guid":{"rendered":"https:\/\/www.ufmg.br\/espacodoconhecimento\/novo\/\/?page_id=102"},"modified":"2026-04-13T11:00:11","modified_gmt":"2026-04-13T14:00:11","slug":"blog-do-espaco","status":"publish","type":"page","link":"https:\/\/www.ufmg.br\/espacodoconhecimento\/blog-do-espaco\/","title":{"rendered":"Blog do Espa\u00e7o"},"content":{"rendered":"\n<figure class=\"wp-block-image size-full\"><img loading=\"lazy\" decoding=\"async\" width=\"1025\" height=\"369\" src=\"https:\/\/www.ufmg.br\/espacodoconhecimento\/wp-content\/uploads\/2026\/04\/blog.png\" alt=\"\" class=\"wp-image-9710\" srcset=\"https:\/\/www.ufmg.br\/espacodoconhecimento\/wp-content\/uploads\/2026\/04\/blog.png 1025w, https:\/\/www.ufmg.br\/espacodoconhecimento\/wp-content\/uploads\/2026\/04\/blog-300x108.png 300w, https:\/\/www.ufmg.br\/espacodoconhecimento\/wp-content\/uploads\/2026\/04\/blog-768x276.png 768w\" sizes=\"(max-width: 1025px) 100vw, 1025px\" \/><\/figure>\n\n\n\n<div style=\"height:41px\" aria-hidden=\"true\" class=\"wp-block-spacer\"><\/div>\n\n\n\n<p>Quer viajar pelo universo, conhecer os mist\u00e9rios do planeta ou passear pela hist\u00f3ria da humanidade?<\/p>\n\n\n\n<p>Fique de olho no&nbsp;<mark style=\"background-color:rgba(0, 0, 0, 0)\" class=\"has-inline-color has-vivid-purple-color\"><strong>Blog do Espa\u00e7o<\/strong>!<\/mark><\/p>\n\n\n\n<p>Aqui, voc\u00ea encontra conte\u00fados sobre ci\u00eancia, cultura e as m\u00faltiplas formas de conhecimento que revelam a diversidade e a criatividade humanas.<\/p>\n\n\n\n<p><\/p>\n","protected":false},"excerpt":{"rendered":"<p>Quer viajar pelo universo, conhecer os mist\u00e9rios do planeta ou passear pela hist\u00f3ria da humanidade? Fique de olho no&nbsp;Blog do Espa\u00e7o! Aqui, voc\u00ea encontra conte\u00fados sobre ci\u00eancia, cultura e as m\u00faltiplas formas de conhecimento que revelam a diversidade e a criatividade humanas.<\/p>\n","protected":false},"author":1,"featured_media":0,"parent":0,"menu_order":0,"comment_status":"closed","ping_status":"closed","template":"page-templates\/page-workshop.php","meta":{"_acf_changed":false,"footnotes":""},"class_list":["post-102","page","type-page","status-publish","hentry"],"acf":[],"_links":{"self":[{"href":"https:\/\/www.ufmg.br\/espacodoconhecimento\/wp-json\/wp\/v2\/pages\/102"}],"collection":[{"href":"https:\/\/www.ufmg.br\/espacodoconhecimento\/wp-json\/wp\/v2\/pages"}],"about":[{"href":"https:\/\/www.ufmg.br\/espacodoconhecimento\/wp-json\/wp\/v2\/types\/page"}],"author":[{"embeddable":true,"href":"https:\/\/www.ufmg.br\/espacodoconhecimento\/wp-json\/wp\/v2\/users\/1"}],"replies":[{"embeddable":true,"href":"https:\/\/www.ufmg.br\/espacodoconhecimento\/wp-json\/wp\/v2\/comments?post=102"}],"version-history":[{"count":11,"href":"https:\/\/www.ufmg.br\/espacodoconhecimento\/wp-json\/wp\/v2\/pages\/102\/revisions"}],"predecessor-version":[{"id":9712,"href":"https:\/\/www.ufmg.br\/espacodoconhecimento\/wp-json\/wp\/v2\/pages\/102\/revisions\/9712"}],"wp:attachment":[{"href":"https:\/\/www.ufmg.br\/espacodoconhecimento\/wp-json\/wp\/v2\/media?parent=102"}],"curies":[{"name":"wp","href":"https:\/\/api.w.org\/{rel}","templated":true}]}}