{"id":1070,"date":"2025-07-30T15:36:59","date_gmt":"2025-07-30T18:36:59","guid":{"rendered":"https:\/\/www.ufmg.br\/espacodoconhecimento\/novo\/?page_id=1070"},"modified":"2025-10-13T15:50:23","modified_gmt":"2025-10-13T18:50:23","slug":"o-carnaval-e-um-palco-a-ilha-uma-festa","status":"publish","type":"page","link":"https:\/\/www.ufmg.br\/espacodoconhecimento\/exposicoes\/o-carnaval-e-um-palco-a-ilha-uma-festa\/","title":{"rendered":"O Carnaval \u00c9 Um Palco. A Ilha, Uma Festa"},"content":{"rendered":"\n<p><em>Mar\u00e7o a maio de 2014<\/em><\/p>\n\n\n\n<div style=\"height:35px\" aria-hidden=\"true\" class=\"wp-block-spacer\"><\/div>\n\n\n\n<figure class=\"wp-block-image size-large\"><img loading=\"lazy\" decoding=\"async\" width=\"1024\" height=\"413\" src=\"https:\/\/www.ufmg.br\/espacodoconhecimento\/novo\/wp-content\/uploads\/2025\/07\/carnaval-palco_05-1024x413.jpg\" alt=\"\" class=\"wp-image-1071\" srcset=\"https:\/\/www.ufmg.br\/espacodoconhecimento\/wp-content\/uploads\/2025\/07\/carnaval-palco_05-1024x413.jpg 1024w, https:\/\/www.ufmg.br\/espacodoconhecimento\/wp-content\/uploads\/2025\/07\/carnaval-palco_05-300x121.jpg 300w, https:\/\/www.ufmg.br\/espacodoconhecimento\/wp-content\/uploads\/2025\/07\/carnaval-palco_05-768x310.jpg 768w, https:\/\/www.ufmg.br\/espacodoconhecimento\/wp-content\/uploads\/2025\/07\/carnaval-palco_05.jpg 1140w\" sizes=\"(max-width: 1024px) 100vw, 1024px\" \/><\/figure>\n\n\n\n<div style=\"height:35px\" aria-hidden=\"true\" class=\"wp-block-spacer\"><\/div>\n\n\n\n<p><strong>O Carnaval \u00c9 Um Palco. A Ilha, Uma Festa&nbsp;<\/strong>foi uma exposi\u00e7\u00e3o do artista portugu\u00eas Rui Mour\u00e3o, que cruzou Antropologia e videoarte em um dispositivo de v\u00eddeo-instala\u00e7\u00e3o multicanal, propondo um olhar sobre um patrim\u00f4nio cultural imaterial.<\/p>\n\n\n\n<p>A obra, apresentada pela primeira vez no Brasil, j\u00e1 esteve em outros espa\u00e7os expositivos, como no Museu Nacional de Etnologia, em Lisboa, e no Museu de Angra do Hero\u00edsmo, em A\u00e7ores, ambos em Portugal.<\/p>\n\n\n\n<p>A&nbsp;exposi\u00e7\u00e3o contou com a exibi\u00e7\u00e3o de um filme que estreou na Cinemateca Portuguesa e foi selecionado para melhor document\u00e1rio no Festival Queer Lisboa em 2013.<\/p>\n\n\n\n<p>A curadoria foi de Ren\u00e9 Lommez Gomes.<\/p>\n\n\n\n<div style=\"height:35px\" aria-hidden=\"true\" class=\"wp-block-spacer\"><\/div>\n\n\n\n<p><strong>Rui Mour\u00e3o<\/strong> (1977 &#8211; Lisboa)<br>O portugu\u00eas Rui Mour\u00e3o nasceu em 1977, em Lisboa, Portugal. Estudou Fotografia e Arte Contempor\u00e2nea, na Universitat Aut\u00f2noma de Barcelona, e Interpreta\u00e7\u00e3o e Cinema no Centre d\u2019Estudis Cinematogr\u00e0fics de Catalunya, tamb\u00e9m na cidade espanhola.<\/p>\n\n\n\n<p>Cursou Artes Visuais na Maumaus &#8211; Escola de Artes Visuais, em Lisboa, e na Malm\u00f6 Art Academy, na Su\u00e9cia. Fez p\u00f3s-gradua\u00e7\u00e3o em Culturas Visuais Digitais e mestrado em Antropologia, ambos no Instituto Universit\u00e1rio de Lisboa.<\/p>\n\n\n\n<p>Foi selecionado para a mostra nacional Jovens Criadores&nbsp;em 2006 e 2007, para a Anteciparte, em 2009, e para o FUSO \u2013 Anual de V\u00eddeo Arte Internacional de Lisboa em 2010, onde recebeu o Pr\u00eamio do P\u00fablico no Museu Berardo.<\/p>\n\n\n\n<p>Fez v\u00e1rias exposi\u00e7\u00f5es individuais e coletivas&nbsp;em espa\u00e7os culturais prestigiados, como no Museu Nacional de Arte Contempor\u00e2nea do Chiado de Lisboa, na Galeria Municipal de Budapeste, no Palazzo Albrizzi de Veneza, no Centro Nacional de Artes Contempor\u00e2neas de Moscou e no Monkey Town de Nova Iorque. Seu primeiro filme foi mostrado na Cinemateca Portuguesa, tendo sido posteriormente nomeado para Melhor Document\u00e1rio no Festival de Cinema Lisboa Queer.<\/p>\n\n\n\n<div style=\"height:35px\" aria-hidden=\"true\" class=\"wp-block-spacer\"><\/div>\n\n\n\n<figure class=\"wp-block-gallery has-nested-images columns-3 is-cropped wp-block-gallery-1 is-layout-flex wp-block-gallery-is-layout-flex\">\n<figure class=\"wp-block-image size-full\"><img loading=\"lazy\" decoding=\"async\" width=\"1024\" height=\"683\" data-id=\"1072\" src=\"https:\/\/www.ufmg.br\/espacodoconhecimento\/novo\/wp-content\/uploads\/2025\/07\/expo-carnaval-palco-04-1024x683-1.jpg\" alt=\"\" class=\"wp-image-1072\" srcset=\"https:\/\/www.ufmg.br\/espacodoconhecimento\/wp-content\/uploads\/2025\/07\/expo-carnaval-palco-04-1024x683-1.jpg 1024w, https:\/\/www.ufmg.br\/espacodoconhecimento\/wp-content\/uploads\/2025\/07\/expo-carnaval-palco-04-1024x683-1-300x200.jpg 300w, https:\/\/www.ufmg.br\/espacodoconhecimento\/wp-content\/uploads\/2025\/07\/expo-carnaval-palco-04-1024x683-1-768x512.jpg 768w\" sizes=\"(max-width: 1024px) 100vw, 1024px\" \/><\/figure>\n\n\n\n<figure class=\"wp-block-image size-full\"><img loading=\"lazy\" decoding=\"async\" width=\"1024\" height=\"683\" data-id=\"1073\" src=\"https:\/\/www.ufmg.br\/espacodoconhecimento\/novo\/wp-content\/uploads\/2025\/07\/expo-carnaval-palco-10-1024x683-1.jpg\" alt=\"\" class=\"wp-image-1073\" srcset=\"https:\/\/www.ufmg.br\/espacodoconhecimento\/wp-content\/uploads\/2025\/07\/expo-carnaval-palco-10-1024x683-1.jpg 1024w, https:\/\/www.ufmg.br\/espacodoconhecimento\/wp-content\/uploads\/2025\/07\/expo-carnaval-palco-10-1024x683-1-300x200.jpg 300w, https:\/\/www.ufmg.br\/espacodoconhecimento\/wp-content\/uploads\/2025\/07\/expo-carnaval-palco-10-1024x683-1-768x512.jpg 768w\" sizes=\"(max-width: 1024px) 100vw, 1024px\" \/><\/figure>\n\n\n\n<figure class=\"wp-block-image size-full\"><img loading=\"lazy\" decoding=\"async\" width=\"1024\" height=\"683\" data-id=\"1074\" src=\"https:\/\/www.ufmg.br\/espacodoconhecimento\/novo\/wp-content\/uploads\/2025\/07\/expo-carnaval-palco-09-1024x683-1.jpg\" alt=\"\" class=\"wp-image-1074\" srcset=\"https:\/\/www.ufmg.br\/espacodoconhecimento\/wp-content\/uploads\/2025\/07\/expo-carnaval-palco-09-1024x683-1.jpg 1024w, https:\/\/www.ufmg.br\/espacodoconhecimento\/wp-content\/uploads\/2025\/07\/expo-carnaval-palco-09-1024x683-1-300x200.jpg 300w, https:\/\/www.ufmg.br\/espacodoconhecimento\/wp-content\/uploads\/2025\/07\/expo-carnaval-palco-09-1024x683-1-768x512.jpg 768w\" sizes=\"(max-width: 1024px) 100vw, 1024px\" \/><\/figure>\n\n\n\n<figure class=\"wp-block-image size-full\"><img loading=\"lazy\" decoding=\"async\" width=\"1024\" height=\"683\" data-id=\"1075\" src=\"https:\/\/www.ufmg.br\/espacodoconhecimento\/novo\/wp-content\/uploads\/2025\/07\/carnaval-palco_76-1024x683-1.jpg\" alt=\"\" class=\"wp-image-1075\" srcset=\"https:\/\/www.ufmg.br\/espacodoconhecimento\/wp-content\/uploads\/2025\/07\/carnaval-palco_76-1024x683-1.jpg 1024w, https:\/\/www.ufmg.br\/espacodoconhecimento\/wp-content\/uploads\/2025\/07\/carnaval-palco_76-1024x683-1-300x200.jpg 300w, https:\/\/www.ufmg.br\/espacodoconhecimento\/wp-content\/uploads\/2025\/07\/carnaval-palco_76-1024x683-1-768x512.jpg 768w\" sizes=\"(max-width: 1024px) 100vw, 1024px\" \/><\/figure>\n\n\n\n<figure class=\"wp-block-image size-full\"><img loading=\"lazy\" decoding=\"async\" width=\"1024\" height=\"683\" data-id=\"1076\" src=\"https:\/\/www.ufmg.br\/espacodoconhecimento\/novo\/wp-content\/uploads\/2025\/07\/carnaval-palco_67-1024x683-1.jpg\" alt=\"\" class=\"wp-image-1076\" srcset=\"https:\/\/www.ufmg.br\/espacodoconhecimento\/wp-content\/uploads\/2025\/07\/carnaval-palco_67-1024x683-1.jpg 1024w, https:\/\/www.ufmg.br\/espacodoconhecimento\/wp-content\/uploads\/2025\/07\/carnaval-palco_67-1024x683-1-300x200.jpg 300w, https:\/\/www.ufmg.br\/espacodoconhecimento\/wp-content\/uploads\/2025\/07\/carnaval-palco_67-1024x683-1-768x512.jpg 768w\" sizes=\"(max-width: 1024px) 100vw, 1024px\" \/><\/figure>\n\n\n\n<figure class=\"wp-block-image size-full\"><img loading=\"lazy\" decoding=\"async\" width=\"1024\" height=\"683\" data-id=\"1078\" src=\"https:\/\/www.ufmg.br\/espacodoconhecimento\/novo\/wp-content\/uploads\/2025\/07\/carnaval-palco_09-1024x683-1.jpg\" alt=\"\" class=\"wp-image-1078\" srcset=\"https:\/\/www.ufmg.br\/espacodoconhecimento\/wp-content\/uploads\/2025\/07\/carnaval-palco_09-1024x683-1.jpg 1024w, https:\/\/www.ufmg.br\/espacodoconhecimento\/wp-content\/uploads\/2025\/07\/carnaval-palco_09-1024x683-1-300x200.jpg 300w, https:\/\/www.ufmg.br\/espacodoconhecimento\/wp-content\/uploads\/2025\/07\/carnaval-palco_09-1024x683-1-768x512.jpg 768w\" sizes=\"(max-width: 1024px) 100vw, 1024px\" \/><\/figure>\n\n\n\n<figure class=\"wp-block-image size-full\"><img loading=\"lazy\" decoding=\"async\" width=\"1024\" height=\"683\" data-id=\"1079\" src=\"https:\/\/www.ufmg.br\/espacodoconhecimento\/novo\/wp-content\/uploads\/2025\/07\/expo-carnaval-palco-07-1024x683-1.jpg\" alt=\"\" class=\"wp-image-1079\" srcset=\"https:\/\/www.ufmg.br\/espacodoconhecimento\/wp-content\/uploads\/2025\/07\/expo-carnaval-palco-07-1024x683-1.jpg 1024w, https:\/\/www.ufmg.br\/espacodoconhecimento\/wp-content\/uploads\/2025\/07\/expo-carnaval-palco-07-1024x683-1-300x200.jpg 300w, https:\/\/www.ufmg.br\/espacodoconhecimento\/wp-content\/uploads\/2025\/07\/expo-carnaval-palco-07-1024x683-1-768x512.jpg 768w\" sizes=\"(max-width: 1024px) 100vw, 1024px\" \/><\/figure>\n\n\n\n<figure class=\"wp-block-image size-full\"><img loading=\"lazy\" decoding=\"async\" width=\"1024\" height=\"683\" data-id=\"1080\" src=\"https:\/\/www.ufmg.br\/espacodoconhecimento\/novo\/wp-content\/uploads\/2025\/07\/carnaval-palco_30-1024x683-1.jpg\" alt=\"\" class=\"wp-image-1080\" srcset=\"https:\/\/www.ufmg.br\/espacodoconhecimento\/wp-content\/uploads\/2025\/07\/carnaval-palco_30-1024x683-1.jpg 1024w, https:\/\/www.ufmg.br\/espacodoconhecimento\/wp-content\/uploads\/2025\/07\/carnaval-palco_30-1024x683-1-300x200.jpg 300w, https:\/\/www.ufmg.br\/espacodoconhecimento\/wp-content\/uploads\/2025\/07\/carnaval-palco_30-1024x683-1-768x512.jpg 768w\" sizes=\"(max-width: 1024px) 100vw, 1024px\" \/><\/figure>\n\n\n\n<figure class=\"wp-block-image size-full\"><img loading=\"lazy\" decoding=\"async\" width=\"1024\" height=\"683\" data-id=\"1081\" src=\"https:\/\/www.ufmg.br\/espacodoconhecimento\/novo\/wp-content\/uploads\/2025\/07\/carnaval-palco_60-1024x683-1.jpg\" alt=\"\" class=\"wp-image-1081\" srcset=\"https:\/\/www.ufmg.br\/espacodoconhecimento\/wp-content\/uploads\/2025\/07\/carnaval-palco_60-1024x683-1.jpg 1024w, https:\/\/www.ufmg.br\/espacodoconhecimento\/wp-content\/uploads\/2025\/07\/carnaval-palco_60-1024x683-1-300x200.jpg 300w, https:\/\/www.ufmg.br\/espacodoconhecimento\/wp-content\/uploads\/2025\/07\/carnaval-palco_60-1024x683-1-768x512.jpg 768w\" sizes=\"(max-width: 1024px) 100vw, 1024px\" \/><\/figure>\n\n\n\n<figure class=\"wp-block-image size-full\"><img loading=\"lazy\" decoding=\"async\" width=\"1024\" height=\"683\" data-id=\"1082\" src=\"https:\/\/www.ufmg.br\/espacodoconhecimento\/novo\/wp-content\/uploads\/2025\/07\/carnaval-palco_05-1-1024x683-1.jpg\" alt=\"\" class=\"wp-image-1082\" srcset=\"https:\/\/www.ufmg.br\/espacodoconhecimento\/wp-content\/uploads\/2025\/07\/carnaval-palco_05-1-1024x683-1.jpg 1024w, https:\/\/www.ufmg.br\/espacodoconhecimento\/wp-content\/uploads\/2025\/07\/carnaval-palco_05-1-1024x683-1-300x200.jpg 300w, https:\/\/www.ufmg.br\/espacodoconhecimento\/wp-content\/uploads\/2025\/07\/carnaval-palco_05-1-1024x683-1-768x512.jpg 768w\" sizes=\"(max-width: 1024px) 100vw, 1024px\" \/><\/figure>\n\n\n\n<figure class=\"wp-block-image size-full\"><img loading=\"lazy\" decoding=\"async\" width=\"1024\" height=\"683\" data-id=\"1083\" src=\"https:\/\/www.ufmg.br\/espacodoconhecimento\/novo\/wp-content\/uploads\/2025\/07\/carnaval-palco_20-1024x683-1.jpg\" alt=\"\" class=\"wp-image-1083\" srcset=\"https:\/\/www.ufmg.br\/espacodoconhecimento\/wp-content\/uploads\/2025\/07\/carnaval-palco_20-1024x683-1.jpg 1024w, https:\/\/www.ufmg.br\/espacodoconhecimento\/wp-content\/uploads\/2025\/07\/carnaval-palco_20-1024x683-1-300x200.jpg 300w, https:\/\/www.ufmg.br\/espacodoconhecimento\/wp-content\/uploads\/2025\/07\/carnaval-palco_20-1024x683-1-768x512.jpg 768w\" sizes=\"(max-width: 1024px) 100vw, 1024px\" \/><\/figure>\n\n\n\n<figure class=\"wp-block-image size-full\"><img loading=\"lazy\" decoding=\"async\" width=\"1024\" height=\"683\" data-id=\"1084\" src=\"https:\/\/www.ufmg.br\/espacodoconhecimento\/novo\/wp-content\/uploads\/2025\/07\/carnaval-palco_15-1024x683-1.jpg\" alt=\"\" class=\"wp-image-1084\" srcset=\"https:\/\/www.ufmg.br\/espacodoconhecimento\/wp-content\/uploads\/2025\/07\/carnaval-palco_15-1024x683-1.jpg 1024w, https:\/\/www.ufmg.br\/espacodoconhecimento\/wp-content\/uploads\/2025\/07\/carnaval-palco_15-1024x683-1-300x200.jpg 300w, https:\/\/www.ufmg.br\/espacodoconhecimento\/wp-content\/uploads\/2025\/07\/carnaval-palco_15-1024x683-1-768x512.jpg 768w\" sizes=\"(max-width: 1024px) 100vw, 1024px\" \/><\/figure>\n<\/figure>\n","protected":false},"excerpt":{"rendered":"<p>Mar\u00e7o a maio de 2014 O Carnaval \u00c9 Um Palco. A Ilha, Uma Festa&nbsp;foi uma exposi\u00e7\u00e3o do artista portugu\u00eas Rui Mour\u00e3o, que cruzou Antropologia e videoarte em um dispositivo de v\u00eddeo-instala\u00e7\u00e3o multicanal, propondo um olhar sobre um patrim\u00f4nio cultural imaterial. A obra, apresentada pela primeira vez no Brasil, j\u00e1 esteve em outros espa\u00e7os expositivos, como [&hellip;]<\/p>\n","protected":false},"author":3,"featured_media":0,"parent":206,"menu_order":0,"comment_status":"closed","ping_status":"closed","template":"","meta":{"_acf_changed":false,"footnotes":""},"class_list":["post-1070","page","type-page","status-publish","hentry"],"acf":[],"_links":{"self":[{"href":"https:\/\/www.ufmg.br\/espacodoconhecimento\/wp-json\/wp\/v2\/pages\/1070"}],"collection":[{"href":"https:\/\/www.ufmg.br\/espacodoconhecimento\/wp-json\/wp\/v2\/pages"}],"about":[{"href":"https:\/\/www.ufmg.br\/espacodoconhecimento\/wp-json\/wp\/v2\/types\/page"}],"author":[{"embeddable":true,"href":"https:\/\/www.ufmg.br\/espacodoconhecimento\/wp-json\/wp\/v2\/users\/3"}],"replies":[{"embeddable":true,"href":"https:\/\/www.ufmg.br\/espacodoconhecimento\/wp-json\/wp\/v2\/comments?post=1070"}],"version-history":[{"count":2,"href":"https:\/\/www.ufmg.br\/espacodoconhecimento\/wp-json\/wp\/v2\/pages\/1070\/revisions"}],"predecessor-version":[{"id":2222,"href":"https:\/\/www.ufmg.br\/espacodoconhecimento\/wp-json\/wp\/v2\/pages\/1070\/revisions\/2222"}],"up":[{"embeddable":true,"href":"https:\/\/www.ufmg.br\/espacodoconhecimento\/wp-json\/wp\/v2\/pages\/206"}],"wp:attachment":[{"href":"https:\/\/www.ufmg.br\/espacodoconhecimento\/wp-json\/wp\/v2\/media?parent=1070"}],"curies":[{"name":"wp","href":"https:\/\/api.w.org\/{rel}","templated":true}]}}