{"id":1131,"date":"2025-07-30T15:58:15","date_gmt":"2025-07-30T18:58:15","guid":{"rendered":"https:\/\/www.ufmg.br\/espacodoconhecimento\/novo\/?page_id=1131"},"modified":"2025-10-13T15:51:23","modified_gmt":"2025-10-13T18:51:23","slug":"planetario-liquido-multiverso","status":"publish","type":"page","link":"https:\/\/www.ufmg.br\/espacodoconhecimento\/exposicoes\/planetario-liquido-multiverso\/","title":{"rendered":"Planet\u00e1rio L\u00edquido (Multiverso)"},"content":{"rendered":"\n<p><em>Janeiro a fevereiro de 2015<\/em><\/p>\n\n\n\n<div style=\"height:35px\" aria-hidden=\"true\" class=\"wp-block-spacer\"><\/div>\n\n\n\n<figure class=\"wp-block-image size-large\"><img loading=\"lazy\" decoding=\"async\" width=\"1024\" height=\"413\" src=\"https:\/\/www.ufmg.br\/espacodoconhecimento\/novo\/wp-content\/uploads\/2025\/07\/planetario-liquido_9_5-David-Lucas-1024x413.jpg\" alt=\"\" class=\"wp-image-1132\" srcset=\"https:\/\/www.ufmg.br\/espacodoconhecimento\/wp-content\/uploads\/2025\/07\/planetario-liquido_9_5-David-Lucas-1024x413.jpg 1024w, https:\/\/www.ufmg.br\/espacodoconhecimento\/wp-content\/uploads\/2025\/07\/planetario-liquido_9_5-David-Lucas-300x121.jpg 300w, https:\/\/www.ufmg.br\/espacodoconhecimento\/wp-content\/uploads\/2025\/07\/planetario-liquido_9_5-David-Lucas-768x310.jpg 768w, https:\/\/www.ufmg.br\/espacodoconhecimento\/wp-content\/uploads\/2025\/07\/planetario-liquido_9_5-David-Lucas.jpg 1140w\" sizes=\"(max-width: 1024px) 100vw, 1024px\" \/><\/figure>\n\n\n\n<div style=\"height:35px\" aria-hidden=\"true\" class=\"wp-block-spacer\"><\/div>\n\n\n\n<p>Entre janeiro e fevereiro de 2015, &nbsp;o Espa\u00e7o do Conhecimento UFMG e o Grupo de Pesquisa em Met\u00e1foras e Analogias na Tecnologia, Educa\u00e7\u00e3o e Ci\u00eancias (AMTEC) realizaram a Exposi\u00e7\u00e3o <strong>Planet\u00e1rio L\u00edquido (Multiverso)<\/strong> dentro da programa\u00e7\u00e3o de f\u00e9rias do museu. Feito com combina\u00e7\u00f5es de \u00e1gua, \u00e1lcool e \u00f3leos coloridos por pigmentos fluorescentes, a ferramenta&nbsp;ofereceu uma experi\u00eancia est\u00e9tica em tr\u00eas dimens\u00f5es que ajuda na compreens\u00e3o de fen\u00f4menos do cosmo. Em globos de vidro, a mistura ganha constitui\u00e7\u00e3o fluida e gera uma estrutura an\u00e1loga \u00e0 do espa\u00e7o sideral.<\/p>\n\n\n\n<p>O modelo foi desenvolvido pelos pesquisadores D\u00e9lcio Almeida e Alexsandro Oliveira com o objetivo de potencializar o ensino de ci\u00eancias e a divulga\u00e7\u00e3o cient\u00edfica em ambientes expositivos. &#8220;A ideia \u00e9 construir um modelo com materiais muito simples, que possam ser replicados com certa facilidade e que possibilitem analogias interessantes, despertando o interesse das pessoas por assuntos da astronomia&#8221;, afirma D\u00e9lcio.<\/p>\n\n\n\n<p>No Espa\u00e7o do Conhecimento UFMG, os globos foram expostos no Terra\u00e7o Astron\u00f4mico, em tendas escuras que receberam ilumina\u00e7\u00e3o interna especial. Al\u00e9m disso, fotos que destacam detalhes visuais de montagens anteriores foram exibidas&nbsp;ao lado de fotografias do espa\u00e7o sideral. As imagens, de autoria de J\u00falio Alessi, valorizam a plasticidade dos modelos e auxiliam na cria\u00e7\u00e3o de analogias entre o Planet\u00e1rio L\u00edquido e estruturas c\u00f3smicas.<\/p>\n\n\n\n<p>Para al\u00e9m da exposi\u00e7\u00e3o tempor\u00e1ria, D\u00e9lcio Almeida ofereceu oficinas abertas ao p\u00fablico, em que explicou os conceitos que levaram ao desenvolvimento do projeto e montou, com os participantes, um modelo em globo de vidro. A ideia \u00e9 que, a partir da experi\u00eancia, o p\u00fablico seja capaz de replicar o modelo em casa ou em ambientes educativos.<\/p>\n\n\n\n<div style=\"height:35px\" aria-hidden=\"true\" class=\"wp-block-spacer\"><\/div>\n\n\n\n<figure class=\"wp-block-gallery has-nested-images columns-3 is-cropped wp-block-gallery-1 is-layout-flex wp-block-gallery-is-layout-flex\">\n<figure class=\"wp-block-image size-full\"><img loading=\"lazy\" decoding=\"async\" width=\"1024\" height=\"683\" data-id=\"1133\" src=\"https:\/\/www.ufmg.br\/espacodoconhecimento\/novo\/wp-content\/uploads\/2025\/07\/planetario-liquido_9_5-David-Lucas-1-1024x683-1.jpg\" alt=\"\" class=\"wp-image-1133\" srcset=\"https:\/\/www.ufmg.br\/espacodoconhecimento\/wp-content\/uploads\/2025\/07\/planetario-liquido_9_5-David-Lucas-1-1024x683-1.jpg 1024w, https:\/\/www.ufmg.br\/espacodoconhecimento\/wp-content\/uploads\/2025\/07\/planetario-liquido_9_5-David-Lucas-1-1024x683-1-300x200.jpg 300w, https:\/\/www.ufmg.br\/espacodoconhecimento\/wp-content\/uploads\/2025\/07\/planetario-liquido_9_5-David-Lucas-1-1024x683-1-768x512.jpg 768w\" sizes=\"(max-width: 1024px) 100vw, 1024px\" \/><\/figure>\n\n\n\n<figure class=\"wp-block-image size-full\"><img loading=\"lazy\" decoding=\"async\" width=\"1024\" height=\"683\" data-id=\"1134\" src=\"https:\/\/www.ufmg.br\/espacodoconhecimento\/novo\/wp-content\/uploads\/2025\/07\/planetario-liquido_9_3-1024x683-1.jpg\" alt=\"\" class=\"wp-image-1134\" srcset=\"https:\/\/www.ufmg.br\/espacodoconhecimento\/wp-content\/uploads\/2025\/07\/planetario-liquido_9_3-1024x683-1.jpg 1024w, https:\/\/www.ufmg.br\/espacodoconhecimento\/wp-content\/uploads\/2025\/07\/planetario-liquido_9_3-1024x683-1-300x200.jpg 300w, https:\/\/www.ufmg.br\/espacodoconhecimento\/wp-content\/uploads\/2025\/07\/planetario-liquido_9_3-1024x683-1-768x512.jpg 768w\" sizes=\"(max-width: 1024px) 100vw, 1024px\" \/><\/figure>\n\n\n\n<figure class=\"wp-block-image size-full\"><img loading=\"lazy\" decoding=\"async\" width=\"1024\" height=\"683\" data-id=\"1135\" src=\"https:\/\/www.ufmg.br\/espacodoconhecimento\/novo\/wp-content\/uploads\/2025\/07\/planetario-liquido_9_2-1024x683-1.jpg\" alt=\"\" class=\"wp-image-1135\" srcset=\"https:\/\/www.ufmg.br\/espacodoconhecimento\/wp-content\/uploads\/2025\/07\/planetario-liquido_9_2-1024x683-1.jpg 1024w, https:\/\/www.ufmg.br\/espacodoconhecimento\/wp-content\/uploads\/2025\/07\/planetario-liquido_9_2-1024x683-1-300x200.jpg 300w, https:\/\/www.ufmg.br\/espacodoconhecimento\/wp-content\/uploads\/2025\/07\/planetario-liquido_9_2-1024x683-1-768x512.jpg 768w\" sizes=\"(max-width: 1024px) 100vw, 1024px\" \/><\/figure>\n\n\n\n<figure class=\"wp-block-image size-full\"><img loading=\"lazy\" decoding=\"async\" width=\"1024\" height=\"683\" data-id=\"1136\" src=\"https:\/\/www.ufmg.br\/espacodoconhecimento\/novo\/wp-content\/uploads\/2025\/07\/planetario-liquido_9_10-1024x683-1.jpg\" alt=\"\" class=\"wp-image-1136\" srcset=\"https:\/\/www.ufmg.br\/espacodoconhecimento\/wp-content\/uploads\/2025\/07\/planetario-liquido_9_10-1024x683-1.jpg 1024w, https:\/\/www.ufmg.br\/espacodoconhecimento\/wp-content\/uploads\/2025\/07\/planetario-liquido_9_10-1024x683-1-300x200.jpg 300w, https:\/\/www.ufmg.br\/espacodoconhecimento\/wp-content\/uploads\/2025\/07\/planetario-liquido_9_10-1024x683-1-768x512.jpg 768w\" sizes=\"(max-width: 1024px) 100vw, 1024px\" \/><\/figure>\n\n\n\n<figure class=\"wp-block-image size-full\"><img loading=\"lazy\" decoding=\"async\" width=\"1024\" height=\"683\" data-id=\"1137\" src=\"https:\/\/www.ufmg.br\/espacodoconhecimento\/novo\/wp-content\/uploads\/2025\/07\/planetario-liquido_9_7-Kayke-Quadros-1024x683-1.jpg\" alt=\"\" class=\"wp-image-1137\" srcset=\"https:\/\/www.ufmg.br\/espacodoconhecimento\/wp-content\/uploads\/2025\/07\/planetario-liquido_9_7-Kayke-Quadros-1024x683-1.jpg 1024w, https:\/\/www.ufmg.br\/espacodoconhecimento\/wp-content\/uploads\/2025\/07\/planetario-liquido_9_7-Kayke-Quadros-1024x683-1-300x200.jpg 300w, https:\/\/www.ufmg.br\/espacodoconhecimento\/wp-content\/uploads\/2025\/07\/planetario-liquido_9_7-Kayke-Quadros-1024x683-1-768x512.jpg 768w\" sizes=\"(max-width: 1024px) 100vw, 1024px\" \/><\/figure>\n\n\n\n<figure class=\"wp-block-image size-full\"><img loading=\"lazy\" decoding=\"async\" width=\"1024\" height=\"683\" data-id=\"1138\" src=\"https:\/\/www.ufmg.br\/espacodoconhecimento\/novo\/wp-content\/uploads\/2025\/07\/planetario-liquido_9_29-1024x683-1.jpg\" alt=\"\" class=\"wp-image-1138\" srcset=\"https:\/\/www.ufmg.br\/espacodoconhecimento\/wp-content\/uploads\/2025\/07\/planetario-liquido_9_29-1024x683-1.jpg 1024w, https:\/\/www.ufmg.br\/espacodoconhecimento\/wp-content\/uploads\/2025\/07\/planetario-liquido_9_29-1024x683-1-300x200.jpg 300w, https:\/\/www.ufmg.br\/espacodoconhecimento\/wp-content\/uploads\/2025\/07\/planetario-liquido_9_29-1024x683-1-768x512.jpg 768w\" sizes=\"(max-width: 1024px) 100vw, 1024px\" \/><\/figure>\n\n\n\n<figure class=\"wp-block-image size-full\"><img loading=\"lazy\" decoding=\"async\" width=\"1024\" height=\"768\" data-id=\"1139\" src=\"https:\/\/www.ufmg.br\/espacodoconhecimento\/novo\/wp-content\/uploads\/2025\/07\/GOPR1908-platerialiquido-1024x768-1.jpg\" alt=\"\" class=\"wp-image-1139\" srcset=\"https:\/\/www.ufmg.br\/espacodoconhecimento\/wp-content\/uploads\/2025\/07\/GOPR1908-platerialiquido-1024x768-1.jpg 1024w, https:\/\/www.ufmg.br\/espacodoconhecimento\/wp-content\/uploads\/2025\/07\/GOPR1908-platerialiquido-1024x768-1-300x225.jpg 300w, https:\/\/www.ufmg.br\/espacodoconhecimento\/wp-content\/uploads\/2025\/07\/GOPR1908-platerialiquido-1024x768-1-768x576.jpg 768w\" sizes=\"(max-width: 1024px) 100vw, 1024px\" \/><\/figure>\n\n\n\n<figure class=\"wp-block-image size-full\"><img loading=\"lazy\" decoding=\"async\" width=\"1024\" height=\"683\" data-id=\"1140\" src=\"https:\/\/www.ufmg.br\/espacodoconhecimento\/novo\/wp-content\/uploads\/2025\/07\/planetario-liquido_9_8-1024x683-1.jpg\" alt=\"\" class=\"wp-image-1140\" srcset=\"https:\/\/www.ufmg.br\/espacodoconhecimento\/wp-content\/uploads\/2025\/07\/planetario-liquido_9_8-1024x683-1.jpg 1024w, https:\/\/www.ufmg.br\/espacodoconhecimento\/wp-content\/uploads\/2025\/07\/planetario-liquido_9_8-1024x683-1-300x200.jpg 300w, https:\/\/www.ufmg.br\/espacodoconhecimento\/wp-content\/uploads\/2025\/07\/planetario-liquido_9_8-1024x683-1-768x512.jpg 768w\" sizes=\"(max-width: 1024px) 100vw, 1024px\" \/><\/figure>\n\n\n\n<figure class=\"wp-block-image size-full\"><img loading=\"lazy\" decoding=\"async\" width=\"1024\" height=\"768\" data-id=\"1141\" src=\"https:\/\/www.ufmg.br\/espacodoconhecimento\/novo\/wp-content\/uploads\/2025\/07\/GOPR1915platerialiquido-1024x768-1.jpg\" alt=\"\" class=\"wp-image-1141\" srcset=\"https:\/\/www.ufmg.br\/espacodoconhecimento\/wp-content\/uploads\/2025\/07\/GOPR1915platerialiquido-1024x768-1.jpg 1024w, https:\/\/www.ufmg.br\/espacodoconhecimento\/wp-content\/uploads\/2025\/07\/GOPR1915platerialiquido-1024x768-1-300x225.jpg 300w, https:\/\/www.ufmg.br\/espacodoconhecimento\/wp-content\/uploads\/2025\/07\/GOPR1915platerialiquido-1024x768-1-768x576.jpg 768w\" sizes=\"(max-width: 1024px) 100vw, 1024px\" \/><\/figure>\n<\/figure>\n","protected":false},"excerpt":{"rendered":"<p>Janeiro a fevereiro de 2015 Entre janeiro e fevereiro de 2015, &nbsp;o Espa\u00e7o do Conhecimento UFMG e o Grupo de Pesquisa em Met\u00e1foras e Analogias na Tecnologia, Educa\u00e7\u00e3o e Ci\u00eancias (AMTEC) realizaram a Exposi\u00e7\u00e3o Planet\u00e1rio L\u00edquido (Multiverso) dentro da programa\u00e7\u00e3o de f\u00e9rias do museu. Feito com combina\u00e7\u00f5es de \u00e1gua, \u00e1lcool e \u00f3leos coloridos por pigmentos [&hellip;]<\/p>\n","protected":false},"author":3,"featured_media":0,"parent":206,"menu_order":0,"comment_status":"closed","ping_status":"closed","template":"","meta":{"_acf_changed":false,"footnotes":""},"class_list":["post-1131","page","type-page","status-publish","hentry"],"acf":[],"_links":{"self":[{"href":"https:\/\/www.ufmg.br\/espacodoconhecimento\/wp-json\/wp\/v2\/pages\/1131"}],"collection":[{"href":"https:\/\/www.ufmg.br\/espacodoconhecimento\/wp-json\/wp\/v2\/pages"}],"about":[{"href":"https:\/\/www.ufmg.br\/espacodoconhecimento\/wp-json\/wp\/v2\/types\/page"}],"author":[{"embeddable":true,"href":"https:\/\/www.ufmg.br\/espacodoconhecimento\/wp-json\/wp\/v2\/users\/3"}],"replies":[{"embeddable":true,"href":"https:\/\/www.ufmg.br\/espacodoconhecimento\/wp-json\/wp\/v2\/comments?post=1131"}],"version-history":[{"count":2,"href":"https:\/\/www.ufmg.br\/espacodoconhecimento\/wp-json\/wp\/v2\/pages\/1131\/revisions"}],"predecessor-version":[{"id":2226,"href":"https:\/\/www.ufmg.br\/espacodoconhecimento\/wp-json\/wp\/v2\/pages\/1131\/revisions\/2226"}],"up":[{"embeddable":true,"href":"https:\/\/www.ufmg.br\/espacodoconhecimento\/wp-json\/wp\/v2\/pages\/206"}],"wp:attachment":[{"href":"https:\/\/www.ufmg.br\/espacodoconhecimento\/wp-json\/wp\/v2\/media?parent=1131"}],"curies":[{"name":"wp","href":"https:\/\/api.w.org\/{rel}","templated":true}]}}