{"id":1198,"date":"2025-07-30T16:19:19","date_gmt":"2025-07-30T19:19:19","guid":{"rendered":"https:\/\/www.ufmg.br\/espacodoconhecimento\/novo\/?page_id=1198"},"modified":"2025-10-13T15:52:40","modified_gmt":"2025-10-13T18:52:40","slug":"o-ceu-como-patrimonio","status":"publish","type":"page","link":"https:\/\/www.ufmg.br\/espacodoconhecimento\/exposicoes\/o-ceu-como-patrimonio\/","title":{"rendered":"O C\u00e9u como Patrim\u00f4nio"},"content":{"rendered":"\n<p><em>Desde agosto de 2016<\/em><\/p>\n\n\n\n<div style=\"height:35px\" aria-hidden=\"true\" class=\"wp-block-spacer\"><\/div>\n\n\n\n<figure class=\"wp-block-image size-large\"><img loading=\"lazy\" decoding=\"async\" width=\"1024\" height=\"413\" src=\"https:\/\/www.ufmg.br\/espacodoconhecimento\/novo\/wp-content\/uploads\/2025\/07\/IMG_1018-1024x413.jpg\" alt=\"\" class=\"wp-image-1199\" srcset=\"https:\/\/www.ufmg.br\/espacodoconhecimento\/wp-content\/uploads\/2025\/07\/IMG_1018-1024x413.jpg 1024w, https:\/\/www.ufmg.br\/espacodoconhecimento\/wp-content\/uploads\/2025\/07\/IMG_1018-300x121.jpg 300w, https:\/\/www.ufmg.br\/espacodoconhecimento\/wp-content\/uploads\/2025\/07\/IMG_1018-768x310.jpg 768w, https:\/\/www.ufmg.br\/espacodoconhecimento\/wp-content\/uploads\/2025\/07\/IMG_1018.jpg 1140w\" sizes=\"(max-width: 1024px) 100vw, 1024px\" \/><\/figure>\n\n\n\n<div style=\"height:35px\" aria-hidden=\"true\" class=\"wp-block-spacer\"><\/div>\n\n\n\n<p>Inspira\u00e7\u00e3o para narrativas e culturas diversas, representa\u00e7\u00e3o de ideias e conceitos religiosos, fonte de estudo para a ci\u00eancia, fronteira para o desconhecido. Exatamente por isso o c\u00e9u tamb\u00e9m pode ser tratado como patrim\u00f4nio natural e cultural. Essa \u00e9 a ideia central da exposi\u00e7\u00e3o&nbsp;<strong>O c\u00e9u como Patrim\u00f4nio<\/strong>.<\/p>\n\n\n\n<p>Com base em belas imagens e fotografias de v\u00e1rias localidades de Minas Gerais, a mostra criada e produzida pela equipe do Espa\u00e7o entrou em cartaz em agosto de 2016.<\/p>\n\n\n\n<p>A exposi\u00e7\u00e3o foi estruturada em tr\u00eas partes: <em>C\u00e9u<\/em>, <em>Patrim\u00f4nio Natural<\/em>&nbsp;e <em>Patrim\u00f4nio Cultural<\/em>. As fotografias foram feitas&nbsp;durante as grava\u00e7\u00f5es do document\u00e1rio de mesmo nome, em formato <em>fulldome<\/em>, pr\u00f3prio&nbsp;para proje\u00e7\u00e3o no Planet\u00e1rio.<\/p>\n\n\n\n<p>A exposi\u00e7\u00e3o p\u00f4de ser vista no Terra\u00e7o Astron\u00f4mico do Espa\u00e7o, onde ocorrem observa\u00e7\u00f5es de corpos celestes via telesc\u00f3pio. Os visitantes tamb\u00e9m se encantaram com proje\u00e7\u00f5es do acervo de imagens e uma sele\u00e7\u00e3o especial de m\u00fasica com a tem\u00e1tica relacionada a c\u00e9u.<\/p>\n\n\n\n<p>A acessibilidade a deficientes visuais foi facilitada por meio de pequenas reprodu\u00e7\u00f5es t\u00e1teis das imagens e legendas em braile.<\/p>\n\n\n\n<p>A curadoria foi de Leonardo Marques Soares, Maur\u00edcio Silva Gino, Silvania Sousa do Nascimento e Vitor Amaro. A curadoria musical foi de N\u00edsio Teixeira.<\/p>\n\n\n\n<p>Quer saber mais? Assista <a href=\"https:\/\/www.youtube.com\/watch?v=Iw7146LdqpQ&amp;list=PLj6artl7bRneWebkIGB_ItBjpvBRU2gJC&amp;index=14\" target=\"_blank\" rel=\"noreferrer noopener\">aqui<\/a> \u00e0 reportagem da TV UFMG sobre a mostra.<\/p>\n\n\n\n<div style=\"height:35px\" aria-hidden=\"true\" class=\"wp-block-spacer\"><\/div>\n\n\n\n<figure class=\"wp-block-gallery has-nested-images columns-3 is-cropped wp-block-gallery-1 is-layout-flex wp-block-gallery-is-layout-flex\">\n<figure class=\"wp-block-image size-full\"><img loading=\"lazy\" decoding=\"async\" width=\"1024\" height=\"683\" data-id=\"1200\" src=\"https:\/\/www.ufmg.br\/espacodoconhecimento\/novo\/wp-content\/uploads\/2025\/07\/IMG_1013-1024x683-1.jpg\" alt=\"\" class=\"wp-image-1200\" srcset=\"https:\/\/www.ufmg.br\/espacodoconhecimento\/wp-content\/uploads\/2025\/07\/IMG_1013-1024x683-1.jpg 1024w, https:\/\/www.ufmg.br\/espacodoconhecimento\/wp-content\/uploads\/2025\/07\/IMG_1013-1024x683-1-300x200.jpg 300w, https:\/\/www.ufmg.br\/espacodoconhecimento\/wp-content\/uploads\/2025\/07\/IMG_1013-1024x683-1-768x512.jpg 768w\" sizes=\"(max-width: 1024px) 100vw, 1024px\" \/><\/figure>\n\n\n\n<figure class=\"wp-block-image size-full\"><img loading=\"lazy\" decoding=\"async\" width=\"1024\" height=\"683\" data-id=\"1201\" src=\"https:\/\/www.ufmg.br\/espacodoconhecimento\/novo\/wp-content\/uploads\/2025\/07\/IMG_0345-ceucomopatrimonio-1024x683-1.jpg\" alt=\"\" class=\"wp-image-1201\" srcset=\"https:\/\/www.ufmg.br\/espacodoconhecimento\/wp-content\/uploads\/2025\/07\/IMG_0345-ceucomopatrimonio-1024x683-1.jpg 1024w, https:\/\/www.ufmg.br\/espacodoconhecimento\/wp-content\/uploads\/2025\/07\/IMG_0345-ceucomopatrimonio-1024x683-1-300x200.jpg 300w, https:\/\/www.ufmg.br\/espacodoconhecimento\/wp-content\/uploads\/2025\/07\/IMG_0345-ceucomopatrimonio-1024x683-1-768x512.jpg 768w\" sizes=\"(max-width: 1024px) 100vw, 1024px\" \/><\/figure>\n\n\n\n<figure class=\"wp-block-image size-full\"><img loading=\"lazy\" decoding=\"async\" width=\"1024\" height=\"683\" data-id=\"1202\" src=\"https:\/\/www.ufmg.br\/espacodoconhecimento\/novo\/wp-content\/uploads\/2025\/07\/IMG_0361-ceucomopatrimonio-1024x683-1.jpg\" alt=\"\" class=\"wp-image-1202\" srcset=\"https:\/\/www.ufmg.br\/espacodoconhecimento\/wp-content\/uploads\/2025\/07\/IMG_0361-ceucomopatrimonio-1024x683-1.jpg 1024w, https:\/\/www.ufmg.br\/espacodoconhecimento\/wp-content\/uploads\/2025\/07\/IMG_0361-ceucomopatrimonio-1024x683-1-300x200.jpg 300w, https:\/\/www.ufmg.br\/espacodoconhecimento\/wp-content\/uploads\/2025\/07\/IMG_0361-ceucomopatrimonio-1024x683-1-768x512.jpg 768w\" sizes=\"(max-width: 1024px) 100vw, 1024px\" \/><\/figure>\n\n\n\n<figure class=\"wp-block-image size-full\"><img loading=\"lazy\" decoding=\"async\" width=\"1024\" height=\"683\" data-id=\"1203\" src=\"https:\/\/www.ufmg.br\/espacodoconhecimento\/novo\/wp-content\/uploads\/2025\/07\/IMG_1020-ceucomopatrimonio-1024x683-1.jpg\" alt=\"\" class=\"wp-image-1203\" srcset=\"https:\/\/www.ufmg.br\/espacodoconhecimento\/wp-content\/uploads\/2025\/07\/IMG_1020-ceucomopatrimonio-1024x683-1.jpg 1024w, https:\/\/www.ufmg.br\/espacodoconhecimento\/wp-content\/uploads\/2025\/07\/IMG_1020-ceucomopatrimonio-1024x683-1-300x200.jpg 300w, https:\/\/www.ufmg.br\/espacodoconhecimento\/wp-content\/uploads\/2025\/07\/IMG_1020-ceucomopatrimonio-1024x683-1-768x512.jpg 768w\" sizes=\"(max-width: 1024px) 100vw, 1024px\" \/><\/figure>\n\n\n\n<figure class=\"wp-block-image size-full\"><img loading=\"lazy\" decoding=\"async\" width=\"1024\" height=\"683\" data-id=\"1204\" src=\"https:\/\/www.ufmg.br\/espacodoconhecimento\/novo\/wp-content\/uploads\/2025\/07\/IMG_1014-ceucomopatrimonio-1024x683-1.jpg\" alt=\"\" class=\"wp-image-1204\" srcset=\"https:\/\/www.ufmg.br\/espacodoconhecimento\/wp-content\/uploads\/2025\/07\/IMG_1014-ceucomopatrimonio-1024x683-1.jpg 1024w, https:\/\/www.ufmg.br\/espacodoconhecimento\/wp-content\/uploads\/2025\/07\/IMG_1014-ceucomopatrimonio-1024x683-1-300x200.jpg 300w, https:\/\/www.ufmg.br\/espacodoconhecimento\/wp-content\/uploads\/2025\/07\/IMG_1014-ceucomopatrimonio-1024x683-1-768x512.jpg 768w\" sizes=\"(max-width: 1024px) 100vw, 1024px\" \/><\/figure>\n\n\n\n<figure class=\"wp-block-image size-full\"><img loading=\"lazy\" decoding=\"async\" width=\"1024\" height=\"683\" data-id=\"1205\" src=\"https:\/\/www.ufmg.br\/espacodoconhecimento\/novo\/wp-content\/uploads\/2025\/07\/IMG_0348-ceucomopatrimonio-1024x683-1.jpg\" alt=\"\" class=\"wp-image-1205\" srcset=\"https:\/\/www.ufmg.br\/espacodoconhecimento\/wp-content\/uploads\/2025\/07\/IMG_0348-ceucomopatrimonio-1024x683-1.jpg 1024w, https:\/\/www.ufmg.br\/espacodoconhecimento\/wp-content\/uploads\/2025\/07\/IMG_0348-ceucomopatrimonio-1024x683-1-300x200.jpg 300w, https:\/\/www.ufmg.br\/espacodoconhecimento\/wp-content\/uploads\/2025\/07\/IMG_0348-ceucomopatrimonio-1024x683-1-768x512.jpg 768w\" sizes=\"(max-width: 1024px) 100vw, 1024px\" \/><\/figure>\n\n\n\n<figure class=\"wp-block-image size-full\"><img loading=\"lazy\" decoding=\"async\" width=\"1024\" height=\"683\" data-id=\"1206\" src=\"https:\/\/www.ufmg.br\/espacodoconhecimento\/novo\/wp-content\/uploads\/2025\/07\/IMG_0349-ceucomopatrimonio-1024x683-1.jpg\" alt=\"\" class=\"wp-image-1206\" srcset=\"https:\/\/www.ufmg.br\/espacodoconhecimento\/wp-content\/uploads\/2025\/07\/IMG_0349-ceucomopatrimonio-1024x683-1.jpg 1024w, https:\/\/www.ufmg.br\/espacodoconhecimento\/wp-content\/uploads\/2025\/07\/IMG_0349-ceucomopatrimonio-1024x683-1-300x200.jpg 300w, https:\/\/www.ufmg.br\/espacodoconhecimento\/wp-content\/uploads\/2025\/07\/IMG_0349-ceucomopatrimonio-1024x683-1-768x512.jpg 768w\" sizes=\"(max-width: 1024px) 100vw, 1024px\" \/><\/figure>\n\n\n\n<figure class=\"wp-block-image size-full\"><img loading=\"lazy\" decoding=\"async\" width=\"1024\" height=\"683\" data-id=\"1207\" src=\"https:\/\/www.ufmg.br\/espacodoconhecimento\/novo\/wp-content\/uploads\/2025\/07\/IMG_0350-ceucomopatrimonio-1024x683-1.jpg\" alt=\"\" class=\"wp-image-1207\" srcset=\"https:\/\/www.ufmg.br\/espacodoconhecimento\/wp-content\/uploads\/2025\/07\/IMG_0350-ceucomopatrimonio-1024x683-1.jpg 1024w, https:\/\/www.ufmg.br\/espacodoconhecimento\/wp-content\/uploads\/2025\/07\/IMG_0350-ceucomopatrimonio-1024x683-1-300x200.jpg 300w, https:\/\/www.ufmg.br\/espacodoconhecimento\/wp-content\/uploads\/2025\/07\/IMG_0350-ceucomopatrimonio-1024x683-1-768x512.jpg 768w\" sizes=\"(max-width: 1024px) 100vw, 1024px\" \/><\/figure>\n\n\n\n<figure class=\"wp-block-image size-full\"><img loading=\"lazy\" decoding=\"async\" width=\"1024\" height=\"683\" data-id=\"1208\" src=\"https:\/\/www.ufmg.br\/espacodoconhecimento\/novo\/wp-content\/uploads\/2025\/07\/IMG_0359-ceucomopatrimonio-1024x683-1.jpg\" alt=\"\" class=\"wp-image-1208\" srcset=\"https:\/\/www.ufmg.br\/espacodoconhecimento\/wp-content\/uploads\/2025\/07\/IMG_0359-ceucomopatrimonio-1024x683-1.jpg 1024w, https:\/\/www.ufmg.br\/espacodoconhecimento\/wp-content\/uploads\/2025\/07\/IMG_0359-ceucomopatrimonio-1024x683-1-300x200.jpg 300w, https:\/\/www.ufmg.br\/espacodoconhecimento\/wp-content\/uploads\/2025\/07\/IMG_0359-ceucomopatrimonio-1024x683-1-768x512.jpg 768w\" sizes=\"(max-width: 1024px) 100vw, 1024px\" \/><\/figure>\n<\/figure>\n","protected":false},"excerpt":{"rendered":"<p>Desde agosto de 2016 Inspira\u00e7\u00e3o para narrativas e culturas diversas, representa\u00e7\u00e3o de ideias e conceitos religiosos, fonte de estudo para a ci\u00eancia, fronteira para o desconhecido. Exatamente por isso o c\u00e9u tamb\u00e9m pode ser tratado como patrim\u00f4nio natural e cultural. Essa \u00e9 a ideia central da exposi\u00e7\u00e3o&nbsp;O c\u00e9u como Patrim\u00f4nio. Com base em belas imagens [&hellip;]<\/p>\n","protected":false},"author":3,"featured_media":0,"parent":206,"menu_order":0,"comment_status":"closed","ping_status":"closed","template":"","meta":{"_acf_changed":false,"footnotes":""},"class_list":["post-1198","page","type-page","status-publish","hentry"],"acf":[],"_links":{"self":[{"href":"https:\/\/www.ufmg.br\/espacodoconhecimento\/wp-json\/wp\/v2\/pages\/1198"}],"collection":[{"href":"https:\/\/www.ufmg.br\/espacodoconhecimento\/wp-json\/wp\/v2\/pages"}],"about":[{"href":"https:\/\/www.ufmg.br\/espacodoconhecimento\/wp-json\/wp\/v2\/types\/page"}],"author":[{"embeddable":true,"href":"https:\/\/www.ufmg.br\/espacodoconhecimento\/wp-json\/wp\/v2\/users\/3"}],"replies":[{"embeddable":true,"href":"https:\/\/www.ufmg.br\/espacodoconhecimento\/wp-json\/wp\/v2\/comments?post=1198"}],"version-history":[{"count":3,"href":"https:\/\/www.ufmg.br\/espacodoconhecimento\/wp-json\/wp\/v2\/pages\/1198\/revisions"}],"predecessor-version":[{"id":2230,"href":"https:\/\/www.ufmg.br\/espacodoconhecimento\/wp-json\/wp\/v2\/pages\/1198\/revisions\/2230"}],"up":[{"embeddable":true,"href":"https:\/\/www.ufmg.br\/espacodoconhecimento\/wp-json\/wp\/v2\/pages\/206"}],"wp:attachment":[{"href":"https:\/\/www.ufmg.br\/espacodoconhecimento\/wp-json\/wp\/v2\/media?parent=1198"}],"curies":[{"name":"wp","href":"https:\/\/api.w.org\/{rel}","templated":true}]}}