{"id":1250,"date":"2025-07-31T12:37:14","date_gmt":"2025-07-31T15:37:14","guid":{"rendered":"https:\/\/www.ufmg.br\/espacodoconhecimento\/novo\/?page_id=1250"},"modified":"2025-10-13T15:53:05","modified_gmt":"2025-10-13T18:53:05","slug":"a-margem-agua-cultura-e-territorio","status":"publish","type":"page","link":"https:\/\/www.ufmg.br\/espacodoconhecimento\/exposicoes\/a-margem-agua-cultura-e-territorio\/","title":{"rendered":"\u00c0 Margem: \u00c1gua, Cultura e Territ\u00f3rio"},"content":{"rendered":"\n<p><em>21 de mar\u00e7o a 18 de junho de 2017<\/em><\/p>\n\n\n\n<div style=\"height:35px\" aria-hidden=\"true\" class=\"wp-block-spacer\"><\/div>\n\n\n\n<figure class=\"wp-block-image size-large\"><img loading=\"lazy\" decoding=\"async\" width=\"1024\" height=\"413\" src=\"https:\/\/www.ufmg.br\/espacodoconhecimento\/novo\/wp-content\/uploads\/2025\/07\/IMG_4941-1024x413.jpg\" alt=\"\" class=\"wp-image-1251\" srcset=\"https:\/\/www.ufmg.br\/espacodoconhecimento\/wp-content\/uploads\/2025\/07\/IMG_4941-1024x413.jpg 1024w, https:\/\/www.ufmg.br\/espacodoconhecimento\/wp-content\/uploads\/2025\/07\/IMG_4941-300x121.jpg 300w, https:\/\/www.ufmg.br\/espacodoconhecimento\/wp-content\/uploads\/2025\/07\/IMG_4941-768x310.jpg 768w, https:\/\/www.ufmg.br\/espacodoconhecimento\/wp-content\/uploads\/2025\/07\/IMG_4941-1536x620.jpg 1536w, https:\/\/www.ufmg.br\/espacodoconhecimento\/wp-content\/uploads\/2025\/07\/IMG_4941-2048x826.jpg 2048w\" sizes=\"(max-width: 1024px) 100vw, 1024px\" \/><\/figure>\n\n\n\n<div style=\"height:35px\" aria-hidden=\"true\" class=\"wp-block-spacer\"><\/div>\n\n\n\n<p>Um passeio pelo rio que ajudou Minas Gerais a ter um status importante nessa imensid\u00e3o que \u00e9 o Brasil foi a proposta dessa exposi\u00e7\u00e3o, que entrou em cartaz em mar\u00e7o de 2017. Uma parceria com o projeto de extens\u00e3o da UFMG Manuelz\u00e3o, <strong>\u00c0 Margem: \u00c1gua, Cultura e Territ\u00f3rio<\/strong>&nbsp;contou a hist\u00f3ria dessas \u00e1guas, cruciais para o surgimento de Belo Horizonte.<\/p>\n\n\n\n<p>Os visitantes foram convidados a entender o caminho do rio, desde sua nascente at\u00e9 seu curso por campos e cidades, e a compreender como, no lugar de \u00e1reas verdes preservadas, vieram esgoto, res\u00edduos industriais, agrot\u00f3xicos e assoreamento.<\/p>\n\n\n\n<p><strong>\u00c0 Margem<\/strong> ofereceu ao visitante uma instala\u00e7\u00e3o feita com cordas que reproduzia a grandeza da bacia. Uma experi\u00eancia sensorial que mostrou algumas cidades margeadas pelo rio e seus afluentes, evidenciando aspectos positivos e negativos dessa rela\u00e7\u00e3o.<\/p>\n\n\n\n<p>Ao lado, outra instala\u00e7\u00e3o refletiu como o v\u00ednculo com o Rio das Velhas gerou narrativas que ajudaram a construir sua forte identidade. O Bumba Meu Boi, em Santa Luzia, ou as poesias de Guimar\u00e3es Rosa s\u00e3o exemplos de como costumes locais ajudam no resgate da mem\u00f3ria em busca de solu\u00e7\u00f5es para que os mineiros possam coexistir com essas \u00e1guas de forma harm\u00f4nica.<\/p>\n\n\n\n<p>A exposi\u00e7\u00e3o tamb\u00e9m teve a instala\u00e7\u00e3o Mapa Colaborativo, composto por dois mapas: um deles mostrava a Belo Horizonte planejada; j\u00e1 o segundo apresentava a capital mineira atual, revelando por onde passam os c\u00f3rregos. Neste, os visitantes puderam deixar suas impress\u00f5es sobre a import\u00e2ncia da Bacia das Velhas, indicando quais atividades gostariam de desenvolver \u00e0s suas margens, como beber \u00e1gua, nadar ou fazer um piquenique.<\/p>\n\n\n\n<p>A curadoria cient\u00edfica foi de Marcus Vinicius Polignano e Lila Gaud\u00eancio. A Coordenadora do N\u00facleo de Expografia do Espa\u00e7o, Tereza Bruzzi, foi a curadora art\u00edstica da mostra.<\/p>\n\n\n\n<p>Para conhecer mais, acesse\u00a0o <strong><a href=\"https:\/\/www.ufmg.br\/espacodoconhecimento\/novo\/wp-content\/uploads\/2025\/07\/ec-ufmg_2017_a-margem_catalogo_web.pdf\" target=\"_blank\" rel=\"noreferrer noopener\">cat\u00e1logo<\/a><\/strong> da mostra.<\/p>\n\n\n\n<p>Assista tamb\u00e9m ao v\u00eddeo com o <strong><a href=\"https:\/\/www.youtube.com\/watch?v=82y0nFavzcE&amp;list=PLj6artl7bRneWebkIGB_ItBjpvBRU2gJC&amp;index=8\" target=\"_blank\" rel=\"noreferrer noopener\">Making Of<\/a><\/strong> da exposi\u00e7\u00e3o e \u00e0 <strong><a href=\"https:\/\/www.youtube.com\/watch?v=jYUuf6ad2io&amp;list=PLj6artl7bRneWebkIGB_ItBjpvBRU2gJC&amp;index=13\" target=\"_blank\" rel=\"noreferrer noopener\">reportagem<\/a><\/strong>&nbsp;produzida pela TV UFMG.<\/p>\n\n\n\n<p>Ou\u00e7a, ainda, a playlist <a href=\"https:\/\/open.spotify.com\/playlist\/6DMPgh4iOEQ3O7qiNar0nE\" target=\"_blank\" rel=\"noreferrer noopener\"><strong>\u00c0 Margem: o som que vem do rio<\/strong><\/a>, no Spotify.<\/p>\n\n\n\n<div style=\"height:35px\" aria-hidden=\"true\" class=\"wp-block-spacer\"><\/div>\n\n\n\n<figure class=\"wp-block-gallery has-nested-images columns-3 is-cropped wp-block-gallery-1 is-layout-flex wp-block-gallery-is-layout-flex\">\n<figure class=\"wp-block-image size-full\"><img loading=\"lazy\" decoding=\"async\" width=\"1024\" height=\"683\" data-id=\"1255\" src=\"https:\/\/www.ufmg.br\/espacodoconhecimento\/novo\/wp-content\/uploads\/2025\/07\/4872-amargem-1024x683-1.jpg\" alt=\"\" class=\"wp-image-1255\" srcset=\"https:\/\/www.ufmg.br\/espacodoconhecimento\/wp-content\/uploads\/2025\/07\/4872-amargem-1024x683-1.jpg 1024w, https:\/\/www.ufmg.br\/espacodoconhecimento\/wp-content\/uploads\/2025\/07\/4872-amargem-1024x683-1-300x200.jpg 300w, https:\/\/www.ufmg.br\/espacodoconhecimento\/wp-content\/uploads\/2025\/07\/4872-amargem-1024x683-1-768x512.jpg 768w\" sizes=\"(max-width: 1024px) 100vw, 1024px\" \/><\/figure>\n\n\n\n<figure class=\"wp-block-image size-full\"><img loading=\"lazy\" decoding=\"async\" width=\"1024\" height=\"683\" data-id=\"1254\" src=\"https:\/\/www.ufmg.br\/espacodoconhecimento\/novo\/wp-content\/uploads\/2025\/07\/IMG_4936-amargem-1024x683-1.jpg\" alt=\"\" class=\"wp-image-1254\" srcset=\"https:\/\/www.ufmg.br\/espacodoconhecimento\/wp-content\/uploads\/2025\/07\/IMG_4936-amargem-1024x683-1.jpg 1024w, https:\/\/www.ufmg.br\/espacodoconhecimento\/wp-content\/uploads\/2025\/07\/IMG_4936-amargem-1024x683-1-300x200.jpg 300w, https:\/\/www.ufmg.br\/espacodoconhecimento\/wp-content\/uploads\/2025\/07\/IMG_4936-amargem-1024x683-1-768x512.jpg 768w\" sizes=\"(max-width: 1024px) 100vw, 1024px\" \/><\/figure>\n\n\n\n<figure class=\"wp-block-image size-full\"><img loading=\"lazy\" decoding=\"async\" width=\"1024\" height=\"683\" data-id=\"1256\" src=\"https:\/\/www.ufmg.br\/espacodoconhecimento\/novo\/wp-content\/uploads\/2025\/07\/IMG_8699-amargem-1024x683-1.jpg\" alt=\"\" class=\"wp-image-1256\" srcset=\"https:\/\/www.ufmg.br\/espacodoconhecimento\/wp-content\/uploads\/2025\/07\/IMG_8699-amargem-1024x683-1.jpg 1024w, https:\/\/www.ufmg.br\/espacodoconhecimento\/wp-content\/uploads\/2025\/07\/IMG_8699-amargem-1024x683-1-300x200.jpg 300w, https:\/\/www.ufmg.br\/espacodoconhecimento\/wp-content\/uploads\/2025\/07\/IMG_8699-amargem-1024x683-1-768x512.jpg 768w\" sizes=\"(max-width: 1024px) 100vw, 1024px\" \/><\/figure>\n\n\n\n<figure class=\"wp-block-image size-full\"><img loading=\"lazy\" decoding=\"async\" width=\"1024\" height=\"683\" data-id=\"1257\" src=\"https:\/\/www.ufmg.br\/espacodoconhecimento\/novo\/wp-content\/uploads\/2025\/07\/IMG_8776-amargem-1024x683-1.jpg\" alt=\"\" class=\"wp-image-1257\" srcset=\"https:\/\/www.ufmg.br\/espacodoconhecimento\/wp-content\/uploads\/2025\/07\/IMG_8776-amargem-1024x683-1.jpg 1024w, https:\/\/www.ufmg.br\/espacodoconhecimento\/wp-content\/uploads\/2025\/07\/IMG_8776-amargem-1024x683-1-300x200.jpg 300w, https:\/\/www.ufmg.br\/espacodoconhecimento\/wp-content\/uploads\/2025\/07\/IMG_8776-amargem-1024x683-1-768x512.jpg 768w\" sizes=\"(max-width: 1024px) 100vw, 1024px\" \/><\/figure>\n\n\n\n<figure class=\"wp-block-image size-full\"><img loading=\"lazy\" decoding=\"async\" width=\"1024\" height=\"683\" data-id=\"1258\" src=\"https:\/\/www.ufmg.br\/espacodoconhecimento\/novo\/wp-content\/uploads\/2025\/07\/IMG_5379-amargem-1024x683-1.jpg\" alt=\"\" class=\"wp-image-1258\" srcset=\"https:\/\/www.ufmg.br\/espacodoconhecimento\/wp-content\/uploads\/2025\/07\/IMG_5379-amargem-1024x683-1.jpg 1024w, https:\/\/www.ufmg.br\/espacodoconhecimento\/wp-content\/uploads\/2025\/07\/IMG_5379-amargem-1024x683-1-300x200.jpg 300w, https:\/\/www.ufmg.br\/espacodoconhecimento\/wp-content\/uploads\/2025\/07\/IMG_5379-amargem-1024x683-1-768x512.jpg 768w\" sizes=\"(max-width: 1024px) 100vw, 1024px\" \/><\/figure>\n\n\n\n<figure class=\"wp-block-image size-full\"><img loading=\"lazy\" decoding=\"async\" width=\"1024\" height=\"683\" data-id=\"1259\" src=\"https:\/\/www.ufmg.br\/espacodoconhecimento\/novo\/wp-content\/uploads\/2025\/07\/IMG_5097-amargem-1024x683-1.jpg\" alt=\"\" class=\"wp-image-1259\" srcset=\"https:\/\/www.ufmg.br\/espacodoconhecimento\/wp-content\/uploads\/2025\/07\/IMG_5097-amargem-1024x683-1.jpg 1024w, https:\/\/www.ufmg.br\/espacodoconhecimento\/wp-content\/uploads\/2025\/07\/IMG_5097-amargem-1024x683-1-300x200.jpg 300w, https:\/\/www.ufmg.br\/espacodoconhecimento\/wp-content\/uploads\/2025\/07\/IMG_5097-amargem-1024x683-1-768x512.jpg 768w\" sizes=\"(max-width: 1024px) 100vw, 1024px\" \/><\/figure>\n\n\n\n<figure class=\"wp-block-image size-full\"><img loading=\"lazy\" decoding=\"async\" width=\"1024\" height=\"683\" data-id=\"1260\" src=\"https:\/\/www.ufmg.br\/espacodoconhecimento\/novo\/wp-content\/uploads\/2025\/07\/IMG_5160-amargem-1024x683-1.jpg\" alt=\"\" class=\"wp-image-1260\" srcset=\"https:\/\/www.ufmg.br\/espacodoconhecimento\/wp-content\/uploads\/2025\/07\/IMG_5160-amargem-1024x683-1.jpg 1024w, https:\/\/www.ufmg.br\/espacodoconhecimento\/wp-content\/uploads\/2025\/07\/IMG_5160-amargem-1024x683-1-300x200.jpg 300w, https:\/\/www.ufmg.br\/espacodoconhecimento\/wp-content\/uploads\/2025\/07\/IMG_5160-amargem-1024x683-1-768x512.jpg 768w\" sizes=\"(max-width: 1024px) 100vw, 1024px\" \/><\/figure>\n\n\n\n<figure class=\"wp-block-image size-full\"><img loading=\"lazy\" decoding=\"async\" width=\"1024\" height=\"683\" data-id=\"1261\" src=\"https:\/\/www.ufmg.br\/espacodoconhecimento\/novo\/wp-content\/uploads\/2025\/07\/IMG_8642-amargem-1024x683-1.jpg\" alt=\"\" class=\"wp-image-1261\" srcset=\"https:\/\/www.ufmg.br\/espacodoconhecimento\/wp-content\/uploads\/2025\/07\/IMG_8642-amargem-1024x683-1.jpg 1024w, https:\/\/www.ufmg.br\/espacodoconhecimento\/wp-content\/uploads\/2025\/07\/IMG_8642-amargem-1024x683-1-300x200.jpg 300w, https:\/\/www.ufmg.br\/espacodoconhecimento\/wp-content\/uploads\/2025\/07\/IMG_8642-amargem-1024x683-1-768x512.jpg 768w\" sizes=\"(max-width: 1024px) 100vw, 1024px\" \/><\/figure>\n\n\n\n<figure class=\"wp-block-image size-full\"><img loading=\"lazy\" decoding=\"async\" width=\"1024\" height=\"683\" data-id=\"1262\" src=\"https:\/\/www.ufmg.br\/espacodoconhecimento\/novo\/wp-content\/uploads\/2025\/07\/IMG_8733-amargem-1024x683-1.jpg\" alt=\"\" class=\"wp-image-1262\" srcset=\"https:\/\/www.ufmg.br\/espacodoconhecimento\/wp-content\/uploads\/2025\/07\/IMG_8733-amargem-1024x683-1.jpg 1024w, https:\/\/www.ufmg.br\/espacodoconhecimento\/wp-content\/uploads\/2025\/07\/IMG_8733-amargem-1024x683-1-300x200.jpg 300w, https:\/\/www.ufmg.br\/espacodoconhecimento\/wp-content\/uploads\/2025\/07\/IMG_8733-amargem-1024x683-1-768x512.jpg 768w\" sizes=\"(max-width: 1024px) 100vw, 1024px\" \/><\/figure>\n<\/figure>\n","protected":false},"excerpt":{"rendered":"<p>21 de mar\u00e7o a 18 de junho de 2017 Um passeio pelo rio que ajudou Minas Gerais a ter um status importante nessa imensid\u00e3o que \u00e9 o Brasil foi a proposta dessa exposi\u00e7\u00e3o, que entrou em cartaz em mar\u00e7o de 2017. Uma parceria com o projeto de extens\u00e3o da UFMG Manuelz\u00e3o, \u00c0 Margem: \u00c1gua, Cultura [&hellip;]<\/p>\n","protected":false},"author":3,"featured_media":0,"parent":206,"menu_order":0,"comment_status":"closed","ping_status":"closed","template":"","meta":{"_acf_changed":false,"footnotes":""},"class_list":["post-1250","page","type-page","status-publish","hentry"],"acf":[],"_links":{"self":[{"href":"https:\/\/www.ufmg.br\/espacodoconhecimento\/wp-json\/wp\/v2\/pages\/1250"}],"collection":[{"href":"https:\/\/www.ufmg.br\/espacodoconhecimento\/wp-json\/wp\/v2\/pages"}],"about":[{"href":"https:\/\/www.ufmg.br\/espacodoconhecimento\/wp-json\/wp\/v2\/types\/page"}],"author":[{"embeddable":true,"href":"https:\/\/www.ufmg.br\/espacodoconhecimento\/wp-json\/wp\/v2\/users\/3"}],"replies":[{"embeddable":true,"href":"https:\/\/www.ufmg.br\/espacodoconhecimento\/wp-json\/wp\/v2\/comments?post=1250"}],"version-history":[{"count":3,"href":"https:\/\/www.ufmg.br\/espacodoconhecimento\/wp-json\/wp\/v2\/pages\/1250\/revisions"}],"predecessor-version":[{"id":1531,"href":"https:\/\/www.ufmg.br\/espacodoconhecimento\/wp-json\/wp\/v2\/pages\/1250\/revisions\/1531"}],"up":[{"embeddable":true,"href":"https:\/\/www.ufmg.br\/espacodoconhecimento\/wp-json\/wp\/v2\/pages\/206"}],"wp:attachment":[{"href":"https:\/\/www.ufmg.br\/espacodoconhecimento\/wp-json\/wp\/v2\/media?parent=1250"}],"curies":[{"name":"wp","href":"https:\/\/api.w.org\/{rel}","templated":true}]}}