{"id":1288,"date":"2025-07-31T13:13:39","date_gmt":"2025-07-31T16:13:39","guid":{"rendered":"https:\/\/www.ufmg.br\/espacodoconhecimento\/novo\/?page_id=1288"},"modified":"2025-10-13T15:53:32","modified_gmt":"2025-10-13T18:53:32","slug":"expedicao-antartica-2","status":"publish","type":"page","link":"https:\/\/www.ufmg.br\/espacodoconhecimento\/exposicoes\/expedicao-antartica-2\/","title":{"rendered":"Expedi\u00e7\u00e3o Ant\u00e1rtica"},"content":{"rendered":"\n<p><em>De 07 de dezembro de 2017 a 20 de maio de 2018<\/em><\/p>\n\n\n\n<div style=\"height:35px\" aria-hidden=\"true\" class=\"wp-block-spacer\"><\/div>\n\n\n\n<figure class=\"wp-block-image size-large\"><img loading=\"lazy\" decoding=\"async\" width=\"1024\" height=\"413\" src=\"https:\/\/www.ufmg.br\/espacodoconhecimento\/novo\/wp-content\/uploads\/2025\/07\/pinguins_Expedicao_Antartica-Creditos-Isabelle-Chagas-1024x413.jpg\" alt=\"\" class=\"wp-image-1289\" srcset=\"https:\/\/www.ufmg.br\/espacodoconhecimento\/wp-content\/uploads\/2025\/07\/pinguins_Expedicao_Antartica-Creditos-Isabelle-Chagas-1024x413.jpg 1024w, https:\/\/www.ufmg.br\/espacodoconhecimento\/wp-content\/uploads\/2025\/07\/pinguins_Expedicao_Antartica-Creditos-Isabelle-Chagas-300x121.jpg 300w, https:\/\/www.ufmg.br\/espacodoconhecimento\/wp-content\/uploads\/2025\/07\/pinguins_Expedicao_Antartica-Creditos-Isabelle-Chagas-768x310.jpg 768w, https:\/\/www.ufmg.br\/espacodoconhecimento\/wp-content\/uploads\/2025\/07\/pinguins_Expedicao_Antartica-Creditos-Isabelle-Chagas-1536x620.jpg 1536w, https:\/\/www.ufmg.br\/espacodoconhecimento\/wp-content\/uploads\/2025\/07\/pinguins_Expedicao_Antartica-Creditos-Isabelle-Chagas-2048x826.jpg 2048w\" sizes=\"(max-width: 1024px) 100vw, 1024px\" \/><\/figure>\n\n\n\n<div style=\"height:35px\" aria-hidden=\"true\" class=\"wp-block-spacer\"><\/div>\n\n\n\n<p>Uma parceria com a Unimed-BH e o Instituto Unimed-BH, a exposi\u00e7\u00e3o <strong>Expedi\u00e7\u00e3o Ant\u00e1rtica<\/strong> mostra as belezas e curiosidades do continente mais gelado da Terra.<\/p>\n\n\n\n<p>A mostra foi desenvolvida em conjunto com as equipes dos projetos de pesquisa da UFMG MycoAntar, Paisagens em Branco e MediAntar, que realizam estudos de biologia, arqueologia e medicina polar, respectivamente. A Universidade mineira \u00e9 a que mais tem pesquisas no local entre institui\u00e7\u00f5es brasileiras, o que tem rendido bons resultados, pouco conhecidos pela popula\u00e7\u00e3o.<\/p>\n\n\n\n<p>Expedi\u00e7\u00e3o Ant\u00e1rtica est\u00e1 configurada no formato de um mapa expandido da Ant\u00e1rtica, em que o p\u00fablico participa ativamente da expedi\u00e7\u00e3o. C\u00e1psulas sensoriais simulam as condi\u00e7\u00f5es extremas: o vento forte, a dificuldade de andar na neve e a escurid\u00e3o que se perpetua por seis meses no ano nas \u00e1reas mais continentais. Tamb\u00e9m apresenta informa\u00e7\u00f5es de descobertas cient\u00edficas realizadas no territ\u00f3rio, al\u00e9m de curiosidades sobre esp\u00e9cies que l\u00e1 habitam.<\/p>\n\n\n\n<p>O Planet\u00e1rio completa essa visita pelo continente gelado com uma sess\u00e3o imersiva que mostra imagens produzidas durante expedi\u00e7\u00f5es cient\u00edficas.<\/p>\n\n\n\n<p>A curadoria cient\u00edfica \u00e9 de&nbsp;Luiz Rosa, Andres Zarankin, Rosa Arantes e Fernanda Codevilha. A curadoria art\u00edstica \u00e9 assinada pelo N\u00facleo de Expografia do museu.<\/p>\n\n\n\n<div style=\"height:35px\" aria-hidden=\"true\" class=\"wp-block-spacer\"><\/div>\n\n\n\n<p>Para conhecer mais, acesse o <strong><a href=\"https:\/\/www.ufmg.br\/espacodoconhecimento\/novo\/wp-content\/uploads\/2025\/07\/ec-ufmg_2018_expedicao-antartica_catalogo_.pdf\" target=\"_blank\" rel=\"noreferrer noopener\">cat\u00e1logo<\/a><\/strong> da mostra, e assista tamb\u00e9m ao v\u00eddeo com o&nbsp;<strong><a href=\"https:\/\/www.youtube.com\/watch?v=Ph5o8RWgUGU&amp;list=PLj6artl7bRneWebkIGB_ItBjpvBRU2gJC&amp;index=10&amp;t=0s\" target=\"_blank\" rel=\"noreferrer noopener\">Making Of<\/a><\/strong>&nbsp;da exposi\u00e7\u00e3o.<\/p>\n\n\n\n<p>Ou\u00e7a, ainda, a playlist musical&nbsp;<strong><a href=\"https:\/\/open.spotify.com\/playlist\/3MK5PZThCady75blGExqer\" target=\"_blank\" rel=\"noreferrer noopener\">Expedi\u00e7\u00e3o Ant\u00e1rtica \u2013 O som que vem da Ant\u00e1rtica<\/a><\/strong>, no Spotify.<\/p>\n\n\n\n<div style=\"height:35px\" aria-hidden=\"true\" class=\"wp-block-spacer\"><\/div>\n\n\n\n<figure class=\"wp-block-gallery has-nested-images columns-3 is-cropped wp-block-gallery-1 is-layout-flex wp-block-gallery-is-layout-flex\">\n<figure class=\"wp-block-image size-full\"><img loading=\"lazy\" decoding=\"async\" width=\"1024\" height=\"682\" data-id=\"1291\" src=\"https:\/\/www.ufmg.br\/espacodoconhecimento\/novo\/wp-content\/uploads\/2025\/07\/painel_Expedicao_Antartica-Creditos-Isabelle-Chagas-1024x682-1.jpg\" alt=\"\" class=\"wp-image-1291\" srcset=\"https:\/\/www.ufmg.br\/espacodoconhecimento\/wp-content\/uploads\/2025\/07\/painel_Expedicao_Antartica-Creditos-Isabelle-Chagas-1024x682-1.jpg 1024w, https:\/\/www.ufmg.br\/espacodoconhecimento\/wp-content\/uploads\/2025\/07\/painel_Expedicao_Antartica-Creditos-Isabelle-Chagas-1024x682-1-300x200.jpg 300w, https:\/\/www.ufmg.br\/espacodoconhecimento\/wp-content\/uploads\/2025\/07\/painel_Expedicao_Antartica-Creditos-Isabelle-Chagas-1024x682-1-768x512.jpg 768w\" sizes=\"(max-width: 1024px) 100vw, 1024px\" \/><\/figure>\n\n\n\n<figure class=\"wp-block-image size-full\"><img loading=\"lazy\" decoding=\"async\" width=\"1024\" height=\"683\" data-id=\"1292\" src=\"https:\/\/www.ufmg.br\/espacodoconhecimento\/novo\/wp-content\/uploads\/2025\/07\/IMG_15562707-expedicao-antartica-1024x683-1.jpg\" alt=\"\" class=\"wp-image-1292\" srcset=\"https:\/\/www.ufmg.br\/espacodoconhecimento\/wp-content\/uploads\/2025\/07\/IMG_15562707-expedicao-antartica-1024x683-1.jpg 1024w, https:\/\/www.ufmg.br\/espacodoconhecimento\/wp-content\/uploads\/2025\/07\/IMG_15562707-expedicao-antartica-1024x683-1-300x200.jpg 300w, https:\/\/www.ufmg.br\/espacodoconhecimento\/wp-content\/uploads\/2025\/07\/IMG_15562707-expedicao-antartica-1024x683-1-768x512.jpg 768w\" sizes=\"(max-width: 1024px) 100vw, 1024px\" \/><\/figure>\n\n\n\n<figure class=\"wp-block-image size-full\"><img loading=\"lazy\" decoding=\"async\" width=\"1024\" height=\"683\" data-id=\"1293\" src=\"https:\/\/www.ufmg.br\/espacodoconhecimento\/novo\/wp-content\/uploads\/2025\/07\/pinguins_Expedicao_Antartica-Creditos-Isabelle-Chagas-1-1024x683-1.jpg\" alt=\"\" class=\"wp-image-1293\" srcset=\"https:\/\/www.ufmg.br\/espacodoconhecimento\/wp-content\/uploads\/2025\/07\/pinguins_Expedicao_Antartica-Creditos-Isabelle-Chagas-1-1024x683-1.jpg 1024w, https:\/\/www.ufmg.br\/espacodoconhecimento\/wp-content\/uploads\/2025\/07\/pinguins_Expedicao_Antartica-Creditos-Isabelle-Chagas-1-1024x683-1-300x200.jpg 300w, https:\/\/www.ufmg.br\/espacodoconhecimento\/wp-content\/uploads\/2025\/07\/pinguins_Expedicao_Antartica-Creditos-Isabelle-Chagas-1-1024x683-1-768x512.jpg 768w\" sizes=\"(max-width: 1024px) 100vw, 1024px\" \/><\/figure>\n\n\n\n<figure class=\"wp-block-image size-full\"><img loading=\"lazy\" decoding=\"async\" width=\"1024\" height=\"683\" data-id=\"1294\" src=\"https:\/\/www.ufmg.br\/espacodoconhecimento\/novo\/wp-content\/uploads\/2025\/07\/painel_viagem_Expedicao-ANtartica-Creditos-Isabelle-Chagas-1024x683-1.jpg\" alt=\"\" class=\"wp-image-1294\" srcset=\"https:\/\/www.ufmg.br\/espacodoconhecimento\/wp-content\/uploads\/2025\/07\/painel_viagem_Expedicao-ANtartica-Creditos-Isabelle-Chagas-1024x683-1.jpg 1024w, https:\/\/www.ufmg.br\/espacodoconhecimento\/wp-content\/uploads\/2025\/07\/painel_viagem_Expedicao-ANtartica-Creditos-Isabelle-Chagas-1024x683-1-300x200.jpg 300w, https:\/\/www.ufmg.br\/espacodoconhecimento\/wp-content\/uploads\/2025\/07\/painel_viagem_Expedicao-ANtartica-Creditos-Isabelle-Chagas-1024x683-1-768x512.jpg 768w\" sizes=\"(max-width: 1024px) 100vw, 1024px\" \/><\/figure>\n\n\n\n<figure class=\"wp-block-image size-full\"><img loading=\"lazy\" decoding=\"async\" width=\"1024\" height=\"683\" data-id=\"1295\" src=\"https:\/\/www.ufmg.br\/espacodoconhecimento\/novo\/wp-content\/uploads\/2025\/07\/expedicao-antartica-foto-de-kayke-quadros_26-1024x683-1.jpg\" alt=\"\" class=\"wp-image-1295\" srcset=\"https:\/\/www.ufmg.br\/espacodoconhecimento\/wp-content\/uploads\/2025\/07\/expedicao-antartica-foto-de-kayke-quadros_26-1024x683-1.jpg 1024w, https:\/\/www.ufmg.br\/espacodoconhecimento\/wp-content\/uploads\/2025\/07\/expedicao-antartica-foto-de-kayke-quadros_26-1024x683-1-300x200.jpg 300w, https:\/\/www.ufmg.br\/espacodoconhecimento\/wp-content\/uploads\/2025\/07\/expedicao-antartica-foto-de-kayke-quadros_26-1024x683-1-768x512.jpg 768w\" sizes=\"(max-width: 1024px) 100vw, 1024px\" \/><\/figure>\n\n\n\n<figure class=\"wp-block-image size-full\"><img loading=\"lazy\" decoding=\"async\" width=\"1024\" height=\"683\" data-id=\"1296\" src=\"https:\/\/www.ufmg.br\/espacodoconhecimento\/novo\/wp-content\/uploads\/2025\/07\/IMG_6912-expedicao-antartica-1024x683-1.jpg\" alt=\"\" class=\"wp-image-1296\" srcset=\"https:\/\/www.ufmg.br\/espacodoconhecimento\/wp-content\/uploads\/2025\/07\/IMG_6912-expedicao-antartica-1024x683-1.jpg 1024w, https:\/\/www.ufmg.br\/espacodoconhecimento\/wp-content\/uploads\/2025\/07\/IMG_6912-expedicao-antartica-1024x683-1-300x200.jpg 300w, https:\/\/www.ufmg.br\/espacodoconhecimento\/wp-content\/uploads\/2025\/07\/IMG_6912-expedicao-antartica-1024x683-1-768x512.jpg 768w\" sizes=\"(max-width: 1024px) 100vw, 1024px\" \/><\/figure>\n\n\n\n<figure class=\"wp-block-image size-full\"><img loading=\"lazy\" decoding=\"async\" width=\"1024\" height=\"683\" data-id=\"1297\" src=\"https:\/\/www.ufmg.br\/espacodoconhecimento\/novo\/wp-content\/uploads\/2025\/07\/IMG_6932-expedicao-antartica-1024x683-1.jpg\" alt=\"\" class=\"wp-image-1297\" srcset=\"https:\/\/www.ufmg.br\/espacodoconhecimento\/wp-content\/uploads\/2025\/07\/IMG_6932-expedicao-antartica-1024x683-1.jpg 1024w, https:\/\/www.ufmg.br\/espacodoconhecimento\/wp-content\/uploads\/2025\/07\/IMG_6932-expedicao-antartica-1024x683-1-300x200.jpg 300w, https:\/\/www.ufmg.br\/espacodoconhecimento\/wp-content\/uploads\/2025\/07\/IMG_6932-expedicao-antartica-1024x683-1-768x512.jpg 768w\" sizes=\"(max-width: 1024px) 100vw, 1024px\" \/><\/figure>\n\n\n\n<figure class=\"wp-block-image size-full\"><img loading=\"lazy\" decoding=\"async\" width=\"712\" height=\"474\" data-id=\"1298\" src=\"https:\/\/www.ufmg.br\/espacodoconhecimento\/novo\/wp-content\/uploads\/2025\/07\/a569c7c92224a6c045c0ae31499985f3_15263018234695_1995756183-expedicao-antartica.jpg\" alt=\"\" class=\"wp-image-1298\" srcset=\"https:\/\/www.ufmg.br\/espacodoconhecimento\/wp-content\/uploads\/2025\/07\/a569c7c92224a6c045c0ae31499985f3_15263018234695_1995756183-expedicao-antartica.jpg 712w, https:\/\/www.ufmg.br\/espacodoconhecimento\/wp-content\/uploads\/2025\/07\/a569c7c92224a6c045c0ae31499985f3_15263018234695_1995756183-expedicao-antartica-300x200.jpg 300w\" sizes=\"(max-width: 712px) 100vw, 712px\" \/><\/figure>\n\n\n\n<figure class=\"wp-block-image size-full\"><img loading=\"lazy\" decoding=\"async\" width=\"1024\" height=\"683\" data-id=\"1299\" src=\"https:\/\/www.ufmg.br\/espacodoconhecimento\/novo\/wp-content\/uploads\/2025\/07\/7991-expedicao-antartica-1024x683-1.jpg\" alt=\"\" class=\"wp-image-1299\" srcset=\"https:\/\/www.ufmg.br\/espacodoconhecimento\/wp-content\/uploads\/2025\/07\/7991-expedicao-antartica-1024x683-1.jpg 1024w, https:\/\/www.ufmg.br\/espacodoconhecimento\/wp-content\/uploads\/2025\/07\/7991-expedicao-antartica-1024x683-1-300x200.jpg 300w, https:\/\/www.ufmg.br\/espacodoconhecimento\/wp-content\/uploads\/2025\/07\/7991-expedicao-antartica-1024x683-1-768x512.jpg 768w\" sizes=\"(max-width: 1024px) 100vw, 1024px\" \/><\/figure>\n<\/figure>\n","protected":false},"excerpt":{"rendered":"<p>De 07 de dezembro de 2017 a 20 de maio de 2018 Uma parceria com a Unimed-BH e o Instituto Unimed-BH, a exposi\u00e7\u00e3o Expedi\u00e7\u00e3o Ant\u00e1rtica mostra as belezas e curiosidades do continente mais gelado da Terra. A mostra foi desenvolvida em conjunto com as equipes dos projetos de pesquisa da UFMG MycoAntar, Paisagens em Branco [&hellip;]<\/p>\n","protected":false},"author":3,"featured_media":0,"parent":206,"menu_order":0,"comment_status":"closed","ping_status":"closed","template":"","meta":{"_acf_changed":false,"footnotes":""},"class_list":["post-1288","page","type-page","status-publish","hentry"],"acf":[],"_links":{"self":[{"href":"https:\/\/www.ufmg.br\/espacodoconhecimento\/wp-json\/wp\/v2\/pages\/1288"}],"collection":[{"href":"https:\/\/www.ufmg.br\/espacodoconhecimento\/wp-json\/wp\/v2\/pages"}],"about":[{"href":"https:\/\/www.ufmg.br\/espacodoconhecimento\/wp-json\/wp\/v2\/types\/page"}],"author":[{"embeddable":true,"href":"https:\/\/www.ufmg.br\/espacodoconhecimento\/wp-json\/wp\/v2\/users\/3"}],"replies":[{"embeddable":true,"href":"https:\/\/www.ufmg.br\/espacodoconhecimento\/wp-json\/wp\/v2\/comments?post=1288"}],"version-history":[{"count":3,"href":"https:\/\/www.ufmg.br\/espacodoconhecimento\/wp-json\/wp\/v2\/pages\/1288\/revisions"}],"predecessor-version":[{"id":2233,"href":"https:\/\/www.ufmg.br\/espacodoconhecimento\/wp-json\/wp\/v2\/pages\/1288\/revisions\/2233"}],"up":[{"embeddable":true,"href":"https:\/\/www.ufmg.br\/espacodoconhecimento\/wp-json\/wp\/v2\/pages\/206"}],"wp:attachment":[{"href":"https:\/\/www.ufmg.br\/espacodoconhecimento\/wp-json\/wp\/v2\/media?parent=1288"}],"curies":[{"name":"wp","href":"https:\/\/api.w.org\/{rel}","templated":true}]}}