{"id":1375,"date":"2025-07-31T13:57:09","date_gmt":"2025-07-31T16:57:09","guid":{"rendered":"https:\/\/www.ufmg.br\/espacodoconhecimento\/novo\/?page_id=1375"},"modified":"2025-10-13T16:03:13","modified_gmt":"2025-10-13T19:03:13","slug":"docencia-negra","status":"publish","type":"page","link":"https:\/\/www.ufmg.br\/espacodoconhecimento\/exposicoes\/docencia-negra\/","title":{"rendered":"Doc\u00eancia Negra"},"content":{"rendered":"\n<p><em>14 de janeiro a 15 de mar\u00e7o de 2020<\/em><\/p>\n\n\n\n<div style=\"height:35px\" aria-hidden=\"true\" class=\"wp-block-spacer\"><\/div>\n\n\n\n<figure class=\"wp-block-image size-large\"><img loading=\"lazy\" decoding=\"async\" width=\"1024\" height=\"413\" src=\"https:\/\/www.ufmg.br\/espacodoconhecimento\/novo\/wp-content\/uploads\/2025\/07\/DocenciaNegra_fotoAngelJackson-3-1280x720-1-1024x413.jpg\" alt=\"\" class=\"wp-image-1376\" srcset=\"https:\/\/www.ufmg.br\/espacodoconhecimento\/wp-content\/uploads\/2025\/07\/DocenciaNegra_fotoAngelJackson-3-1280x720-1-1024x413.jpg 1024w, https:\/\/www.ufmg.br\/espacodoconhecimento\/wp-content\/uploads\/2025\/07\/DocenciaNegra_fotoAngelJackson-3-1280x720-1-300x121.jpg 300w, https:\/\/www.ufmg.br\/espacodoconhecimento\/wp-content\/uploads\/2025\/07\/DocenciaNegra_fotoAngelJackson-3-1280x720-1-768x310.jpg 768w, https:\/\/www.ufmg.br\/espacodoconhecimento\/wp-content\/uploads\/2025\/07\/DocenciaNegra_fotoAngelJackson-3-1280x720-1.jpg 1140w\" sizes=\"(max-width: 1024px) 100vw, 1024px\" \/><\/figure>\n\n\n\n<div style=\"height:35px\" aria-hidden=\"true\" class=\"wp-block-spacer\"><\/div>\n\n\n\n<p>A exposi\u00e7\u00e3o <strong>Doc\u00eancia Negra&nbsp;<\/strong>d\u00e1 visibilidade a professores negros da UFMG. A mostra exibe fotos e depoimentos desses docentes, que contam suas trajet\u00f3rias no meio acad\u00eamico. A produ\u00e7\u00e3o \u00e9 fruto de uma pesquisa de quatro estudantes da Universidade e ficou em cartaz no Espa\u00e7o do Conhecimento at\u00e9 mar\u00e7o de 2020.<\/p>\n\n\n\n<p>Os estudantes Camila Mendes Moreira, Let\u00edcia Reis dos Santos, Roberth Daylon dos Santos Freitas, Thiago Cordeiro Almeida e&nbsp;Michelle Correa de Souza desenvolveram o projeto com assist\u00eancia financeira da Chamada PRAE 2019, da Pr\u00f3-Reitoria de Assuntos Estudantis da UFMG.<\/p>\n\n\n\n<p>Em novembro de 2019, ela ocupou o quinto andar do museu e foi palco de uma solenidade com a presen\u00e7a de docentes da UFMG.<\/p>\n\n\n\n<p>Assista <a href=\"https:\/\/www.youtube.com\/watch?v=Mz2uXHLiiW4&amp;list=PLj6artl7bRneWebkIGB_ItBjpvBRU2gJC&amp;index=4&amp;t=0s\" target=\"_blank\" rel=\"noreferrer noopener\">aqui<\/a>&nbsp;ao v\u00eddeo produzido pela TV UFMG sobre a mostra.<\/p>\n\n\n\n<div style=\"height:35px\" aria-hidden=\"true\" class=\"wp-block-spacer\"><\/div>\n\n\n\n<figure class=\"wp-block-gallery has-nested-images columns-3 is-cropped wp-block-gallery-1 is-layout-flex wp-block-gallery-is-layout-flex\">\n<figure class=\"wp-block-image size-full\"><img loading=\"lazy\" decoding=\"async\" width=\"1024\" height=\"683\" data-id=\"1377\" src=\"https:\/\/www.ufmg.br\/espacodoconhecimento\/novo\/wp-content\/uploads\/2025\/07\/docencia-negra-fotos-por-kayke-quadros-42-1024x683-1.jpg\" alt=\"\" class=\"wp-image-1377\" srcset=\"https:\/\/www.ufmg.br\/espacodoconhecimento\/wp-content\/uploads\/2025\/07\/docencia-negra-fotos-por-kayke-quadros-42-1024x683-1.jpg 1024w, https:\/\/www.ufmg.br\/espacodoconhecimento\/wp-content\/uploads\/2025\/07\/docencia-negra-fotos-por-kayke-quadros-42-1024x683-1-300x200.jpg 300w, https:\/\/www.ufmg.br\/espacodoconhecimento\/wp-content\/uploads\/2025\/07\/docencia-negra-fotos-por-kayke-quadros-42-1024x683-1-768x512.jpg 768w\" sizes=\"(max-width: 1024px) 100vw, 1024px\" \/><\/figure>\n\n\n\n<figure class=\"wp-block-image size-full\"><img loading=\"lazy\" decoding=\"async\" width=\"1024\" height=\"683\" data-id=\"1378\" src=\"https:\/\/www.ufmg.br\/espacodoconhecimento\/novo\/wp-content\/uploads\/2025\/07\/docencia-negra-fotos-por-kayke-quadros-4-1024x683-1.jpg\" alt=\"\" class=\"wp-image-1378\" srcset=\"https:\/\/www.ufmg.br\/espacodoconhecimento\/wp-content\/uploads\/2025\/07\/docencia-negra-fotos-por-kayke-quadros-4-1024x683-1.jpg 1024w, https:\/\/www.ufmg.br\/espacodoconhecimento\/wp-content\/uploads\/2025\/07\/docencia-negra-fotos-por-kayke-quadros-4-1024x683-1-300x200.jpg 300w, https:\/\/www.ufmg.br\/espacodoconhecimento\/wp-content\/uploads\/2025\/07\/docencia-negra-fotos-por-kayke-quadros-4-1024x683-1-768x512.jpg 768w\" sizes=\"(max-width: 1024px) 100vw, 1024px\" \/><\/figure>\n\n\n\n<figure class=\"wp-block-image size-full\"><img loading=\"lazy\" decoding=\"async\" width=\"1024\" height=\"683\" data-id=\"1379\" src=\"https:\/\/www.ufmg.br\/espacodoconhecimento\/novo\/wp-content\/uploads\/2025\/07\/docencia-negra-fotos-por-kayke-quadros-1-1-1024x683-1.jpg\" alt=\"\" class=\"wp-image-1379\" srcset=\"https:\/\/www.ufmg.br\/espacodoconhecimento\/wp-content\/uploads\/2025\/07\/docencia-negra-fotos-por-kayke-quadros-1-1-1024x683-1.jpg 1024w, https:\/\/www.ufmg.br\/espacodoconhecimento\/wp-content\/uploads\/2025\/07\/docencia-negra-fotos-por-kayke-quadros-1-1-1024x683-1-300x200.jpg 300w, https:\/\/www.ufmg.br\/espacodoconhecimento\/wp-content\/uploads\/2025\/07\/docencia-negra-fotos-por-kayke-quadros-1-1-1024x683-1-768x512.jpg 768w\" sizes=\"(max-width: 1024px) 100vw, 1024px\" \/><\/figure>\n\n\n\n<figure class=\"wp-block-image size-full\"><img loading=\"lazy\" decoding=\"async\" width=\"1024\" height=\"683\" data-id=\"1380\" src=\"https:\/\/www.ufmg.br\/espacodoconhecimento\/novo\/wp-content\/uploads\/2025\/07\/docencia-negra-fotos-por-kayke-quadros-2-1024x683-1.jpg\" alt=\"\" class=\"wp-image-1380\" srcset=\"https:\/\/www.ufmg.br\/espacodoconhecimento\/wp-content\/uploads\/2025\/07\/docencia-negra-fotos-por-kayke-quadros-2-1024x683-1.jpg 1024w, https:\/\/www.ufmg.br\/espacodoconhecimento\/wp-content\/uploads\/2025\/07\/docencia-negra-fotos-por-kayke-quadros-2-1024x683-1-300x200.jpg 300w, https:\/\/www.ufmg.br\/espacodoconhecimento\/wp-content\/uploads\/2025\/07\/docencia-negra-fotos-por-kayke-quadros-2-1024x683-1-768x512.jpg 768w\" sizes=\"(max-width: 1024px) 100vw, 1024px\" \/><\/figure>\n\n\n\n<figure class=\"wp-block-image size-full\"><img loading=\"lazy\" decoding=\"async\" width=\"1024\" height=\"683\" data-id=\"1381\" src=\"https:\/\/www.ufmg.br\/espacodoconhecimento\/novo\/wp-content\/uploads\/2025\/07\/docencia-negra-fotos-por-kayke-quadros-8-1024x683-1.jpg\" alt=\"\" class=\"wp-image-1381\" srcset=\"https:\/\/www.ufmg.br\/espacodoconhecimento\/wp-content\/uploads\/2025\/07\/docencia-negra-fotos-por-kayke-quadros-8-1024x683-1.jpg 1024w, https:\/\/www.ufmg.br\/espacodoconhecimento\/wp-content\/uploads\/2025\/07\/docencia-negra-fotos-por-kayke-quadros-8-1024x683-1-300x200.jpg 300w, https:\/\/www.ufmg.br\/espacodoconhecimento\/wp-content\/uploads\/2025\/07\/docencia-negra-fotos-por-kayke-quadros-8-1024x683-1-768x512.jpg 768w\" sizes=\"(max-width: 1024px) 100vw, 1024px\" \/><\/figure>\n\n\n\n<figure class=\"wp-block-image size-full\"><img loading=\"lazy\" decoding=\"async\" width=\"1024\" height=\"683\" data-id=\"1382\" src=\"https:\/\/www.ufmg.br\/espacodoconhecimento\/novo\/wp-content\/uploads\/2025\/07\/docencia-negra-fotos-por-kayke-quadros-69-1024x683-1.jpg\" alt=\"\" class=\"wp-image-1382\" srcset=\"https:\/\/www.ufmg.br\/espacodoconhecimento\/wp-content\/uploads\/2025\/07\/docencia-negra-fotos-por-kayke-quadros-69-1024x683-1.jpg 1024w, https:\/\/www.ufmg.br\/espacodoconhecimento\/wp-content\/uploads\/2025\/07\/docencia-negra-fotos-por-kayke-quadros-69-1024x683-1-300x200.jpg 300w, https:\/\/www.ufmg.br\/espacodoconhecimento\/wp-content\/uploads\/2025\/07\/docencia-negra-fotos-por-kayke-quadros-69-1024x683-1-768x512.jpg 768w\" sizes=\"(max-width: 1024px) 100vw, 1024px\" \/><\/figure>\n\n\n\n<figure class=\"wp-block-image size-full\"><img loading=\"lazy\" decoding=\"async\" width=\"1024\" height=\"683\" data-id=\"1383\" src=\"https:\/\/www.ufmg.br\/espacodoconhecimento\/novo\/wp-content\/uploads\/2025\/07\/docencia-negra-fotos-por-kayke-quadros-67-1024x683-1.jpg\" alt=\"\" class=\"wp-image-1383\" srcset=\"https:\/\/www.ufmg.br\/espacodoconhecimento\/wp-content\/uploads\/2025\/07\/docencia-negra-fotos-por-kayke-quadros-67-1024x683-1.jpg 1024w, https:\/\/www.ufmg.br\/espacodoconhecimento\/wp-content\/uploads\/2025\/07\/docencia-negra-fotos-por-kayke-quadros-67-1024x683-1-300x200.jpg 300w, https:\/\/www.ufmg.br\/espacodoconhecimento\/wp-content\/uploads\/2025\/07\/docencia-negra-fotos-por-kayke-quadros-67-1024x683-1-768x512.jpg 768w\" sizes=\"(max-width: 1024px) 100vw, 1024px\" \/><\/figure>\n\n\n\n<figure class=\"wp-block-image size-full\"><img loading=\"lazy\" decoding=\"async\" width=\"1024\" height=\"683\" data-id=\"1384\" src=\"https:\/\/www.ufmg.br\/espacodoconhecimento\/novo\/wp-content\/uploads\/2025\/07\/docencia-negra-fotos-por-kayke-quadros-65-1024x683-1.jpg\" alt=\"\" class=\"wp-image-1384\" srcset=\"https:\/\/www.ufmg.br\/espacodoconhecimento\/wp-content\/uploads\/2025\/07\/docencia-negra-fotos-por-kayke-quadros-65-1024x683-1.jpg 1024w, https:\/\/www.ufmg.br\/espacodoconhecimento\/wp-content\/uploads\/2025\/07\/docencia-negra-fotos-por-kayke-quadros-65-1024x683-1-300x200.jpg 300w, https:\/\/www.ufmg.br\/espacodoconhecimento\/wp-content\/uploads\/2025\/07\/docencia-negra-fotos-por-kayke-quadros-65-1024x683-1-768x512.jpg 768w\" sizes=\"(max-width: 1024px) 100vw, 1024px\" \/><\/figure>\n\n\n\n<figure class=\"wp-block-image size-full\"><img loading=\"lazy\" decoding=\"async\" width=\"1024\" height=\"683\" data-id=\"1385\" src=\"https:\/\/www.ufmg.br\/espacodoconhecimento\/novo\/wp-content\/uploads\/2025\/07\/docencia-negra-fotos-por-kayke-quadros-77-1024x683-1.jpg\" alt=\"\" class=\"wp-image-1385\" srcset=\"https:\/\/www.ufmg.br\/espacodoconhecimento\/wp-content\/uploads\/2025\/07\/docencia-negra-fotos-por-kayke-quadros-77-1024x683-1.jpg 1024w, https:\/\/www.ufmg.br\/espacodoconhecimento\/wp-content\/uploads\/2025\/07\/docencia-negra-fotos-por-kayke-quadros-77-1024x683-1-300x200.jpg 300w, https:\/\/www.ufmg.br\/espacodoconhecimento\/wp-content\/uploads\/2025\/07\/docencia-negra-fotos-por-kayke-quadros-77-1024x683-1-768x512.jpg 768w\" sizes=\"(max-width: 1024px) 100vw, 1024px\" \/><\/figure>\n<\/figure>\n","protected":false},"excerpt":{"rendered":"<p>14 de janeiro a 15 de mar\u00e7o de 2020 A exposi\u00e7\u00e3o Doc\u00eancia Negra&nbsp;d\u00e1 visibilidade a professores negros da UFMG. A mostra exibe fotos e depoimentos desses docentes, que contam suas trajet\u00f3rias no meio acad\u00eamico. A produ\u00e7\u00e3o \u00e9 fruto de uma pesquisa de quatro estudantes da Universidade e ficou em cartaz no Espa\u00e7o do Conhecimento at\u00e9 [&hellip;]<\/p>\n","protected":false},"author":3,"featured_media":0,"parent":206,"menu_order":0,"comment_status":"closed","ping_status":"closed","template":"","meta":{"_acf_changed":false,"footnotes":""},"class_list":["post-1375","page","type-page","status-publish","hentry"],"acf":[],"_links":{"self":[{"href":"https:\/\/www.ufmg.br\/espacodoconhecimento\/wp-json\/wp\/v2\/pages\/1375"}],"collection":[{"href":"https:\/\/www.ufmg.br\/espacodoconhecimento\/wp-json\/wp\/v2\/pages"}],"about":[{"href":"https:\/\/www.ufmg.br\/espacodoconhecimento\/wp-json\/wp\/v2\/types\/page"}],"author":[{"embeddable":true,"href":"https:\/\/www.ufmg.br\/espacodoconhecimento\/wp-json\/wp\/v2\/users\/3"}],"replies":[{"embeddable":true,"href":"https:\/\/www.ufmg.br\/espacodoconhecimento\/wp-json\/wp\/v2\/comments?post=1375"}],"version-history":[{"count":3,"href":"https:\/\/www.ufmg.br\/espacodoconhecimento\/wp-json\/wp\/v2\/pages\/1375\/revisions"}],"predecessor-version":[{"id":2238,"href":"https:\/\/www.ufmg.br\/espacodoconhecimento\/wp-json\/wp\/v2\/pages\/1375\/revisions\/2238"}],"up":[{"embeddable":true,"href":"https:\/\/www.ufmg.br\/espacodoconhecimento\/wp-json\/wp\/v2\/pages\/206"}],"wp:attachment":[{"href":"https:\/\/www.ufmg.br\/espacodoconhecimento\/wp-json\/wp\/v2\/media?parent=1375"}],"curies":[{"name":"wp","href":"https:\/\/api.w.org\/{rel}","templated":true}]}}