{"id":1968,"date":"2025-08-05T14:56:38","date_gmt":"2025-08-05T17:56:38","guid":{"rendered":"https:\/\/www.ufmg.br\/espacodoconhecimento\/novo\/?page_id=1968"},"modified":"2025-08-07T08:03:01","modified_gmt":"2025-08-07T11:03:01","slug":"librario","status":"publish","type":"page","link":"https:\/\/www.ufmg.br\/espacodoconhecimento\/outros-projetos\/librario\/","title":{"rendered":"Libr\u00e1rio do Conhecimento"},"content":{"rendered":"\n<figure class=\"wp-block-image size-large\"><img loading=\"lazy\" decoding=\"async\" width=\"1024\" height=\"413\" src=\"https:\/\/www.ufmg.br\/espacodoconhecimento\/novo\/wp-content\/uploads\/2025\/08\/site-01-1024x413.png\" alt=\"\" class=\"wp-image-1973\" srcset=\"https:\/\/www.ufmg.br\/espacodoconhecimento\/wp-content\/uploads\/2025\/08\/site-01-1024x413.png 1024w, https:\/\/www.ufmg.br\/espacodoconhecimento\/wp-content\/uploads\/2025\/08\/site-01-300x121.png 300w, https:\/\/www.ufmg.br\/espacodoconhecimento\/wp-content\/uploads\/2025\/08\/site-01-768x310.png 768w, https:\/\/www.ufmg.br\/espacodoconhecimento\/wp-content\/uploads\/2025\/08\/site-01-1536x620.png 1536w, https:\/\/www.ufmg.br\/espacodoconhecimento\/wp-content\/uploads\/2025\/08\/site-01-2048x826.png 2048w\" sizes=\"(max-width: 1024px) 100vw, 1024px\" \/><\/figure>\n\n\n\n<div style=\"height:25px\" aria-hidden=\"true\" class=\"wp-block-spacer\"><\/div>\n\n\n\n<p>O Libr\u00e1rio \u00e9 uma tecnologia social que trabalha a rela\u00e7\u00e3o entre \u00edcones, sinal em Libras e palavra em portugu\u00eas e foi desenvolvido no Centro de Estudos em Design e Tecnologia (CEDTec) da Universidade do Estado de Minas Gerais (UEMG).<\/p>\n\n\n\n<div style=\"height:24px\" aria-hidden=\"true\" class=\"wp-block-spacer\"><\/div>\n\n\n\n<p>Em parceria com o CEDTes, o Espa\u00e7o do Conhecimento UFMG desenvolveu uma vers\u00e3o pr\u00f3pria do libr\u00e1rio, um jogo de pares de cartas que ensina palavras em L\u00edngua Brasileira de Sinais a partir de imagens seguidas de seus sinais.<\/p>\n\n\n\n<div style=\"height:20px\" aria-hidden=\"true\" class=\"wp-block-spacer\"><\/div>\n\n\n\n<div data-wp-interactive=\"core\/file\" class=\"wp-block-file\"><object data-wp-bind--hidden=\"!state.hasPdfPreview\"  class=\"wp-block-file__embed\" data=\"https:\/\/www.ufmg.br\/espacodoconhecimento\/novo\/wp-content\/uploads\/2025\/08\/Librario-EC-UFMG.pdf\" type=\"application\/pdf\" style=\"width:100%;height:550px\" aria-label=\"Incorporado de &lt;mark style=&quot;background-color:rgba(0, 0, 0, 0)&quot; class=&quot;has-inline-color has-luminous-vivid-amber-color&quot;&gt;&lt;strong&gt;Libr\u00e1rio-EC UFMG&lt;\/strong&gt;&lt;\/mark&gt;.\"><\/object><a id=\"wp-block-file--media-6afb81d8-41cb-4abe-a843-37dbb94bcd16\" href=\"https:\/\/www.ufmg.br\/espacodoconhecimento\/novo\/wp-content\/uploads\/2025\/08\/Librario-EC-UFMG.pdf\"><mark style=\"background-color:rgba(0, 0, 0, 0)\" class=\"has-inline-color has-luminous-vivid-amber-color\"><strong>Libr\u00e1rio-EC UFMG<\/strong><\/mark><\/a><a href=\"https:\/\/www.ufmg.br\/espacodoconhecimento\/novo\/wp-content\/uploads\/2025\/08\/Librario-EC-UFMG.pdf\" class=\"wp-block-file__button wp-element-button\" download aria-describedby=\"wp-block-file--media-6afb81d8-41cb-4abe-a843-37dbb94bcd16\"><mark style=\"background-color:rgba(0, 0, 0, 0)\" class=\"has-inline-color has-white-color\">Baixar<\/mark><\/a><\/div>\n","protected":false},"excerpt":{"rendered":"<p>O Libr\u00e1rio \u00e9 uma tecnologia social que trabalha a rela\u00e7\u00e3o entre \u00edcones, sinal em Libras e palavra em portugu\u00eas e foi desenvolvido no Centro de Estudos em Design e Tecnologia (CEDTec) da Universidade do Estado de Minas Gerais (UEMG). Em parceria com o CEDTes, o Espa\u00e7o do Conhecimento UFMG desenvolveu uma vers\u00e3o pr\u00f3pria do libr\u00e1rio, [&hellip;]<\/p>\n","protected":false},"author":3,"featured_media":0,"parent":278,"menu_order":0,"comment_status":"closed","ping_status":"closed","template":"","meta":{"_acf_changed":false,"footnotes":""},"class_list":["post-1968","page","type-page","status-publish","hentry"],"acf":[],"_links":{"self":[{"href":"https:\/\/www.ufmg.br\/espacodoconhecimento\/wp-json\/wp\/v2\/pages\/1968"}],"collection":[{"href":"https:\/\/www.ufmg.br\/espacodoconhecimento\/wp-json\/wp\/v2\/pages"}],"about":[{"href":"https:\/\/www.ufmg.br\/espacodoconhecimento\/wp-json\/wp\/v2\/types\/page"}],"author":[{"embeddable":true,"href":"https:\/\/www.ufmg.br\/espacodoconhecimento\/wp-json\/wp\/v2\/users\/3"}],"replies":[{"embeddable":true,"href":"https:\/\/www.ufmg.br\/espacodoconhecimento\/wp-json\/wp\/v2\/comments?post=1968"}],"version-history":[{"count":6,"href":"https:\/\/www.ufmg.br\/espacodoconhecimento\/wp-json\/wp\/v2\/pages\/1968\/revisions"}],"predecessor-version":[{"id":2464,"href":"https:\/\/www.ufmg.br\/espacodoconhecimento\/wp-json\/wp\/v2\/pages\/1968\/revisions\/2464"}],"up":[{"embeddable":true,"href":"https:\/\/www.ufmg.br\/espacodoconhecimento\/wp-json\/wp\/v2\/pages\/278"}],"wp:attachment":[{"href":"https:\/\/www.ufmg.br\/espacodoconhecimento\/wp-json\/wp\/v2\/media?parent=1968"}],"curies":[{"name":"wp","href":"https:\/\/api.w.org\/{rel}","templated":true}]}}