{"id":2039,"date":"2025-08-05T15:43:59","date_gmt":"2025-08-05T18:43:59","guid":{"rendered":"https:\/\/www.ufmg.br\/espacodoconhecimento\/novo\/?page_id=2039"},"modified":"2025-08-07T07:50:22","modified_gmt":"2025-08-07T10:50:22","slug":"descobrindo-o-ceu","status":"publish","type":"page","link":"https:\/\/www.ufmg.br\/espacodoconhecimento\/outros-projetos\/descobrindo-o-ceu\/","title":{"rendered":"Descobrindo o C\u00e9u"},"content":{"rendered":"\n<figure class=\"wp-block-image size-large\"><img loading=\"lazy\" decoding=\"async\" width=\"1024\" height=\"412\" src=\"https:\/\/www.ufmg.br\/espacodoconhecimento\/novo\/wp-content\/uploads\/2025\/08\/descobrindo-o-ceu-1024x412.png\" alt=\"\" class=\"wp-image-2040\" srcset=\"https:\/\/www.ufmg.br\/espacodoconhecimento\/wp-content\/uploads\/2025\/08\/descobrindo-o-ceu-1024x412.png 1024w, https:\/\/www.ufmg.br\/espacodoconhecimento\/wp-content\/uploads\/2025\/08\/descobrindo-o-ceu-300x121.png 300w, https:\/\/www.ufmg.br\/espacodoconhecimento\/wp-content\/uploads\/2025\/08\/descobrindo-o-ceu-768x309.png 768w, https:\/\/www.ufmg.br\/espacodoconhecimento\/wp-content\/uploads\/2025\/08\/descobrindo-o-ceu-1536x618.png 1536w, https:\/\/www.ufmg.br\/espacodoconhecimento\/wp-content\/uploads\/2025\/08\/descobrindo-o-ceu.png 2048w\" sizes=\"(max-width: 1024px) 100vw, 1024px\" \/><\/figure>\n\n\n\n<div style=\"height:35px\" aria-hidden=\"true\" class=\"wp-block-spacer\"><\/div>\n\n\n\n<h3 class=\"wp-block-heading\">Descobrindo o C\u00e9u: sess\u00f5es online de Astronomia<\/h3>\n\n\n\n<div style=\"height:19px\" aria-hidden=\"true\" class=\"wp-block-spacer\"><\/div>\n\n\n\n<p>Ao longo de <strong>117 edi\u00e7\u00f5es<\/strong>, o projeto virtual &#8220;Descobrindo o C\u00e9u&#8221; do Espa\u00e7o do Conhecimento UFMG adentrou o vasto campo da astronomia e ampliou as possibilidades de frui\u00e7\u00e3o da ci\u00eancia, de maneira gratuita e acess\u00edvel.&nbsp;Com mais de <strong>44 mil visualiza\u00e7\u00f5es<\/strong>, as sess\u00f5es online&nbsp;alcan\u00e7aram pessoas de todo o Brasil. E agora, como uma supernova, a &#8220;Descobrindo o C\u00e9u&#8221; se encerra, deixando um rastro de inspira\u00e7\u00e3o para futuras iniciativas de divulga\u00e7\u00e3o cient\u00edfica e astron\u00f4mica. As <em>lives<\/em> realizadas est\u00e3o <a href=\"https:\/\/www.youtube.com\/playlist?list=PLj6artl7bRnd6g7uT57aaW2KdcFLLHtmA\" target=\"_blank\" rel=\"noreferrer noopener\">dispon\u00edveis no YouTube<\/a> e podem ser visualizadas a qualquer momento:<\/p>\n\n\n\n<div style=\"height:19px\" aria-hidden=\"true\" class=\"wp-block-spacer\"><\/div>\n\n\n\n<figure class=\"wp-block-embed is-type-video is-provider-youtube wp-block-embed-youtube wp-embed-aspect-16-9 wp-has-aspect-ratio\"><div class=\"wp-block-embed__wrapper\">\n<iframe loading=\"lazy\" title=\"Descobrindo o C\u00e9u\" width=\"500\" height=\"281\" src=\"https:\/\/www.youtube.com\/embed\/videoseries?list=PLj6artl7bRnd6g7uT57aaW2KdcFLLHtmA\" frameborder=\"0\" allow=\"accelerometer; autoplay; clipboard-write; encrypted-media; gyroscope; picture-in-picture; web-share\" referrerpolicy=\"strict-origin-when-cross-origin\" allowfullscreen><\/iframe>\n<\/div><\/figure>\n\n\n\n<div style=\"height:19px\" aria-hidden=\"true\" class=\"wp-block-spacer\"><\/div>\n\n\n\n<hr class=\"wp-block-separator has-alpha-channel-opacity\"\/>\n\n\n\n<div style=\"height:19px\" aria-hidden=\"true\" class=\"wp-block-spacer\"><\/div>\n\n\n\n<p>Idealizada em meio ao distanciamento social ocasionado pela pandemia do coronav\u00edrus, a atividade buscou aproximar o p\u00fablico interessado aos assuntos de astronomia tratados nos espa\u00e7os f\u00edsicos do museu, como o Planet\u00e1rio e as exposi\u00e7\u00f5es em cartaz. A partir deste primeiro convite para \u201cdescobrir o c\u00e9u\u201d, os participantes tiveram a chance de se aproximar da imensid\u00e3o do cosmos, compreendendo melhor algumas din\u00e2micas do Universo. As primeiras <em>lives<\/em> foram transmitidas atrav\u00e9s do aplicativo Zoom, sendo poss\u00edvel interagir e tirar d\u00favidas, em tempo real, com a equipe do N\u00facleo de Astronomia do museu. Posteriormente, a fim de ampliar as possibilidades de participa\u00e7\u00e3o, as <em>lives<\/em> migraram do aplicativo Zoom para o <a href=\"https:\/\/youtube.com\/playlist?list=PLj6artl7bRnd6g7uT57aaW2KdcFLLHtmA&amp;si=aftgmtPp2wOmwZwF\" target=\"_blank\" rel=\"noreferrer noopener\">canal de YouTube<\/a> do Espa\u00e7o do Conhecimento UFMG.&nbsp;A \u00faltima sess\u00e3o de astronomia do projeto foi realizada no dia 07 de mar\u00e7o de 2024.<\/p>\n\n\n\n<div style=\"height:19px\" aria-hidden=\"true\" class=\"wp-block-spacer\"><\/div>\n\n\n\n<p>Saiba mais na reportagem do <strong>Bom Dia Brasil<\/strong>:<\/p>\n\n\n\n<div style=\"height:19px\" aria-hidden=\"true\" class=\"wp-block-spacer\"><\/div>\n\n\n\n<figure class=\"wp-block-embed is-type-video is-provider-youtube wp-block-embed-youtube wp-embed-aspect-16-9 wp-has-aspect-ratio\"><div class=\"wp-block-embed__wrapper\">\n<iframe loading=\"lazy\" title=\"Descobrindo o C\u00e9u | Bom Dia Brasil (04\/06\/20)\" width=\"500\" height=\"281\" src=\"https:\/\/www.youtube.com\/embed\/wvt-ovy7L6Q?feature=oembed\" frameborder=\"0\" allow=\"accelerometer; autoplay; clipboard-write; encrypted-media; gyroscope; picture-in-picture; web-share\" referrerpolicy=\"strict-origin-when-cross-origin\" allowfullscreen><\/iframe>\n<\/div><\/figure>\n","protected":false},"excerpt":{"rendered":"<p>Descobrindo o C\u00e9u: sess\u00f5es online de Astronomia Ao longo de 117 edi\u00e7\u00f5es, o projeto virtual &#8220;Descobrindo o C\u00e9u&#8221; do Espa\u00e7o do Conhecimento UFMG adentrou o vasto campo da astronomia e ampliou as possibilidades de frui\u00e7\u00e3o da ci\u00eancia, de maneira gratuita e acess\u00edvel.&nbsp;Com mais de 44 mil visualiza\u00e7\u00f5es, as sess\u00f5es online&nbsp;alcan\u00e7aram pessoas de todo o Brasil. [&hellip;]<\/p>\n","protected":false},"author":3,"featured_media":0,"parent":278,"menu_order":0,"comment_status":"closed","ping_status":"closed","template":"","meta":{"_acf_changed":false,"footnotes":""},"class_list":["post-2039","page","type-page","status-publish","hentry"],"acf":[],"_links":{"self":[{"href":"https:\/\/www.ufmg.br\/espacodoconhecimento\/wp-json\/wp\/v2\/pages\/2039"}],"collection":[{"href":"https:\/\/www.ufmg.br\/espacodoconhecimento\/wp-json\/wp\/v2\/pages"}],"about":[{"href":"https:\/\/www.ufmg.br\/espacodoconhecimento\/wp-json\/wp\/v2\/types\/page"}],"author":[{"embeddable":true,"href":"https:\/\/www.ufmg.br\/espacodoconhecimento\/wp-json\/wp\/v2\/users\/3"}],"replies":[{"embeddable":true,"href":"https:\/\/www.ufmg.br\/espacodoconhecimento\/wp-json\/wp\/v2\/comments?post=2039"}],"version-history":[{"count":2,"href":"https:\/\/www.ufmg.br\/espacodoconhecimento\/wp-json\/wp\/v2\/pages\/2039\/revisions"}],"predecessor-version":[{"id":2457,"href":"https:\/\/www.ufmg.br\/espacodoconhecimento\/wp-json\/wp\/v2\/pages\/2039\/revisions\/2457"}],"up":[{"embeddable":true,"href":"https:\/\/www.ufmg.br\/espacodoconhecimento\/wp-json\/wp\/v2\/pages\/278"}],"wp:attachment":[{"href":"https:\/\/www.ufmg.br\/espacodoconhecimento\/wp-json\/wp\/v2\/media?parent=2039"}],"curies":[{"name":"wp","href":"https:\/\/api.w.org\/{rel}","templated":true}]}}