{"id":2069,"date":"2025-08-05T16:18:54","date_gmt":"2025-08-05T19:18:54","guid":{"rendered":"https:\/\/www.ufmg.br\/espacodoconhecimento\/novo\/?page_id=2069"},"modified":"2025-08-07T08:24:48","modified_gmt":"2025-08-07T11:24:48","slug":"podcasts","status":"publish","type":"page","link":"https:\/\/www.ufmg.br\/espacodoconhecimento\/podcasts\/","title":{"rendered":"Podcasts do Espa\u00e7o"},"content":{"rendered":"\n<figure class=\"wp-block-image size-large\"><img loading=\"lazy\" decoding=\"async\" width=\"1024\" height=\"413\" src=\"https:\/\/www.ufmg.br\/espacodoconhecimento\/novo\/wp-content\/uploads\/2025\/08\/adult-blur-business-374760-1-1024x413.png\" alt=\"\" class=\"wp-image-2070\" srcset=\"https:\/\/www.ufmg.br\/espacodoconhecimento\/wp-content\/uploads\/2025\/08\/adult-blur-business-374760-1-1024x413.png 1024w, https:\/\/www.ufmg.br\/espacodoconhecimento\/wp-content\/uploads\/2025\/08\/adult-blur-business-374760-1-300x121.png 300w, https:\/\/www.ufmg.br\/espacodoconhecimento\/wp-content\/uploads\/2025\/08\/adult-blur-business-374760-1-768x310.png 768w, https:\/\/www.ufmg.br\/espacodoconhecimento\/wp-content\/uploads\/2025\/08\/adult-blur-business-374760-1-1536x620.png 1536w, https:\/\/www.ufmg.br\/espacodoconhecimento\/wp-content\/uploads\/2025\/08\/adult-blur-business-374760-1-2048x826.png 2048w\" sizes=\"(max-width: 1024px) 100vw, 1024px\" \/><\/figure>\n\n\n\n<div style=\"height:35px\" aria-hidden=\"true\" class=\"wp-block-spacer\"><\/div>\n\n\n\n<h2 class=\"wp-block-heading\"><mark style=\"background-color:rgba(0, 0, 0, 0)\" class=\"has-inline-color has-vivid-purple-color\">PODCASTS<\/mark><\/h2>\n\n\n\n<div style=\"height:35px\" aria-hidden=\"true\" class=\"wp-block-spacer\"><\/div>\n\n\n\n<p>Ou\u00e7a os podcasts do Espa\u00e7o do Conhecimento UFMG!<\/p>\n\n\n\n<h3 class=\"wp-block-heading\"><a href=\"https:\/\/www.ufmg.br\/espacodoconhecimento\/novo\/podcast-pilulas-do-conhecimento\/\" target=\"_blank\" rel=\"noreferrer noopener\"><mark style=\"background-color:rgba(0, 0, 0, 0)\" class=\"has-inline-color has-black-color\"><strong>P\u00edlulas do Conhecimento<\/strong><\/mark><\/a><\/h3>\n\n\n\n<div style=\"height:9px\" aria-hidden=\"true\" class=\"wp-block-spacer\"><\/div>\n\n\n\n<ul class=\"wp-block-list\">\n<li><a href=\"https:\/\/open.spotify.com\/show\/4Yz02N3TBuQxVJP8Sv9Nsz\" target=\"_blank\" rel=\"noreferrer noopener\"><mark style=\"background-color:rgba(0, 0, 0, 0);color:#e22713\" class=\"has-inline-color\">Spotify<\/mark><\/a><\/li>\n\n\n\n<li><a href=\"https:\/\/www.deezer.com\/br\/show\/639842\" target=\"_blank\" rel=\"noreferrer noopener\"><mark style=\"background-color:rgba(0, 0, 0, 0);color:#e22713\" class=\"has-inline-color\">Deezer<\/mark><\/a><\/li>\n\n\n\n<li><a href=\"https:\/\/www.google.com\/podcasts?feed=aHR0cHM6Ly9hbmNob3IuZm0vcy9mYjdlYzM4L3BvZGNhc3QvcnNz\" target=\"_blank\" rel=\"noreferrer noopener\"><mark style=\"background-color:rgba(0, 0, 0, 0);color:#e22713\" class=\"has-inline-color\">Google Podcasts<\/mark><\/a><\/li>\n\n\n\n<li><a href=\"https:\/\/podcasts.apple.com\/us\/podcast\/p%C3%ADlulas-do-conhecimento\/id1485427929?uo=4\" target=\"_blank\" rel=\"noreferrer noopener\"><mark style=\"background-color:rgba(0, 0, 0, 0);color:#e22713\" class=\"has-inline-color\">Apple Podcasts<\/mark><\/a><\/li>\n<\/ul>\n\n\n\n<div style=\"height:35px\" aria-hidden=\"true\" class=\"wp-block-spacer\"><\/div>\n\n\n\n<h3 class=\"wp-block-heading\">Conhecicast<\/h3>\n\n\n\n<div style=\"height:9px\" aria-hidden=\"true\" class=\"wp-block-spacer\"><\/div>\n\n\n\n<ul class=\"wp-block-list\">\n<li><a href=\"https:\/\/open.spotify.com\/show\/24Ko3HOP2MsZoH9wN8Ya4R\" target=\"_blank\" rel=\"noreferrer noopener\"><mark style=\"background-color:rgba(0, 0, 0, 0);color:#e22713\" class=\"has-inline-color\">Spotify<\/mark><\/a><\/li>\n\n\n\n<li><a href=\"https:\/\/podcasts.google.com\/feed\/aHR0cHM6Ly9hbmNob3IuZm0vcy82OGRkYjVmNC9wb2RjYXN0L3Jzcw\" target=\"_blank\" rel=\"noreferrer noopener\"><mark style=\"background-color:rgba(0, 0, 0, 0);color:#e22713\" class=\"has-inline-color\">Google Podcasts<\/mark><\/a><\/li>\n<\/ul>\n\n\n\n<div style=\"height:35px\" aria-hidden=\"true\" class=\"wp-block-spacer\"><\/div>\n\n\n\n<h3 class=\"wp-block-heading\">Pelos Mundos Ind\u00edgenas<\/h3>\n\n\n\n<div style=\"height:9px\" aria-hidden=\"true\" class=\"wp-block-spacer\"><\/div>\n\n\n\n<ul class=\"wp-block-list\">\n<li><a href=\"https:\/\/open.spotify.com\/show\/3nlJkVeKgCE9b7fdFKRTE8\" target=\"_blank\" rel=\"noreferrer noopener\"><mark style=\"background-color:rgba(0, 0, 0, 0);color:#e22713\" class=\"has-inline-color\">Spotify<\/mark><\/a><\/li>\n\n\n\n<li><a href=\"https:\/\/www.deezer.com\/br\/show\/654372\" target=\"_blank\" rel=\"noreferrer noopener\"><mark style=\"background-color:rgba(0, 0, 0, 0);color:#e22713\" class=\"has-inline-color\">Deezer<\/mark><\/a><\/li>\n\n\n\n<li><a href=\"https:\/\/www.google.com\/podcasts?feed=aHR0cHM6Ly9hbmNob3IuZm0vcy8xMDJhNjAzOC9wb2RjYXN0L3Jzcw==\" target=\"_blank\" rel=\"noreferrer noopener\"><mark style=\"background-color:rgba(0, 0, 0, 0);color:#e22713\" class=\"has-inline-color\">Google Podcasts<\/mark><\/a><\/li>\n\n\n\n<li><a href=\"https:\/\/podcasts.apple.com\/us\/podcast\/pelos-mundos-ind%C3%ADgenas\/id1486412243?uo=4\" target=\"_blank\" rel=\"noreferrer noopener\"><mark style=\"background-color:rgba(0, 0, 0, 0);color:#e22713\" class=\"has-inline-color\">Apple Podcasts<\/mark><\/a><\/li>\n<\/ul>\n\n\n\n<div style=\"height:35px\" aria-hidden=\"true\" class=\"wp-block-spacer\"><\/div>\n\n\n\n<h3 class=\"wp-block-heading\">32\u00aa Semana Rosiana: o bem e o mal na obra de Guimar\u00e3es Rosa<\/h3>\n\n\n\n<div style=\"height:9px\" aria-hidden=\"true\" class=\"wp-block-spacer\"><\/div>\n\n\n\n<ul class=\"wp-block-list\">\n<li><a href=\"https:\/\/open.spotify.com\/show\/4LgCGcIlfM062vzdPcbuWg\" target=\"_blank\" rel=\"noreferrer noopener\"><mark style=\"background-color:rgba(0, 0, 0, 0);color:#e22713\" class=\"has-inline-color\">Spotify<\/mark><\/a><\/li>\n\n\n\n<li><a href=\"https:\/\/www.deezer.com\/br\/show\/1592212\" target=\"_blank\" rel=\"noreferrer noopener\"><mark style=\"background-color:rgba(0, 0, 0, 0);color:#e22713\" class=\"has-inline-color\">Deezer<\/mark><\/a><\/li>\n\n\n\n<li><a href=\"https:\/\/podcasts.google.com\/feed\/aHR0cHM6Ly9hbmNob3IuZm0vcy8yYzY1YmZhNC9wb2RjYXN0L3Jzcw\" target=\"_blank\" rel=\"noreferrer noopener\"><mark style=\"background-color:rgba(0, 0, 0, 0);color:#e22713\" class=\"has-inline-color\">Google Podcasts<\/mark><\/a><\/li>\n<\/ul>\n\n\n\n<div style=\"height:35px\" aria-hidden=\"true\" class=\"wp-block-spacer\"><\/div>\n\n\n\n<h3 class=\"wp-block-heading\">Caf\u00e9 Controverso<\/h3>\n\n\n\n<div style=\"height:9px\" aria-hidden=\"true\" class=\"wp-block-spacer\"><\/div>\n\n\n\n<ul class=\"wp-block-list\">\n<li><a href=\"https:\/\/open.spotify.com\/show\/2pM3n5Grbrs6OYBHNjfMmh\" target=\"_blank\" rel=\"noreferrer noopener\"><mark style=\"background-color:rgba(0, 0, 0, 0);color:#e22713\" class=\"has-inline-color\">Spotify<\/mark><\/a><\/li>\n\n\n\n<li><a href=\"https:\/\/www.deezer.com\/br\/show\/645712\" target=\"_blank\" rel=\"noreferrer noopener\"><mark style=\"background-color:rgba(0, 0, 0, 0);color:#e22713\" class=\"has-inline-color\">Deezer<\/mark><\/a><\/li>\n\n\n\n<li><a href=\"https:\/\/podcasts.apple.com\/br\/podcast\/caf%C3%A9-controverso\/id1485764744\" target=\"_blank\" rel=\"noreferrer noopener\"><mark style=\"background-color:rgba(0, 0, 0, 0);color:#e22713\" class=\"has-inline-color\">Apple Podcasts&nbsp;<\/mark><\/a><\/li>\n<\/ul>\n\n\n\n<div style=\"height:35px\" aria-hidden=\"true\" class=\"wp-block-spacer\"><\/div>\n\n\n\n<h3 class=\"wp-block-heading\">Caf\u00e9 Controverso: Di\u00e1logos do Movimento<\/h3>\n\n\n\n<div style=\"height:9px\" aria-hidden=\"true\" class=\"wp-block-spacer\"><\/div>\n\n\n\n<ul class=\"wp-block-list\">\n<li><a href=\"https:\/\/open.spotify.com\/show\/2NcCuMq8nDD2LtV74fciqw\" target=\"_blank\" rel=\"noreferrer noopener\"><mark style=\"background-color:rgba(0, 0, 0, 0);color:#e22713\" class=\"has-inline-color\">Spotify<\/mark><\/a><\/li>\n\n\n\n<li><a href=\"https:\/\/www.deezer.com\/br\/show\/646012\" target=\"_blank\" rel=\"noreferrer noopener\"><mark style=\"background-color:rgba(0, 0, 0, 0);color:#e22713\" class=\"has-inline-color\">Deezer<\/mark><\/a><\/li>\n\n\n\n<li><a href=\"https:\/\/www.google.com\/podcasts?feed=aHR0cHM6Ly9hbmNob3IuZm0vcy8xMDAzYTY4Yy9wb2RjYXN0L3Jzcw==\" target=\"_blank\" rel=\"noreferrer noopener\"><mark style=\"background-color:rgba(0, 0, 0, 0);color:#e22713\" class=\"has-inline-color\">Google <\/mark><\/a><a href=\"https:\/\/www.google.com\/podcasts?feed=aHR0cHM6Ly9hbmNob3IuZm0vcy8xMDAzYTY4Yy9wb2RjYXN0L3Jzcw==\"><mark style=\"background-color:rgba(0, 0, 0, 0);color:#e22713\" class=\"has-inline-color\">Podcasts<\/mark><\/a><\/li>\n\n\n\n<li><a href=\"https:\/\/podcasts.apple.com\/br\/podcast\/caf%C3%A9-controverso-di%C3%A1logos-do-movimento\/id1485776444\" target=\"_blank\" rel=\"noreferrer noopener\"><mark style=\"background-color:rgba(0, 0, 0, 0);color:#e22713\" class=\"has-inline-color\">Apple Podcasts<\/mark><\/a><\/li>\n<\/ul>\n\n\n\n<div style=\"height:35px\" aria-hidden=\"true\" class=\"wp-block-spacer\"><\/div>\n\n\n\n<h3 class=\"wp-block-heading\">Caf\u00e9 Controverso:&nbsp; Viver Bem<\/h3>\n\n\n\n<div style=\"height:9px\" aria-hidden=\"true\" class=\"wp-block-spacer\"><\/div>\n\n\n\n<ul class=\"wp-block-list\">\n<li><a href=\"https:\/\/open.spotify.com\/show\/05ygHPITpRwmNMPneVqz1r\" target=\"_blank\" rel=\"noreferrer noopener\"><mark style=\"background-color:rgba(0, 0, 0, 0);color:#e22713\" class=\"has-inline-color\">Spotify<\/mark><\/a><\/li>\n\n\n\n<li><a href=\"https:\/\/www.deezer.com\/br\/show\/654322\" target=\"_blank\" rel=\"noreferrer noopener\"><mark style=\"background-color:rgba(0, 0, 0, 0);color:#e22713\" class=\"has-inline-color\">Deezer<\/mark><\/a><\/li>\n\n\n\n<li><a href=\"https:\/\/www.google.com\/podcasts?feed=aHR0cHM6Ly9hbmNob3IuZm0vcy8xMDI5YmE5OC9wb2RjYXN0L3Jzcw==\" target=\"_blank\" rel=\"noreferrer noopener\"><mark style=\"background-color:rgba(0, 0, 0, 0);color:#e22713\" class=\"has-inline-color\">Google Podcasts<\/mark><\/a><\/li>\n\n\n\n<li><a href=\"https:\/\/podcasts.apple.com\/us\/podcast\/caf%C3%A9-controverso-edi%C3%A7%C3%A3o-especial-viver-bem\/id1486407124?uo=4\" target=\"_blank\" rel=\"noreferrer noopener\"><mark style=\"background-color:rgba(0, 0, 0, 0);color:#e22713\" class=\"has-inline-color\">Apple Podcasts<\/mark><\/a><\/li>\n<\/ul>\n\n\n\n<p><\/p>\n","protected":false},"excerpt":{"rendered":"<p>PODCASTS Ou\u00e7a os podcasts do Espa\u00e7o do Conhecimento UFMG! P\u00edlulas do Conhecimento Conhecicast Pelos Mundos Ind\u00edgenas 32\u00aa Semana Rosiana: o bem e o mal na obra de Guimar\u00e3es Rosa Caf\u00e9 Controverso Caf\u00e9 Controverso: Di\u00e1logos do Movimento Caf\u00e9 Controverso:&nbsp; Viver Bem<\/p>\n","protected":false},"author":3,"featured_media":0,"parent":0,"menu_order":0,"comment_status":"closed","ping_status":"closed","template":"","meta":{"_acf_changed":false,"footnotes":""},"class_list":["post-2069","page","type-page","status-publish","hentry"],"acf":[],"_links":{"self":[{"href":"https:\/\/www.ufmg.br\/espacodoconhecimento\/wp-json\/wp\/v2\/pages\/2069"}],"collection":[{"href":"https:\/\/www.ufmg.br\/espacodoconhecimento\/wp-json\/wp\/v2\/pages"}],"about":[{"href":"https:\/\/www.ufmg.br\/espacodoconhecimento\/wp-json\/wp\/v2\/types\/page"}],"author":[{"embeddable":true,"href":"https:\/\/www.ufmg.br\/espacodoconhecimento\/wp-json\/wp\/v2\/users\/3"}],"replies":[{"embeddable":true,"href":"https:\/\/www.ufmg.br\/espacodoconhecimento\/wp-json\/wp\/v2\/comments?post=2069"}],"version-history":[{"count":8,"href":"https:\/\/www.ufmg.br\/espacodoconhecimento\/wp-json\/wp\/v2\/pages\/2069\/revisions"}],"predecessor-version":[{"id":2476,"href":"https:\/\/www.ufmg.br\/espacodoconhecimento\/wp-json\/wp\/v2\/pages\/2069\/revisions\/2476"}],"wp:attachment":[{"href":"https:\/\/www.ufmg.br\/espacodoconhecimento\/wp-json\/wp\/v2\/media?parent=2069"}],"curies":[{"name":"wp","href":"https:\/\/api.w.org\/{rel}","templated":true}]}}