{"id":2080,"date":"2025-08-05T16:31:04","date_gmt":"2025-08-05T19:31:04","guid":{"rendered":"https:\/\/www.ufmg.br\/espacodoconhecimento\/novo\/?page_id=2080"},"modified":"2025-08-07T07:57:05","modified_gmt":"2025-08-07T10:57:05","slug":"foradeorbita","status":"publish","type":"page","link":"https:\/\/www.ufmg.br\/espacodoconhecimento\/outros-projetos\/foradeorbita\/","title":{"rendered":"Fora de \u00d3rbita"},"content":{"rendered":"\n<figure class=\"wp-block-image size-large\"><img loading=\"lazy\" decoding=\"async\" width=\"1024\" height=\"413\" src=\"https:\/\/www.ufmg.br\/espacodoconhecimento\/novo\/wp-content\/uploads\/2025\/08\/Pe_C3_A7as-Fora-de-_C3_B3rbita_Destaque-1024x413.png\" alt=\"\" class=\"wp-image-2081\" srcset=\"https:\/\/www.ufmg.br\/espacodoconhecimento\/wp-content\/uploads\/2025\/08\/Pe_C3_A7as-Fora-de-_C3_B3rbita_Destaque-1024x413.png 1024w, https:\/\/www.ufmg.br\/espacodoconhecimento\/wp-content\/uploads\/2025\/08\/Pe_C3_A7as-Fora-de-_C3_B3rbita_Destaque-300x121.png 300w, https:\/\/www.ufmg.br\/espacodoconhecimento\/wp-content\/uploads\/2025\/08\/Pe_C3_A7as-Fora-de-_C3_B3rbita_Destaque-768x310.png 768w, https:\/\/www.ufmg.br\/espacodoconhecimento\/wp-content\/uploads\/2025\/08\/Pe_C3_A7as-Fora-de-_C3_B3rbita_Destaque.png 1140w\" sizes=\"(max-width: 1024px) 100vw, 1024px\" \/><\/figure>\n\n\n\n<div style=\"height:35px\" aria-hidden=\"true\" class=\"wp-block-spacer\"><\/div>\n\n\n\n<p>Em outubro de 2020, o Espa\u00e7o do Conhecimento UFMG lan\u00e7ou um novo projeto de divulga\u00e7\u00e3o cient\u00edfica na \u00e1rea de Astronomia: o <strong>Fora de \u00d3rbita<\/strong>. Por meio de v\u00eddeos curtos, postados no Instagram e no YouTube, os mediadores do N\u00facleo de Astronomia abordam temas diversos de forma l\u00fadica, com uma linguagem acess\u00edvel a todas as idades, a fim de estimular o racioc\u00ednio e a curiosidade, principalmente de jovens e crian\u00e7as. Para a cria\u00e7\u00e3o do roteiro, foi imaginada uma viagem de ida e volta \u00e0 Lua, em que os temas de Astronomia s\u00e3o apresentados em cada uma das etapas da jornada.<\/p>\n\n\n\n<div style=\"height:35px\" aria-hidden=\"true\" class=\"wp-block-spacer\"><\/div>\n\n\n\n<p>O destino n\u00e3o foi escolhido ao acaso: nosso sat\u00e9lite natural \u00e9 repleto de simbolismos e exerce uma influ\u00eancia primordial em diversas culturas. Esse conhecimento tamb\u00e9m ser\u00e1 compartilhado ao longo dos v\u00eddeos, estimulando ainda mais o imagin\u00e1rio sobre o cosmos. Conta\u00e7\u00e3o de hist\u00f3rias, oficinas e dicas de aplicativos para saber mais sobre o espa\u00e7o ser\u00e3o oferecidas ao longo da aventura.<\/p>\n\n\n\n<div style=\"height:35px\" aria-hidden=\"true\" class=\"wp-block-spacer\"><\/div>\n\n\n\n<p>O projeto \u201cFora de \u00d3rbita\u201d come\u00e7ou no dia 16 de outubro, dentro da programa\u00e7\u00e3o da Semana das Crian\u00e7as.&nbsp;No epis\u00f3dio de estreia, fizemos nossa decolagem,&nbsp;com a&nbsp;<strong>Oficina de Lan\u00e7amento de Foguete<\/strong>. As outras etapas do quadro incluem: a <strong>viagem<\/strong>, com a conta\u00e7\u00e3o <strong>Hist\u00f3rias da Lua<\/strong>; a <strong>chegada ao destino<\/strong>, com uma parada para observar as estrelas e aprender sobre o espa\u00e7o sideral, na oficina <strong>Colecionando Estrelas<\/strong>; e, finalmente, a <strong>volta para casa<\/strong>, com a <strong>indica\u00e7\u00e3o de aplicativos e ferramentas <\/strong>para quem deseja aprofundar ainda mais seu conhecimento nessa \u00e1rea.<\/p>\n\n\n\n<div style=\"height:35px\" aria-hidden=\"true\" class=\"wp-block-spacer\"><\/div>\n\n\n\n<p>Venha com a gente nesta viagem!<\/p>\n\n\n\n<div style=\"height:35px\" aria-hidden=\"true\" class=\"wp-block-spacer\"><\/div>\n\n\n\n<h3 class=\"wp-block-heading\"><strong>1. Decolagem | Oficina de Lan\u00e7amento de Foguete<\/strong><\/h3>\n\n\n\n<div style=\"height:20px\" aria-hidden=\"true\" class=\"wp-block-spacer\"><\/div>\n\n\n\n<p>3, 2, 1&#8230; lan\u00e7ar foguete! Neste epis\u00f3dio de estreia, voc\u00ea vai aprender alguns princ\u00edpios da f\u00edsica e da qu\u00edmica na Oficina de Lan\u00e7amento de Foguete com a mediadora Let\u00edcia Rioga. Confira o v\u00eddeo e aprenda montar e lan\u00e7ar um foguete com materiais que voc\u00ea tem em casa!<\/p>\n\n\n\n<div style=\"height:20px\" aria-hidden=\"true\" class=\"wp-block-spacer\"><\/div>\n\n\n\n<figure class=\"wp-block-embed is-type-video is-provider-youtube wp-block-embed-youtube wp-embed-aspect-16-9 wp-has-aspect-ratio\"><div class=\"wp-block-embed__wrapper\">\n<iframe loading=\"lazy\" title=\"Fora de \u00d3rbita | Oficina de Lan\u00e7amento de Foguete\" width=\"500\" height=\"281\" src=\"https:\/\/www.youtube.com\/embed\/itLJOJ_hAHw?start=135&#038;feature=oembed\" frameborder=\"0\" allow=\"accelerometer; autoplay; clipboard-write; encrypted-media; gyroscope; picture-in-picture; web-share\" referrerpolicy=\"strict-origin-when-cross-origin\" allowfullscreen><\/iframe>\n<\/div><\/figure>\n\n\n\n<div style=\"height:35px\" aria-hidden=\"true\" class=\"wp-block-spacer\"><\/div>\n\n\n\n<h3 class=\"wp-block-heading\"><strong>2. Viagem | Contos da Lua<\/strong><\/h3>\n\n\n\n<div style=\"height:20px\" aria-hidden=\"true\" class=\"wp-block-spacer\"><\/div>\n\n\n\n<p>No segundo epis\u00f3dio do programa Fora de \u00d3rbita, os mediadores Lucas Alves e Abra\u00e3o Veloso v\u00e3o te contar uma hist\u00f3ria fascinante da mitologia chinesa, sobre o nosso belo sat\u00e9lite natural. Clique e saiba tudo sobre o coelho na Lua!<\/p>\n\n\n\n<div style=\"height:20px\" aria-hidden=\"true\" class=\"wp-block-spacer\"><\/div>\n\n\n\n<figure class=\"wp-block-embed is-type-video is-provider-youtube wp-block-embed-youtube wp-embed-aspect-16-9 wp-has-aspect-ratio\"><div class=\"wp-block-embed__wrapper\">\n<iframe loading=\"lazy\" title=\"Fora de \u00d3rbita | Contos da Lua\" width=\"500\" height=\"281\" src=\"https:\/\/www.youtube.com\/embed\/MAvQxso-BNI?start=4&#038;feature=oembed\" frameborder=\"0\" allow=\"accelerometer; autoplay; clipboard-write; encrypted-media; gyroscope; picture-in-picture; web-share\" referrerpolicy=\"strict-origin-when-cross-origin\" allowfullscreen><\/iframe>\n<\/div><\/figure>\n\n\n\n<div style=\"height:35px\" aria-hidden=\"true\" class=\"wp-block-spacer\"><\/div>\n\n\n\n<h3 class=\"wp-block-heading\"><strong>3. Chegada | Colecionando Estrelas<\/strong><\/h3>\n\n\n\n<div style=\"height:20px\" aria-hidden=\"true\" class=\"wp-block-spacer\"><\/div>\n\n\n\n<p>No terceiro do programa Fora de \u00d3rbita, a mediadora Victoria apresenta curiosidades sobre nosso sat\u00e9lite natural e fala sobre as constela\u00e7\u00f5es que podem ser vistas da Terra e da Lua.&nbsp;Ao final, voc\u00ea \u00e9 convidado a criar a sua pr\u00f3pria constela\u00e7\u00e3o, na oficina Colecionando Estrelas! Para realizar a atividade, baixe uma das cartas celestes:<\/p>\n\n\n\n<div style=\"height:20px\" aria-hidden=\"true\" class=\"wp-block-spacer\"><\/div>\n\n\n\n<p><strong><a href=\"https:\/\/www.ufmg.br\/espacodoconhecimento\/wp-content\/uploads\/2020\/10\/Carta-Celeste-01.pdf\" target=\"_blank\" rel=\"noreferrer noopener\">Carta Celeste 01<\/a><\/strong><\/p>\n\n\n\n<p><strong><a href=\"https:\/\/www.ufmg.br\/espacodoconhecimento\/wp-content\/uploads\/2020\/10\/Carta-Celeste-02.pdf\" target=\"_blank\" rel=\"noreferrer noopener\">Carta Celeste 02<\/a><\/strong><\/p>\n\n\n\n<p><strong><a href=\"https:\/\/www.ufmg.br\/espacodoconhecimento\/wp-content\/uploads\/2020\/10\/Carta-Celeste-03.pdf\" target=\"_blank\" rel=\"noreferrer noopener\">Carta Celeste 03<\/a><\/strong><\/p>\n\n\n\n<p><strong><a href=\"https:\/\/www.ufmg.br\/espacodoconhecimento\/wp-content\/uploads\/2020\/10\/Carta-Celeste-04.pdf\" target=\"_blank\" rel=\"noreferrer noopener\">Carta Celeste 04<\/a><\/strong><\/p>\n\n\n\n<div style=\"height:20px\" aria-hidden=\"true\" class=\"wp-block-spacer\"><\/div>\n\n\n\n<figure class=\"wp-block-embed is-type-video is-provider-youtube wp-block-embed-youtube wp-embed-aspect-16-9 wp-has-aspect-ratio\"><div class=\"wp-block-embed__wrapper\">\n<iframe loading=\"lazy\" title=\"Fora de \u00d3rbita | Colecionando Estrelas\" width=\"500\" height=\"281\" src=\"https:\/\/www.youtube.com\/embed\/oA2CYbViqz4?feature=oembed\" frameborder=\"0\" allow=\"accelerometer; autoplay; clipboard-write; encrypted-media; gyroscope; picture-in-picture; web-share\" referrerpolicy=\"strict-origin-when-cross-origin\" allowfullscreen><\/iframe>\n<\/div><\/figure>\n\n\n\n<div style=\"height:35px\" aria-hidden=\"true\" class=\"wp-block-spacer\"><\/div>\n\n\n\n<h3 class=\"wp-block-heading\"><strong>4. Volta pra casa | Apps de Astronomia<\/strong><\/h3>\n\n\n\n<p>A tecnologia est\u00e1 em todo lugar, e cada vez mais ao alcance de nossas m\u00e3os. No quarto v\u00eddeo do projeto Fora de \u00d3rbita, elencamos quatro aplicativos ligados a astronomia que te ajudar\u00e3o a conhecer ainda mais sobre a imensid\u00e3o do universo. D\u00ea o play e se divirta!<\/p>\n\n\n\n<div style=\"height:20px\" aria-hidden=\"true\" class=\"wp-block-spacer\"><\/div>\n\n\n\n<figure class=\"wp-block-embed is-type-video is-provider-youtube wp-block-embed-youtube wp-embed-aspect-16-9 wp-has-aspect-ratio\"><div class=\"wp-block-embed__wrapper\">\n<iframe loading=\"lazy\" title=\"Fora de \u00d3rbita | Apps de Astronomia\" width=\"500\" height=\"281\" src=\"https:\/\/www.youtube.com\/embed\/pIh8tjGdNgI?feature=oembed\" frameborder=\"0\" allow=\"accelerometer; autoplay; clipboard-write; encrypted-media; gyroscope; picture-in-picture; web-share\" referrerpolicy=\"strict-origin-when-cross-origin\" allowfullscreen><\/iframe>\n<\/div><\/figure>\n","protected":false},"excerpt":{"rendered":"<p>Em outubro de 2020, o Espa\u00e7o do Conhecimento UFMG lan\u00e7ou um novo projeto de divulga\u00e7\u00e3o cient\u00edfica na \u00e1rea de Astronomia: o Fora de \u00d3rbita. Por meio de v\u00eddeos curtos, postados no Instagram e no YouTube, os mediadores do N\u00facleo de Astronomia abordam temas diversos de forma l\u00fadica, com uma linguagem acess\u00edvel a todas as idades, [&hellip;]<\/p>\n","protected":false},"author":3,"featured_media":0,"parent":278,"menu_order":0,"comment_status":"closed","ping_status":"closed","template":"","meta":{"_acf_changed":false,"footnotes":""},"class_list":["post-2080","page","type-page","status-publish","hentry"],"acf":[],"_links":{"self":[{"href":"https:\/\/www.ufmg.br\/espacodoconhecimento\/wp-json\/wp\/v2\/pages\/2080"}],"collection":[{"href":"https:\/\/www.ufmg.br\/espacodoconhecimento\/wp-json\/wp\/v2\/pages"}],"about":[{"href":"https:\/\/www.ufmg.br\/espacodoconhecimento\/wp-json\/wp\/v2\/types\/page"}],"author":[{"embeddable":true,"href":"https:\/\/www.ufmg.br\/espacodoconhecimento\/wp-json\/wp\/v2\/users\/3"}],"replies":[{"embeddable":true,"href":"https:\/\/www.ufmg.br\/espacodoconhecimento\/wp-json\/wp\/v2\/comments?post=2080"}],"version-history":[{"count":2,"href":"https:\/\/www.ufmg.br\/espacodoconhecimento\/wp-json\/wp\/v2\/pages\/2080\/revisions"}],"predecessor-version":[{"id":2083,"href":"https:\/\/www.ufmg.br\/espacodoconhecimento\/wp-json\/wp\/v2\/pages\/2080\/revisions\/2083"}],"up":[{"embeddable":true,"href":"https:\/\/www.ufmg.br\/espacodoconhecimento\/wp-json\/wp\/v2\/pages\/278"}],"wp:attachment":[{"href":"https:\/\/www.ufmg.br\/espacodoconhecimento\/wp-json\/wp\/v2\/media?parent=2080"}],"curies":[{"name":"wp","href":"https:\/\/api.w.org\/{rel}","templated":true}]}}