{"id":210,"date":"2025-07-24T09:00:35","date_gmt":"2025-07-24T12:00:35","guid":{"rendered":"https:\/\/www.ufmg.br\/espacodoconhecimento\/novo\/?page_id=210"},"modified":"2026-04-16T09:34:34","modified_gmt":"2026-04-16T12:34:34","slug":"terraco-astronomico","status":"publish","type":"page","link":"https:\/\/www.ufmg.br\/espacodoconhecimento\/terraco-astronomico\/","title":{"rendered":"Terra\u00e7o Astron\u00f4mico"},"content":{"rendered":"<figure class=\"wp-block-post-featured-image\"><img loading=\"lazy\" decoding=\"async\" width=\"16567\" height=\"6685\" src=\"https:\/\/www.ufmg.br\/espacodoconhecimento\/wp-content\/uploads\/2026\/04\/Reabertura-Terraco_abril-2026__capa-1-copia-2.png\" class=\"attachment-post-thumbnail size-post-thumbnail wp-post-image\" alt=\"\" style=\"object-fit:cover;\" srcset=\"https:\/\/www.ufmg.br\/espacodoconhecimento\/wp-content\/uploads\/2026\/04\/Reabertura-Terraco_abril-2026__capa-1-copia-2.png 16567w, https:\/\/www.ufmg.br\/espacodoconhecimento\/wp-content\/uploads\/2026\/04\/Reabertura-Terraco_abril-2026__capa-1-copia-2-300x121.png 300w, https:\/\/www.ufmg.br\/espacodoconhecimento\/wp-content\/uploads\/2026\/04\/Reabertura-Terraco_abril-2026__capa-1-copia-2-1024x413.png 1024w, https:\/\/www.ufmg.br\/espacodoconhecimento\/wp-content\/uploads\/2026\/04\/Reabertura-Terraco_abril-2026__capa-1-copia-2-768x310.png 768w, https:\/\/www.ufmg.br\/espacodoconhecimento\/wp-content\/uploads\/2026\/04\/Reabertura-Terraco_abril-2026__capa-1-copia-2-1536x620.png 1536w, https:\/\/www.ufmg.br\/espacodoconhecimento\/wp-content\/uploads\/2026\/04\/Reabertura-Terraco_abril-2026__capa-1-copia-2-2048x826.png 2048w\" sizes=\"(max-width: 16567px) 100vw, 16567px\" \/><\/figure>\n\n\n<div style=\"height:49px\" aria-hidden=\"true\" class=\"wp-block-spacer\"><\/div>\n\n\n\n<h3 class=\"wp-block-heading\"><mark style=\"background-color:rgba(0, 0, 0, 0)\" class=\"has-inline-color has-black-color\">O C\u00c9U MAIS PR\u00d3XIMO DE VOC\u00ca<\/mark><\/h3>\n\n\n\n<div style=\"height:23px\" aria-hidden=\"true\" class=\"wp-block-spacer\"><\/div>\n\n\n\n<p>O quinto andar do&nbsp;<strong>Espa\u00e7o do Conhecimento UFMG<\/strong>&nbsp;oferece uma experi\u00eancia completa de observa\u00e7\u00e3o astron\u00f4mica. Nosso Terra\u00e7o Astron\u00f4mico possui um teto retr\u00e1til que permite a observa\u00e7\u00e3o celeste por meio da utiliza\u00e7\u00e3o de telesc\u00f3pios. As sess\u00f5es s\u00e3o apresentadas e comentadas pela equipe de Astronomia do museu. As observa\u00e7\u00f5es tamb\u00e9m podem ser feitas a olho nu, de acordo com a programa\u00e7\u00e3o. Ocasionalmente, o Terra\u00e7o tamb\u00e9m \u00e9 utilizado para cursos e eventos especiais: informe-se e participe!<\/p>\n\n\n\n<div style=\"height:15px\" aria-hidden=\"true\" class=\"wp-block-spacer\"><\/div>\n\n\n\n<p>Durante as observa\u00e7\u00f5es, a cada 15 minutos, um grupo de at\u00e9 17 pessoas poder\u00e1 participar e conhecer o ambiente do Terra\u00e7o Astron\u00f4mico, <strong>mediante retirada online de ingressos gratuitos no dia de cada atividade<\/strong>, em uma experi\u00eancia singular que proporciona momentos de descoberta e contempla\u00e7\u00e3o do c\u00e9u.<\/p>\n\n\n\n<div style=\"height:22px\" aria-hidden=\"true\" class=\"wp-block-spacer\"><\/div>\n\n\n\n<h3 class=\"wp-block-heading\"><kbd><mark style=\"background-color:rgba(0, 0, 0, 0);color:#107994\" class=\"has-inline-color\">\u2726 <\/mark><\/kbd><mark style=\"background-color:rgba(0, 0, 0, 0);color:#107994\" class=\"has-inline-color\">OBSERVA\u00c7\u00c3O NOTURNA<\/mark><\/h3>\n\n\n\n<div style=\"height:18px\" aria-hidden=\"true\" class=\"wp-block-spacer\"><\/div>\n\n\n\n<p><strong>Quando:<\/strong>\u00a018 de abril (s\u00e1bado), \u00e0s <strong>19h, 19h15, 19h30, 19h45, 20h, 20h15 e 20h30.<\/strong><\/p>\n\n\n\n<p><strong>Vagas:<\/strong> 119 ingressos gratuitos dispon\u00edveis a partir das 17h30, no dia da atividade, via plataforma Sympla.<\/p>\n\n\n\n<p><strong><mark style=\"background-color:rgba(0, 0, 0, 0)\" class=\"has-inline-color has-black-color\">Retirada de ingressos gratuitos:<\/mark><\/strong><mark style=\"background-color:rgba(0, 0, 0, 0)\" class=\"has-inline-color has-vivid-red-color\"> <\/mark><strong><a href=\"https:\/\/www.sympla.com.br\/evento\/observacao-astronomica-noturna----espaco-do-conhecimento-ufmg\/3387345\" target=\"_blank\" rel=\"noreferrer noopener\"><mark style=\"background-color:rgba(0, 0, 0, 0);color:#107994\" class=\"has-inline-color\">Clique aqui!<\/mark><\/a><\/strong><\/p>\n\n\n\n<p><strong>P\u00fablico:<\/strong> Crian\u00e7as a partir de 06 anos, jovens, adultos e idosos.<\/p>\n\n\n\n<p><strong>Onde:<\/strong> 5\u00b0 andar &#8211; Espa\u00e7o do Conhecimento UFMG &#8211; Pra\u00e7a da Liberdade, 700 &#8211; Funcion\u00e1rios (BH\/MG).<\/p>\n\n\n\n<div style=\"height:30px\" aria-hidden=\"true\" class=\"wp-block-spacer\"><\/div>\n\n\n\n<h3 class=\"wp-block-heading\"><mark style=\"background-color:rgba(0, 0, 0, 0)\" class=\"has-inline-color has-luminous-vivid-amber-color\">\u2600\ufe0e<\/mark> <mark style=\"background-color:rgba(0, 0, 0, 0)\" class=\"has-inline-color has-luminous-vivid-amber-color\">OBSERVA\u00c7\u00c3O SOLAR<\/mark><\/h3>\n\n\n\n<div style=\"height:18px\" aria-hidden=\"true\" class=\"wp-block-spacer\"><\/div>\n\n\n\n<p><strong>Quando:<\/strong> 19 de abril (domingo), \u00e0s<strong> 10h30, 10h45, 11h, 11h15, 11h30 e 11h45.<\/strong><\/p>\n\n\n\n<p><strong>Vagas:<\/strong> 102 ingressos gratuitos dispon\u00edveis a partir das 10h, no dia da atividade, via plataforma Sympla.<\/p>\n\n\n\n<p><strong><mark style=\"background-color:rgba(0, 0, 0, 0)\" class=\"has-inline-color has-black-color\">Retirada de ingressos gratuitos:<\/mark><\/strong><mark style=\"background-color:rgba(0, 0, 0, 0)\" class=\"has-inline-color has-vivid-red-color\"> <\/mark><strong><a href=\"https:\/\/www.sympla.com.br\/evento\/observacao-astronomica-solar---espaco-do-conhecimento-ufmg\/3387382\" target=\"_blank\" rel=\"noreferrer noopener\"><mark style=\"background-color:rgba(0, 0, 0, 0)\" class=\"has-inline-color has-luminous-vivid-amber-color\">Clique aqui!<\/mark><\/a><\/strong><\/p>\n\n\n\n<p><strong>P\u00fablico:<\/strong> Crian\u00e7as a partir de 06 anos, jovens, adultos e idosos.<\/p>\n\n\n\n<p><strong>Onde:<\/strong> 5\u00b0 andar &#8211; Espa\u00e7o do Conhecimento UFMG &#8211; Pra\u00e7a da Liberdade, 700 &#8211; Funcion\u00e1rios (BH\/MG).<\/p>\n\n\n\n<div style=\"height:31px\" aria-hidden=\"true\" class=\"wp-block-spacer\"><\/div>\n\n\n\n<h3 class=\"wp-block-heading\"><mark style=\"background-color:rgba(0, 0, 0, 0)\" class=\"has-inline-color has-black-color\">ACESSO<\/mark><\/h3>\n\n\n\n<div style=\"height:15px\" aria-hidden=\"true\" class=\"wp-block-spacer\"><\/div>\n\n\n\n<ul class=\"wp-block-list\">\n<li>A atividade \u00e9 gratuita, mediante<strong> retirada exclusiva de ingressos via Sympla<\/strong>, no dia de observa\u00e7\u00e3o;<\/li>\n\n\n\n<li>Retire seu ingresso <strong>apenas se tiver certeza de que poder\u00e1 comparecer<\/strong>;<\/li>\n\n\n\n<li>Em <strong>caso de imprevisto<\/strong>, cancele sua reserva para que outra pessoa possa aproveitar a atividade;<\/li>\n\n\n\n<li>Em caso de <strong>nebulosidade ou chuva<\/strong>, a observa\u00e7\u00e3o poder\u00e1 ser cancelada;<\/li>\n\n\n\n<li><strong>Menores de 12 anos<\/strong> poder\u00e3o participar apenas acompanhados por respons\u00e1veis, que tamb\u00e9m devem possuir ingresso.<\/li>\n<\/ul>\n\n\n\n<div style=\"height:55px\" aria-hidden=\"true\" class=\"wp-block-spacer\"><\/div>\n\n\n\n<p><strong><mark style=\"background-color:rgba(0, 0, 0, 0);color:#1198be\" class=\"has-inline-color\">Galeria de fotos:<\/mark><\/strong><\/p>\n\n\n\n<figure class=\"wp-block-gallery has-nested-images columns-2 is-cropped wp-block-gallery-1 is-layout-flex wp-block-gallery-is-layout-flex\">\n<figure class=\"wp-block-image size-large\"><img loading=\"lazy\" decoding=\"async\" width=\"1024\" height=\"683\" data-id=\"570\" src=\"https:\/\/www.ufmg.br\/espacodoconhecimento\/novo\/wp-content\/uploads\/2025\/07\/Creditos-Vitor-Amaro-1024x683-Terraco-Astronomico-1-galeriaa.jpg\" alt=\"\" class=\"wp-image-570\" srcset=\"https:\/\/www.ufmg.br\/espacodoconhecimento\/wp-content\/uploads\/2025\/07\/Creditos-Vitor-Amaro-1024x683-Terraco-Astronomico-1-galeriaa.jpg 1024w, https:\/\/www.ufmg.br\/espacodoconhecimento\/wp-content\/uploads\/2025\/07\/Creditos-Vitor-Amaro-1024x683-Terraco-Astronomico-1-galeriaa-300x200.jpg 300w, https:\/\/www.ufmg.br\/espacodoconhecimento\/wp-content\/uploads\/2025\/07\/Creditos-Vitor-Amaro-1024x683-Terraco-Astronomico-1-galeriaa-768x512.jpg 768w\" sizes=\"(max-width: 1024px) 100vw, 1024px\" \/><\/figure>\n\n\n\n<figure class=\"wp-block-image size-large\"><img loading=\"lazy\" decoding=\"async\" width=\"1024\" height=\"696\" data-id=\"571\" src=\"https:\/\/www.ufmg.br\/espacodoconhecimento\/novo\/wp-content\/uploads\/2025\/07\/Credito-Camila-de-Oliveira-2-1024x696-terraco-astronomico-galeria-2.jpg\" alt=\"\" class=\"wp-image-571\" srcset=\"https:\/\/www.ufmg.br\/espacodoconhecimento\/wp-content\/uploads\/2025\/07\/Credito-Camila-de-Oliveira-2-1024x696-terraco-astronomico-galeria-2.jpg 1024w, https:\/\/www.ufmg.br\/espacodoconhecimento\/wp-content\/uploads\/2025\/07\/Credito-Camila-de-Oliveira-2-1024x696-terraco-astronomico-galeria-2-300x204.jpg 300w, https:\/\/www.ufmg.br\/espacodoconhecimento\/wp-content\/uploads\/2025\/07\/Credito-Camila-de-Oliveira-2-1024x696-terraco-astronomico-galeria-2-768x522.jpg 768w\" sizes=\"(max-width: 1024px) 100vw, 1024px\" \/><\/figure>\n\n\n\n<figure class=\"wp-block-image size-large\"><img loading=\"lazy\" decoding=\"async\" width=\"1024\" height=\"819\" data-id=\"572\" src=\"https:\/\/www.ufmg.br\/espacodoconhecimento\/novo\/wp-content\/uploads\/2025\/07\/Creditos-Luis-Felipe-Amaral-1024x819-terraco-astronomico-foto-3.jpg\" alt=\"\" class=\"wp-image-572\" srcset=\"https:\/\/www.ufmg.br\/espacodoconhecimento\/wp-content\/uploads\/2025\/07\/Creditos-Luis-Felipe-Amaral-1024x819-terraco-astronomico-foto-3.jpg 1024w, https:\/\/www.ufmg.br\/espacodoconhecimento\/wp-content\/uploads\/2025\/07\/Creditos-Luis-Felipe-Amaral-1024x819-terraco-astronomico-foto-3-300x240.jpg 300w, https:\/\/www.ufmg.br\/espacodoconhecimento\/wp-content\/uploads\/2025\/07\/Creditos-Luis-Felipe-Amaral-1024x819-terraco-astronomico-foto-3-768x614.jpg 768w\" sizes=\"(max-width: 1024px) 100vw, 1024px\" \/><\/figure>\n\n\n\n<figure class=\"wp-block-image size-large\"><img loading=\"lazy\" decoding=\"async\" width=\"1024\" height=\"819\" data-id=\"573\" src=\"https:\/\/www.ufmg.br\/espacodoconhecimento\/novo\/wp-content\/uploads\/2025\/07\/Credito-Luis-Felipe-Amaral-1-1024x819-terraco-astronomico-4.jpg\" alt=\"\" class=\"wp-image-573\" srcset=\"https:\/\/www.ufmg.br\/espacodoconhecimento\/wp-content\/uploads\/2025\/07\/Credito-Luis-Felipe-Amaral-1-1024x819-terraco-astronomico-4.jpg 1024w, https:\/\/www.ufmg.br\/espacodoconhecimento\/wp-content\/uploads\/2025\/07\/Credito-Luis-Felipe-Amaral-1-1024x819-terraco-astronomico-4-300x240.jpg 300w, https:\/\/www.ufmg.br\/espacodoconhecimento\/wp-content\/uploads\/2025\/07\/Credito-Luis-Felipe-Amaral-1-1024x819-terraco-astronomico-4-768x614.jpg 768w\" sizes=\"(max-width: 1024px) 100vw, 1024px\" \/><\/figure>\n<\/figure>\n","protected":false},"excerpt":{"rendered":"<p>O C\u00c9U MAIS PR\u00d3XIMO DE VOC\u00ca O quinto andar do&nbsp;Espa\u00e7o do Conhecimento UFMG&nbsp;oferece uma experi\u00eancia completa de observa\u00e7\u00e3o astron\u00f4mica. Nosso Terra\u00e7o Astron\u00f4mico possui um teto retr\u00e1til que permite a observa\u00e7\u00e3o celeste por meio da utiliza\u00e7\u00e3o de telesc\u00f3pios. As sess\u00f5es s\u00e3o apresentadas e comentadas pela equipe de Astronomia do museu. As observa\u00e7\u00f5es tamb\u00e9m podem ser feitas [&hellip;]<\/p>\n","protected":false},"author":3,"featured_media":9701,"parent":0,"menu_order":5,"comment_status":"closed","ping_status":"closed","template":"","meta":{"_acf_changed":false,"footnotes":""},"class_list":["post-210","page","type-page","status-publish","has-post-thumbnail","hentry"],"acf":[],"_links":{"self":[{"href":"https:\/\/www.ufmg.br\/espacodoconhecimento\/wp-json\/wp\/v2\/pages\/210"}],"collection":[{"href":"https:\/\/www.ufmg.br\/espacodoconhecimento\/wp-json\/wp\/v2\/pages"}],"about":[{"href":"https:\/\/www.ufmg.br\/espacodoconhecimento\/wp-json\/wp\/v2\/types\/page"}],"author":[{"embeddable":true,"href":"https:\/\/www.ufmg.br\/espacodoconhecimento\/wp-json\/wp\/v2\/users\/3"}],"replies":[{"embeddable":true,"href":"https:\/\/www.ufmg.br\/espacodoconhecimento\/wp-json\/wp\/v2\/comments?post=210"}],"version-history":[{"count":60,"href":"https:\/\/www.ufmg.br\/espacodoconhecimento\/wp-json\/wp\/v2\/pages\/210\/revisions"}],"predecessor-version":[{"id":9742,"href":"https:\/\/www.ufmg.br\/espacodoconhecimento\/wp-json\/wp\/v2\/pages\/210\/revisions\/9742"}],"wp:featuredmedia":[{"embeddable":true,"href":"https:\/\/www.ufmg.br\/espacodoconhecimento\/wp-json\/wp\/v2\/media\/9701"}],"wp:attachment":[{"href":"https:\/\/www.ufmg.br\/espacodoconhecimento\/wp-json\/wp\/v2\/media?parent=210"}],"curies":[{"name":"wp","href":"https:\/\/api.w.org\/{rel}","templated":true}]}}