{"id":233,"date":"2025-07-24T09:37:36","date_gmt":"2025-07-24T12:37:36","guid":{"rendered":"https:\/\/www.ufmg.br\/espacodoconhecimento\/novo\/?page_id=233"},"modified":"2026-02-13T08:33:13","modified_gmt":"2026-02-13T11:33:13","slug":"funcionamento","status":"publish","type":"page","link":"https:\/\/www.ufmg.br\/espacodoconhecimento\/funcionamento\/","title":{"rendered":"Funcionamento"},"content":{"rendered":"\n<div style=\"height:35px\" aria-hidden=\"true\" class=\"wp-block-spacer\"><\/div>\n\n\n\n<p>Acesse a <a href=\"https:\/\/www.ufmg.br\/espacodoconhecimento\/programacao\/\"><mark style=\"background-color:rgba(0, 0, 0, 0);color:#3d7aaa\" class=\"has-inline-color\">Programa\u00e7\u00e3o do M\u00eas!<\/mark><\/a><\/p>\n\n\n\n<p>Para informa\u00e7\u00f5es sobre o Planet\u00e1rio, <a href=\"https:\/\/www.ufmg.br\/espacodoconhecimento\/planetario\/\"><mark style=\"background-color:rgba(0, 0, 0, 0);color:#3d7aaa\" class=\"has-inline-color\">clique aqui!<\/mark><\/a><\/p>\n\n\n\n<p>Confira os detalhes da observa\u00e7\u00e3o no&nbsp;<a href=\"https:\/\/www.ufmg.br\/espacodoconhecimento\/descubra\/terraco-astronomico\/\"><mark style=\"background-color:rgba(0, 0, 0, 0);color:#3d7aaa\" class=\"has-inline-color\">Terra\u00e7o Astron\u00f4mico!<\/mark><\/a><\/p>\n\n\n\n<p>Saiba mais sobre as <a href=\"https:\/\/www.ufmg.br\/espacodoconhecimento\/agendamento-de-visitas-em-grupo\/\"><mark style=\"background-color:rgba(0, 0, 0, 0);color:#3d7aaa\" class=\"has-inline-color\">visitas em grupo!<\/mark><\/a><\/p>\n\n\n\n<div style=\"height:35px\" aria-hidden=\"true\" class=\"wp-block-spacer\"><\/div>\n\n\n\n<h3 class=\"wp-block-heading\"><mark style=\"background-color:rgba(0, 0, 0, 0);color:#3d7aaa\" class=\"has-inline-color\">Como chegar?<\/mark><\/h3>\n\n\n\n<p>O Espa\u00e7o do Conhecimento UFMG est\u00e1<strong> localizado na Pra\u00e7a da Liberdade<\/strong>, um&nbsp; dos principais cart\u00f5es-postais de Belo Horizonte, na regi\u00e3o Centro-Sul, pr\u00f3ximo \u00e0 Savassi. O edif\u00edcio fica entre o MM Gerdau &#8211; Museu das Minas e do Metal (antiga Secretaria de Educa\u00e7\u00e3o) e a Casa Funarte Liberdade (&#8220;Rainha da Sucata&#8221;). Veja no mapa abaixo a nossa localiza\u00e7\u00e3o. Clique <a href=\"https:\/\/www.google.com.br\/maps\/place\/Espa%C3%A7o+do+Conhecimento+UFMG\/@-19.9319942,-43.9409813,17z\/data=!3m1!4b1!4m5!3m4!1s0xa699dc2a30fd55:0xf458840f17330880!8m2!3d-19.9319942!4d-43.9387926\" target=\"_blank\" rel=\"noreferrer noopener\"><mark style=\"background-color:rgba(0, 0, 0, 0);color:#3d7aaa\" class=\"has-inline-color\">aqui<\/mark><\/a> para acess\u00e1-lo em vers\u00e3o ampliada e para buscar instru\u00e7\u00f5es personalizadas de como chegar<\/p>\n\n\n\n<div style=\"height:35px\" aria-hidden=\"true\" class=\"wp-block-spacer\"><\/div>\n\n\n\n<h4 class=\"wp-block-heading\">Pra\u00e7a da Liberdade, 700<\/h4>\n\n\n\n<p><strong>Belo Horizonte &#8211; MG&nbsp; &nbsp; &nbsp; &nbsp; &nbsp; &nbsp; &nbsp; &nbsp; &nbsp; &nbsp; &nbsp; &nbsp; &nbsp; &nbsp; &nbsp; &nbsp; &nbsp; &nbsp;<\/strong><\/p>\n\n\n\n<p><strong>CEP: <\/strong>30140-010<\/p>\n\n\n\n<div style=\"height:35px\" aria-hidden=\"true\" class=\"wp-block-spacer\"><\/div>\n\n\n\n<iframe src=\"https:\/\/www.google.com\/maps\/embed?pb=!1m18!1m12!1m3!1d3750.8207876661486!2d-43.941500688672704!3d-19.931955481379614!2m3!1f0!2f0!3f0!3m2!1i1024!2i768!4f13.1!3m3!1m2!1s0xa699dc2a30fd55%3A0xf458840f17330880!2sEspa%C3%A7o%20do%20Conhecimento%20UFMG!5e0!3m2!1spt-BR!2sbr!4v1753443075092!5m2!1spt-BR!2sbr\" width=\"600\" height=\"450\" style=\"border:0;\" allowfullscreen=\"\" loading=\"lazy\" referrerpolicy=\"no-referrer-when-downgrade\"><\/iframe>\n\n\n\n<div style=\"height:35px\" aria-hidden=\"true\" class=\"wp-block-spacer\"><\/div>\n\n\n\n<h3 class=\"wp-block-heading\"><mark style=\"background-color:rgba(0, 0, 0, 0);color:#5b278b\" class=\"has-inline-color\">Linhas de \u00d4nibus<\/mark><\/h3>\n\n\n\n<p>2004, 2101, 2103, 2104, 2152, 4032, 4034, 4106, 4111, 5031, 5101, 5102, 5106, 5107, 8001A, 8102, 8106, 8107, 8108, 9103, 9105, 9106 e SC02<\/p>\n","protected":false},"excerpt":{"rendered":"<p>Acesse a Programa\u00e7\u00e3o do M\u00eas! Para informa\u00e7\u00f5es sobre o Planet\u00e1rio, clique aqui! Confira os detalhes da observa\u00e7\u00e3o no&nbsp;Terra\u00e7o Astron\u00f4mico! Saiba mais sobre as visitas em grupo! Como chegar? O Espa\u00e7o do Conhecimento UFMG est\u00e1 localizado na Pra\u00e7a da Liberdade, um&nbsp; dos principais cart\u00f5es-postais de Belo Horizonte, na regi\u00e3o Centro-Sul, pr\u00f3ximo \u00e0 Savassi. O edif\u00edcio fica [&hellip;]<\/p>\n","protected":false},"author":3,"featured_media":0,"parent":0,"menu_order":0,"comment_status":"closed","ping_status":"closed","template":"","meta":{"_acf_changed":false,"footnotes":""},"class_list":["post-233","page","type-page","status-publish","hentry"],"acf":[],"_links":{"self":[{"href":"https:\/\/www.ufmg.br\/espacodoconhecimento\/wp-json\/wp\/v2\/pages\/233"}],"collection":[{"href":"https:\/\/www.ufmg.br\/espacodoconhecimento\/wp-json\/wp\/v2\/pages"}],"about":[{"href":"https:\/\/www.ufmg.br\/espacodoconhecimento\/wp-json\/wp\/v2\/types\/page"}],"author":[{"embeddable":true,"href":"https:\/\/www.ufmg.br\/espacodoconhecimento\/wp-json\/wp\/v2\/users\/3"}],"replies":[{"embeddable":true,"href":"https:\/\/www.ufmg.br\/espacodoconhecimento\/wp-json\/wp\/v2\/comments?post=233"}],"version-history":[{"count":38,"href":"https:\/\/www.ufmg.br\/espacodoconhecimento\/wp-json\/wp\/v2\/pages\/233\/revisions"}],"predecessor-version":[{"id":8733,"href":"https:\/\/www.ufmg.br\/espacodoconhecimento\/wp-json\/wp\/v2\/pages\/233\/revisions\/8733"}],"wp:attachment":[{"href":"https:\/\/www.ufmg.br\/espacodoconhecimento\/wp-json\/wp\/v2\/media?parent=233"}],"curies":[{"name":"wp","href":"https:\/\/api.w.org\/{rel}","templated":true}]}}