{"id":239,"date":"2025-07-24T09:38:16","date_gmt":"2025-07-24T12:38:16","guid":{"rendered":"https:\/\/www.ufmg.br\/espacodoconhecimento\/novo\/?page_id=239"},"modified":"2025-12-01T11:14:26","modified_gmt":"2025-12-01T14:14:26","slug":"midiateca-virtual","status":"publish","type":"page","link":"https:\/\/www.ufmg.br\/espacodoconhecimento\/midiateca-virtual\/","title":{"rendered":"Midiateca Virtual"},"content":{"rendered":"\n<figure class=\"wp-block-image size-full\"><img loading=\"lazy\" decoding=\"async\" width=\"1024\" height=\"413\" src=\"https:\/\/www.ufmg.br\/espacodoconhecimento\/novo\/wp-content\/uploads\/2025\/08\/Midiateca_Noticia-site-1024x413-1.png\" alt=\"\" class=\"wp-image-1713\" srcset=\"https:\/\/www.ufmg.br\/espacodoconhecimento\/wp-content\/uploads\/2025\/08\/Midiateca_Noticia-site-1024x413-1.png 1024w, https:\/\/www.ufmg.br\/espacodoconhecimento\/wp-content\/uploads\/2025\/08\/Midiateca_Noticia-site-1024x413-1-300x121.png 300w, https:\/\/www.ufmg.br\/espacodoconhecimento\/wp-content\/uploads\/2025\/08\/Midiateca_Noticia-site-1024x413-1-768x310.png 768w\" sizes=\"(max-width: 1024px) 100vw, 1024px\" \/><\/figure>\n\n\n\n<div style=\"height:35px\" aria-hidden=\"true\" class=\"wp-block-spacer\"><\/div>\n\n\n\n<p>Nesta p\u00e1gina, reunimos uma sele\u00e7\u00e3o de documentos e publica\u00e7\u00f5es que refletem o compromisso e a transpar\u00eancia do Espa\u00e7o do Conhecimento. Aqui, voc\u00ea encontrar\u00e1:<\/p>\n\n\n\n<div style=\"height:15px\" aria-hidden=\"true\" class=\"wp-block-spacer\"><\/div>\n\n\n\n<h3 class=\"wp-block-heading\"><a href=\"https:\/\/www.ufmg.br\/espacodoconhecimento\/wp-content\/uploads\/2025\/08\/Regimento_Espaco-do-Conhecimento-1.pdf\" target=\"_blank\" rel=\"noreferrer noopener\"><mark style=\"background-color:rgba(0, 0, 0, 0)\" class=\"has-inline-color has-vivid-purple-color\">Regimento &#8211; Espa\u00e7o do Conhecimento UFMG<\/mark><\/a><\/h3>\n\n\n\n<p>Conhe\u00e7a as diretrizes que orientam o funcionamento do Espa\u00e7o do Conhecimento.<\/p>\n\n\n\n<div style=\"height:15px\" aria-hidden=\"true\" class=\"wp-block-spacer\"><\/div>\n\n\n\n<h3 class=\"wp-block-heading\"><a href=\"https:\/\/www.ufmg.br\/espacodoconhecimento\/wp-content\/uploads\/2025\/08\/I-Plano-Museologico-Espaco-do-Conhecimento-UFMG-versao-final.pdf\" target=\"_blank\" rel=\"noreferrer noopener\"><mark style=\"background-color:rgba(0, 0, 0, 0)\" class=\"has-inline-color has-vivid-purple-color\">Plano Museol\u00f3gico &#8211;\u00a0 Espa\u00e7o do Conhecimento UFMG<\/mark><\/a><\/h3>\n\n\n\n<p>Entenda os princ\u00edpios, objetivos e diretrizes que norteiam a atua\u00e7\u00e3o do museu.<\/p>\n\n\n\n<div style=\"height:15px\" aria-hidden=\"true\" class=\"wp-block-spacer\"><\/div>\n\n\n\n<h3 class=\"wp-block-heading\"><a href=\"https:\/\/www.ufmg.br\/espacodoconhecimento\/wp-content\/uploads\/2025\/08\/Facility-Report_EC-UFMG.pdf\" target=\"_blank\" rel=\"noreferrer noopener\"><mark style=\"background-color:rgba(0, 0, 0, 0)\" class=\"has-inline-color has-vivid-purple-color\">Facility Report<\/mark><\/a><\/h3>\n\n\n\n<p>Saiba mais sobre as informa\u00e7\u00f5es, normas e procedimentos importantes para a elabora\u00e7\u00e3o de projetos expogr\u00e1ficos, bem como para os processos de montagem e desmontagem de exposi\u00e7\u00f5es tempor\u00e1rias.<\/p>\n\n\n\n<div style=\"height:15px\" aria-hidden=\"true\" class=\"wp-block-spacer\"><\/div>\n\n\n\n<h3 class=\"wp-block-heading\"><a href=\"https:\/\/www.ufmg.br\/espacodoconhecimento\/wp-content\/uploads\/2025\/08\/Pesquisa-de-Publico-2017-2.pdf\" target=\"_blank\" rel=\"noreferrer noopener\"><mark style=\"background-color:rgba(0, 0, 0, 0)\" class=\"has-inline-color has-vivid-purple-color\">Pesquisa de P\u00fablico (2017)<\/mark><\/a><\/h3>\n\n\n\n<p>Perfis dos visitantes espont\u00e2neos e do p\u00fablico escolar agendado no Espa\u00e7o do Conhecimento, em 2017.<\/p>\n\n\n\n<div style=\"height:15px\" aria-hidden=\"true\" class=\"wp-block-spacer\"><\/div>\n\n\n\n<h3 class=\"wp-block-heading\"><a href=\"https:\/\/www.ufmg.br\/espacodoconhecimento\/catalogos\/\" target=\"_blank\" rel=\"noreferrer noopener\"><mark style=\"background-color:rgba(0, 0, 0, 0)\" class=\"has-inline-color has-vivid-purple-color\">Cat\u00e1logos de exposi\u00e7\u00f5es<\/mark><\/a><\/h3>\n\n\n\n<p>Explore os cat\u00e1logos que documentam nossas exposi\u00e7\u00f5es, permitindo uma imers\u00e3o mais profunda nas obras e temas apresentados.<\/p>\n\n\n\n<div style=\"height:15px\" aria-hidden=\"true\" class=\"wp-block-spacer\"><\/div>\n\n\n\n<h3 class=\"wp-block-heading\"><a href=\"https:\/\/www.ufmg.br\/espacodoconhecimento\/artigos\/\" target=\"_blank\" rel=\"noreferrer noopener\"><mark style=\"background-color:rgba(0, 0, 0, 0)\" class=\"has-inline-color has-vivid-purple-color\">Artigos e resumos<\/mark><\/a><\/h3>\n\n\n\n<p>Acesse uma cole\u00e7\u00e3o de textos que abordam diversas tem\u00e1ticas e reflex\u00f5es relacionadas ao museu.<\/p>\n\n\n\n<div style=\"height:15px\" aria-hidden=\"true\" class=\"wp-block-spacer\"><\/div>\n\n\n\n<h3 class=\"wp-block-heading\"><a href=\"https:\/\/www.ufmg.br\/espacodoconhecimento\/dissertacoeseteses\/\" target=\"_blank\" rel=\"noreferrer noopener\"><mark style=\"background-color:rgba(0, 0, 0, 0)\" class=\"has-inline-color has-vivid-purple-color\">Disserta\u00e7\u00f5es e Teses<\/mark><\/a><\/h3>\n\n\n\n<p>Consulte pesquisas acad\u00eamicas que discutem e analisam os temas abordados pelo Espa\u00e7o, contribuindo para o di\u00e1logo entre academia e o p\u00fablico.<\/p>\n","protected":false},"excerpt":{"rendered":"<p>Nesta p\u00e1gina, reunimos uma sele\u00e7\u00e3o de documentos e publica\u00e7\u00f5es que refletem o compromisso e a transpar\u00eancia do Espa\u00e7o do Conhecimento. Aqui, voc\u00ea encontrar\u00e1: Regimento &#8211; Espa\u00e7o do Conhecimento UFMG Conhe\u00e7a as diretrizes que orientam o funcionamento do Espa\u00e7o do Conhecimento. Plano Museol\u00f3gico &#8211;\u00a0 Espa\u00e7o do Conhecimento UFMG Entenda os princ\u00edpios, objetivos e diretrizes que norteiam [&hellip;]<\/p>\n","protected":false},"author":3,"featured_media":0,"parent":0,"menu_order":0,"comment_status":"closed","ping_status":"closed","template":"","meta":{"_acf_changed":false,"footnotes":""},"class_list":["post-239","page","type-page","status-publish","hentry"],"acf":[],"_links":{"self":[{"href":"https:\/\/www.ufmg.br\/espacodoconhecimento\/wp-json\/wp\/v2\/pages\/239"}],"collection":[{"href":"https:\/\/www.ufmg.br\/espacodoconhecimento\/wp-json\/wp\/v2\/pages"}],"about":[{"href":"https:\/\/www.ufmg.br\/espacodoconhecimento\/wp-json\/wp\/v2\/types\/page"}],"author":[{"embeddable":true,"href":"https:\/\/www.ufmg.br\/espacodoconhecimento\/wp-json\/wp\/v2\/users\/3"}],"replies":[{"embeddable":true,"href":"https:\/\/www.ufmg.br\/espacodoconhecimento\/wp-json\/wp\/v2\/comments?post=239"}],"version-history":[{"count":10,"href":"https:\/\/www.ufmg.br\/espacodoconhecimento\/wp-json\/wp\/v2\/pages\/239\/revisions"}],"predecessor-version":[{"id":7203,"href":"https:\/\/www.ufmg.br\/espacodoconhecimento\/wp-json\/wp\/v2\/pages\/239\/revisions\/7203"}],"wp:attachment":[{"href":"https:\/\/www.ufmg.br\/espacodoconhecimento\/wp-json\/wp\/v2\/media?parent=239"}],"curies":[{"name":"wp","href":"https:\/\/api.w.org\/{rel}","templated":true}]}}