{"id":245,"date":"2025-07-24T09:38:56","date_gmt":"2025-07-24T12:38:56","guid":{"rendered":"https:\/\/www.ufmg.br\/espacodoconhecimento\/novo\/?page_id=245"},"modified":"2026-03-04T07:42:15","modified_gmt":"2026-03-04T10:42:15","slug":"parceiros","status":"publish","type":"page","link":"https:\/\/www.ufmg.br\/espacodoconhecimento\/parceiros\/","title":{"rendered":"Parceiros"},"content":{"rendered":"\n<div style=\"height:34px\" aria-hidden=\"true\" class=\"wp-block-spacer\"><\/div>\n\n\n<figure class=\"wp-block-post-featured-image\"><img loading=\"lazy\" decoding=\"async\" width=\"2048\" height=\"824\" src=\"https:\/\/www.ufmg.br\/espacodoconhecimento\/wp-content\/uploads\/2025\/08\/capa-Espaco-do-Conhecimento-UFMG.jpeg\" class=\"attachment-post-thumbnail size-post-thumbnail wp-post-image\" alt=\"\" style=\"object-fit:cover;\" srcset=\"https:\/\/www.ufmg.br\/espacodoconhecimento\/wp-content\/uploads\/2025\/08\/capa-Espaco-do-Conhecimento-UFMG.jpeg 2048w, https:\/\/www.ufmg.br\/espacodoconhecimento\/wp-content\/uploads\/2025\/08\/capa-Espaco-do-Conhecimento-UFMG-300x121.jpeg 300w, https:\/\/www.ufmg.br\/espacodoconhecimento\/wp-content\/uploads\/2025\/08\/capa-Espaco-do-Conhecimento-UFMG-1024x412.jpeg 1024w, https:\/\/www.ufmg.br\/espacodoconhecimento\/wp-content\/uploads\/2025\/08\/capa-Espaco-do-Conhecimento-UFMG-768x309.jpeg 768w, https:\/\/www.ufmg.br\/espacodoconhecimento\/wp-content\/uploads\/2025\/08\/capa-Espaco-do-Conhecimento-UFMG-1536x618.jpeg 1536w\" sizes=\"(max-width: 2048px) 100vw, 2048px\" \/><\/figure>\n\n\n<div style=\"height:34px\" aria-hidden=\"true\" class=\"wp-block-spacer\"><\/div>\n\n\n\n<h3 class=\"wp-block-heading\"><mark style=\"background-color:rgba(0, 0, 0, 0);color:#3e89c7\" class=\"has-inline-color\">CONHE\u00c7A NOSSOS PATROCINADORES E PARCEIROS<\/mark><\/h3>\n\n\n\n<div style=\"height:34px\" aria-hidden=\"true\" class=\"wp-block-spacer\"><\/div>\n\n\n\n<p>O Espa\u00e7o do Conhecimento UFMG agradece seus patrocinadores por&nbsp;contribu\u00edrem&nbsp;com a realiza\u00e7\u00e3o da programa\u00e7\u00e3o cultural, cient\u00edfica e&nbsp;educativa.&nbsp;A manuten\u00e7\u00e3o e expans\u00e3o das atividades&nbsp;do museu&nbsp;\u00e9 poss\u00edvel gra\u00e7as a esse apoio.<\/p>\n\n\n\n<div style=\"height:34px\" aria-hidden=\"true\" class=\"wp-block-spacer\"><\/div>\n\n\n\n<h3 class=\"wp-block-heading\"><strong>PATROC\u00cdNIO<\/strong><\/h3>\n\n\n\n<div style=\"height:43px\" aria-hidden=\"true\" class=\"wp-block-spacer\"><\/div>\n\n\n\n<figure class=\"wp-block-image size-large is-resized\"><img loading=\"lazy\" decoding=\"async\" width=\"1024\" height=\"460\" src=\"https:\/\/www.ufmg.br\/espacodoconhecimento\/wp-content\/uploads\/2025\/09\/iubh-2-1-1024x460.png\" alt=\"\" class=\"wp-image-4834\" style=\"width:297px;height:auto\" srcset=\"https:\/\/www.ufmg.br\/espacodoconhecimento\/wp-content\/uploads\/2025\/09\/iubh-2-1-1024x460.png 1024w, https:\/\/www.ufmg.br\/espacodoconhecimento\/wp-content\/uploads\/2025\/09\/iubh-2-1-300x135.png 300w, https:\/\/www.ufmg.br\/espacodoconhecimento\/wp-content\/uploads\/2025\/09\/iubh-2-1-768x345.png 768w, https:\/\/www.ufmg.br\/espacodoconhecimento\/wp-content\/uploads\/2025\/09\/iubh-2-1-1536x690.png 1536w, https:\/\/www.ufmg.br\/espacodoconhecimento\/wp-content\/uploads\/2025\/09\/iubh-2-1.png 1587w\" sizes=\"(max-width: 1024px) 100vw, 1024px\" \/><\/figure>\n\n\n\n<div style=\"height:34px\" aria-hidden=\"true\" class=\"wp-block-spacer\"><\/div>\n\n\n\n<p><strong>Instituto Unimed-BH<\/strong><\/p>\n\n\n\n<div style=\"height:10px\" aria-hidden=\"true\" class=\"wp-block-spacer\"><\/div>\n\n\n\n<p>O&nbsp;<strong>Instituto Unimed-BH<\/strong>&nbsp;completou 20 anos em 2023. A associa\u00e7\u00e3o sem fins lucrativos foi criada em 2003 e, desde ent\u00e3o, desenvolve projetos socioculturais e socioambientais visando \u00e0 forma\u00e7\u00e3o da cidadania, estimular o bem-estar e a qualidade de vida das pessoas, fomentar a economia criativa, valorizar espa\u00e7os p\u00fablicos e o meio ambiente. Ao longo de sua hist\u00f3ria, o Instituto destinou mais de R$ 170 milh\u00f5es por meio das leis de incentivo municipal e federal, fundos do idoso e da crian\u00e7a e do adolescente, com o apoio de mais de 5,3 mil m\u00e9dicos cooperados e colaboradores da Unimed-BH. No \u00faltimo ano, mais de 9,3 mil postos de trabalho foram gerados e 1,6 milh\u00e3o de pessoas foram alcan\u00e7adas por meio de projetos em cinco linhas de atua\u00e7\u00e3o: Comunidade, Voluntariado, Meio Ambiente, Ado\u00e7\u00e3o de Espa\u00e7os P\u00fablicos e Cultura, que est\u00e3o alinhados aos Objetivos de Desenvolvimento Sustent\u00e1vel da Agenda 2030.<\/p>\n\n\n\n<div style=\"height:34px\" aria-hidden=\"true\" class=\"wp-block-spacer\"><\/div>\n\n\n\n<h3 class=\"wp-block-heading\"><\/h3>\n\n\n\n<figure class=\"wp-block-image size-full is-resized\"><img loading=\"lazy\" decoding=\"async\" width=\"864\" height=\"305\" src=\"https:\/\/www.ufmg.br\/espacodoconhecimento\/wp-content\/uploads\/2025\/09\/cemig-1.png\" alt=\"\" class=\"wp-image-4819\" style=\"width:253px;height:auto\" srcset=\"https:\/\/www.ufmg.br\/espacodoconhecimento\/wp-content\/uploads\/2025\/09\/cemig-1.png 864w, https:\/\/www.ufmg.br\/espacodoconhecimento\/wp-content\/uploads\/2025\/09\/cemig-1-300x106.png 300w, https:\/\/www.ufmg.br\/espacodoconhecimento\/wp-content\/uploads\/2025\/09\/cemig-1-768x271.png 768w\" sizes=\"(max-width: 864px) 100vw, 864px\" \/><\/figure>\n\n\n\n<p><\/p>\n\n\n\n<div style=\"height:34px\" aria-hidden=\"true\" class=\"wp-block-spacer\"><\/div>\n\n\n\n<p><strong>Cemig<\/strong> <strong>\u2013 A Energia da Cultura<\/strong><\/p>\n\n\n\n<div style=\"height:10px\" aria-hidden=\"true\" class=\"wp-block-spacer\"><\/div>\n\n\n\n<p>Como a maior incentivadora da cultura em Minas Gerais, a Cemig segue investindo e apoiando as diferentes produ\u00e7\u00f5es art\u00edsticas existentes nas v\u00e1rias regi\u00f5es do estado. Afinal, fortalecer e impulsionar o setor cultural mineiro \u00e9 um compromisso da Companhia, refletindo seu prop\u00f3sito de transformar vidas com energia.&nbsp;&nbsp;Ao abra\u00e7ar a cultura em toda a sua diversidade, a Cemig potencializa, ao mesmo tempo que preserva, a mem\u00f3ria e a identidade do povo mineiro. Assim, os projetos incentivados pela empresa trazem na ess\u00eancia a import\u00e2ncia da tradi\u00e7\u00e3o e do resgate da hist\u00f3ria, sem, contudo, deixar de lado a presen\u00e7a da inova\u00e7\u00e3o.&nbsp;&nbsp;Apoiar iniciativas como essa refor\u00e7a a atua\u00e7\u00e3o da Cemig em ampliar, no estado, o acesso \u00e0s pr\u00e1ticas culturais e em buscar uma maior democratiza\u00e7\u00e3o dos seus incentivos.&nbsp;&nbsp;&nbsp;<\/p>\n\n\n\n<div style=\"height:34px\" aria-hidden=\"true\" class=\"wp-block-spacer\"><\/div>\n\n\n\n<p>_______________________<\/p>\n\n\n\n<div style=\"height:34px\" aria-hidden=\"true\" class=\"wp-block-spacer\"><\/div>\n\n\n\n<h3 class=\"wp-block-heading\"><strong>APOIO<\/strong><\/h3>\n\n\n\n<div style=\"height:43px\" aria-hidden=\"true\" class=\"wp-block-spacer\"><\/div>\n\n\n\n<figure class=\"wp-block-image size-large is-resized\"><img loading=\"lazy\" decoding=\"async\" width=\"1024\" height=\"559\" src=\"https:\/\/www.ufmg.br\/espacodoconhecimento\/wp-content\/uploads\/2026\/03\/supermix-1024x559.jpg\" alt=\"\" class=\"wp-image-9041\" style=\"width:285px;height:auto\" srcset=\"https:\/\/www.ufmg.br\/espacodoconhecimento\/wp-content\/uploads\/2026\/03\/supermix-1024x559.jpg 1024w, https:\/\/www.ufmg.br\/espacodoconhecimento\/wp-content\/uploads\/2026\/03\/supermix-300x164.jpg 300w, https:\/\/www.ufmg.br\/espacodoconhecimento\/wp-content\/uploads\/2026\/03\/supermix-768x419.jpg 768w, https:\/\/www.ufmg.br\/espacodoconhecimento\/wp-content\/uploads\/2026\/03\/supermix-1536x838.jpg 1536w, https:\/\/www.ufmg.br\/espacodoconhecimento\/wp-content\/uploads\/2026\/03\/supermix-2048x1118.jpg 2048w\" sizes=\"(max-width: 1024px) 100vw, 1024px\" \/><\/figure>\n\n\n\n<div style=\"height:34px\" aria-hidden=\"true\" class=\"wp-block-spacer\"><\/div>\n\n\n\n<p>A <strong>Supermix <\/strong>\u00e9 uma das maiores empresas de concreto e argamassa do Brasil, com presen\u00e7a consolidada no mercado, mais de 140 filiais distribu\u00eddas pelo territ\u00f3rio nacional e cinco d\u00e9cadas de atua\u00e7\u00e3o em obras de infraestrutura, constru\u00e7\u00e3o civil e solu\u00e7\u00f5es t\u00e9cnicas. Nosso compromisso com inova\u00e7\u00e3o, qualidade e sustentabilidade reflete-se na contribui\u00e7\u00e3o para o desenvolvimento das cidades e da infraestrutura brasileira. Valorizamos iniciativas que promovem ci\u00eancia, cultura e educa\u00e7\u00e3o, pois acreditamos que o conhecimento \u00e9 um agente transformador da sociedade. Por isso, temos orgulho em apoiar o Espa\u00e7o do Conhecimento UFMG, iniciativa que aproxima pessoas de experi\u00eancias educativas, cient\u00edficas e culturais.<\/p>\n\n\n\n<div style=\"height:48px\" aria-hidden=\"true\" class=\"wp-block-spacer\"><\/div>\n\n\n\n<figure class=\"wp-block-image size-large is-resized\"><img loading=\"lazy\" decoding=\"async\" width=\"1024\" height=\"376\" src=\"https:\/\/www.ufmg.br\/espacodoconhecimento\/wp-content\/uploads\/2026\/02\/logo-blip-1024x376.png\" alt=\"\" class=\"wp-image-8610\" style=\"width:230px;height:auto\" srcset=\"https:\/\/www.ufmg.br\/espacodoconhecimento\/wp-content\/uploads\/2026\/02\/logo-blip-1024x376.png 1024w, https:\/\/www.ufmg.br\/espacodoconhecimento\/wp-content\/uploads\/2026\/02\/logo-blip-300x110.png 300w, https:\/\/www.ufmg.br\/espacodoconhecimento\/wp-content\/uploads\/2026\/02\/logo-blip-768x282.png 768w, https:\/\/www.ufmg.br\/espacodoconhecimento\/wp-content\/uploads\/2026\/02\/logo-blip.png 1239w\" sizes=\"(max-width: 1024px) 100vw, 1024px\" \/><\/figure>\n\n\n\n<div style=\"height:34px\" aria-hidden=\"true\" class=\"wp-block-spacer\"><\/div>\n\n\n\n<p><strong>Blip<\/strong><\/p>\n\n\n\n<p>A <strong>Blip <\/strong>\u00e9 a principal plataforma de intelig\u00eancia conversacional que conecta marcas e consumidores em aplicativos sociais, como WhatsApp, Instagram, Messenger, RCS e Apple. Saiba mais <a href=\"https:\/\/www.blip.ai\/\" target=\"_blank\" rel=\"noreferrer noopener\">sobre a organiza\u00e7\u00e3o!<\/a><\/p>\n\n\n\n<div style=\"height:50px\" aria-hidden=\"true\" class=\"wp-block-spacer\"><\/div>\n\n\n\n<figure class=\"wp-block-image size-full is-resized\"><img loading=\"lazy\" decoding=\"async\" width=\"3488\" height=\"1084\" src=\"https:\/\/www.ufmg.br\/espacodoconhecimento\/wp-content\/uploads\/2026\/01\/Logo-apia-azul.png\" alt=\"\" class=\"wp-image-8354\" style=\"width:228px;height:auto\" srcset=\"https:\/\/www.ufmg.br\/espacodoconhecimento\/wp-content\/uploads\/2026\/01\/Logo-apia-azul.png 3488w, https:\/\/www.ufmg.br\/espacodoconhecimento\/wp-content\/uploads\/2026\/01\/Logo-apia-azul-300x93.png 300w, https:\/\/www.ufmg.br\/espacodoconhecimento\/wp-content\/uploads\/2026\/01\/Logo-apia-azul-1024x318.png 1024w, https:\/\/www.ufmg.br\/espacodoconhecimento\/wp-content\/uploads\/2026\/01\/Logo-apia-azul-768x239.png 768w, https:\/\/www.ufmg.br\/espacodoconhecimento\/wp-content\/uploads\/2026\/01\/Logo-apia-azul-1536x477.png 1536w, https:\/\/www.ufmg.br\/espacodoconhecimento\/wp-content\/uploads\/2026\/01\/Logo-apia-azul-2048x636.png 2048w\" sizes=\"(max-width: 3488px) 100vw, 3488px\" \/><\/figure>\n\n\n\n<div style=\"height:34px\" aria-hidden=\"true\" class=\"wp-block-spacer\"><\/div>\n\n\n\n<p><strong>Construtora \u00c1PIA<\/strong><\/p>\n\n\n\n<div style=\"height:10px\" aria-hidden=\"true\" class=\"wp-block-spacer\"><\/div>\n\n\n\n<p>Desde 1960, a <strong>Construtora \u00c1PIA<\/strong> tem sido um pilar no segmento de Constru\u00e7\u00e3o Pesada no Brasil, atuando em infraestrutura p\u00fablica e privada. Com uma trajet\u00f3ria marcada pela excel\u00eancia e inova\u00e7\u00e3o, consolidamos nossa expertise em centenas de obras que abrangem rodovias, sistemas de saneamento, ferrovias, barragens, obras de infraestrutura urbana e industrial. Adotamos pr\u00e1ticas que promovem a sustentabilidade ambiental, social e de governan\u00e7a, visando um futuro melhor para todos. Nossas a\u00e7\u00f5es est\u00e3o alinhadas aos Objetivos de Desenvolvimento Sustent\u00e1vel (ODS), contribuindo para o desenvolvimento econ\u00f4mico e social de forma respons\u00e1vel. Valorizamos e respeitamos a diversidade, promovendo um ambiente inclusivo e equitativo, onde todos t\u00eam oportunidades iguais de crescimento e sucesso.<\/p>\n","protected":false},"excerpt":{"rendered":"<p>CONHE\u00c7A NOSSOS PATROCINADORES E PARCEIROS O Espa\u00e7o do Conhecimento UFMG agradece seus patrocinadores por&nbsp;contribu\u00edrem&nbsp;com a realiza\u00e7\u00e3o da programa\u00e7\u00e3o cultural, cient\u00edfica e&nbsp;educativa.&nbsp;A manuten\u00e7\u00e3o e expans\u00e3o das atividades&nbsp;do museu&nbsp;\u00e9 poss\u00edvel gra\u00e7as a esse apoio. PATROC\u00cdNIO Instituto Unimed-BH O&nbsp;Instituto Unimed-BH&nbsp;completou 20 anos em 2023. A associa\u00e7\u00e3o sem fins lucrativos foi criada em 2003 e, desde ent\u00e3o, desenvolve projetos [&hellip;]<\/p>\n","protected":false},"author":3,"featured_media":1910,"parent":0,"menu_order":0,"comment_status":"closed","ping_status":"closed","template":"","meta":{"_acf_changed":false,"footnotes":""},"class_list":["post-245","page","type-page","status-publish","has-post-thumbnail","hentry"],"acf":[],"_links":{"self":[{"href":"https:\/\/www.ufmg.br\/espacodoconhecimento\/wp-json\/wp\/v2\/pages\/245"}],"collection":[{"href":"https:\/\/www.ufmg.br\/espacodoconhecimento\/wp-json\/wp\/v2\/pages"}],"about":[{"href":"https:\/\/www.ufmg.br\/espacodoconhecimento\/wp-json\/wp\/v2\/types\/page"}],"author":[{"embeddable":true,"href":"https:\/\/www.ufmg.br\/espacodoconhecimento\/wp-json\/wp\/v2\/users\/3"}],"replies":[{"embeddable":true,"href":"https:\/\/www.ufmg.br\/espacodoconhecimento\/wp-json\/wp\/v2\/comments?post=245"}],"version-history":[{"count":21,"href":"https:\/\/www.ufmg.br\/espacodoconhecimento\/wp-json\/wp\/v2\/pages\/245\/revisions"}],"predecessor-version":[{"id":9045,"href":"https:\/\/www.ufmg.br\/espacodoconhecimento\/wp-json\/wp\/v2\/pages\/245\/revisions\/9045"}],"wp:featuredmedia":[{"embeddable":true,"href":"https:\/\/www.ufmg.br\/espacodoconhecimento\/wp-json\/wp\/v2\/media\/1910"}],"wp:attachment":[{"href":"https:\/\/www.ufmg.br\/espacodoconhecimento\/wp-json\/wp\/v2\/media?parent=245"}],"curies":[{"name":"wp","href":"https:\/\/api.w.org\/{rel}","templated":true}]}}