{"id":261,"date":"2025-07-24T09:41:37","date_gmt":"2025-07-24T12:41:37","guid":{"rendered":"https:\/\/www.ufmg.br\/espacodoconhecimento\/novo\/?page_id=261"},"modified":"2026-01-08T11:26:55","modified_gmt":"2026-01-08T14:26:55","slug":"informacoes-gerais","status":"publish","type":"page","link":"https:\/\/www.ufmg.br\/espacodoconhecimento\/planetario\/informacoes-gerais\/","title":{"rendered":"Informa\u00e7\u00f5es Gerais"},"content":{"rendered":"\n<figure class=\"wp-block-image size-large\"><img loading=\"lazy\" decoding=\"async\" width=\"1024\" height=\"450\" src=\"https:\/\/www.ufmg.br\/espacodoconhecimento\/novo\/wp-content\/uploads\/2025\/11\/planetario-ec-ufmg-ana-valvassori-e-vanessa-lemos-espaco-do-conhecimento-ufmg-1024x450.jpg\" alt=\"\" class=\"wp-image-6792\" srcset=\"https:\/\/www.ufmg.br\/espacodoconhecimento\/wp-content\/uploads\/2025\/11\/planetario-ec-ufmg-ana-valvassori-e-vanessa-lemos-espaco-do-conhecimento-ufmg-1024x450.jpg 1024w, https:\/\/www.ufmg.br\/espacodoconhecimento\/wp-content\/uploads\/2025\/11\/planetario-ec-ufmg-ana-valvassori-e-vanessa-lemos-espaco-do-conhecimento-ufmg-300x132.jpg 300w, https:\/\/www.ufmg.br\/espacodoconhecimento\/wp-content\/uploads\/2025\/11\/planetario-ec-ufmg-ana-valvassori-e-vanessa-lemos-espaco-do-conhecimento-ufmg-768x337.jpg 768w, https:\/\/www.ufmg.br\/espacodoconhecimento\/wp-content\/uploads\/2025\/11\/planetario-ec-ufmg-ana-valvassori-e-vanessa-lemos-espaco-do-conhecimento-ufmg-1536x674.jpg 1536w, https:\/\/www.ufmg.br\/espacodoconhecimento\/wp-content\/uploads\/2025\/11\/planetario-ec-ufmg-ana-valvassori-e-vanessa-lemos-espaco-do-conhecimento-ufmg-2048x899.jpg 2048w\" sizes=\"(max-width: 1024px) 100vw, 1024px\" \/><\/figure>\n\n\n\n<div style=\"height:37px\" aria-hidden=\"true\" class=\"wp-block-spacer\"><\/div>\n\n\n\n<h3 class=\"wp-block-heading\">PLANET\u00c1RIO<\/h3>\n\n\n\n<h4 class=\"wp-block-heading\"><a href=\"https:\/\/www.ufmg.br\/espacodoconhecimento\/planetario\/programacao\/\" target=\"_blank\" rel=\"noreferrer noopener\"><mark style=\"background-color:rgba(0, 0, 0, 0)\" class=\"has-inline-color has-vivid-cyan-blue-color\"><strong>CLIQUE E ACESSE A PROGRAMA\u00c7\u00c3O<\/strong><\/mark><\/a><\/h4>\n\n\n\n<div style=\"height:30px\" aria-hidden=\"true\" class=\"wp-block-spacer\"><\/div>\n\n\n\n<p><mark style=\"background-color:rgba(0, 0, 0, 0)\" class=\"has-inline-color has-black-color\">Uma experi\u00eancia \u00fanica em Minas Gerais! No Planet\u00e1rio do Espa\u00e7o do Conhecimento UFMG, o p\u00fablico tem uma&nbsp;vis\u00e3o de 180\u00ba x 360\u00ba:&nbsp;todo o ambiente se transforma em&nbsp;<strong>cinema imersivo<\/strong>, com sensa\u00e7\u00e3o de profundidade e total envolvimento. A sala conta com um sistema composto por projetores digitais SONY GTZ380, com resolu\u00e7\u00e3o 4K, cores v\u00edvidas e contraste vibrante e pelo projetor \u00f3ptico-mec\u00e2nico&nbsp;Skymaster ZKP4. Em um&nbsp;domo de<strong> 9 metros de di\u00e2metro<\/strong>, o encontro dessas tecnologias permite a realiza\u00e7\u00e3o de sess\u00f5es comentadas pela equipe de Astronomia do museu e sess\u00f5es de filmes digitais&nbsp;fulldome. Instalado no quinto andar, com cadeiras reclin\u00e1veis e sala climatizada, o Planet\u00e1rio tem capacidade total de&nbsp;<strong>61 pessoas&nbsp;<\/strong>e funciona em sess\u00f5es regulares ao longo da semana.&nbsp;<\/mark><\/p>\n\n\n\n<div style=\"height:36px\" aria-hidden=\"true\" class=\"wp-block-spacer\"><\/div>\n\n\n\n<h3 class=\"wp-block-heading\">ACESSIBILIDADE<\/h3>\n\n\n\n<p>Para a realiza\u00e7\u00e3o da visita ao Planet\u00e1rio, informamos que esta experi\u00eancia cont\u00e9m:<\/p>\n\n\n\n<ul class=\"wp-block-list\">\n<li>est\u00edmulos visuais;<\/li>\n\n\n\n<li>est\u00edmulos sonoros;<\/li>\n\n\n\n<li>ambiente frio e&nbsp;escuro.<\/li>\n<\/ul>\n\n\n\n<div style=\"height:8px\" aria-hidden=\"true\" class=\"wp-block-spacer\"><\/div>\n\n\n\n<p>Recomendamos o uso de agasalhos e indicamos a disponibilidade de abafadores, que minimizam o ru\u00eddo sonoro. Se preciso, solicite na recep\u00e7\u00e3o ou aos mediadores. Caso seja necess\u00e1rio retirar-se do planet\u00e1rio durante a apresenta\u00e7\u00e3o, comunique ao respons\u00e1vel pela sess\u00e3o para que voc\u00ea seja encaminhado, com seguran\u00e7a, para a sa\u00edda.<\/p>\n\n\n\n<div style=\"height:36px\" aria-hidden=\"true\" class=\"wp-block-spacer\"><\/div>\n\n\n\n<p>_________<\/p>\n\n\n\n<h3 class=\"wp-block-heading\">FUNCIONAMENTO E INGRESSOS<\/h3>\n\n\n\n<ul class=\"wp-block-list\">\n<li>A compra dos ingressos ocorre no dia da sess\u00e3o&nbsp;<strong>EXCLUSIVAMENTE&nbsp;<\/strong>na recep\u00e7\u00e3o do museu, a partir de 1h antes do in\u00edcio da sess\u00e3o escolhida.<\/li>\n<\/ul>\n\n\n\n<div style=\"height:16px\" aria-hidden=\"true\" class=\"wp-block-spacer\"><\/div>\n\n\n\n<p>As sess\u00f5es iniciam-se pontualmente, n\u00e3o sendo permitida a entrada ap\u00f3s o hor\u00e1rio marcado. Trocas ou devolu\u00e7\u00f5es de bilhetes n\u00e3o ser\u00e3o realizadas.<\/p>\n\n\n\n<ul class=\"wp-block-list\">\n<li><strong>INGRESSO<\/strong>: R$ 20,00<\/li>\n\n\n\n<li><strong>MEIA-ENTRADA<\/strong>: R$ 10,00<br>Forma de pagamento: Via <strong>cart\u00e3o de d\u00e9bito<\/strong>.<\/li>\n<\/ul>\n\n\n\n<div style=\"height:36px\" aria-hidden=\"true\" class=\"wp-block-spacer\"><\/div>\n\n\n\n<p>_________<\/p>\n\n\n\n<h3 class=\"wp-block-heading\">T\u00caM DIREITO \u00c0 GRATUIDADE<\/h3>\n\n\n\n<ul class=\"wp-block-list\">\n<li>Estudantes do sistema de ensino p\u00fablico (b\u00e1sico, fundamental, m\u00e9dio e superior)<\/li>\n\n\n\n<li>Professores licenciados<\/li>\n\n\n\n<li>Servidores TAE UFMG<\/li>\n\n\n\n<li>Associados ao ICOM &#8211; International Council of Museums<\/li>\n\n\n\n<li>Graduados e tecn\u00f3logos em Turismo<\/li>\n\n\n\n<li>Guias tur\u00edsticos com registro ativo na plataforma&nbsp;CADASTUR (Cadastro dos Prestadores de Servi\u00e7os Tur\u00edsticos no Minist\u00e9rio do Turismo)<\/li>\n<\/ul>\n\n\n\n<div style=\"height:36px\" aria-hidden=\"true\" class=\"wp-block-spacer\"><\/div>\n\n\n\n<p>_________<\/p>\n\n\n\n<h3 class=\"wp-block-heading\">T\u00caM DIREITO \u00c0 MEIA-ENTRADA<\/h3>\n\n\n\n<ul class=\"wp-block-list\">\n<li>Menores de 21 anos<\/li>\n\n\n\n<li>Maiores de 60 anos<\/li>\n\n\n\n<li>Estudantes do sistema de ensino privado (b\u00e1sico, fundamental, m\u00e9dio e superior)<\/li>\n\n\n\n<li>Jovem de baixa renda (pessoa entre 15 e 29 anos que pertence \u00e0 fam\u00edlia com renda mensal de at\u00e9 dois sal\u00e1rios m\u00ednimos e inscrita no Cadastro \u00danico para Programas Sociais do Governo Federal)<\/li>\n\n\n\n<li>Pessoa com defici\u00eancia e seu acompanhante<\/li>\n<\/ul>\n\n\n\n<p><strong>Acesse a Lei da Meia-entrada <a href=\"http:\/\/www.planalto.gov.br\/ccivil_03\/_Ato2011-2014\/2013\/Lei\/L12933.htm\" target=\"_blank\" rel=\"noreferrer noopener\"><mark style=\"background-color:rgba(0, 0, 0, 0)\" class=\"has-inline-color has-vivid-cyan-blue-color\">aqui<\/mark><\/a><\/strong><\/p>\n\n\n\n<div style=\"height:36px\" aria-hidden=\"true\" class=\"wp-block-spacer\"><\/div>\n\n\n\n<p>_________<\/p>\n\n\n\n<h3 class=\"wp-block-heading\">ACESSO<\/h3>\n\n\n\n<ul class=\"wp-block-list\">\n<li>A gratuidade e o acesso \u00e0 meia-entrada est\u00e3o condicionados \u00e0 apresenta\u00e7\u00e3o de documento comprobat\u00f3rio;<\/li>\n\n\n\n<li>Crian\u00e7as menores de 12 anos poder\u00e3o participar apenas acompanhadas por respons\u00e1veis, que tamb\u00e9m devem possuir ingresso;<\/li>\n\n\n\n<li>As sess\u00f5es do Planet\u00e1rio n\u00e3o s\u00e3o recomendadas para crian\u00e7as menores de 4 anos;<\/li>\n\n\n\n<li>Traga seu casaco para n\u00e3o sentir frio durante a sess\u00e3o. A temperatura no Planet\u00e1rio \u00e9 de 21\u00ba Celsius;<\/li>\n\n\n\n<li>N\u00e3o haver\u00e1 devolu\u00e7\u00e3o do dinheiro dos ingressos do Planet\u00e1rio;<\/li>\n\n\n\n<li>N\u00e3o \u00e9 permitida a entrada no Planet\u00e1rio ap\u00f3s o in\u00edcio da sess\u00e3o;<\/li>\n\n\n\n<li>N\u00e3o \u00e9 permitido portar qualquer tipo de alimento ou bebida durante a visita\u00e7\u00e3o;<\/li>\n\n\n\n<li>N\u00e3o \u00e9 permitido fotografar no Planet\u00e1rio.<\/li>\n<\/ul>\n\n\n\n<div style=\"height:36px\" aria-hidden=\"true\" class=\"wp-block-spacer\"><\/div>\n\n\n\n<h3 class=\"wp-block-heading\">_________<br><\/h3>\n\n\n\n<div style=\"height:14px\" aria-hidden=\"true\" class=\"wp-block-spacer\"><\/div>\n\n\n\n<h3 class=\"wp-block-heading\">PRODU\u00c7\u00d5ES FULLDOME DISPON\u00cdVEIS<\/h3>\n\n\n\n<p>De acordo com o artigo 4 do <mark style=\"background-color:rgba(0, 0, 0, 0)\" class=\"has-inline-color has-vivid-cyan-blue-color\"><a href=\"https:\/\/www.ufmg.br\/espacodoconhecimento\/novo\/regulamento-interno-da-comissao-curatorial-do-planetario-e-da-fachada-digital\/\" target=\"_blank\" rel=\"noreferrer noopener\"><strong>Regulamento Interno da Comiss\u00e3o Curatorial do Planet\u00e1rio e da Fachada Digital do Espa\u00e7o do Conhecimento<\/strong><\/a>, <\/mark>as atividades de pesquisa e produ\u00e7\u00e3o associadas a essas m\u00eddias devem promover, dentre outros objetivos, \u201co interc\u00e2mbio entre planet\u00e1rios, laborat\u00f3rios e outras institui\u00e7\u00f5es, tanto para difus\u00e3o dos conte\u00fados quanto para produ\u00e7\u00e3o colaborativa e promo\u00e7\u00e3o de conte\u00fados livres\u201d.<\/p>\n\n\n\n<p>A equipe do Espa\u00e7o do Conhecimento agradece o interesse em nossas produ\u00e7\u00f5es e acredita que o compartilhamento das mesmas contribui para a divulga\u00e7\u00e3o e a discuss\u00e3o cr\u00edtica do conhecimento.<\/p>\n\n\n\n<p>O formul\u00e1rio abaixo \u00e9 destinado a planet\u00e1rios interessados em exibir as produ\u00e7\u00f5es <em>fulldome <\/em>produzidas no Espa\u00e7o do Conhecimento UFMG. Acesse-o <a href=\"https:\/\/docs.google.com\/forms\/d\/e\/1FAIpQLSd287bTSEQw-aNx3MbnGVWERD_eumY5F6AFCmm4S6-AS8K7ZA\/viewform\" target=\"_blank\" rel=\"noreferrer noopener\"><strong><mark style=\"background-color:rgba(0, 0, 0, 0)\" class=\"has-inline-color has-vivid-cyan-blue-color\">clicando aqui!<\/mark><\/strong><\/a><\/p>\n\n\n\n<div style=\"height:36px\" aria-hidden=\"true\" class=\"wp-block-spacer\"><\/div>\n\n\n\n<p>_________<\/p>\n\n\n\n<h3 class=\"wp-block-heading\">PARA ENVIO DE PROPOSTAS<\/h3>\n\n\n\n<p>O Espa\u00e7o do Conhecimento recebe propostas externas para a Fachada Digital e Planet\u00e1rio. Uma vez enviadas, as propostas ser\u00e3o analisadas pela Comiss\u00e3o Curatorial dessas m\u00eddias. Para submeter uma proposta, \u00e9 necess\u00e1rio preencher o formul\u00e1rio, dispon\u00edvel <mark style=\"background-color:rgba(0, 0, 0, 0)\" class=\"has-inline-color has-vivid-cyan-blue-color\"><a href=\"https:\/\/docs.google.com\/forms\/d\/e\/1FAIpQLSfs46mHphgRQjxGrQDPZiqCa2RzcHkEIWhEHcsOnjHF0Vwx-w\/viewform\" target=\"_blank\" rel=\"noreferrer noopener\"><strong>aqui<\/strong>.<\/a>&nbsp;<\/mark>Antes, \u00e9 importante ler o<mark style=\"background-color: rgba(0, 0, 0, 0);\" class=\"has-inline-color has-black-color\"><b> <\/b><\/mark><strong><a href=\"https:\/\/www.ufmg.br\/espacodoconhecimento\/novo\/regulamento-interno-da-comissao-curatorial-do-planetario-e-da-fachada-digital\/\" target=\"_blank\" rel=\"noreferrer noopener\"><mark style=\"background-color:rgba(0, 0, 0, 0)\" class=\"has-inline-color has-vivid-cyan-blue-color\">Regulamento Interno da Comiss\u00e3o<\/mark><\/a><mark style=\"background-color:rgba(0, 0, 0, 0)\" class=\"has-inline-color has-black-color\">&nbsp;&nbsp;<\/mark><\/strong>e o&nbsp;<strong><a href=\"https:\/\/www.ufmg.br\/espacodoconhecimento\/novo\/roteiro-para-submissao-de-propostas-planetario-e-fachada-digital\/\" target=\"_blank\" rel=\"noreferrer noopener\"><mark style=\"background-color:rgba(0, 0, 0, 0)\" class=\"has-inline-color has-vivid-cyan-blue-color\">roteiro para submiss\u00f5es<\/mark><\/a> <\/strong>das propostas.<\/p>\n\n\n\n<div style=\"height:36px\" aria-hidden=\"true\" class=\"wp-block-spacer\"><\/div>\n\n\n<div class=\"wp-block-image\">\n<figure class=\"alignleft\"><a href=\"https:\/\/www.ufmg.br\/espacodoconhecimento\/wp-content\/uploads\/2017\/02\/submiss\u00e3o-de-propostas-planet\u00e1rio-e-fachada-digital-2025-1.png\"><img decoding=\"async\" src=\"https:\/\/www.ufmg.br\/espacodoconhecimento\/wp-content\/uploads\/2017\/02\/submiss\u00e3o-de-propostas-planet\u00e1rio-e-fachada-digital-2025-1-1024x694.png\" alt=\"\" class=\"wp-image-25793\"\/><\/a><\/figure><\/div>\n\n\n<p><\/p>\n","protected":false},"excerpt":{"rendered":"<p>PLANET\u00c1RIO CLIQUE E ACESSE A PROGRAMA\u00c7\u00c3O Uma experi\u00eancia \u00fanica em Minas Gerais! No Planet\u00e1rio do Espa\u00e7o do Conhecimento UFMG, o p\u00fablico tem uma&nbsp;vis\u00e3o de 180\u00ba x 360\u00ba:&nbsp;todo o ambiente se transforma em&nbsp;cinema imersivo, com sensa\u00e7\u00e3o de profundidade e total envolvimento. A sala conta com um sistema composto por projetores digitais SONY GTZ380, com resolu\u00e7\u00e3o 4K, [&hellip;]<\/p>\n","protected":false},"author":3,"featured_media":0,"parent":208,"menu_order":0,"comment_status":"closed","ping_status":"closed","template":"","meta":{"_acf_changed":false,"footnotes":""},"class_list":["post-261","page","type-page","status-publish","hentry"],"acf":[],"_links":{"self":[{"href":"https:\/\/www.ufmg.br\/espacodoconhecimento\/wp-json\/wp\/v2\/pages\/261"}],"collection":[{"href":"https:\/\/www.ufmg.br\/espacodoconhecimento\/wp-json\/wp\/v2\/pages"}],"about":[{"href":"https:\/\/www.ufmg.br\/espacodoconhecimento\/wp-json\/wp\/v2\/types\/page"}],"author":[{"embeddable":true,"href":"https:\/\/www.ufmg.br\/espacodoconhecimento\/wp-json\/wp\/v2\/users\/3"}],"replies":[{"embeddable":true,"href":"https:\/\/www.ufmg.br\/espacodoconhecimento\/wp-json\/wp\/v2\/comments?post=261"}],"version-history":[{"count":32,"href":"https:\/\/www.ufmg.br\/espacodoconhecimento\/wp-json\/wp\/v2\/pages\/261\/revisions"}],"predecessor-version":[{"id":8150,"href":"https:\/\/www.ufmg.br\/espacodoconhecimento\/wp-json\/wp\/v2\/pages\/261\/revisions\/8150"}],"up":[{"embeddable":true,"href":"https:\/\/www.ufmg.br\/espacodoconhecimento\/wp-json\/wp\/v2\/pages\/208"}],"wp:attachment":[{"href":"https:\/\/www.ufmg.br\/espacodoconhecimento\/wp-json\/wp\/v2\/media?parent=261"}],"curies":[{"name":"wp","href":"https:\/\/api.w.org\/{rel}","templated":true}]}}