{"id":273,"date":"2025-07-24T09:43:37","date_gmt":"2025-07-24T12:43:37","guid":{"rendered":"https:\/\/www.ufmg.br\/espacodoconhecimento\/novo\/?page_id=273"},"modified":"2025-08-07T08:45:49","modified_gmt":"2025-08-07T11:45:49","slug":"atividades-acessiveis","status":"publish","type":"page","link":"https:\/\/www.ufmg.br\/espacodoconhecimento\/atividades-acessiveis\/","title":{"rendered":"Atividades Acess\u00edveis"},"content":{"rendered":"\n<div style=\"height:34px\" aria-hidden=\"true\" class=\"wp-block-spacer\"><\/div>\n\n\n<figure class=\"wp-block-post-featured-image\"><img loading=\"lazy\" decoding=\"async\" width=\"2560\" height=\"1209\" src=\"https:\/\/www.ufmg.br\/espacodoconhecimento\/wp-content\/uploads\/2025\/08\/Sabado-Com-Libras-scaled.jpg\" class=\"attachment-post-thumbnail size-post-thumbnail wp-post-image\" alt=\"\" style=\"object-fit:cover;\" srcset=\"https:\/\/www.ufmg.br\/espacodoconhecimento\/wp-content\/uploads\/2025\/08\/Sabado-Com-Libras-scaled.jpg 2560w, https:\/\/www.ufmg.br\/espacodoconhecimento\/wp-content\/uploads\/2025\/08\/Sabado-Com-Libras-300x142.jpg 300w, https:\/\/www.ufmg.br\/espacodoconhecimento\/wp-content\/uploads\/2025\/08\/Sabado-Com-Libras-1024x483.jpg 1024w, https:\/\/www.ufmg.br\/espacodoconhecimento\/wp-content\/uploads\/2025\/08\/Sabado-Com-Libras-768x363.jpg 768w, https:\/\/www.ufmg.br\/espacodoconhecimento\/wp-content\/uploads\/2025\/08\/Sabado-Com-Libras-1536x725.jpg 1536w, https:\/\/www.ufmg.br\/espacodoconhecimento\/wp-content\/uploads\/2025\/08\/Sabado-Com-Libras-2048x967.jpg 2048w\" sizes=\"(max-width: 2560px) 100vw, 2560px\" \/><\/figure>\n\n\n<div style=\"height:34px\" aria-hidden=\"true\" class=\"wp-block-spacer\"><\/div>\n\n\n\n<h3 class=\"wp-block-heading\"><mark style=\"background-color:rgba(0, 0, 0, 0)\" class=\"has-inline-color has-black-color\">ATIVIDADES E OFICINAS GRATUITAS EM LIBRAS<\/mark><\/h3>\n\n\n\n<div style=\"height:34px\" aria-hidden=\"true\" class=\"wp-block-spacer\"><\/div>\n\n\n\n<p>O projeto Quinta com Libras teve in\u00edcio em abril de 2015 com o objetivo de proporcionar um espa\u00e7o para pessoas que estudam ou s\u00e3o fluentes em <strong>L\u00edngua Brasileira de Sinais (Libras)<\/strong> se encontrarem e compartilharem conhecimentos no Espa\u00e7o do Conhecimento UFMG. Nas primeiras sess\u00f5es, foram realizadas visitas mediadas \u00e0 exposi\u00e7\u00e3o de longa dura\u00e7\u00e3o &#8220;Demasiado Humano&#8221; e atividades como &#8220;Jogos do Conhecimento&#8221;. Desde novembro de 2015, o museu oferece oficinas mensais em Libras, abordando temas como teatro, astronomia, desenho e m\u00fasica.<\/p>\n\n\n\n<div style=\"height:18px\" aria-hidden=\"true\" class=\"wp-block-spacer\"><\/div>\n\n\n\n<p>Com a ado\u00e7\u00e3o dos protocolos de distanciamento social em mar\u00e7o de 2020, devido \u00e0 pandemia do novo coronav\u00edrus, os encontros presenciais foram temporariamente suspensos. Para evitar a interrup\u00e7\u00e3o do projeto, o Espa\u00e7o do Conhecimento UFMG lan\u00e7ou o &#8220;<strong>S\u00e1bado com Libras<\/strong>&#8221; em formato virtual, disponibilizado nas redes sociais do museu. Os internautas podem assistir \u00e0 atriz e int\u00e9rprete Dinalva Andrade contando hist\u00f3rias em Libras, bem como outros conte\u00fados publicados no canal do Espa\u00e7o no YouTube. Em 2022, o projeto <strong>retornou ao formato presencial<\/strong> com a realiza\u00e7\u00e3o de oficinas mensais no museu.<\/p>\n\n\n\n<div style=\"height:18px\" aria-hidden=\"true\" class=\"wp-block-spacer\"><\/div>\n\n\n\n<h4 class=\"wp-block-heading\"><a href=\"https:\/\/www.ufmg.br\/espacodoconhecimento\/novo\/programacao\/\" data-type=\"link\" data-id=\"https:\/\/www.ufmg.br\/espacodoconhecimento\/novo\/programacao\/\"><mark style=\"background-color:rgba(0, 0, 0, 0);color:#e4761f\" class=\"has-inline-color\">CLIQUE AQUI E SAIBA O QUE VEM POR A\u00cd&#8230;<\/mark><\/a><\/h4>\n\n\n\n<div style=\"height:17px\" aria-hidden=\"true\" class=\"wp-block-spacer\"><\/div>\n\n\n\n<hr class=\"wp-block-separator has-alpha-channel-opacity\"\/>\n\n\n\n<div style=\"height:17px\" aria-hidden=\"true\" class=\"wp-block-spacer\"><\/div>\n\n\n\n<p><strong><mark style=\"background-color:rgba(0, 0, 0, 0);color:#f05f2f\" class=\"has-inline-color\">Galeria de fotos:<\/mark><\/strong><\/p>\n\n\n\n<div style=\"height:17px\" aria-hidden=\"true\" class=\"wp-block-spacer\"><\/div>\n\n\n\n<figure class=\"wp-block-gallery has-nested-images columns-2 is-cropped wp-block-gallery-1 is-layout-flex wp-block-gallery-is-layout-flex\">\n<figure class=\"wp-block-image size-large\"><img loading=\"lazy\" decoding=\"async\" width=\"1024\" height=\"683\" data-id=\"2302\" src=\"https:\/\/www.ufmg.br\/espacodoconhecimento\/novo\/wp-content\/uploads\/2025\/08\/sabado-com-libras-sala-de-oficinas-1024x683-1.png\" alt=\"\" class=\"wp-image-2302\" srcset=\"https:\/\/www.ufmg.br\/espacodoconhecimento\/wp-content\/uploads\/2025\/08\/sabado-com-libras-sala-de-oficinas-1024x683-1.png 1024w, https:\/\/www.ufmg.br\/espacodoconhecimento\/wp-content\/uploads\/2025\/08\/sabado-com-libras-sala-de-oficinas-1024x683-1-300x200.png 300w, https:\/\/www.ufmg.br\/espacodoconhecimento\/wp-content\/uploads\/2025\/08\/sabado-com-libras-sala-de-oficinas-1024x683-1-768x512.png 768w\" sizes=\"(max-width: 1024px) 100vw, 1024px\" \/><figcaption class=\"wp-element-caption\"><strong><mark style=\"background-color:rgba(0, 0, 0, 0)\" class=\"has-inline-color has-white-color\">Oficinas<br><\/mark><\/strong><\/figcaption><\/figure>\n\n\n\n<figure class=\"wp-block-image size-large\"><img loading=\"lazy\" decoding=\"async\" width=\"1024\" height=\"683\" data-id=\"2303\" src=\"https:\/\/www.ufmg.br\/espacodoconhecimento\/novo\/wp-content\/uploads\/2025\/08\/sabado-com-libras-visita-mediada-1024x683-1.jpg\" alt=\"\" class=\"wp-image-2303\" srcset=\"https:\/\/www.ufmg.br\/espacodoconhecimento\/wp-content\/uploads\/2025\/08\/sabado-com-libras-visita-mediada-1024x683-1.jpg 1024w, https:\/\/www.ufmg.br\/espacodoconhecimento\/wp-content\/uploads\/2025\/08\/sabado-com-libras-visita-mediada-1024x683-1-300x200.jpg 300w, https:\/\/www.ufmg.br\/espacodoconhecimento\/wp-content\/uploads\/2025\/08\/sabado-com-libras-visita-mediada-1024x683-1-768x512.jpg 768w\" sizes=\"(max-width: 1024px) 100vw, 1024px\" \/><figcaption class=\"wp-element-caption\"><strong><mark style=\"background-color:rgba(0, 0, 0, 0)\" class=\"has-inline-color has-white-color\">Visitas Mediadas<br><\/mark><\/strong><\/figcaption><\/figure>\n\n\n\n<figure class=\"wp-block-image size-large\"><img loading=\"lazy\" decoding=\"async\" width=\"1024\" height=\"683\" data-id=\"2304\" src=\"https:\/\/www.ufmg.br\/espacodoconhecimento\/novo\/wp-content\/uploads\/2025\/08\/sabado-com-libras-cosmogonias-1024x683-1.jpg\" alt=\"\" class=\"wp-image-2304\" srcset=\"https:\/\/www.ufmg.br\/espacodoconhecimento\/wp-content\/uploads\/2025\/08\/sabado-com-libras-cosmogonias-1024x683-1.jpg 1024w, https:\/\/www.ufmg.br\/espacodoconhecimento\/wp-content\/uploads\/2025\/08\/sabado-com-libras-cosmogonias-1024x683-1-300x200.jpg 300w, https:\/\/www.ufmg.br\/espacodoconhecimento\/wp-content\/uploads\/2025\/08\/sabado-com-libras-cosmogonias-1024x683-1-768x512.jpg 768w\" sizes=\"(max-width: 1024px) 100vw, 1024px\" \/><figcaption class=\"wp-element-caption\"><strong><mark style=\"background-color:rgba(0, 0, 0, 0)\" class=\"has-inline-color has-white-color\">Cosmogonias<br><\/mark><\/strong><\/figcaption><\/figure>\n\n\n\n<figure class=\"wp-block-image size-large\"><img loading=\"lazy\" decoding=\"async\" width=\"1024\" height=\"683\" data-id=\"2305\" src=\"https:\/\/www.ufmg.br\/espacodoconhecimento\/novo\/wp-content\/uploads\/2025\/08\/sabado-com-libras-educacao-na-praca-1024x683-1.png\" alt=\"\" class=\"wp-image-2305\" srcset=\"https:\/\/www.ufmg.br\/espacodoconhecimento\/wp-content\/uploads\/2025\/08\/sabado-com-libras-educacao-na-praca-1024x683-1.png 1024w, https:\/\/www.ufmg.br\/espacodoconhecimento\/wp-content\/uploads\/2025\/08\/sabado-com-libras-educacao-na-praca-1024x683-1-300x200.png 300w, https:\/\/www.ufmg.br\/espacodoconhecimento\/wp-content\/uploads\/2025\/08\/sabado-com-libras-educacao-na-praca-1024x683-1-768x512.png 768w\" sizes=\"(max-width: 1024px) 100vw, 1024px\" \/><figcaption class=\"wp-element-caption\"><strong><mark style=\"background-color:rgba(0, 0, 0, 0)\" class=\"has-inline-color has-white-color\">Educa\u00e7\u00e3o na Pra\u00e7a<\/mark><\/strong><\/figcaption><\/figure>\n\n\n\n<figure class=\"wp-block-image size-large\"><img loading=\"lazy\" decoding=\"async\" width=\"1024\" height=\"683\" data-id=\"2306\" src=\"https:\/\/www.ufmg.br\/espacodoconhecimento\/novo\/wp-content\/uploads\/2025\/08\/sabado-com-libras-libras-para-criancas-1024x683-1.png\" alt=\"\" class=\"wp-image-2306\" srcset=\"https:\/\/www.ufmg.br\/espacodoconhecimento\/wp-content\/uploads\/2025\/08\/sabado-com-libras-libras-para-criancas-1024x683-1.png 1024w, https:\/\/www.ufmg.br\/espacodoconhecimento\/wp-content\/uploads\/2025\/08\/sabado-com-libras-libras-para-criancas-1024x683-1-300x200.png 300w, https:\/\/www.ufmg.br\/espacodoconhecimento\/wp-content\/uploads\/2025\/08\/sabado-com-libras-libras-para-criancas-1024x683-1-768x512.png 768w\" sizes=\"(max-width: 1024px) 100vw, 1024px\" \/><figcaption class=\"wp-element-caption\"><strong><mark style=\"background-color:rgba(0, 0, 0, 0)\" class=\"has-inline-color has-white-color\">Libras para Crian\u00e7as<\/mark><\/strong><\/figcaption><\/figure>\n\n\n\n<figure class=\"wp-block-image size-large\"><img loading=\"lazy\" decoding=\"async\" width=\"1024\" height=\"683\" data-id=\"2307\" src=\"https:\/\/www.ufmg.br\/espacodoconhecimento\/novo\/wp-content\/uploads\/2025\/08\/sabado-com-libras-2-1024x683-1.jpg\" alt=\"\" class=\"wp-image-2307\" srcset=\"https:\/\/www.ufmg.br\/espacodoconhecimento\/wp-content\/uploads\/2025\/08\/sabado-com-libras-2-1024x683-1.jpg 1024w, https:\/\/www.ufmg.br\/espacodoconhecimento\/wp-content\/uploads\/2025\/08\/sabado-com-libras-2-1024x683-1-300x200.jpg 300w, https:\/\/www.ufmg.br\/espacodoconhecimento\/wp-content\/uploads\/2025\/08\/sabado-com-libras-2-1024x683-1-768x512.jpg 768w\" sizes=\"(max-width: 1024px) 100vw, 1024px\" \/><figcaption class=\"wp-element-caption\"><strong><mark style=\"background-color:rgba(0, 0, 0, 0)\" class=\"has-inline-color has-white-color\">Conta\u00e7\u00e3o de Hist\u00f3rias<\/mark><\/strong><\/figcaption><\/figure>\n<\/figure>\n\n\n\n<div style=\"height:19px\" aria-hidden=\"true\" class=\"wp-block-spacer\"><\/div>\n\n\n\n<hr class=\"wp-block-separator has-alpha-channel-opacity\"\/>\n\n\n\n<div style=\"height:19px\" aria-hidden=\"true\" class=\"wp-block-spacer\"><\/div>\n\n\n\n<p>O <strong>Espa\u00e7o do Conhecimento UFMG<\/strong> estimula a constru\u00e7\u00e3o de um olhar cr\u00edtico acerca da produ\u00e7\u00e3o de saberes. Sua programa\u00e7\u00e3o diversificada inclui exposi\u00e7\u00f5es, cursos, oficinas e debates. Integrante do Circuito Liberdade, o museu \u00e9 fruto da parceria entre a UFMG e o Governo de Minas. O Espa\u00e7o integra a Pr\u00f3-reitoria de Cultura (ProCult) da Universidade e conta com a Funda\u00e7\u00e3o Rodrigo Mello Franco de Andrade (FRMFA) e a Funda\u00e7\u00e3o de Apoio da UFMG (Fundep) na gest\u00e3o administrativa-financeira de seus projetos. \u00c9 amparado pela Lei Federal de Incentivo \u00e0 Cultura e conta com patroc\u00ednio do Instituto Unimed-BH e da Cemig.<\/p>\n\n\n\n<div style=\"height:19px\" aria-hidden=\"true\" class=\"wp-block-spacer\"><\/div>\n\n\n\n<p><strong>Sobre o Instituto Unimed-BH<\/strong><\/p>\n\n\n\n<p>Associa\u00e7\u00e3o sem fins lucrativos, o Instituto Unimed-BH, desde 2003, desenvolve projetos socioculturais e ambientais visando a forma\u00e7\u00e3o da cidadania, estimular o bem-estar e a qualidade de vida das pessoas, ampliar o acesso \u00e0 cultura, valorizar os espa\u00e7os p\u00fablicos e o meio ambiente. Ao longo de sua hist\u00f3ria, o Instituto destinou cerca de R$140 milh\u00f5es por meio das Leis municipal e federal de Incentivo \u00e0 Cultura, viabilizado pelo patroc\u00ednio de mais de 5,2 mil m\u00e9dicos cooperados e colaboradores. No \u00faltimo ano, mais de 7 mil postos de trabalho foram gerados e 3,9 milh\u00f5es pessoas foram alcan\u00e7adas por meio de projetos em cinco linhas de atua\u00e7\u00e3o: Comunidade, Voluntariado, Meio Ambiente, Ado\u00e7\u00e3o de Espa\u00e7os P\u00fablicos e Cultura, que est\u00e3o alinhados aos Objetivos de Desenvolvimento Sustent\u00e1vel da Agenda 2030. <a href=\"https:\/\/resultadosinstituto.unimedbh.com.br\/2020\/\" data-type=\"link\" data-id=\"https:\/\/resultadosinstituto.unimedbh.com.br\/2020\/\"><mark style=\"background-color:rgba(0, 0, 0, 0);color:#f05f2f\" class=\"has-inline-color\">Clique aqui <\/mark><\/a>e conhe\u00e7a mais sobre os resultados do Instituto Unimed-BH.<\/p>\n\n\n\n<div style=\"height:19px\" aria-hidden=\"true\" class=\"wp-block-spacer\"><\/div>\n\n\n\n<p><strong>Sobre a Cemig<\/strong><\/p>\n\n\n\n<p>A Cemig \u00e9 a maior incentivadora de Cultura em Minas Gerais e uma das maiores do pa\u00eds, investindo em projetos culturais, esportivos e sociais, por meio das leis de dedu\u00e7\u00e3o fiscal estadual e federal; preservando o patrim\u00f4nio, a mem\u00f3ria e a identidade dos mineiros. Al\u00e9m de incentivar produtores e artistas, o apoio da Cemig traz benef\u00edcios diretos \u00e0 popula\u00e7\u00e3o, que passa a ter acesso aos bens culturais de maneira mais segura e democr\u00e1tica. A experimenta\u00e7\u00e3o tamb\u00e9m est\u00e1 aliada ao neg\u00f3cio da empresa que, al\u00e9m de trabalhar com fontes de energia limpas e de matrizes energ\u00e9ticas sustent\u00e1veis, busca continuamente a inova\u00e7\u00e3o, aliada \u00e0 pesquisa e ao desenvolvimento.<\/p>\n\n\n\n<p><\/p>\n","protected":false},"excerpt":{"rendered":"<p>ATIVIDADES E OFICINAS GRATUITAS EM LIBRAS O projeto Quinta com Libras teve in\u00edcio em abril de 2015 com o objetivo de proporcionar um espa\u00e7o para pessoas que estudam ou s\u00e3o fluentes em L\u00edngua Brasileira de Sinais (Libras) se encontrarem e compartilharem conhecimentos no Espa\u00e7o do Conhecimento UFMG. Nas primeiras sess\u00f5es, foram realizadas visitas mediadas \u00e0 [&hellip;]<\/p>\n","protected":false},"author":3,"featured_media":2301,"parent":0,"menu_order":0,"comment_status":"closed","ping_status":"closed","template":"","meta":{"_acf_changed":false,"footnotes":""},"class_list":["post-273","page","type-page","status-publish","has-post-thumbnail","hentry"],"acf":[],"_links":{"self":[{"href":"https:\/\/www.ufmg.br\/espacodoconhecimento\/wp-json\/wp\/v2\/pages\/273"}],"collection":[{"href":"https:\/\/www.ufmg.br\/espacodoconhecimento\/wp-json\/wp\/v2\/pages"}],"about":[{"href":"https:\/\/www.ufmg.br\/espacodoconhecimento\/wp-json\/wp\/v2\/types\/page"}],"author":[{"embeddable":true,"href":"https:\/\/www.ufmg.br\/espacodoconhecimento\/wp-json\/wp\/v2\/users\/3"}],"replies":[{"embeddable":true,"href":"https:\/\/www.ufmg.br\/espacodoconhecimento\/wp-json\/wp\/v2\/comments?post=273"}],"version-history":[{"count":5,"href":"https:\/\/www.ufmg.br\/espacodoconhecimento\/wp-json\/wp\/v2\/pages\/273\/revisions"}],"predecessor-version":[{"id":2481,"href":"https:\/\/www.ufmg.br\/espacodoconhecimento\/wp-json\/wp\/v2\/pages\/273\/revisions\/2481"}],"wp:featuredmedia":[{"embeddable":true,"href":"https:\/\/www.ufmg.br\/espacodoconhecimento\/wp-json\/wp\/v2\/media\/2301"}],"wp:attachment":[{"href":"https:\/\/www.ufmg.br\/espacodoconhecimento\/wp-json\/wp\/v2\/media?parent=273"}],"curies":[{"name":"wp","href":"https:\/\/api.w.org\/{rel}","templated":true}]}}