{"id":280,"date":"2025-07-24T09:44:39","date_gmt":"2025-07-24T12:44:39","guid":{"rendered":"https:\/\/www.ufmg.br\/espacodoconhecimento\/novo\/?page_id=280"},"modified":"2025-12-16T16:19:20","modified_gmt":"2025-12-16T19:19:20","slug":"podcast-pilulas-do-conhecimento","status":"publish","type":"page","link":"https:\/\/www.ufmg.br\/espacodoconhecimento\/podcast-pilulas-do-conhecimento\/","title":{"rendered":"Podcast P\u00edlulas do Conhecimento"},"content":{"rendered":"\n<div style=\"height:34px\" aria-hidden=\"true\" class=\"wp-block-spacer\"><\/div>\n\n\n<figure class=\"wp-block-post-featured-image\"><img loading=\"lazy\" decoding=\"async\" width=\"2560\" height=\"887\" src=\"https:\/\/www.ufmg.br\/espacodoconhecimento\/wp-content\/uploads\/2025\/07\/Pilulas-capa-1-scaled.jpg\" class=\"attachment-post-thumbnail size-post-thumbnail wp-post-image\" alt=\"\" style=\"object-fit:cover;\" srcset=\"https:\/\/www.ufmg.br\/espacodoconhecimento\/wp-content\/uploads\/2025\/07\/Pilulas-capa-1-scaled.jpg 2560w, https:\/\/www.ufmg.br\/espacodoconhecimento\/wp-content\/uploads\/2025\/07\/Pilulas-capa-1-300x104.jpg 300w, https:\/\/www.ufmg.br\/espacodoconhecimento\/wp-content\/uploads\/2025\/07\/Pilulas-capa-1-1024x355.jpg 1024w, https:\/\/www.ufmg.br\/espacodoconhecimento\/wp-content\/uploads\/2025\/07\/Pilulas-capa-1-768x266.jpg 768w, https:\/\/www.ufmg.br\/espacodoconhecimento\/wp-content\/uploads\/2025\/07\/Pilulas-capa-1-1536x532.jpg 1536w, https:\/\/www.ufmg.br\/espacodoconhecimento\/wp-content\/uploads\/2025\/07\/Pilulas-capa-1-2048x709.jpg 2048w\" sizes=\"(max-width: 2560px) 100vw, 2560px\" \/><\/figure>\n\n\n<div style=\"height:34px\" aria-hidden=\"true\" class=\"wp-block-spacer\"><\/div>\n\n\n\n<h3 class=\"wp-block-heading\">Doses de ci\u00eancia e cultura que v\u00eam do Espa\u00e7o!<\/h3>\n\n\n\n<div style=\"height:34px\" aria-hidden=\"true\" class=\"wp-block-spacer\"><\/div>\n\n\n\n<p>Quer viajar pelo universo, explorar os mist\u00e9rios do planeta e revisitar a hist\u00f3ria da humanidade? No podcast do Espa\u00e7o, cada epis\u00f3dio \u00e9 um convite \u00e0 curiosidade e ao conhecimento: voc\u00ea pode descobrir segredos do c\u00e9u noturno, mergulhar em temas cient\u00edficos, conhecer manifesta\u00e7\u00f5es culturais e refletir sobre transforma\u00e7\u00f5es sociais que marcaram nossa trajet\u00f3ria.<\/p>\n\n\n\n<div style=\"height:34px\" aria-hidden=\"true\" class=\"wp-block-spacer\"><\/div>\n\n\n\n<p>As <em>P\u00edlulas do Conhecimento<\/em> s\u00e3o&nbsp;vers\u00f5es dos textos do Blog do Espa\u00e7o adaptadas para \u00e1udio, para voc\u00ea ouvir onde&nbsp;estiver!&nbsp;O projeto conta com a parceria do <strong><a href=\"https:\/\/lesfafichufmg.wordpress.com\/\"><mark style=\"background-color:rgba(0, 0, 0, 0)\" class=\"has-inline-color has-luminous-vivid-amber-color\">Laborat\u00f3rio de Experimenta\u00e7\u00f5es Sonoras (LES)<\/mark><\/a>,<\/strong> espa\u00e7o multidisciplinar vinculado ao Departamento de Comunica\u00e7\u00e3o Social (DCS) e \u00e0 Faculdade de Filosofia e Ci\u00eancias Humanas&nbsp;(FAFICH) da UFMG, dedicado \u00e0 pesquisa e inova\u00e7\u00e3o no campo das sonoridades. <a href=\"https:\/\/open.spotify.com\/show\/4Yz02N3TBuQxVJP8Sv9Nsz\" target=\"_blank\" rel=\"noreferrer noopener\"><strong><mark style=\"background-color:rgba(0, 0, 0, 0)\" class=\"has-inline-color has-luminous-vivid-amber-color\">Clique aqui<\/mark><\/strong><\/a>&nbsp;e d\u00ea o play!<\/p>\n\n\n\n<div style=\"height:34px\" aria-hidden=\"true\" class=\"wp-block-spacer\"><\/div>\n\n\n\n<figure class=\"wp-block-embed is-type-rich is-provider-spotify wp-block-embed-spotify wp-embed-aspect-21-9 wp-has-aspect-ratio\"><div class=\"wp-block-embed__wrapper\">\n<iframe title=\"Spotify Embed: #299 - Museus e mem\u00f3ria em BH\" style=\"border-radius: 12px\" width=\"100%\" height=\"152\" frameborder=\"0\" allowfullscreen allow=\"autoplay; clipboard-write; encrypted-media; fullscreen; picture-in-picture\" loading=\"lazy\" src=\"https:\/\/open.spotify.com\/embed\/show\/4Yz02N3TBuQxVJP8Sv9Nsz?si=5067814648374ce7&amp;utm_source=oembed\"><\/iframe>\n<\/div><\/figure>\n\n\n\n<div style=\"height:34px\" aria-hidden=\"true\" class=\"wp-block-spacer\"><\/div>\n\n\n\n<p>Dispon\u00edvel tamb\u00e9m no<strong>&nbsp;<a href=\"https:\/\/www.deezer.com\/br\/show\/639842\"><mark style=\"background-color:rgba(0, 0, 0, 0);color:#800d11\" class=\"has-inline-color\"><em>Deezer<\/em><\/mark><\/a> <\/strong>e<strong>&nbsp;<a href=\"https:\/\/podcasts.apple.com\/us\/podcast\/p%C3%ADlulas-do-conhecimento\/id1485427929?uo=4\"><mark style=\"background-color:rgba(0, 0, 0, 0);color:#800d11\" class=\"has-inline-color\"><em>Apple Podcasts!<\/em><\/mark><\/a><\/strong><\/p>\n\n\n\n<div style=\"height:34px\" aria-hidden=\"true\" class=\"wp-block-spacer\"><\/div>\n\n\n\n<p><strong>Confira tamb\u00e9m os outros podcasts do Espa\u00e7o <a href=\"http:\/\/www.ufmg.br\/espacodoconhecimento\/acontece\/podcasts\"><mark style=\"background-color:rgba(0, 0, 0, 0);color:#800d11\" class=\"has-inline-color\"><em>clicando aqui!<\/em><\/mark><\/a><\/strong><\/p>\n\n\n\n<div style=\"height:34px\" aria-hidden=\"true\" class=\"wp-block-spacer\"><\/div>\n\n\n\n<h4 class=\"wp-block-heading\"><em><strong>Ou\u00e7a o trailer do programa!<\/strong><\/em><\/h4>\n\n\n\n<div style=\"height:34px\" aria-hidden=\"true\" class=\"wp-block-spacer\"><\/div>\n\n\n\n<figure class=\"wp-block-embed is-type-rich is-provider-spotify wp-block-embed-spotify wp-embed-aspect-21-9 wp-has-aspect-ratio\"><div class=\"wp-block-embed__wrapper\">\n<iframe title=\"Spotify Embed: TRAILER - P\u00edlulas do Conhecimento\" style=\"border-radius: 12px\" width=\"100%\" height=\"152\" frameborder=\"0\" allowfullscreen allow=\"autoplay; clipboard-write; encrypted-media; fullscreen; picture-in-picture\" loading=\"lazy\" src=\"https:\/\/open.spotify.com\/embed\/episode\/65iQHBIbl5MYJKFBIQvHxd?si=hXwexT2aRuaT1yOdBqGnZg&amp;utm_source=oembed\"><\/iframe>\n<\/div><\/figure>\n\n\n\n<div style=\"height:33px\" aria-hidden=\"true\" class=\"wp-block-spacer\"><\/div>\n\n\n\n<p><strong>Realiza\u00e7\u00e3o:<\/strong><\/p>\n\n\n<div class=\"wp-block-image\">\n<figure class=\"alignleft size-large is-resized\"><img loading=\"lazy\" decoding=\"async\" width=\"1024\" height=\"234\" src=\"https:\/\/www.ufmg.br\/espacodoconhecimento\/wp-content\/uploads\/2025\/09\/Espaco-do-conhecimento-Procult-UFMG-Logo-03-1024x234.png\" alt=\"\" class=\"wp-image-4790\" style=\"width:440px;height:auto\" srcset=\"https:\/\/www.ufmg.br\/espacodoconhecimento\/wp-content\/uploads\/2025\/09\/Espaco-do-conhecimento-Procult-UFMG-Logo-03-1024x234.png 1024w, https:\/\/www.ufmg.br\/espacodoconhecimento\/wp-content\/uploads\/2025\/09\/Espaco-do-conhecimento-Procult-UFMG-Logo-03-300x68.png 300w, https:\/\/www.ufmg.br\/espacodoconhecimento\/wp-content\/uploads\/2025\/09\/Espaco-do-conhecimento-Procult-UFMG-Logo-03-768x175.png 768w, https:\/\/www.ufmg.br\/espacodoconhecimento\/wp-content\/uploads\/2025\/09\/Espaco-do-conhecimento-Procult-UFMG-Logo-03-1536x351.png 1536w, https:\/\/www.ufmg.br\/espacodoconhecimento\/wp-content\/uploads\/2025\/09\/Espaco-do-conhecimento-Procult-UFMG-Logo-03.png 1555w\" sizes=\"(max-width: 1024px) 100vw, 1024px\" \/><\/figure><\/div>\n\n\n<p><\/p>\n\n\n\n<p><\/p>\n\n\n\n<div style=\"height:25px\" aria-hidden=\"true\" class=\"wp-block-spacer\"><\/div>\n\n\n\n<p><strong>Apoio:<\/strong><\/p>\n\n\n<div class=\"wp-block-image\">\n<figure class=\"alignleft size-full is-resized\"><img loading=\"lazy\" decoding=\"async\" width=\"940\" height=\"564\" src=\"https:\/\/www.ufmg.br\/espacodoconhecimento\/wp-content\/uploads\/2025\/11\/lab-baixo-5.png\" alt=\"\" class=\"wp-image-7171\" style=\"width:157px;height:auto\" srcset=\"https:\/\/www.ufmg.br\/espacodoconhecimento\/wp-content\/uploads\/2025\/11\/lab-baixo-5.png 940w, https:\/\/www.ufmg.br\/espacodoconhecimento\/wp-content\/uploads\/2025\/11\/lab-baixo-5-300x180.png 300w, https:\/\/www.ufmg.br\/espacodoconhecimento\/wp-content\/uploads\/2025\/11\/lab-baixo-5-768x461.png 768w\" sizes=\"(max-width: 940px) 100vw, 940px\" \/><\/figure><\/div>","protected":false},"excerpt":{"rendered":"<p>Doses de ci\u00eancia e cultura que v\u00eam do Espa\u00e7o! Quer viajar pelo universo, explorar os mist\u00e9rios do planeta e revisitar a hist\u00f3ria da humanidade? No podcast do Espa\u00e7o, cada epis\u00f3dio \u00e9 um convite \u00e0 curiosidade e ao conhecimento: voc\u00ea pode descobrir segredos do c\u00e9u noturno, mergulhar em temas cient\u00edficos, conhecer manifesta\u00e7\u00f5es culturais e refletir sobre [&hellip;]<\/p>\n","protected":false},"author":3,"featured_media":716,"parent":0,"menu_order":0,"comment_status":"closed","ping_status":"closed","template":"","meta":{"_acf_changed":false,"footnotes":""},"class_list":["post-280","page","type-page","status-publish","has-post-thumbnail","hentry"],"acf":[],"_links":{"self":[{"href":"https:\/\/www.ufmg.br\/espacodoconhecimento\/wp-json\/wp\/v2\/pages\/280"}],"collection":[{"href":"https:\/\/www.ufmg.br\/espacodoconhecimento\/wp-json\/wp\/v2\/pages"}],"about":[{"href":"https:\/\/www.ufmg.br\/espacodoconhecimento\/wp-json\/wp\/v2\/types\/page"}],"author":[{"embeddable":true,"href":"https:\/\/www.ufmg.br\/espacodoconhecimento\/wp-json\/wp\/v2\/users\/3"}],"replies":[{"embeddable":true,"href":"https:\/\/www.ufmg.br\/espacodoconhecimento\/wp-json\/wp\/v2\/comments?post=280"}],"version-history":[{"count":21,"href":"https:\/\/www.ufmg.br\/espacodoconhecimento\/wp-json\/wp\/v2\/pages\/280\/revisions"}],"predecessor-version":[{"id":7820,"href":"https:\/\/www.ufmg.br\/espacodoconhecimento\/wp-json\/wp\/v2\/pages\/280\/revisions\/7820"}],"wp:featuredmedia":[{"embeddable":true,"href":"https:\/\/www.ufmg.br\/espacodoconhecimento\/wp-json\/wp\/v2\/media\/716"}],"wp:attachment":[{"href":"https:\/\/www.ufmg.br\/espacodoconhecimento\/wp-json\/wp\/v2\/media?parent=280"}],"curies":[{"name":"wp","href":"https:\/\/api.w.org\/{rel}","templated":true}]}}