{"id":282,"date":"2025-07-24T09:44:53","date_gmt":"2025-07-24T12:44:53","guid":{"rendered":"https:\/\/www.ufmg.br\/espacodoconhecimento\/novo\/?page_id=282"},"modified":"2025-12-04T14:46:08","modified_gmt":"2025-12-04T17:46:08","slug":"podcast-papo-em-pauta","status":"publish","type":"page","link":"https:\/\/www.ufmg.br\/espacodoconhecimento\/podcast-papo-em-pauta\/","title":{"rendered":"Podcast Papo em Pauta"},"content":{"rendered":"\n<p>Ciclo de conversas sobre cultura, cidadania, ci\u00eancia e bem-estar. O projeto \u00e9 uma parceria entre o Espa\u00e7o do Conhecimento UFMG, o Instituto Unimed-BH e a Cemig. A segunda temporada do podcast conta com novos convidados especiais que ir\u00e3o bater um papo sobre as mais diversas pautas contempor\u00e2neas, em epis\u00f3dios veiculados mensalmente e associados aos Objetivos de Desenvolvimento Sustent\u00e1vel (ODS), da Organiza\u00e7\u00e3o das Na\u00e7\u00f5es Unidas (ONU). Ou\u00e7a a primeira temporada <a href=\"https:\/\/www.ufmg.br\/espacodoconhecimento\/explore\/papo-em-pauta\/\"><mark style=\"background-color:rgba(0, 0, 0, 0);color:#d346d2\" class=\"has-inline-color\">aqui<\/mark><\/a>!<mark style=\"background-color:rgba(0, 0, 0, 0);color:#d72bc3\" class=\"has-inline-color\">&nbsp;<\/mark><\/p>\n\n\n\n<div style=\"height:23px\" aria-hidden=\"true\" class=\"wp-block-spacer\"><\/div>\n\n\n\n<h4 class=\"wp-block-heading\"><em><mark style=\"background-color:rgba(0, 0, 0, 0)\" class=\"has-inline-color has-black-color\">Confira os \u00faltimos epis\u00f3dios!<\/mark><\/em><\/h4>\n\n\n\n<div style=\"height:56px\" aria-hidden=\"true\" class=\"wp-block-spacer\"><\/div>\n\n\n\n<p><mark style=\"background-color:rgba(0, 0, 0, 0);color:#d52cc7\" class=\"has-inline-color\"><em><strong>3\u00aa TEMPORADA (PODCAST)<\/strong><\/em><\/mark><\/p>\n\n\n\n<div style=\"height:36px\" aria-hidden=\"true\" class=\"wp-block-spacer\"><\/div>\n\n\n\n<figure class=\"wp-block-gallery has-nested-images columns-default is-cropped wp-block-gallery-1 is-layout-flex wp-block-gallery-is-layout-flex\">\n<figure class=\"wp-block-image size-large\"><a href=\"https:\/\/www.ufmg.br\/espacodoconhecimento\/podcast-papo-em-pauta\/sonhar-futuros-como-o-conhecimento-muda-vidas\/\"><img loading=\"lazy\" decoding=\"async\" width=\"1024\" height=\"412\" data-id=\"7406\" src=\"https:\/\/www.ufmg.br\/espacodoconhecimento\/wp-content\/uploads\/2025\/12\/19.png\" alt=\"\" class=\"wp-image-7406\" srcset=\"https:\/\/www.ufmg.br\/espacodoconhecimento\/wp-content\/uploads\/2025\/12\/19.png 1024w, https:\/\/www.ufmg.br\/espacodoconhecimento\/wp-content\/uploads\/2025\/12\/19-300x121.png 300w, https:\/\/www.ufmg.br\/espacodoconhecimento\/wp-content\/uploads\/2025\/12\/19-768x309.png 768w\" sizes=\"(max-width: 1024px) 100vw, 1024px\" \/><\/a><figcaption class=\"wp-element-caption\"><mark style=\"background-color:rgba(0, 0, 0, 0)\" class=\"has-inline-color has-white-color\"> Sonhar Futuros: como o conhecimento muda vidas?<\/mark><\/figcaption><\/figure>\n\n\n\n<figure class=\"wp-block-image size-large\"><a href=\"https:\/\/www.ufmg.br\/espacodoconhecimento\/podcast-papo-em-pauta\/abracando-o-desconhecido-a-jornada-de-divulgar-ciencia-e-viajar-pelo-brasil\/\"><img loading=\"lazy\" decoding=\"async\" width=\"1024\" height=\"412\" data-id=\"7405\" src=\"https:\/\/www.ufmg.br\/espacodoconhecimento\/wp-content\/uploads\/2025\/12\/18.png\" alt=\"\" class=\"wp-image-7405\" srcset=\"https:\/\/www.ufmg.br\/espacodoconhecimento\/wp-content\/uploads\/2025\/12\/18.png 1024w, https:\/\/www.ufmg.br\/espacodoconhecimento\/wp-content\/uploads\/2025\/12\/18-300x121.png 300w, https:\/\/www.ufmg.br\/espacodoconhecimento\/wp-content\/uploads\/2025\/12\/18-768x309.png 768w\" sizes=\"(max-width: 1024px) 100vw, 1024px\" \/><\/a><figcaption class=\"wp-element-caption\"><mark style=\"background-color:rgba(0, 0, 0, 0)\" class=\"has-inline-color has-white-color\">Abra\u00e7ando o desconhecido: a jornada de divulgar ci\u00eancia e viajar pelo Brasil<\/mark><\/figcaption><\/figure>\n<\/figure>\n\n\n\n<div style=\"height:36px\" aria-hidden=\"true\" class=\"wp-block-spacer\"><\/div>\n\n\n\n<figure class=\"wp-block-gallery has-nested-images columns-default is-cropped wp-block-gallery-2 is-layout-flex wp-block-gallery-is-layout-flex\">\n<figure class=\"wp-block-image size-large\"><a href=\"https:\/\/www.ufmg.br\/espacodoconhecimento\/podcasts\/entre-estrelas-e-planetas-perspectivas-da-carreira-em-astrofisica\/\"><img loading=\"lazy\" decoding=\"async\" width=\"1024\" height=\"412\" data-id=\"7404\" src=\"https:\/\/www.ufmg.br\/espacodoconhecimento\/wp-content\/uploads\/2025\/12\/17.png\" alt=\"\" class=\"wp-image-7404\" srcset=\"https:\/\/www.ufmg.br\/espacodoconhecimento\/wp-content\/uploads\/2025\/12\/17.png 1024w, https:\/\/www.ufmg.br\/espacodoconhecimento\/wp-content\/uploads\/2025\/12\/17-300x121.png 300w, https:\/\/www.ufmg.br\/espacodoconhecimento\/wp-content\/uploads\/2025\/12\/17-768x309.png 768w\" sizes=\"(max-width: 1024px) 100vw, 1024px\" \/><\/a><figcaption class=\"wp-element-caption\"><mark style=\"background-color:rgba(0, 0, 0, 0)\" class=\"has-inline-color has-white-color\">Entre estrelas e planetas: perspectivas da carreira em astrof\u00edsica<\/mark><\/figcaption><\/figure>\n\n\n\n<figure class=\"wp-block-image size-large\"><a href=\"https:\/\/www.ufmg.br\/espacodoconhecimento\/podcast-papo-em-pauta\/fosseis-em-3d-preservacao-e-divulgacao-da-paleontologia\/\"><img loading=\"lazy\" decoding=\"async\" width=\"1024\" height=\"412\" data-id=\"7403\" src=\"https:\/\/www.ufmg.br\/espacodoconhecimento\/wp-content\/uploads\/2025\/12\/16.png\" alt=\"\" class=\"wp-image-7403\" srcset=\"https:\/\/www.ufmg.br\/espacodoconhecimento\/wp-content\/uploads\/2025\/12\/16.png 1024w, https:\/\/www.ufmg.br\/espacodoconhecimento\/wp-content\/uploads\/2025\/12\/16-300x121.png 300w, https:\/\/www.ufmg.br\/espacodoconhecimento\/wp-content\/uploads\/2025\/12\/16-768x309.png 768w\" sizes=\"(max-width: 1024px) 100vw, 1024px\" \/><\/a><figcaption class=\"wp-element-caption\"><mark style=\"background-color:rgba(0, 0, 0, 0)\" class=\"has-inline-color has-white-color\">F\u00f3sseis em 3D: preserva\u00e7\u00e3o e divulga\u00e7\u00e3o da paleontologia<\/mark><\/figcaption><\/figure>\n<\/figure>\n\n\n\n<div style=\"height:56px\" aria-hidden=\"true\" class=\"wp-block-spacer\"><\/div>\n\n\n\n<p><mark style=\"background-color:rgba(0, 0, 0, 0);color:#d52cc7\" class=\"has-inline-color\"><em><strong>2\u00aa TEMPORADA (PODCAST)<\/strong><\/em><\/mark><\/p>\n\n\n\n<div style=\"height:36px\" aria-hidden=\"true\" class=\"wp-block-spacer\"><\/div>\n\n\n\n<figure class=\"wp-block-gallery has-nested-images columns-default is-cropped wp-block-gallery-3 is-layout-flex wp-block-gallery-is-layout-flex\">\n<figure class=\"wp-block-image size-large\"><a href=\"https:\/\/www.ufmg.br\/espacodoconhecimento\/podcasts\/metodologias-ativas-e-criativas-na-educacao\/\"><img loading=\"lazy\" decoding=\"async\" width=\"1024\" height=\"412\" data-id=\"7402\" src=\"https:\/\/www.ufmg.br\/espacodoconhecimento\/wp-content\/uploads\/2025\/12\/15.png\" alt=\"\" class=\"wp-image-7402\" srcset=\"https:\/\/www.ufmg.br\/espacodoconhecimento\/wp-content\/uploads\/2025\/12\/15.png 1024w, https:\/\/www.ufmg.br\/espacodoconhecimento\/wp-content\/uploads\/2025\/12\/15-300x121.png 300w, https:\/\/www.ufmg.br\/espacodoconhecimento\/wp-content\/uploads\/2025\/12\/15-768x309.png 768w\" sizes=\"(max-width: 1024px) 100vw, 1024px\" \/><\/a><figcaption class=\"wp-element-caption\"><mark style=\"background-color:rgba(0, 0, 0, 0)\" class=\"has-inline-color has-white-color\">Metodologias ativas e criativas na educa\u00e7\u00e3o<\/mark><\/figcaption><\/figure>\n\n\n\n<figure class=\"wp-block-image size-large\"><a href=\"https:\/\/www.ufmg.br\/espacodoconhecimento\/podcast-papo-em-pauta\/alem-da-pressa-e-possivel-desacelerar\/\"><img loading=\"lazy\" decoding=\"async\" width=\"1024\" height=\"412\" data-id=\"7401\" src=\"https:\/\/www.ufmg.br\/espacodoconhecimento\/wp-content\/uploads\/2025\/12\/14.png\" alt=\"\" class=\"wp-image-7401\" srcset=\"https:\/\/www.ufmg.br\/espacodoconhecimento\/wp-content\/uploads\/2025\/12\/14.png 1024w, https:\/\/www.ufmg.br\/espacodoconhecimento\/wp-content\/uploads\/2025\/12\/14-300x121.png 300w, https:\/\/www.ufmg.br\/espacodoconhecimento\/wp-content\/uploads\/2025\/12\/14-768x309.png 768w\" sizes=\"(max-width: 1024px) 100vw, 1024px\" \/><\/a><figcaption class=\"wp-element-caption\"><mark style=\"background-color:rgba(0, 0, 0, 0)\" class=\"has-inline-color has-white-color\">Al\u00e9m da pressa: \u00e9 poss\u00edvel desacelerar?<\/mark><\/figcaption><\/figure>\n<\/figure>\n\n\n\n<div style=\"height:36px\" aria-hidden=\"true\" class=\"wp-block-spacer\"><\/div>\n\n\n\n<figure class=\"wp-block-gallery has-nested-images columns-default is-cropped wp-block-gallery-4 is-layout-flex wp-block-gallery-is-layout-flex\">\n<figure class=\"wp-block-image size-large\"><a href=\"https:\/\/www.ufmg.br\/espacodoconhecimento\/podcast-papo-em-pauta\/esporte-paralimpico-no-brasil-paris-2024\/\"><img loading=\"lazy\" decoding=\"async\" width=\"1024\" height=\"412\" data-id=\"7400\" src=\"https:\/\/www.ufmg.br\/espacodoconhecimento\/wp-content\/uploads\/2025\/12\/13.png\" alt=\"\" class=\"wp-image-7400\" srcset=\"https:\/\/www.ufmg.br\/espacodoconhecimento\/wp-content\/uploads\/2025\/12\/13.png 1024w, https:\/\/www.ufmg.br\/espacodoconhecimento\/wp-content\/uploads\/2025\/12\/13-300x121.png 300w, https:\/\/www.ufmg.br\/espacodoconhecimento\/wp-content\/uploads\/2025\/12\/13-768x309.png 768w\" sizes=\"(max-width: 1024px) 100vw, 1024px\" \/><\/a><figcaption class=\"wp-element-caption\"> Esporte Paral\u00edmpico no Brasil (Paris 2024)<\/figcaption><\/figure>\n<\/figure>\n\n\n\n<div style=\"height:56px\" aria-hidden=\"true\" class=\"wp-block-spacer\"><\/div>\n\n\n\n<p><mark style=\"background-color:rgba(0, 0, 0, 0);color:#d52cc7\" class=\"has-inline-color\"><em><strong>1\u00aa TEMPORADA (PODCAST)<\/strong><\/em><\/mark><\/p>\n\n\n\n<div style=\"height:36px\" aria-hidden=\"true\" class=\"wp-block-spacer\"><\/div>\n\n\n\n<figure class=\"wp-block-gallery has-nested-images columns-default is-cropped wp-block-gallery-5 is-layout-flex wp-block-gallery-is-layout-flex\">\n<figure class=\"wp-block-image size-full\"><a href=\"https:\/\/www.ufmg.br\/espacodoconhecimento\/podcast-papo-em-pauta\/acessibilidade-e-inclusao-dos-surdos-nas-escolas\/\"><img loading=\"lazy\" decoding=\"async\" width=\"1024\" height=\"412\" data-id=\"7399\" src=\"https:\/\/www.ufmg.br\/espacodoconhecimento\/wp-content\/uploads\/2025\/12\/12.png\" alt=\"\" class=\"wp-image-7399\" srcset=\"https:\/\/www.ufmg.br\/espacodoconhecimento\/wp-content\/uploads\/2025\/12\/12.png 1024w, https:\/\/www.ufmg.br\/espacodoconhecimento\/wp-content\/uploads\/2025\/12\/12-300x121.png 300w, https:\/\/www.ufmg.br\/espacodoconhecimento\/wp-content\/uploads\/2025\/12\/12-768x309.png 768w\" sizes=\"(max-width: 1024px) 100vw, 1024px\" \/><\/a><figcaption class=\"wp-element-caption\"><mark style=\"background-color:rgba(0, 0, 0, 0)\" class=\"has-inline-color has-white-color\">Acessibilidade e inclus\u00e3o dos surdos nas escolas<\/mark><\/figcaption><\/figure>\n\n\n\n<figure class=\"wp-block-image size-full\"><a href=\"https:\/\/www.ufmg.br\/espacodoconhecimento\/podcast-papo-em-pauta\/perspectivas-de-estudos-universitarios-em-outro-pais\/\"><img loading=\"lazy\" decoding=\"async\" width=\"1024\" height=\"412\" data-id=\"7398\" src=\"https:\/\/www.ufmg.br\/espacodoconhecimento\/wp-content\/uploads\/2025\/12\/11.png\" alt=\"\" class=\"wp-image-7398\" srcset=\"https:\/\/www.ufmg.br\/espacodoconhecimento\/wp-content\/uploads\/2025\/12\/11.png 1024w, https:\/\/www.ufmg.br\/espacodoconhecimento\/wp-content\/uploads\/2025\/12\/11-300x121.png 300w, https:\/\/www.ufmg.br\/espacodoconhecimento\/wp-content\/uploads\/2025\/12\/11-768x309.png 768w\" sizes=\"(max-width: 1024px) 100vw, 1024px\" \/><\/a><figcaption class=\"wp-element-caption\"><mark style=\"background-color:rgba(0, 0, 0, 0)\" class=\"has-inline-color has-white-color\">Perspectivas de estudos universit\u00e1rios em outro pa\u00eds<\/mark><\/figcaption><\/figure>\n<\/figure>\n\n\n\n<div style=\"height:36px\" aria-hidden=\"true\" class=\"wp-block-spacer\"><\/div>\n\n\n\n<figure class=\"wp-block-gallery has-nested-images columns-default is-cropped wp-block-gallery-6 is-layout-flex wp-block-gallery-is-layout-flex\">\n<figure class=\"wp-block-image size-large\"><a href=\"https:\/\/www.ufmg.br\/espacodoconhecimento\/podcast-papo-em-pauta\/turismo-literario\/\"><img loading=\"lazy\" decoding=\"async\" width=\"1024\" height=\"412\" data-id=\"7397\" src=\"https:\/\/www.ufmg.br\/espacodoconhecimento\/wp-content\/uploads\/2025\/12\/10.png\" alt=\"\" class=\"wp-image-7397\" srcset=\"https:\/\/www.ufmg.br\/espacodoconhecimento\/wp-content\/uploads\/2025\/12\/10.png 1024w, https:\/\/www.ufmg.br\/espacodoconhecimento\/wp-content\/uploads\/2025\/12\/10-300x121.png 300w, https:\/\/www.ufmg.br\/espacodoconhecimento\/wp-content\/uploads\/2025\/12\/10-768x309.png 768w\" sizes=\"(max-width: 1024px) 100vw, 1024px\" \/><\/a><figcaption class=\"wp-element-caption\"><mark style=\"background-color:rgba(0, 0, 0, 0)\" class=\"has-inline-color has-white-color\">Turismo Liter\u00e1rio<\/mark><\/figcaption><\/figure>\n\n\n\n<figure class=\"wp-block-image size-large\"><a href=\"https:\/\/www.ufmg.br\/espacodoconhecimento\/podcast-papo-em-pauta\/o-que-sao-os-odios-contemporaneos\/\"><img loading=\"lazy\" decoding=\"async\" width=\"1024\" height=\"412\" data-id=\"7396\" src=\"https:\/\/www.ufmg.br\/espacodoconhecimento\/wp-content\/uploads\/2025\/12\/9.png\" alt=\"\" class=\"wp-image-7396\" srcset=\"https:\/\/www.ufmg.br\/espacodoconhecimento\/wp-content\/uploads\/2025\/12\/9.png 1024w, https:\/\/www.ufmg.br\/espacodoconhecimento\/wp-content\/uploads\/2025\/12\/9-300x121.png 300w, https:\/\/www.ufmg.br\/espacodoconhecimento\/wp-content\/uploads\/2025\/12\/9-768x309.png 768w\" sizes=\"(max-width: 1024px) 100vw, 1024px\" \/><\/a><figcaption class=\"wp-element-caption\"><mark style=\"background-color:rgba(0, 0, 0, 0)\" class=\"has-inline-color has-white-color\">O que s\u00e3o os \u00f3dios contempor\u00e2neos?<\/mark><\/figcaption><\/figure>\n<\/figure>\n\n\n\n<div style=\"height:56px\" aria-hidden=\"true\" class=\"wp-block-spacer\"><\/div>\n\n\n\n<p><mark style=\"background-color:rgba(0, 0, 0, 0);color:#d52cc7\" class=\"has-inline-color\"><em><strong>1\u00aa TEMPORADA (V\u00cdDEO)<\/strong><\/em><\/mark><\/p>\n\n\n\n<div style=\"height:36px\" aria-hidden=\"true\" class=\"wp-block-spacer\"><\/div>\n\n\n\n<figure class=\"wp-block-gallery has-nested-images columns-default is-cropped wp-block-gallery-7 is-layout-flex wp-block-gallery-is-layout-flex\">\n<figure class=\"wp-block-image size-large\"><a href=\"https:\/\/www.ufmg.br\/espacodoconhecimento\/podcast-papo-em-pauta\/heteroidentificacao-racial-na-ufmg\/\"><img loading=\"lazy\" decoding=\"async\" width=\"1024\" height=\"412\" data-id=\"7395\" src=\"https:\/\/www.ufmg.br\/espacodoconhecimento\/wp-content\/uploads\/2025\/12\/8.png\" alt=\"\" class=\"wp-image-7395\" srcset=\"https:\/\/www.ufmg.br\/espacodoconhecimento\/wp-content\/uploads\/2025\/12\/8.png 1024w, https:\/\/www.ufmg.br\/espacodoconhecimento\/wp-content\/uploads\/2025\/12\/8-300x121.png 300w, https:\/\/www.ufmg.br\/espacodoconhecimento\/wp-content\/uploads\/2025\/12\/8-768x309.png 768w\" sizes=\"(max-width: 1024px) 100vw, 1024px\" \/><\/a><figcaption class=\"wp-element-caption\"><mark style=\"background-color:rgba(0, 0, 0, 0)\" class=\"has-inline-color has-white-color\">Heteroidentifica\u00e7\u00e3o racial na UFMG<\/mark><\/figcaption><\/figure>\n\n\n\n<figure class=\"wp-block-image size-large\"><a href=\"https:\/\/www.ufmg.br\/espacodoconhecimento\/podcast-papo-em-pauta\/musicalizacao-na-primeira-infancia\/\"><img loading=\"lazy\" decoding=\"async\" width=\"1024\" height=\"412\" data-id=\"7394\" src=\"https:\/\/www.ufmg.br\/espacodoconhecimento\/wp-content\/uploads\/2025\/12\/7.png\" alt=\"\" class=\"wp-image-7394\" srcset=\"https:\/\/www.ufmg.br\/espacodoconhecimento\/wp-content\/uploads\/2025\/12\/7.png 1024w, https:\/\/www.ufmg.br\/espacodoconhecimento\/wp-content\/uploads\/2025\/12\/7-300x121.png 300w, https:\/\/www.ufmg.br\/espacodoconhecimento\/wp-content\/uploads\/2025\/12\/7-768x309.png 768w\" sizes=\"(max-width: 1024px) 100vw, 1024px\" \/><\/a><figcaption class=\"wp-element-caption\"><mark style=\"background-color:rgba(0, 0, 0, 0)\" class=\"has-inline-color has-white-color\">Musicaliza\u00e7\u00e3o na primeira inf\u00e2ncia<\/mark><\/figcaption><\/figure>\n<\/figure>\n\n\n\n<div style=\"height:36px\" aria-hidden=\"true\" class=\"wp-block-spacer\"><\/div>\n\n\n\n<figure class=\"wp-block-gallery has-nested-images columns-default is-cropped wp-block-gallery-8 is-layout-flex wp-block-gallery-is-layout-flex\">\n<figure class=\"wp-block-image size-large\"><a href=\"https:\/\/www.ufmg.br\/espacodoconhecimento\/podcast-papo-em-pauta\/experiencias-afetivas-em-acessibilidade-e-inclusao\/\"><img loading=\"lazy\" decoding=\"async\" width=\"1024\" height=\"412\" data-id=\"7393\" src=\"https:\/\/www.ufmg.br\/espacodoconhecimento\/wp-content\/uploads\/2025\/12\/6.png\" alt=\"\" class=\"wp-image-7393\" srcset=\"https:\/\/www.ufmg.br\/espacodoconhecimento\/wp-content\/uploads\/2025\/12\/6.png 1024w, https:\/\/www.ufmg.br\/espacodoconhecimento\/wp-content\/uploads\/2025\/12\/6-300x121.png 300w, https:\/\/www.ufmg.br\/espacodoconhecimento\/wp-content\/uploads\/2025\/12\/6-768x309.png 768w\" sizes=\"(max-width: 1024px) 100vw, 1024px\" \/><\/a><figcaption class=\"wp-element-caption\"><mark style=\"background-color:rgba(0, 0, 0, 0)\" class=\"has-inline-color has-white-color\">Experi\u00eancias afetivas em acessibilidade e inclus\u00e3o<\/mark><\/figcaption><\/figure>\n\n\n\n<figure class=\"wp-block-image size-large\"><a href=\"https:\/\/www.ufmg.br\/espacodoconhecimento\/podcast-papo-em-pauta\/territorio-indigena\/\"><img loading=\"lazy\" decoding=\"async\" width=\"1024\" height=\"412\" data-id=\"7392\" src=\"https:\/\/www.ufmg.br\/espacodoconhecimento\/wp-content\/uploads\/2025\/12\/5.png\" alt=\"\" class=\"wp-image-7392\" srcset=\"https:\/\/www.ufmg.br\/espacodoconhecimento\/wp-content\/uploads\/2025\/12\/5.png 1024w, https:\/\/www.ufmg.br\/espacodoconhecimento\/wp-content\/uploads\/2025\/12\/5-300x121.png 300w, https:\/\/www.ufmg.br\/espacodoconhecimento\/wp-content\/uploads\/2025\/12\/5-768x309.png 768w\" sizes=\"(max-width: 1024px) 100vw, 1024px\" \/><\/a><figcaption class=\"wp-element-caption\"><mark style=\"background-color:rgba(0, 0, 0, 0)\" class=\"has-inline-color has-white-color\">Territ\u00f3rio Ind\u00edgena<\/mark><\/figcaption><\/figure>\n<\/figure>\n\n\n\n<div style=\"height:36px\" aria-hidden=\"true\" class=\"wp-block-spacer\"><\/div>\n\n\n\n<figure class=\"wp-block-gallery has-nested-images columns-default is-cropped wp-block-gallery-9 is-layout-flex wp-block-gallery-is-layout-flex\">\n<figure class=\"wp-block-image size-large\"><a href=\"https:\/\/www.ufmg.br\/espacodoconhecimento\/podcast-papo-em-pauta\/convivencia-trabalho-e-pandemia\/\"><img loading=\"lazy\" decoding=\"async\" width=\"1024\" height=\"412\" data-id=\"7391\" src=\"https:\/\/www.ufmg.br\/espacodoconhecimento\/wp-content\/uploads\/2025\/12\/4.png\" alt=\"\" class=\"wp-image-7391\" srcset=\"https:\/\/www.ufmg.br\/espacodoconhecimento\/wp-content\/uploads\/2025\/12\/4.png 1024w, https:\/\/www.ufmg.br\/espacodoconhecimento\/wp-content\/uploads\/2025\/12\/4-300x121.png 300w, https:\/\/www.ufmg.br\/espacodoconhecimento\/wp-content\/uploads\/2025\/12\/4-768x309.png 768w\" sizes=\"(max-width: 1024px) 100vw, 1024px\" \/><\/a><figcaption class=\"wp-element-caption\"><mark style=\"background-color:rgba(0, 0, 0, 0)\" class=\"has-inline-color has-white-color\">Conviv\u00eancia, trabalho e pandemia<\/mark><\/figcaption><\/figure>\n\n\n\n<figure class=\"wp-block-image size-large\"><a href=\"https:\/\/www.ufmg.br\/espacodoconhecimento\/podcast-papo-em-pauta\/tempo-de-tela-e-seus-impactos\/\"><img loading=\"lazy\" decoding=\"async\" width=\"1024\" height=\"412\" data-id=\"7390\" src=\"https:\/\/www.ufmg.br\/espacodoconhecimento\/wp-content\/uploads\/2025\/12\/3.png\" alt=\"\" class=\"wp-image-7390\" srcset=\"https:\/\/www.ufmg.br\/espacodoconhecimento\/wp-content\/uploads\/2025\/12\/3.png 1024w, https:\/\/www.ufmg.br\/espacodoconhecimento\/wp-content\/uploads\/2025\/12\/3-300x121.png 300w, https:\/\/www.ufmg.br\/espacodoconhecimento\/wp-content\/uploads\/2025\/12\/3-768x309.png 768w\" sizes=\"(max-width: 1024px) 100vw, 1024px\" \/><\/a><figcaption class=\"wp-element-caption\"><mark style=\"background-color:rgba(0, 0, 0, 0)\" class=\"has-inline-color has-white-color\">Tempo de tela e seus impactos<\/mark><\/figcaption><\/figure>\n<\/figure>\n\n\n\n<div style=\"height:36px\" aria-hidden=\"true\" class=\"wp-block-spacer\"><\/div>\n\n\n\n<figure class=\"wp-block-gallery has-nested-images columns-default is-cropped wp-block-gallery-10 is-layout-flex wp-block-gallery-is-layout-flex\">\n<figure class=\"wp-block-image size-large\"><a href=\"https:\/\/www.ufmg.br\/espacodoconhecimento\/podcast-papo-em-pauta\/protecao-e-cuidado\/\"><img loading=\"lazy\" decoding=\"async\" width=\"1024\" height=\"412\" data-id=\"7389\" src=\"https:\/\/www.ufmg.br\/espacodoconhecimento\/wp-content\/uploads\/2025\/12\/2.png\" alt=\"\" class=\"wp-image-7389\" srcset=\"https:\/\/www.ufmg.br\/espacodoconhecimento\/wp-content\/uploads\/2025\/12\/2.png 1024w, https:\/\/www.ufmg.br\/espacodoconhecimento\/wp-content\/uploads\/2025\/12\/2-300x121.png 300w, https:\/\/www.ufmg.br\/espacodoconhecimento\/wp-content\/uploads\/2025\/12\/2-768x309.png 768w\" sizes=\"(max-width: 1024px) 100vw, 1024px\" \/><\/a><figcaption class=\"wp-element-caption\"><mark style=\"background-color:rgba(0, 0, 0, 0)\" class=\"has-inline-color has-white-color\">Prote\u00e7\u00e3o e cuidado<\/mark><\/figcaption><\/figure>\n\n\n\n<figure class=\"wp-block-image size-large\"><a href=\"https:\/\/www.ufmg.br\/espacodoconhecimento\/podcast-papo-em-pauta\/objetivos-de-desenvolvimento-sustentavel-ods\/\"><img loading=\"lazy\" decoding=\"async\" width=\"1024\" height=\"412\" data-id=\"7388\" src=\"https:\/\/www.ufmg.br\/espacodoconhecimento\/wp-content\/uploads\/2025\/12\/1.png\" alt=\"\" class=\"wp-image-7388\" srcset=\"https:\/\/www.ufmg.br\/espacodoconhecimento\/wp-content\/uploads\/2025\/12\/1.png 1024w, https:\/\/www.ufmg.br\/espacodoconhecimento\/wp-content\/uploads\/2025\/12\/1-300x121.png 300w, https:\/\/www.ufmg.br\/espacodoconhecimento\/wp-content\/uploads\/2025\/12\/1-768x309.png 768w\" sizes=\"(max-width: 1024px) 100vw, 1024px\" \/><\/a><figcaption class=\"wp-element-caption\"><mark style=\"background-color:rgba(0, 0, 0, 0)\" class=\"has-inline-color has-white-color\">Objetivos de Desenvolvimento Sustent\u00e1vel (ODS)<\/mark><\/figcaption><\/figure>\n<\/figure>\n\n\n\n<p><\/p>\n","protected":false},"excerpt":{"rendered":"<p>Ciclo de conversas sobre cultura, cidadania, ci\u00eancia e bem-estar. O projeto \u00e9 uma parceria entre o Espa\u00e7o do Conhecimento UFMG, o Instituto Unimed-BH e a Cemig. A segunda temporada do podcast conta com novos convidados especiais que ir\u00e3o bater um papo sobre as mais diversas pautas contempor\u00e2neas, em epis\u00f3dios veiculados mensalmente e associados aos Objetivos [&hellip;]<\/p>\n","protected":false},"author":3,"featured_media":4075,"parent":0,"menu_order":0,"comment_status":"closed","ping_status":"closed","template":"","meta":{"_acf_changed":false,"footnotes":""},"class_list":["post-282","page","type-page","status-publish","has-post-thumbnail","hentry"],"acf":[],"_links":{"self":[{"href":"https:\/\/www.ufmg.br\/espacodoconhecimento\/wp-json\/wp\/v2\/pages\/282"}],"collection":[{"href":"https:\/\/www.ufmg.br\/espacodoconhecimento\/wp-json\/wp\/v2\/pages"}],"about":[{"href":"https:\/\/www.ufmg.br\/espacodoconhecimento\/wp-json\/wp\/v2\/types\/page"}],"author":[{"embeddable":true,"href":"https:\/\/www.ufmg.br\/espacodoconhecimento\/wp-json\/wp\/v2\/users\/3"}],"replies":[{"embeddable":true,"href":"https:\/\/www.ufmg.br\/espacodoconhecimento\/wp-json\/wp\/v2\/comments?post=282"}],"version-history":[{"count":95,"href":"https:\/\/www.ufmg.br\/espacodoconhecimento\/wp-json\/wp\/v2\/pages\/282\/revisions"}],"predecessor-version":[{"id":7465,"href":"https:\/\/www.ufmg.br\/espacodoconhecimento\/wp-json\/wp\/v2\/pages\/282\/revisions\/7465"}],"wp:featuredmedia":[{"embeddable":true,"href":"https:\/\/www.ufmg.br\/espacodoconhecimento\/wp-json\/wp\/v2\/media\/4075"}],"wp:attachment":[{"href":"https:\/\/www.ufmg.br\/espacodoconhecimento\/wp-json\/wp\/v2\/media?parent=282"}],"curies":[{"name":"wp","href":"https:\/\/api.w.org\/{rel}","templated":true}]}}