{"id":3974,"date":"2025-09-11T11:41:37","date_gmt":"2025-09-11T14:41:37","guid":{"rendered":"https:\/\/www.ufmg.br\/espacodoconhecimento\/novo\/?page_id=3974"},"modified":"2025-10-13T16:04:59","modified_gmt":"2025-10-13T19:04:59","slug":"favela-e-isso-ai-21-anos-de-historia","status":"publish","type":"page","link":"https:\/\/www.ufmg.br\/espacodoconhecimento\/exposicoes\/favela-e-isso-ai-21-anos-de-historia\/","title":{"rendered":"Favela \u00e9 isso a\u00ed \u2013 21 anos de hist\u00f3ria"},"content":{"rendered":"\n<div style=\"height:35px\" aria-hidden=\"true\" class=\"wp-block-spacer\"><\/div>\n\n\n<figure class=\"wp-block-post-featured-image\"><img loading=\"lazy\" decoding=\"async\" width=\"2048\" height=\"824\" src=\"https:\/\/www.ufmg.br\/espacodoconhecimento\/wp-content\/uploads\/2025\/09\/favela-e-isso-ai-capa-1.png\" class=\"attachment-post-thumbnail size-post-thumbnail wp-post-image\" alt=\"\" style=\"object-fit:cover;\" srcset=\"https:\/\/www.ufmg.br\/espacodoconhecimento\/wp-content\/uploads\/2025\/09\/favela-e-isso-ai-capa-1.png 2048w, https:\/\/www.ufmg.br\/espacodoconhecimento\/wp-content\/uploads\/2025\/09\/favela-e-isso-ai-capa-1-300x121.png 300w, https:\/\/www.ufmg.br\/espacodoconhecimento\/wp-content\/uploads\/2025\/09\/favela-e-isso-ai-capa-1-1024x412.png 1024w, https:\/\/www.ufmg.br\/espacodoconhecimento\/wp-content\/uploads\/2025\/09\/favela-e-isso-ai-capa-1-768x309.png 768w, https:\/\/www.ufmg.br\/espacodoconhecimento\/wp-content\/uploads\/2025\/09\/favela-e-isso-ai-capa-1-1536x618.png 1536w\" sizes=\"(max-width: 2048px) 100vw, 2048px\" \/><\/figure>\n\n\n<div style=\"height:35px\" aria-hidden=\"true\" class=\"wp-block-spacer\"><\/div>\n\n\n\n<p><strong>De 09 a 18 de setembro de 2025<\/strong><br><em>Entrada gratuita | Hall do 5\u00ba andar<\/em><\/p>\n\n\n\n<div style=\"height:35px\" aria-hidden=\"true\" class=\"wp-block-spacer\"><\/div>\n\n\n\n<h3 class=\"wp-block-heading\">Sobre a exposi\u00e7\u00e3o<\/h3>\n\n\n\n<p><\/p>\n\n\n\n<p>A exposi\u00e7\u00e3o&nbsp;<strong><mark style=\"background-color:rgba(0, 0, 0, 0);color:#ea6c3a\" class=\"has-inline-color\">Favela \u00e9 Isso A\u00ed \u2013 21 anos de hist\u00f3ria<\/mark><\/strong> \u00e9 parte da <strong><mark style=\"background-color:rgba(0, 0, 0, 0);color:#ea6c3a\" class=\"has-inline-color\">Mostra da Diversidade Cultural, edi\u00e7\u00e3o 2024<\/mark><\/strong>, em sua etapa de interc\u00e2mbio em Belo Horizonte. \u00c9 composta por fotos, v\u00eddeos, jornais e livros que trazem as atividades que v\u00eam sendo realizadas desde 2004 pela equipe do<strong> <a href=\"https:\/\/www.favelaeissoai.com.br\/\"><em><mark style=\"background-color:rgba(0, 0, 0, 0);color:#ea6c3a\" class=\"has-inline-color\">Favela \u00e9 Isso A\u00ed<\/mark><\/em>,<\/a> <\/strong>apresentando a rica diversidade cultural das periferias. Os acervos mostram artistas das favelas da capital mineira e de nove cidades do interior do estado, onde a ONG tem atuado nos \u00faltimos anos.<\/p>\n\n\n\n<div style=\"height:35px\" aria-hidden=\"true\" class=\"wp-block-spacer\"><\/div>\n\n\n\n<p>Favela \u00e9 Isso A\u00ed come\u00e7ou seu trabalho em agosto de 2004, com o lan\u00e7amento do <strong>Guia Cultural das Vilas e Favelas de Belo Horizonte<\/strong>, resultado de quase dois anos de pesquisa em 232 favelas oficialmente reconhecidas na cidade. O guia revelou uma vibrante cena art\u00edstica, com mais de 7 mil artistas cadastrados. Ao longo de seus 21 anos, a organiza\u00e7\u00e3o vem promovendo projetos de pesquisa, conhecimento e o reconhecimento das artes e culturas perif\u00e9ricas, produ\u00e7\u00e3o de v\u00eddeos, oficinas, livros e mostras culturais em v\u00e1rias cidades de Minas Gerais e do Brasil.<\/p>\n\n\n\n<div style=\"height:35px\" aria-hidden=\"true\" class=\"wp-block-spacer\"><\/div>\n\n\n\n<p>A exposi\u00e7\u00e3o \u00e9 realizada pela ONG <em>Favela \u00e9 Isso A\u00ed<\/em>, com apoio da <strong>Lei Federal de Incentivo \u00e0 Cultura<\/strong>, <strong>Lei Paulo Gustavo<\/strong> e <strong>Lei Estadual de Incentivo \u00e0 Cultura de Minas Gerais<\/strong>. Conta tamb\u00e9m com o apoio da <strong>Universidade Federal de Minas Gerais (UFMG)<\/strong> \u2013 parceira atrav\u00e9s do <strong>Espa\u00e7o do Conhecimento<\/strong> e tamb\u00e9m do <strong>Departamento de Turismo<\/strong> \u2013 e realiza\u00e7\u00e3o do <strong>Governo de Minas<\/strong>, atrav\u00e9s da <strong>Secretaria Estadual de Cultura e Turismo<\/strong>, e do <strong>Governo Federal<\/strong>, atrav\u00e9s do <strong>Minist\u00e9rio da Cultura<\/strong>.<\/p>\n\n\n\n<div style=\"height:35px\" aria-hidden=\"true\" class=\"wp-block-spacer\"><\/div>\n\n\n\n<h3 class=\"wp-block-heading\">Texto do curador<\/h3>\n\n\n\n<p><strong>Marcus Vinicius Teixeira Silva \u2013 Curador<\/strong><\/p>\n\n\n\n<p><\/p>\n\n\n\n<p>Debru\u00e7ar sobre o acervo do <em>Favela \u00e9 Isso A\u00ed<\/em> e tentar sintetizar mais de duas d\u00e9cadas de vida em imagens foi uma viagem. Uma viagem que me fez subir morro, entrar em \u00f4nibus, soltar pipa, jogar bola e frequentar mercadinho. O desafio de selecionar recortes foi se transformando em uma revela\u00e7\u00e3o, \u00e0 medida que eu contemplava a for\u00e7a documental e a autenticidade daquilo e daqueles que, por vezes, permanecem \u00e0 margem da visibilidade.<\/p>\n\n\n\n<div style=\"height:35px\" aria-hidden=\"true\" class=\"wp-block-spacer\"><\/div>\n\n\n\n<p>Essa sele\u00e7\u00e3o de imagens busca apresentar a rica diversidade de cen\u00e1rios e personagens que comp\u00f5em esses territ\u00f3rios, revelando aspectos do cotidiano, celebra\u00e7\u00f5es e a pr\u00f3pria arquitetura social. Voc\u00eas v\u00e3o ver o olhar apurado dos fot\u00f3grafos profissionais, com toda a t\u00e9cnica, a composi\u00e7\u00e3o e a sensibilidade para capturar a ess\u00eancia dos momentos e suas nuances; e a espontaneidade, a verdade crua e a perspectiva \u00fanica das lentes dos jovens e das crian\u00e7as que participaram das oficinas de fotografia, entregando registros genuinamente hist\u00f3ricos e cheios de vida.<\/p>\n\n\n\n<div style=\"height:35px\" aria-hidden=\"true\" class=\"wp-block-spacer\"><\/div>\n\n\n\n<p>Ent\u00e3o, convido a todos e todas para embarcar nesta viagem visual, percorrendo as ro\u00e7as, as ruas, os campos e as manifesta\u00e7\u00f5es culturais mais diversas do povo de Belo Horizonte e de Minas Gerais afora, pois aqui est\u00e1 um vasto legado visual constru\u00eddo e documentado ao longo dessas mais de duas d\u00e9cadas.<\/p>\n\n\n\n<div style=\"height:35px\" aria-hidden=\"true\" class=\"wp-block-spacer\"><\/div>\n\n\n\n<p><strong>Galeria de fotos:<\/strong><\/p>\n\n\n\n<div style=\"height:35px\" aria-hidden=\"true\" class=\"wp-block-spacer\"><\/div>\n\n\n\n<figure class=\"wp-block-gallery has-nested-images columns-3 is-cropped wp-block-gallery-1 is-layout-flex wp-block-gallery-is-layout-flex\">\n<figure class=\"wp-block-image size-large\"><img loading=\"lazy\" decoding=\"async\" width=\"1024\" height=\"768\" data-id=\"3977\" src=\"https:\/\/www.ufmg.br\/espacodoconhecimento\/novo\/wp-content\/uploads\/2025\/09\/Favela-e-isso-ai-Fernando-Silva3-1024x768-1.jpg\" alt=\"\" class=\"wp-image-3977\" srcset=\"https:\/\/www.ufmg.br\/espacodoconhecimento\/wp-content\/uploads\/2025\/09\/Favela-e-isso-ai-Fernando-Silva3-1024x768-1.jpg 1024w, https:\/\/www.ufmg.br\/espacodoconhecimento\/wp-content\/uploads\/2025\/09\/Favela-e-isso-ai-Fernando-Silva3-1024x768-1-300x225.jpg 300w, https:\/\/www.ufmg.br\/espacodoconhecimento\/wp-content\/uploads\/2025\/09\/Favela-e-isso-ai-Fernando-Silva3-1024x768-1-768x576.jpg 768w\" sizes=\"(max-width: 1024px) 100vw, 1024px\" \/><\/figure>\n\n\n\n<figure class=\"wp-block-image size-large\"><img loading=\"lazy\" decoding=\"async\" width=\"1024\" height=\"768\" data-id=\"3976\" src=\"https:\/\/www.ufmg.br\/espacodoconhecimento\/novo\/wp-content\/uploads\/2025\/09\/Favela-e-isso-ai-Fernando-Silva2-1024x768-1.jpg\" alt=\"\" class=\"wp-image-3976\" srcset=\"https:\/\/www.ufmg.br\/espacodoconhecimento\/wp-content\/uploads\/2025\/09\/Favela-e-isso-ai-Fernando-Silva2-1024x768-1.jpg 1024w, https:\/\/www.ufmg.br\/espacodoconhecimento\/wp-content\/uploads\/2025\/09\/Favela-e-isso-ai-Fernando-Silva2-1024x768-1-300x225.jpg 300w, https:\/\/www.ufmg.br\/espacodoconhecimento\/wp-content\/uploads\/2025\/09\/Favela-e-isso-ai-Fernando-Silva2-1024x768-1-768x576.jpg 768w\" sizes=\"(max-width: 1024px) 100vw, 1024px\" \/><\/figure>\n\n\n\n<figure class=\"wp-block-image size-large\"><img loading=\"lazy\" decoding=\"async\" width=\"1024\" height=\"768\" data-id=\"3978\" src=\"https:\/\/www.ufmg.br\/espacodoconhecimento\/novo\/wp-content\/uploads\/2025\/09\/Favela-e-isso-ai-Fernando-Silva7-1024x768-1.jpg\" alt=\"\" class=\"wp-image-3978\" srcset=\"https:\/\/www.ufmg.br\/espacodoconhecimento\/wp-content\/uploads\/2025\/09\/Favela-e-isso-ai-Fernando-Silva7-1024x768-1.jpg 1024w, https:\/\/www.ufmg.br\/espacodoconhecimento\/wp-content\/uploads\/2025\/09\/Favela-e-isso-ai-Fernando-Silva7-1024x768-1-300x225.jpg 300w, https:\/\/www.ufmg.br\/espacodoconhecimento\/wp-content\/uploads\/2025\/09\/Favela-e-isso-ai-Fernando-Silva7-1024x768-1-768x576.jpg 768w\" sizes=\"(max-width: 1024px) 100vw, 1024px\" \/><\/figure>\n\n\n\n<figure class=\"wp-block-image size-large\"><img loading=\"lazy\" decoding=\"async\" width=\"1024\" height=\"768\" data-id=\"3975\" src=\"https:\/\/www.ufmg.br\/espacodoconhecimento\/novo\/wp-content\/uploads\/2025\/09\/Favela-e-isso-ai-Fernando-Silva1-1024x768-1.jpg\" alt=\"\" class=\"wp-image-3975\" srcset=\"https:\/\/www.ufmg.br\/espacodoconhecimento\/wp-content\/uploads\/2025\/09\/Favela-e-isso-ai-Fernando-Silva1-1024x768-1.jpg 1024w, https:\/\/www.ufmg.br\/espacodoconhecimento\/wp-content\/uploads\/2025\/09\/Favela-e-isso-ai-Fernando-Silva1-1024x768-1-300x225.jpg 300w, https:\/\/www.ufmg.br\/espacodoconhecimento\/wp-content\/uploads\/2025\/09\/Favela-e-isso-ai-Fernando-Silva1-1024x768-1-768x576.jpg 768w\" sizes=\"(max-width: 1024px) 100vw, 1024px\" \/><\/figure>\n\n\n\n<figure class=\"wp-block-image size-large\"><img loading=\"lazy\" decoding=\"async\" width=\"1024\" height=\"768\" data-id=\"3979\" src=\"https:\/\/www.ufmg.br\/espacodoconhecimento\/novo\/wp-content\/uploads\/2025\/09\/Favela-e-isso-ai-Fernando-Silva-1024x768-1.jpg\" alt=\"\" class=\"wp-image-3979\" srcset=\"https:\/\/www.ufmg.br\/espacodoconhecimento\/wp-content\/uploads\/2025\/09\/Favela-e-isso-ai-Fernando-Silva-1024x768-1.jpg 1024w, https:\/\/www.ufmg.br\/espacodoconhecimento\/wp-content\/uploads\/2025\/09\/Favela-e-isso-ai-Fernando-Silva-1024x768-1-300x225.jpg 300w, https:\/\/www.ufmg.br\/espacodoconhecimento\/wp-content\/uploads\/2025\/09\/Favela-e-isso-ai-Fernando-Silva-1024x768-1-768x576.jpg 768w\" sizes=\"(max-width: 1024px) 100vw, 1024px\" \/><\/figure>\n\n\n\n<figure class=\"wp-block-image size-large\"><img loading=\"lazy\" decoding=\"async\" width=\"1024\" height=\"768\" data-id=\"3980\" src=\"https:\/\/www.ufmg.br\/espacodoconhecimento\/novo\/wp-content\/uploads\/2025\/09\/Favela-e-isso-ai-Fernando-Silva4-1024x768-1.jpg\" alt=\"\" class=\"wp-image-3980\" srcset=\"https:\/\/www.ufmg.br\/espacodoconhecimento\/wp-content\/uploads\/2025\/09\/Favela-e-isso-ai-Fernando-Silva4-1024x768-1.jpg 1024w, https:\/\/www.ufmg.br\/espacodoconhecimento\/wp-content\/uploads\/2025\/09\/Favela-e-isso-ai-Fernando-Silva4-1024x768-1-300x225.jpg 300w, https:\/\/www.ufmg.br\/espacodoconhecimento\/wp-content\/uploads\/2025\/09\/Favela-e-isso-ai-Fernando-Silva4-1024x768-1-768x576.jpg 768w\" sizes=\"(max-width: 1024px) 100vw, 1024px\" \/><\/figure>\n<\/figure>\n\n\n\n<div style=\"height:35px\" aria-hidden=\"true\" class=\"wp-block-spacer\"><\/div>\n\n\n\n<p>_______________<\/p>\n\n\n\n<div style=\"height:35px\" aria-hidden=\"true\" class=\"wp-block-spacer\"><\/div>\n\n\n\n<h4 class=\"wp-block-heading\">Ficha t\u00e9cnica<\/h4>\n\n\n\n<div style=\"height:35px\" aria-hidden=\"true\" class=\"wp-block-spacer\"><\/div>\n\n\n\n<p><strong><em>Favela \u00e9 Isso A\u00ed \u2013 21 anos de hist\u00f3ria<\/em><\/strong><\/p>\n\n\n\n<p><strong>Coordena\u00e7\u00e3o Executiva<\/strong> \u2013 Clarice Lib\u00e2nio<\/p>\n\n\n\n<p><strong>Coordena\u00e7\u00e3o Art\u00edstica<\/strong> \u2013 C\u00e9sar Maur\u00edcio<\/p>\n\n\n\n<p><strong>Curadoria<\/strong> \u2013 Marcus Vin\u00edcius Teixeira<\/p>\n\n\n\n<p><strong>Concep\u00e7\u00e3o<\/strong> \u2013 Clarice Lib\u00e2nio e C\u00e9sar Maur\u00edcio<\/p>\n\n\n\n<p><strong>Suporte museol\u00f3gico e consultoria pedag\u00f3gica<\/strong> \u2013 Luzinete Assis<\/p>\n\n\n\n<p><strong>Suporte \u00e0 expografia<\/strong> \u2013 Rodrigo de Oliveira<\/p>\n\n\n\n<p><strong>Produ\u00e7\u00e3o e montagem<\/strong> \u2013 Elke Rezende, Raquel Lopes, Franklin Gon\u00e7alves<\/p>\n\n\n\n<p><strong>V\u00eddeos<\/strong> \u2013 Arthur B. Senra e Fernando Lib\u00e2nio<\/p>\n\n\n\n<p><strong>Fotos<\/strong> \u2013 Adryel Ribeiro, \u00c9rika Neves, Henrique Tavares, Jorge J\u00fanior, Juliana Costa, Marcus Vin\u00edcius Teixeira, Paulo Lopes, Pedro Davi, Sueli Santos, Trip Day Imagens, Wir Caetano, al\u00e9m de acervos dos projetos <em>Favela \u00e9 Isso A\u00ed<\/em>, fotos dos bolsistas e alunos das oficinas<\/p>\n\n\n\n<p><strong>Coordena\u00e7\u00e3o administrativa, financeira e presta\u00e7\u00e3o de contas<\/strong> \u2013 Elza Matriz Pinto<\/p>\n\n\n\n<p><strong>Assistentes de produ\u00e7\u00e3o e articula\u00e7\u00e3o<\/strong> \u2013 Cristiano Pereira da Silva e Ed Marte<\/p>\n\n\n\n<p><strong>Coordena\u00e7\u00e3o de comunica\u00e7\u00e3o<\/strong> \u2013 Notre Comunica\u00e7\u00e3o<\/p>\n\n\n\n<p><strong>Assessoria de Imprensa <\/strong>\u2013 Angela Azevedo<\/p>\n\n\n\n<p><strong>Divulga\u00e7\u00e3o e Redes Sociais<\/strong> \u2013 Paula Ferreira Granja e Ana Clara Parreiras<\/p>\n\n\n\n<p><strong>Designer Gr\u00e1fico e comunica\u00e7\u00e3o visual<\/strong> \u2013 Adriane Puresa, Elefante Voador Design<\/p>\n\n\n\n<p><strong>Acessibilidade<\/strong> \u2013 Libras e Audiodescri\u00e7\u00e3o: RLO LIBRAS<\/p>\n\n\n\n<p><strong>Media\u00e7\u00e3o da Exposi\u00e7\u00e3o em Belo Horizonte<\/strong> \u2013 N\u00facleo de A\u00e7\u00f5es Educativas e Acessibilidade do Espa\u00e7o do Conhecimento UFMG<\/p>\n\n\n\n<p><strong>Apoio<\/strong> \u2013&nbsp;Espa\u00e7o do Conhecimento UFMG<\/p>\n\n\n\n<figure class=\"wp-block-gallery has-nested-images columns-default is-cropped wp-block-gallery-2 is-layout-flex wp-block-gallery-is-layout-flex\"><\/figure>\n","protected":false},"excerpt":{"rendered":"<p>De 09 a 18 de setembro de 2025Entrada gratuita | Hall do 5\u00ba andar Sobre a exposi\u00e7\u00e3o A exposi\u00e7\u00e3o&nbsp;Favela \u00e9 Isso A\u00ed \u2013 21 anos de hist\u00f3ria \u00e9 parte da Mostra da Diversidade Cultural, edi\u00e7\u00e3o 2024, em sua etapa de interc\u00e2mbio em Belo Horizonte. \u00c9 composta por fotos, v\u00eddeos, jornais e livros que trazem as [&hellip;]<\/p>\n","protected":false},"author":3,"featured_media":3970,"parent":206,"menu_order":0,"comment_status":"closed","ping_status":"closed","template":"","meta":{"_acf_changed":false,"footnotes":""},"class_list":["post-3974","page","type-page","status-publish","has-post-thumbnail","hentry"],"acf":[],"_links":{"self":[{"href":"https:\/\/www.ufmg.br\/espacodoconhecimento\/wp-json\/wp\/v2\/pages\/3974"}],"collection":[{"href":"https:\/\/www.ufmg.br\/espacodoconhecimento\/wp-json\/wp\/v2\/pages"}],"about":[{"href":"https:\/\/www.ufmg.br\/espacodoconhecimento\/wp-json\/wp\/v2\/types\/page"}],"author":[{"embeddable":true,"href":"https:\/\/www.ufmg.br\/espacodoconhecimento\/wp-json\/wp\/v2\/users\/3"}],"replies":[{"embeddable":true,"href":"https:\/\/www.ufmg.br\/espacodoconhecimento\/wp-json\/wp\/v2\/comments?post=3974"}],"version-history":[{"count":5,"href":"https:\/\/www.ufmg.br\/espacodoconhecimento\/wp-json\/wp\/v2\/pages\/3974\/revisions"}],"predecessor-version":[{"id":6017,"href":"https:\/\/www.ufmg.br\/espacodoconhecimento\/wp-json\/wp\/v2\/pages\/3974\/revisions\/6017"}],"up":[{"embeddable":true,"href":"https:\/\/www.ufmg.br\/espacodoconhecimento\/wp-json\/wp\/v2\/pages\/206"}],"wp:featuredmedia":[{"embeddable":true,"href":"https:\/\/www.ufmg.br\/espacodoconhecimento\/wp-json\/wp\/v2\/media\/3970"}],"wp:attachment":[{"href":"https:\/\/www.ufmg.br\/espacodoconhecimento\/wp-json\/wp\/v2\/media?parent=3974"}],"curies":[{"name":"wp","href":"https:\/\/api.w.org\/{rel}","templated":true}]}}